{"id":9426,"date":"2024-07-18T07:00:31","date_gmt":"2024-07-18T07:00:31","guid":{"rendered":"https:\/\/yume-silm.com\/?post_type=product&#038;p=9426"},"modified":"2025-05-29T03:34:36","modified_gmt":"2025-05-29T03:34:36","slug":"traje-de-sauna-entrenador-de-cintura-de-cuerpo-completo-3-en-1","status":"publish","type":"product","link":"https:\/\/yume-silm.com\/es\/producto-2\/traje-de-sauna-entrenador-de-cintura-de-cuerpo-completo-3-en-1\/","title":{"rendered":"Traje de sauna adelgazante Entrenador de cintura de cuerpo completo 3 en 1"},"content":{"rendered":"<div data-slate-node=\"element\">\n<h5>Caracteristicas de dise\u00f1o<\/h5>\n<\/div>\n<ul>\n<li data-slate-node=\"element\"><span class=\"\" data-slate-node=\"text\"><span data-slate-leaf=\"true\"><strong>PERDIDA DE PESO<\/strong>: Este traje de sauna entrenador de cintura de cuerpo completo 3 en 1 cuenta con un tejido de pol\u00edmero absorbente de calor mejorado que promueve la sudoraci\u00f3n intensa y aumenta la quema de grasa 5 veces durante los entrenamientos. Este tejido eleva la temperatura corporal mientras que la faja t\u00e9rmica ayuda a elevar nuestra temperatura corporal natural y estimula la sudoraci\u00f3n a trav\u00e9s de la actividad f\u00edsica, lo que lleva a la p\u00e9rdida de peso.<br \/>\n<\/span><\/span><\/li>\n<li data-slate-node=\"element\"><strong>ENTRENAMIENTO DE CINTURA TRES EN UNO<\/strong> : se puede usar como chaleco deportivo + recortador de brazos + adelgazador de muslos, envuelve su cuerpo 360 \u00b0, haciendo que todo su cuerpo sea m\u00e1s delgado, el dise\u00f1o de cremallera facilita la ropa, la malla transpirable \u00fanica en axilas y entrepiernas mejora la comodidad del ejercicio f\u00edsico, permiti\u00e9ndonos disfrutar de los cambios. en el deporte y el confort f\u00edsico.<\/li>\n<li data-slate-node=\"element\"><strong>RESPETUOSO CON LA PIEL Y C\u00d3MODO<\/strong>: Este <span class=\"\" data-slate-node=\"text\"><span data-slate-leaf=\"true\">Traje de sauna adelgazante 3 en 1<\/span><\/span> est\u00e1 hecho de un material polim\u00e9rico plateado suave y c\u00f3modo que absorbe el calor, que aumenta la temperatura corporal, absorbe el sudor y es suave con la piel al mismo tiempo.<\/li>\n<li data-slate-node=\"element\"><span data-slate-leaf=\"true\"><strong>A MEDIDA<\/strong>: Estas saunas han sido dise\u00f1adas pensando en la ergonom\u00eda, ofreciendo versiones 3D para diferentes tipos de cuerpo, tanto peque\u00f1os como grandes. <\/span><span class=\"\" style=\"font-size: 16px;\" data-slate-node=\"text\"><span data-slate-leaf=\"true\">Los materiales ultrael\u00e1sticos permiten un movimiento c\u00f3modo durante los entrenamientos, lo que los convierte en una opci\u00f3n elegante y pr\u00e1ctica para los entusiastas del fitness.<\/span><\/span><\/li>\n<\/ul>\n<p><a href=\"https:\/\/yume-silm.com\/wp-content\/uploads\/2024\/07\/Slimming-Sauna-Suit-Full-Body-WaistT-rainer-3-In-1-tummy-control-01-1.jpg\"><img fetchpriority=\"high\" decoding=\"async\" class=\"alignnone wp-image-9428 size-medium\" src=\"https:\/\/yume-silm.com\/wp-content\/uploads\/2024\/07\/Slimming-Sauna-Suit-Full-Body-WaistT-rainer-3-In-1-tummy-control-01-1-300x300.jpg\" alt=\"traje de sauna adelgazante entrenador de cintura de cuerpo completo 3 en 1\" width=\"300\" height=\"300\" title=\"\" srcset=\"https:\/\/yume-silm.com\/wp-content\/uploads\/2024\/07\/Slimming-Sauna-Suit-Full-Body-WaistT-rainer-3-In-1-tummy-control-01-1-300x300.jpg 300w, https:\/\/yume-silm.com\/wp-content\/uploads\/2024\/07\/Slimming-Sauna-Suit-Full-Body-WaistT-rainer-3-In-1-tummy-control-01-1-150x150.jpg 150w, https:\/\/yume-silm.com\/wp-content\/uploads\/2024\/07\/Slimming-Sauna-Suit-Full-Body-WaistT-rainer-3-In-1-tummy-control-01-1-768x768.jpg 768w, https:\/\/yume-silm.com\/wp-content\/uploads\/2024\/07\/Slimming-Sauna-Suit-Full-Body-WaistT-rainer-3-In-1-tummy-control-01-1-12x12.jpg 12w, https:\/\/yume-silm.com\/wp-content\/uploads\/2024\/07\/Slimming-Sauna-Suit-Full-Body-WaistT-rainer-3-In-1-tummy-control-01-1-100x100.jpg 100w, https:\/\/yume-silm.com\/wp-content\/uploads\/2024\/07\/Slimming-Sauna-Suit-Full-Body-WaistT-rainer-3-In-1-tummy-control-01-1.jpg 800w\" sizes=\"(max-width: 300px) 100vw, 300px\" \/><\/a> <a href=\"https:\/\/yume-silm.com\/wp-content\/uploads\/2024\/07\/Slimming-Sauna-Suit-Full-Body-WaistT-rainer-3-In-1-tummy-control-02.jpg\"><img decoding=\"async\" class=\"alignnone wp-image-9429 size-medium\" src=\"https:\/\/yume-silm.com\/wp-content\/uploads\/2024\/07\/Slimming-Sauna-Suit-Full-Body-WaistT-rainer-3-In-1-tummy-control-02-300x300.jpg\" alt=\"traje de sauna adelgazante entrenador de cintura de cuerpo completo 3 en 1\" width=\"300\" height=\"300\" title=\"\" srcset=\"https:\/\/yume-silm.com\/wp-content\/uploads\/2024\/07\/Slimming-Sauna-Suit-Full-Body-WaistT-rainer-3-In-1-tummy-control-02-300x300.jpg 300w, https:\/\/yume-silm.com\/wp-content\/uploads\/2024\/07\/Slimming-Sauna-Suit-Full-Body-WaistT-rainer-3-In-1-tummy-control-02-150x150.jpg 150w, https:\/\/yume-silm.com\/wp-content\/uploads\/2024\/07\/Slimming-Sauna-Suit-Full-Body-WaistT-rainer-3-In-1-tummy-control-02-768x768.jpg 768w, https:\/\/yume-silm.com\/wp-content\/uploads\/2024\/07\/Slimming-Sauna-Suit-Full-Body-WaistT-rainer-3-In-1-tummy-control-02-12x12.jpg 12w, https:\/\/yume-silm.com\/wp-content\/uploads\/2024\/07\/Slimming-Sauna-Suit-Full-Body-WaistT-rainer-3-In-1-tummy-control-02-100x100.jpg 100w, https:\/\/yume-silm.com\/wp-content\/uploads\/2024\/07\/Slimming-Sauna-Suit-Full-Body-WaistT-rainer-3-In-1-tummy-control-02.jpg 800w\" sizes=\"(max-width: 300px) 100vw, 300px\" \/><\/a><\/p>\n<h6><em>Traje de sauna moldeador de cuerpo completo para adelgazar<\/em><\/h6>\n<ul>\n<li>Hecho de material polim\u00e9rico plateado que absorbe el calor, puede aumentar la velocidad de quema de grasa cinco veces durante el ejercicio. El dise\u00f1o 3 en 1 puede hacer que consigas el efecto de adelgazar en todo tu cuerpo.<\/li>\n<\/ul>","protected":false},"excerpt":{"rendered":"<p>Al usar este traje de sauna, entrenador de cintura de cuerpo completo 3 en 1, envuelve su cuerpo 360 grados. El dise\u00f1o exclusivo de malla y tejido s\u00faper el\u00e1stico son opciones modernas y pr\u00e1cticas para los entusiastas del fitness.<\/p>","protected":false},"featured_media":9430,"comment_status":"open","ping_status":"closed","template":"","meta":{"site-sidebar-layout":"default","site-content-layout":"","ast-site-content-layout":"default","site-content-style":"default","site-sidebar-style":"default","ast-global-header-display":"","ast-banner-title-visibility":"","ast-main-header-display":"","ast-hfb-above-header-display":"","ast-hfb-below-header-display":"","ast-hfb-mobile-header-display":"","site-post-title":"","ast-breadcrumbs-content":"","ast-featured-img":"","footer-sml-layout":"","ast-disable-related-posts":"","theme-transparent-header-meta":"default","adv-header-id-meta":"","stick-header-meta":"default","header-above-stick-meta":"","header-main-stick-meta":"","header-below-stick-meta":"","astra-migrate-meta-layouts":"set","ast-page-background-enabled":"default","ast-page-background-meta":{"desktop":{"background-color":"","background-image":"","background-repeat":"repeat","background-position":"center center","background-size":"auto","background-attachment":"scroll","background-type":"","background-media":"","overlay-type":"","overlay-color":"","overlay-opacity":"","overlay-gradient":""},"tablet":{"background-color":"","background-image":"","background-repeat":"repeat","background-position":"center center","background-size":"auto","background-attachment":"scroll","background-type":"","background-media":"","overlay-type":"","overlay-color":"","overlay-opacity":"","overlay-gradient":""},"mobile":{"background-color":"","background-image":"","background-repeat":"repeat","background-position":"center center","background-size":"auto","background-attachment":"scroll","background-type":"","background-media":"","overlay-type":"","overlay-color":"","overlay-opacity":"","overlay-gradient":""}},"ast-content-background-meta":{"desktop":{"background-color":"var(--ast-global-color-5)","background-image":"","background-repeat":"repeat","background-position":"center center","background-size":"auto","background-attachment":"scroll","background-type":"","background-media":"","overlay-type":"","overlay-color":"","overlay-opacity":"","overlay-gradient":""},"tablet":{"background-color":"var(--ast-global-color-5)","background-image":"","background-repeat":"repeat","background-position":"center center","background-size":"auto","background-attachment":"scroll","background-type":"","background-media":"","overlay-type":"","overlay-color":"","overlay-opacity":"","overlay-gradient":""},"mobile":{"background-color":"var(--ast-global-color-5)","background-image":"","background-repeat":"repeat","background-position":"center center","background-size":"auto","background-attachment":"scroll","background-type":"","background-media":"","overlay-type":"","overlay-color":"","overlay-opacity":"","overlay-gradient":""}}},"product_brand":[],"product_cat":[65,76,97,102],"product_tag":[702,700,698,699,701,697,417,696,633,214],"class_list":{"0":"post-9426","1":"product","2":"type-product","3":"status-publish","4":"has-post-thumbnail","6":"product_cat-best-sellers","7":"product_cat-new-arrivels","8":"product_cat-sauna-suit","9":"product_cat-full-body-sweat-suit","10":"product_tag-360-degrees","11":"product_tag-body-shape","12":"product_tag-breathable-mesh","13":"product_tag-comfort","14":"product_tag-fashionable","15":"product_tag-loss-weight","16":"product_tag-slim-fit","17":"product_tag-slimming-sauna-suit","18":"product_tag-sweat","19":"product_tag-waist-trainer","20":"pa_color-blue","21":"pa_color-silver","22":"pa_size-2xl","23":"pa_size-3xl","24":"pa_size-l","25":"pa_size-m","26":"pa_size-s","27":"pa_size-xl","28":"desktop-align-center","29":"tablet-align-left","30":"mobile-align-left","31":"ast-product-gallery-layout-horizontal-slider","32":"ast-product-single-variable","33":"ast-product-tabs-layout-horizontal","34":"ast-qv-on-image","36":"first","37":"instock","38":"shipping-taxable","39":"purchasable","40":"product-type-variable"},"tiered_pricing_type":"fixed","tiered_pricing_fixed_rules":{"2":5.4,"50":4.8,"100":4.2},"tiered_pricing_product_settings":{"layout":"default","base_unit_name":{"singular":null,"plural":null},"default_variation":null},"tiered_pricing_minimum_quantity":null,"tiered_pricing_roles_data":[],"tiered_pricing_percentage_rules":[],"_links":{"self":[{"href":"https:\/\/yume-silm.com\/es\/wp-json\/wp\/v2\/product\/9426","targetHints":{"allow":["GET"]}}],"collection":[{"href":"https:\/\/yume-silm.com\/es\/wp-json\/wp\/v2\/product"}],"about":[{"href":"https:\/\/yume-silm.com\/es\/wp-json\/wp\/v2\/types\/product"}],"replies":[{"embeddable":true,"href":"https:\/\/yume-silm.com\/es\/wp-json\/wp\/v2\/comments?post=9426"}],"wp:featuredmedia":[{"embeddable":true,"href":"https:\/\/yume-silm.com\/es\/wp-json\/wp\/v2\/media\/9430"}],"wp:attachment":[{"href":"https:\/\/yume-silm.com\/es\/wp-json\/wp\/v2\/media?parent=9426"}],"wp:term":[{"taxonomy":"product_brand","embeddable":true,"href":"https:\/\/yume-silm.com\/es\/wp-json\/wp\/v2\/product_brand?post=9426"},{"taxonomy":"product_cat","embeddable":true,"href":"https:\/\/yume-silm.com\/es\/wp-json\/wp\/v2\/product_cat?post=9426"},{"taxonomy":"product_tag","embeddable":true,"href":"https:\/\/yume-silm.com\/es\/wp-json\/wp\/v2\/product_tag?post=9426"}],"curies":[{"name":"wp","href":"https:\/\/api.w.org\/{rel}","templated":true}]}}