{"id":9468,"date":"2024-07-18T07:56:57","date_gmt":"2024-07-18T07:56:57","guid":{"rendered":"https:\/\/yume-silm.com\/?post_type=product&#038;p=9468"},"modified":"2024-09-11T05:33:35","modified_gmt":"2024-09-11T05:33:35","slug":"sujetador-push-up-adhesivo-sujetador-adhesivo-mango-sin-tirantes","status":"publish","type":"product","link":"https:\/\/yume-silm.com\/es\/producto-2\/sujetador-push-up-adhesivo-sujetador-adhesivo-mango-sin-tirantes\/","title":{"rendered":"Sujetador push-up adhesivo sin tirantes Mango Sticky Bra para mujer"},"content":{"rendered":"<h5>Caracteristicas de dise\u00f1o<\/h5>\n<ul>\n<li data-slate-node=\"element\"><span class=\"\" data-slate-node=\"text\"><span data-slate-leaf=\"true\"><strong>MATERIAL AMIGABLE CON LA PIEL<\/strong>:Este sujetador push-up adhesivo sin tirantes con mango est\u00e1 hecho de gel de silicona m\u00e9dico, que puede adaptarse suavemente a la piel y lograr un efecto de fruncido natural.<\/span><\/span><\/li>\n<li data-slate-node=\"element\"><span data-slate-leaf=\"true\"><strong>DISE\u00d1O DE REUNI\u00d3N, FORMA DE ALA \u00daNICA<\/strong>: El <span class=\"\" data-slate-node=\"text\">invisible<\/span> El sujetador adopta un dise\u00f1o de bot\u00f3n frontal, que solo necesita un bot\u00f3n para sostener el pecho. <\/span><span class=\"\" style=\"font-size: 16px;\" data-slate-node=\"text\"><span data-slate-leaf=\"true\">La forma \u00fanica del ala puede envolver perfectamente la grasa del pecho y las axilas y puede mostrar la curva sexy del pecho.<\/span><\/span><\/li>\n<li data-slate-node=\"element\"><strong>DISE\u00d1O SIN TIRANTES<\/strong>:Este sujetador sin tirantes es adecuado para usar cualquier estilo de ropa sexy, puede convertirte en el centro de atenci\u00f3n, m\u00e1s sexy y atractiva.<\/li>\n<li data-slate-node=\"element\"><strong>F\u00c1CIL DE LIMPIAR Y USAR<\/strong>:Reutilizable, buen mantenimiento, simplemente humedezca la superficie adhesiva con agua tibia y reactivos suaves, luego seque al aire, conservando el adhesivo cuando se use nuevamente.<\/li>\n<\/ul>\n<p><a href=\"https:\/\/yume-silm.com\/wp-content\/uploads\/2024\/07\/Adhesive-Push-Up-Bra-Strapless-Mango-Sticky-Bra-for-Women-waterproof-reusable-01.jpg\"><img fetchpriority=\"high\" decoding=\"async\" class=\"alignnone wp-image-9451 size-medium\" src=\"https:\/\/yume-silm.com\/wp-content\/uploads\/2024\/07\/Adhesive-Push-Up-Bra-Strapless-Mango-Sticky-Bra-for-Women-waterproof-reusable-01-300x300.jpg\" alt=\"Sujetador push-up adhesivo sin tirantes, sujetador adhesivo de mango para mujer\" width=\"300\" height=\"300\" title=\"\" srcset=\"https:\/\/yume-silm.com\/wp-content\/uploads\/2024\/07\/Adhesive-Push-Up-Bra-Strapless-Mango-Sticky-Bra-for-Women-waterproof-reusable-01-300x300.jpg 300w, https:\/\/yume-silm.com\/wp-content\/uploads\/2024\/07\/Adhesive-Push-Up-Bra-Strapless-Mango-Sticky-Bra-for-Women-waterproof-reusable-01-150x150.jpg 150w, https:\/\/yume-silm.com\/wp-content\/uploads\/2024\/07\/Adhesive-Push-Up-Bra-Strapless-Mango-Sticky-Bra-for-Women-waterproof-reusable-01-768x768.jpg 768w, https:\/\/yume-silm.com\/wp-content\/uploads\/2024\/07\/Adhesive-Push-Up-Bra-Strapless-Mango-Sticky-Bra-for-Women-waterproof-reusable-01-12x12.jpg 12w, https:\/\/yume-silm.com\/wp-content\/uploads\/2024\/07\/Adhesive-Push-Up-Bra-Strapless-Mango-Sticky-Bra-for-Women-waterproof-reusable-01-100x100.jpg 100w, https:\/\/yume-silm.com\/wp-content\/uploads\/2024\/07\/Adhesive-Push-Up-Bra-Strapless-Mango-Sticky-Bra-for-Women-waterproof-reusable-01.jpg 800w\" sizes=\"(max-width: 300px) 100vw, 300px\" \/><\/a><a href=\"https:\/\/yume-silm.com\/wp-content\/uploads\/2024\/07\/Adhesive-Push-Up-Bra-Strapless-Mango-Sticky-Bra-for-Women-waterproof-reusable-02.jpg\"><img decoding=\"async\" class=\"alignnone wp-image-9452 size-medium\" src=\"https:\/\/yume-silm.com\/wp-content\/uploads\/2024\/07\/Adhesive-Push-Up-Bra-Strapless-Mango-Sticky-Bra-for-Women-waterproof-reusable-02-300x300.jpg\" alt=\"Sujetador push-up adhesivo sin tirantes, sujetador adhesivo de mango para mujer\" width=\"300\" height=\"300\" title=\"\" srcset=\"https:\/\/yume-silm.com\/wp-content\/uploads\/2024\/07\/Adhesive-Push-Up-Bra-Strapless-Mango-Sticky-Bra-for-Women-waterproof-reusable-02-300x300.jpg 300w, https:\/\/yume-silm.com\/wp-content\/uploads\/2024\/07\/Adhesive-Push-Up-Bra-Strapless-Mango-Sticky-Bra-for-Women-waterproof-reusable-02-150x150.jpg 150w, https:\/\/yume-silm.com\/wp-content\/uploads\/2024\/07\/Adhesive-Push-Up-Bra-Strapless-Mango-Sticky-Bra-for-Women-waterproof-reusable-02-768x768.jpg 768w, https:\/\/yume-silm.com\/wp-content\/uploads\/2024\/07\/Adhesive-Push-Up-Bra-Strapless-Mango-Sticky-Bra-for-Women-waterproof-reusable-02-12x12.jpg 12w, https:\/\/yume-silm.com\/wp-content\/uploads\/2024\/07\/Adhesive-Push-Up-Bra-Strapless-Mango-Sticky-Bra-for-Women-waterproof-reusable-02-100x100.jpg 100w, https:\/\/yume-silm.com\/wp-content\/uploads\/2024\/07\/Adhesive-Push-Up-Bra-Strapless-Mango-Sticky-Bra-for-Women-waterproof-reusable-02.jpg 800w\" sizes=\"(max-width: 300px) 100vw, 300px\" \/><\/a><\/p>\n<h6 data-slate-node=\"element\"><em>Sujetador invisible para realce de pecho para mujer<\/em><\/h6>\n<ul>\n<li data-slate-node=\"element\" data-slate-fragment=\"JTVCJTdCJTIydHlwZSUyMiUzQSUyMnBhcmFncmFwaCUyMiUyQyUyMmNoaWxkcmVuJTIyJTNBJTVCJTdCJTIydGV4dCUyMiUzQSUyMldvbWVuJ3MlMjBJbnZpc2libGUlMjBCcmElMjIlMkMlMjJzZW50ZW5jZSUyMiUzQTQlMkMlMjJjaGlsZFNlbnRlbmNlJTIyJTNBMSU3RCU1RCU3RCUyQyU3QiUyMnR5cGUlMjIlM0ElMjJwYXJhZ3JhcGglMjIlMkMlMjJjaGlsZHJlbiUyMiUzQSU1QiU3QiUyMnRleHQlMjIlM0ElMjJUaGUlMjBzdHJhcGxlc3MlMjBpbnZpc2libGUlMjBjaGVzdCUyMGxpZnQlMjBicmElMjBpcyUyMGRlc2lnbmVkJTIwdG8lMjBsaWZ0JTIwdGhlJTIwY2hlc3QlMjBpbnN0YW50bHklMkMlMjB3aXRoJTIwc3Ryb25nJTIwZGV0YWNoYWJsZSUyMGZyb250JTIwYnVja2xlJTJDJTIwd2hpY2glMjBjYW4lMjBlYXNpbHklMjBjbG9zZSUyMHRoZSUyMGNoZXN0JTIwYW5kJTIwbWFrZSUyMHlvdSUyMG1vcmUlMjBjb21mb3J0YWJsZS4lMjIlMkMlMjJzZW50ZW5jZSUyMiUzQTUlMkMlMjJjaGlsZFNlbnRlbmNlJTIyJTNBMSU3RCU1RCU3RCU1RA==\"><span class=\"\" data-slate-node=\"text\"><span data-slate-leaf=\"true\">El sujetador levantador de pecho invisible sin tirantes est\u00e1 dise\u00f1ado para levantar el pecho al instante, con una fuerte hebilla frontal desmontable, que puede cerrar f\u00e1cilmente el pecho y hacerte sentir m\u00e1s c\u00f3modo.<\/span><\/span><\/li>\n<\/ul>","protected":false},"excerpt":{"rendered":"<p><span data-slate-fragment=\"JTVCJTdCJTIydHlwZSUyMiUzQSUyMnBhcmFncmFwaCUyMiUyQyUyMmNoaWxkcmVuJTIyJTNBJTVCJTdCJTIydGV4dCUyMiUzQSUyMldlYXIlMjB0aGlzJTIwaW52aXNpYmxlJTIwYnJhJTJDJTIwc2tpbi1mcmllbmRseSUyMG1hdGVyaWFsJTJDJTIwdW5pcXVlJTIwZ2F0aGVyaW5nJTIwZGVzaWduJTJDJTIwZWFzeSUyMHRvJTIwY2xlYW4lMkMlMjBjYW4lMjBxdWlja2x5JTIwaGVscCUyMHlvdSUyMGxpZnQlMjB5b3VyJTIwY2hlc3QlMkMlMjBtYWtlJTIweW91ciUyMGNoZXN0JTIwbW9yZSUyMHBsdW1wJTJDJTIwYW5kJTIwYXQlMjB0aGUlMjBzYW1lJTIwdGltZSUyMGNhbiUyMG5vdCUyMGh1cnQlMjB0aGUlMjBza2luJTJDJTIwY2FuJTIwYmUlMjByZXVzZWQuJTIyJTJDJTIyc2VudGVuY2UlMjIlM0E2JTJDJTIyY2hpbGRTZW50ZW5jZSUyMiUzQTElN0QlNUQlN0QlNUQ=\">Use este sujetador push-up adhesivo sin tirantes con mango, material agradable para la piel, dise\u00f1o de fruncido \u00fanico, f\u00e1cil de limpiar, puede ayudarlo r\u00e1pidamente a levantar su pecho, hacer que su pecho est\u00e9 m\u00e1s regordete y, al mismo tiempo, no puede da\u00f1ar la piel, se puede reutilizar.<\/span><\/p>","protected":false},"featured_media":9469,"comment_status":"open","ping_status":"closed","template":"","meta":{"site-sidebar-layout":"default","site-content-layout":"","ast-site-content-layout":"default","site-content-style":"default","site-sidebar-style":"default","ast-global-header-display":"","ast-banner-title-visibility":"","ast-main-header-display":"","ast-hfb-above-header-display":"","ast-hfb-below-header-display":"","ast-hfb-mobile-header-display":"","site-post-title":"","ast-breadcrumbs-content":"","ast-featured-img":"","footer-sml-layout":"","ast-disable-related-posts":"","theme-transparent-header-meta":"default","adv-header-id-meta":"","stick-header-meta":"default","header-above-stick-meta":"","header-main-stick-meta":"","header-below-stick-meta":"","astra-migrate-meta-layouts":"set","ast-page-background-enabled":"default","ast-page-background-meta":{"desktop":{"background-color":"","background-image":"","background-repeat":"repeat","background-position":"center center","background-size":"auto","background-attachment":"scroll","background-type":"","background-media":"","overlay-type":"","overlay-color":"","overlay-opacity":"","overlay-gradient":""},"tablet":{"background-color":"","background-image":"","background-repeat":"repeat","background-position":"center center","background-size":"auto","background-attachment":"scroll","background-type":"","background-media":"","overlay-type":"","overlay-color":"","overlay-opacity":"","overlay-gradient":""},"mobile":{"background-color":"","background-image":"","background-repeat":"repeat","background-position":"center center","background-size":"auto","background-attachment":"scroll","background-type":"","background-media":"","overlay-type":"","overlay-color":"","overlay-opacity":"","overlay-gradient":""}},"ast-content-background-meta":{"desktop":{"background-color":"var(--ast-global-color-5)","background-image":"","background-repeat":"repeat","background-position":"center center","background-size":"auto","background-attachment":"scroll","background-type":"","background-media":"","overlay-type":"","overlay-color":"","overlay-opacity":"","overlay-gradient":""},"tablet":{"background-color":"var(--ast-global-color-5)","background-image":"","background-repeat":"repeat","background-position":"center center","background-size":"auto","background-attachment":"scroll","background-type":"","background-media":"","overlay-type":"","overlay-color":"","overlay-opacity":"","overlay-gradient":""},"mobile":{"background-color":"var(--ast-global-color-5)","background-image":"","background-repeat":"repeat","background-position":"center center","background-size":"auto","background-attachment":"scroll","background-type":"","background-media":"","overlay-type":"","overlay-color":"","overlay-opacity":"","overlay-gradient":""}}},"product_brand":[],"product_cat":[65,76,259,584],"product_tag":[603,706,646,707,705,602,145,704,604,140],"class_list":{"0":"post-9468","1":"product","2":"type-product","3":"status-publish","4":"has-post-thumbnail","6":"product_cat-best-sellers","7":"product_cat-new-arrivels","8":"product_cat-lingerie","9":"product_cat-adhesive-bras","10":"product_tag-adhesive","11":"product_tag-breast-lift","12":"product_tag-comfortable","13":"product_tag-invisible","14":"product_tag-plump","15":"product_tag-push-up","16":"product_tag-sexy","17":"product_tag-skin-friendly-material","18":"product_tag-sticky-bra","19":"product_tag-strapless","20":"pa_color-beige","21":"pa_color-black","22":"pa_size-a","23":"pa_size-b","24":"pa_size-c","25":"pa_size-d","26":"desktop-align-center","27":"tablet-align-left","28":"mobile-align-left","29":"ast-product-gallery-layout-horizontal-slider","30":"ast-product-single-variable","31":"ast-product-tabs-layout-horizontal","32":"ast-qv-on-image","34":"first","35":"instock","36":"shipping-taxable","37":"purchasable","38":"product-type-variable"},"tiered_pricing_type":"fixed","tiered_pricing_fixed_rules":{"5":0.65,"50":0.55,"100":0.5},"tiered_pricing_product_settings":{"layout":"default","base_unit_name":{"singular":null,"plural":null},"default_variation":null},"tiered_pricing_minimum_quantity":null,"tiered_pricing_roles_data":[],"tiered_pricing_percentage_rules":[],"_links":{"self":[{"href":"https:\/\/yume-silm.com\/es\/wp-json\/wp\/v2\/product\/9468","targetHints":{"allow":["GET"]}}],"collection":[{"href":"https:\/\/yume-silm.com\/es\/wp-json\/wp\/v2\/product"}],"about":[{"href":"https:\/\/yume-silm.com\/es\/wp-json\/wp\/v2\/types\/product"}],"replies":[{"embeddable":true,"href":"https:\/\/yume-silm.com\/es\/wp-json\/wp\/v2\/comments?post=9468"}],"wp:featuredmedia":[{"embeddable":true,"href":"https:\/\/yume-silm.com\/es\/wp-json\/wp\/v2\/media\/9469"}],"wp:attachment":[{"href":"https:\/\/yume-silm.com\/es\/wp-json\/wp\/v2\/media?parent=9468"}],"wp:term":[{"taxonomy":"product_brand","embeddable":true,"href":"https:\/\/yume-silm.com\/es\/wp-json\/wp\/v2\/product_brand?post=9468"},{"taxonomy":"product_cat","embeddable":true,"href":"https:\/\/yume-silm.com\/es\/wp-json\/wp\/v2\/product_cat?post=9468"},{"taxonomy":"product_tag","embeddable":true,"href":"https:\/\/yume-silm.com\/es\/wp-json\/wp\/v2\/product_tag?post=9468"}],"curies":[{"name":"wp","href":"https:\/\/api.w.org\/{rel}","templated":true}]}}