{"id":9547,"date":"2024-07-20T01:40:31","date_gmt":"2024-07-20T01:40:31","guid":{"rendered":"https:\/\/yume-silm.com\/?post_type=product&#038;p=9547"},"modified":"2024-11-08T08:39:20","modified_gmt":"2024-11-08T08:39:20","slug":"sujetador-adhesivo-de-silicona-sin-tirantes-en-forma-de-u-de-una-pieza","status":"publish","type":"product","link":"https:\/\/yume-silm.com\/es\/producto-2\/sujetador-adhesivo-de-silicona-sin-tirantes-en-forma-de-u-de-una-pieza\/","title":{"rendered":"Sujetador adhesivo de silicona sin tirantes en forma de U de una pieza"},"content":{"rendered":"<h5>Caracteristicas de dise\u00f1o<\/h5>\n<ul>\n<li>\n<div data-slate-node=\"element\"><strong>DISE\u00d1O EN FORMA DE U<\/strong>: Este sujetador adhesivo de silicona sin tirantes en forma de U de una pieza presenta un dise\u00f1o en forma de U, que crea un efecto de V profundo, que ayuda a cerrar el pecho, logra una cobertura total y crea un escote profundo y atractivo, que puede crear un escote lleno, regordete y atractivo. Senos en V profunda.<\/div>\n<\/li>\n<li>\n<div data-slate-node=\"element\"><strong>MATERIAL SUAVE Y C\u00d3MODO<\/strong>: Este sujetador adhesivo de una pieza est\u00e1 hecho de silicona suave y c\u00f3moda y de un material adhesivo, que es ligero y agradable para la piel, y no ejerce presi\u00f3n sobre la piel. Puedes usar este sujetador invisible de una pieza c\u00f3modamente en cualquier momento y en cualquier lugar.<\/div>\n<\/li>\n<li>\n<div data-slate-node=\"element\"><strong>SUJETADOR SIN TIRANTES<\/strong>: Este sujetador sin tirantes es perfecto para vestidos de novia, vestidos escotados, vestidos de graduaci\u00f3n y de regreso a casa o cualquier vestido de noche formal.<\/div>\n<\/li>\n<li>\n<div data-slate-node=\"element\"><strong>REUTILIZABLE Y LAVABLE<\/strong>: Este sujetador adhesivo es f\u00e1cil de lavar y reutilizar. Despu\u00e9s de su uso, s\u00f3lo tendr\u00e1s que lavarlo a mano con jab\u00f3n suave y agua corriente. Mant\u00e9ngalos secos de forma natural y conserve el gel pegajoso para el pr\u00f3ximo uso.<\/div>\n<\/li>\n<\/ul>\n<p><a href=\"https:\/\/yume-silm.com\/wp-content\/uploads\/2024\/07\/One-Piece-U-Shaped-Strapless-Silicone-Adhesive-Bra-01.jpg\"><img fetchpriority=\"high\" decoding=\"async\" class=\"alignnone wp-image-9549 size-medium\" src=\"https:\/\/yume-silm.com\/wp-content\/uploads\/2024\/07\/One-Piece-U-Shaped-Strapless-Silicone-Adhesive-Bra-01-300x300.jpg\" alt=\"Sujetador adhesivo de silicona sin tirantes en forma de U de una pieza\" width=\"300\" height=\"300\" title=\"\" srcset=\"https:\/\/yume-silm.com\/wp-content\/uploads\/2024\/07\/One-Piece-U-Shaped-Strapless-Silicone-Adhesive-Bra-01-300x300.jpg 300w, https:\/\/yume-silm.com\/wp-content\/uploads\/2024\/07\/One-Piece-U-Shaped-Strapless-Silicone-Adhesive-Bra-01-150x150.jpg 150w, https:\/\/yume-silm.com\/wp-content\/uploads\/2024\/07\/One-Piece-U-Shaped-Strapless-Silicone-Adhesive-Bra-01-768x768.jpg 768w, https:\/\/yume-silm.com\/wp-content\/uploads\/2024\/07\/One-Piece-U-Shaped-Strapless-Silicone-Adhesive-Bra-01-12x12.jpg 12w, https:\/\/yume-silm.com\/wp-content\/uploads\/2024\/07\/One-Piece-U-Shaped-Strapless-Silicone-Adhesive-Bra-01-100x100.jpg 100w, https:\/\/yume-silm.com\/wp-content\/uploads\/2024\/07\/One-Piece-U-Shaped-Strapless-Silicone-Adhesive-Bra-01.jpg 800w\" sizes=\"(max-width: 300px) 100vw, 300px\" \/><\/a><a href=\"https:\/\/yume-silm.com\/wp-content\/uploads\/2024\/07\/One-Piece-U-Shaped-Strapless-Silicone-Adhesive-Bra-02.jpg\"><img decoding=\"async\" class=\"alignnone wp-image-9550 size-medium\" src=\"https:\/\/yume-silm.com\/wp-content\/uploads\/2024\/07\/One-Piece-U-Shaped-Strapless-Silicone-Adhesive-Bra-02-300x300.jpg\" alt=\"Sujetador adhesivo de silicona sin tirantes en forma de U de una pieza\" width=\"300\" height=\"300\" title=\"\" srcset=\"https:\/\/yume-silm.com\/wp-content\/uploads\/2024\/07\/One-Piece-U-Shaped-Strapless-Silicone-Adhesive-Bra-02-300x300.jpg 300w, https:\/\/yume-silm.com\/wp-content\/uploads\/2024\/07\/One-Piece-U-Shaped-Strapless-Silicone-Adhesive-Bra-02-150x150.jpg 150w, https:\/\/yume-silm.com\/wp-content\/uploads\/2024\/07\/One-Piece-U-Shaped-Strapless-Silicone-Adhesive-Bra-02-768x768.jpg 768w, https:\/\/yume-silm.com\/wp-content\/uploads\/2024\/07\/One-Piece-U-Shaped-Strapless-Silicone-Adhesive-Bra-02-12x12.jpg 12w, https:\/\/yume-silm.com\/wp-content\/uploads\/2024\/07\/One-Piece-U-Shaped-Strapless-Silicone-Adhesive-Bra-02-100x100.jpg 100w, https:\/\/yume-silm.com\/wp-content\/uploads\/2024\/07\/One-Piece-U-Shaped-Strapless-Silicone-Adhesive-Bra-02.jpg 800w\" sizes=\"(max-width: 300px) 100vw, 300px\" \/><\/a><\/p>\n<p>&nbsp;<\/p>\n<div data-slate-node=\"element\"><\/div>\n<h6 data-slate-node=\"element\"><em><span class=\"\" data-slate-node=\"text\">Sujetador invisible fruncido transpirable para mujer<\/span><\/em><\/h6>\n<ul>\n<li data-slate-node=\"element\"><span class=\"\" data-slate-node=\"text\"><span data-slate-leaf=\"true\">Utilizando tela suave y transpirable y material de silicona m\u00e9dica, es m\u00e1s seguro proteger su piel contra da\u00f1os. <\/span><\/span><span class=\"\" data-slate-node=\"text\"><span data-slate-leaf=\"true\">La copa del sujetador adhesiva profunda en forma de U proporciona un efecto fruncido, creando un escote incre\u00edble, haci\u00e9ndome m\u00e1s seguro y atractivo.<\/span><\/span><\/li>\n<\/ul>\n<div data-slate-node=\"element\" data-slate-fragment=\"JTVCJTdCJTIydHlwZSUyMiUzQSUyMnBhcmFncmFwaCUyMiUyQyUyMmNoaWxkcmVuJTIyJTNBJTVCJTdCJTIydGV4dCUyMiUzQSUyMkxhZGllcyUyMEJyZWF0aGFibGUlMjBHYXRoZXJpbmclMjBJbnZpc2libGUlMjBCcmElMjIlMkMlMjJzZW50ZW5jZSUyMiUzQTQlMkMlMjJjaGlsZFNlbnRlbmNlJTIyJTNBMSU3RCU1RCU3RCUyQyU3QiUyMnR5cGUlMjIlM0ElMjJwYXJhZ3JhcGglMjIlMkMlMjJjaGlsZHJlbiUyMiUzQSU1QiU3QiUyMnRleHQlMjIlM0ElMjJVc2luZyUyMGJyZWF0aGFibGUlMkMlMjBzb2Z0JTIwZmFicmljJTIwYW5kJTIwbWVkaWNhbCUyMHNpbGljb25lJTIwbWF0ZXJpYWwlMkMlMjBpdCUyMGlzJTIwbW9yZSUyMHNlY3VyZSUyMHRvJTIwcHJvdGVjdCUyMHlvdXIlMjBza2luJTIwZnJvbSUyMGRhbWFnZS4lMjAlMjIlMkMlMjJzZW50ZW5jZSUyMiUzQTUlMkMlMjJjaGlsZFNlbnRlbmNlJTIyJTNBMSU3RCUyQyU3QiUyMnRleHQlMjIlM0ElMjJUaGUlMjBkZWVwJTIwVS1zaGFwZWQlMjBnZWwlMjBicmElMjBjdXAlMjBwcm92aWRlcyUyMGElMjBnYXRoZXJpbmclMjBlZmZlY3QlMkMlMjBjcmVhdGluZyUyMGFtYXppbmclMjBjbGVhdmFnZSUyQyUyMG1ha2luZyUyMGklMjBtb3JlJTIwY29uZmlkZW50JTIwYW5kJTIwYXR0cmFjdGl2ZS4lMjIlMkMlMjJzZW50ZW5jZSUyMiUzQTUlMkMlMjJjaGlsZFNlbnRlbmNlJTIyJTNBMiU3RCU1RCU3RCUyQyU3QiUyMnR5cGUlMjIlM0ElMjJwYXJhZ3JhcGglMjIlMkMlMjJjaGlsZHJlbiUyMiUzQSU1QiU3QiUyMnRleHQlMjIlM0ElMjJXZWFyJTIwb3VyJTIwYWxsLWluLW9uZSUyMFUtc3RyYXBsZXNzJTIwc2lsaWNvbmUlMjBzdGVhbHRoJTIwdW5kZXJ3ZWFyJTJDJTIwd2hpY2glMjB5b3UlMjBjYW4lMjB3ZWFyJTIwaW4lMjB5b3VyJTIwd2VkZGluZyUyMGRyZXNzJTJDJTIwbG93JTIwY3V0JTIwZHJlc3MlMkMlMjBwcm9tJTIwYW5kJTIwaG9tZWNvbWluZyUyMGdvd24lMjBvciUyMGFueSUyMGZvcm1hbCUyMGV2ZW5pbmclMjBnb3duLiUyMCUyMiUyQyUyMnNlbnRlbmNlJTIyJTNBNiUyQyUyMmNoaWxkU2VudGVuY2UlMjIlM0ExJTdEJTJDJTdCJTIydGV4dCUyMiUzQSUyMk1ha2UlMjB5b3UlMjBtb3JlJTIwZGF6emxpbmcuJTIyJTJDJTIyc2VudGVuY2UlMjIlM0E2JTJDJTIyY2hpbGRTZW50ZW5jZSUyMiUzQTIlN0QlNUQlN0QlNUQ=\"><\/div>","protected":false},"excerpt":{"rendered":"<p><span class=\"\" data-slate-node=\"text\"><span data-slate-leaf=\"true\">Use nuestro sujetador adhesivo de silicona sin tirantes en forma de U de una sola pieza, que puede usar en su vestido de novia, vestido escotado, vestido de graduaci\u00f3n y de regreso a casa o cualquier vestido de noche formal. <\/span><\/span><span data-slate-node=\"text\">Te hace m\u00e1s deslumbrante y no sientes presi\u00f3n.<\/span><\/p>","protected":false},"featured_media":9551,"comment_status":"open","ping_status":"closed","template":"","meta":{"site-sidebar-layout":"default","site-content-layout":"","ast-site-content-layout":"default","site-content-style":"default","site-sidebar-style":"default","ast-global-header-display":"","ast-banner-title-visibility":"","ast-main-header-display":"","ast-hfb-above-header-display":"","ast-hfb-below-header-display":"","ast-hfb-mobile-header-display":"","site-post-title":"","ast-breadcrumbs-content":"","ast-featured-img":"","footer-sml-layout":"","ast-disable-related-posts":"","theme-transparent-header-meta":"default","adv-header-id-meta":"","stick-header-meta":"default","header-above-stick-meta":"","header-main-stick-meta":"","header-below-stick-meta":"","astra-migrate-meta-layouts":"set","ast-page-background-enabled":"default","ast-page-background-meta":{"desktop":{"background-color":"","background-image":"","background-repeat":"repeat","background-position":"center center","background-size":"auto","background-attachment":"scroll","background-type":"","background-media":"","overlay-type":"","overlay-color":"","overlay-opacity":"","overlay-gradient":""},"tablet":{"background-color":"","background-image":"","background-repeat":"repeat","background-position":"center center","background-size":"auto","background-attachment":"scroll","background-type":"","background-media":"","overlay-type":"","overlay-color":"","overlay-opacity":"","overlay-gradient":""},"mobile":{"background-color":"","background-image":"","background-repeat":"repeat","background-position":"center center","background-size":"auto","background-attachment":"scroll","background-type":"","background-media":"","overlay-type":"","overlay-color":"","overlay-opacity":"","overlay-gradient":""}},"ast-content-background-meta":{"desktop":{"background-color":"var(--ast-global-color-5)","background-image":"","background-repeat":"repeat","background-position":"center center","background-size":"auto","background-attachment":"scroll","background-type":"","background-media":"","overlay-type":"","overlay-color":"","overlay-opacity":"","overlay-gradient":""},"tablet":{"background-color":"var(--ast-global-color-5)","background-image":"","background-repeat":"repeat","background-position":"center center","background-size":"auto","background-attachment":"scroll","background-type":"","background-media":"","overlay-type":"","overlay-color":"","overlay-opacity":"","overlay-gradient":""},"mobile":{"background-color":"var(--ast-global-color-5)","background-image":"","background-repeat":"repeat","background-position":"center center","background-size":"auto","background-attachment":"scroll","background-type":"","background-media":"","overlay-type":"","overlay-color":"","overlay-opacity":"","overlay-gradient":""}}},"product_brand":[],"product_cat":[65,76,259,584],"product_tag":[603,731,492,646,730,713,707,148,733,732,601,687,140,729],"class_list":{"0":"post-9547","1":"product","2":"type-product","3":"status-publish","4":"has-post-thumbnail","6":"product_cat-best-sellers","7":"product_cat-new-arrivels","8":"product_cat-lingerie","9":"product_cat-adhesive-bras","10":"product_tag-adhesive","11":"product_tag-attractive","12":"product_tag-breathable","13":"product_tag-comfortable","14":"product_tag-dazzling","15":"product_tag-gather","16":"product_tag-invisible","17":"product_tag-one-piece","18":"product_tag-pressure","19":"product_tag-reusable","20":"product_tag-silicone","21":"product_tag-soft","22":"product_tag-strapless","23":"product_tag-u-shaped","24":"pa_color-beige","25":"pa_color-black","26":"pa_size-a","27":"pa_size-b","28":"pa_size-c","29":"pa_size-d","30":"desktop-align-center","31":"tablet-align-left","32":"mobile-align-left","33":"ast-product-gallery-layout-horizontal-slider","34":"ast-product-single-variable","35":"ast-product-tabs-layout-horizontal","36":"ast-qv-on-image","38":"first","39":"instock","40":"shipping-taxable","41":"purchasable","42":"product-type-variable"},"tiered_pricing_type":"fixed","tiered_pricing_fixed_rules":{"10":3.75,"50":3.3,"100":2.9},"tiered_pricing_product_settings":{"layout":"default","base_unit_name":{"singular":null,"plural":null},"default_variation":null},"tiered_pricing_minimum_quantity":null,"tiered_pricing_roles_data":[],"tiered_pricing_percentage_rules":[],"_links":{"self":[{"href":"https:\/\/yume-silm.com\/es\/wp-json\/wp\/v2\/product\/9547","targetHints":{"allow":["GET"]}}],"collection":[{"href":"https:\/\/yume-silm.com\/es\/wp-json\/wp\/v2\/product"}],"about":[{"href":"https:\/\/yume-silm.com\/es\/wp-json\/wp\/v2\/types\/product"}],"replies":[{"embeddable":true,"href":"https:\/\/yume-silm.com\/es\/wp-json\/wp\/v2\/comments?post=9547"}],"wp:featuredmedia":[{"embeddable":true,"href":"https:\/\/yume-silm.com\/es\/wp-json\/wp\/v2\/media\/9551"}],"wp:attachment":[{"href":"https:\/\/yume-silm.com\/es\/wp-json\/wp\/v2\/media?parent=9547"}],"wp:term":[{"taxonomy":"product_brand","embeddable":true,"href":"https:\/\/yume-silm.com\/es\/wp-json\/wp\/v2\/product_brand?post=9547"},{"taxonomy":"product_cat","embeddable":true,"href":"https:\/\/yume-silm.com\/es\/wp-json\/wp\/v2\/product_cat?post=9547"},{"taxonomy":"product_tag","embeddable":true,"href":"https:\/\/yume-silm.com\/es\/wp-json\/wp\/v2\/product_tag?post=9547"}],"curies":[{"name":"wp","href":"https:\/\/api.w.org\/{rel}","templated":true}]}}