{"id":9625,"date":"2024-07-27T06:05:41","date_gmt":"2024-07-27T06:05:41","guid":{"rendered":"https:\/\/yume-silm.com\/?post_type=product&#038;p=9625"},"modified":"2024-08-05T05:33:17","modified_gmt":"2024-08-05T05:33:17","slug":"pantalones-cortos-moldeadores-de-cuerpo-completo-con-pecho-abierto-y-gancho-frontal","status":"publish","type":"product","link":"https:\/\/yume-silm.com\/es\/producto-2\/pantalones-cortos-moldeadores-de-cuerpo-completo-con-pecho-abierto-y-gancho-frontal\/","title":{"rendered":"Pantalones cortos moldeadores de cuerpo completo con pecho abierto y ganchos delanteros"},"content":{"rendered":"<h5>Caracteristicas de dise\u00f1o<\/h5>\n<ul>\n<li><strong>FAJERA DE PECHO ABIERTO EN FORMA DE U<\/strong>: Los pantalones cortos moldeadores de cuerpo completo con pecho abierto con gancho frontal adoptan un dise\u00f1o de pecho abierto en forma de U, que puede brindar soporte para el pecho, controlar firmemente la grasa en las axilas y la espalda, y tambi\u00e9n puede usar un sost\u00e9n que se adapte a usted a voluntad. enfatizando la belleza natural de los senos de las mujeres.<\/li>\n<li><strong>CORREAS DE HOMBRO AJUSTABLES<\/strong>: Estos pantalones cortos moldeadores de cuerpo completo con pecho abierto con ganchos frontales tienen una correa para el pecho extra\u00edble, que se puede ajustar a voluntad para ayudarte a apretar y dar forma a un pecho completo y redondeado, y tambi\u00e9n puede ayudarte eficazmente a aliviar la presi\u00f3n sobre tus hombros.<\/li>\n<li><strong>DISE\u00d1O DE CONTROL DEL VIENTRE<\/strong>: Dise\u00f1o de tela de doble capa, mejora la presi\u00f3n sobre el abdomen, aprieta la grasa en la cintura y el abdomen lisos, la hebilla de tres botonadura de esta faja moldeadora puede garantizar que puedas ajustarla en distintos grados y realzar una figura suave.<\/li>\n<li><strong>MEJORAR LA POSTURA<\/strong>: La cintura est\u00e1 equipada con 4 fuertes huesos de acero integrados en la placa posterior para evitar que se mueva, haciendo que la curva de su cintura sea m\u00e1s atractiva y mejorando su postura.<\/li>\n<\/ul>\n<p><a href=\"https:\/\/yume-silm.com\/wp-content\/uploads\/2024\/07\/Open-Chest-Full-Body-Shaper-Shorts-with-Front-Hook-1.jpg\"><img fetchpriority=\"high\" decoding=\"async\" class=\"alignnone wp-image-9632 size-medium\" src=\"https:\/\/yume-silm.com\/wp-content\/uploads\/2024\/07\/Open-Chest-Full-Body-Shaper-Shorts-with-Front-Hook-1-300x300.jpg\" alt=\"pantalones cortos moldeadores de cuerpo completo con pecho abierto y gancho frontal\" width=\"300\" height=\"300\" title=\"\" srcset=\"https:\/\/yume-silm.com\/wp-content\/uploads\/2024\/07\/Open-Chest-Full-Body-Shaper-Shorts-with-Front-Hook-1-300x300.jpg 300w, https:\/\/yume-silm.com\/wp-content\/uploads\/2024\/07\/Open-Chest-Full-Body-Shaper-Shorts-with-Front-Hook-1-150x150.jpg 150w, https:\/\/yume-silm.com\/wp-content\/uploads\/2024\/07\/Open-Chest-Full-Body-Shaper-Shorts-with-Front-Hook-1-768x768.jpg 768w, https:\/\/yume-silm.com\/wp-content\/uploads\/2024\/07\/Open-Chest-Full-Body-Shaper-Shorts-with-Front-Hook-1-12x12.jpg 12w, https:\/\/yume-silm.com\/wp-content\/uploads\/2024\/07\/Open-Chest-Full-Body-Shaper-Shorts-with-Front-Hook-1-100x100.jpg 100w, https:\/\/yume-silm.com\/wp-content\/uploads\/2024\/07\/Open-Chest-Full-Body-Shaper-Shorts-with-Front-Hook-1.jpg 800w\" sizes=\"(max-width: 300px) 100vw, 300px\" \/><\/a> <a href=\"https:\/\/yume-silm.com\/wp-content\/uploads\/2024\/07\/Open-Chest-Full-Body-Shaper-Shorts-with-Front-Hook-2.jpg\"><img decoding=\"async\" class=\"alignnone wp-image-9633 size-medium\" src=\"https:\/\/yume-silm.com\/wp-content\/uploads\/2024\/07\/Open-Chest-Full-Body-Shaper-Shorts-with-Front-Hook-2-300x300.jpg\" alt=\"pantalones cortos moldeadores de cuerpo completo con pecho abierto y gancho frontal\" width=\"300\" height=\"300\" title=\"\" srcset=\"https:\/\/yume-silm.com\/wp-content\/uploads\/2024\/07\/Open-Chest-Full-Body-Shaper-Shorts-with-Front-Hook-2-300x300.jpg 300w, https:\/\/yume-silm.com\/wp-content\/uploads\/2024\/07\/Open-Chest-Full-Body-Shaper-Shorts-with-Front-Hook-2-150x150.jpg 150w, https:\/\/yume-silm.com\/wp-content\/uploads\/2024\/07\/Open-Chest-Full-Body-Shaper-Shorts-with-Front-Hook-2-768x768.jpg 768w, https:\/\/yume-silm.com\/wp-content\/uploads\/2024\/07\/Open-Chest-Full-Body-Shaper-Shorts-with-Front-Hook-2-12x12.jpg 12w, https:\/\/yume-silm.com\/wp-content\/uploads\/2024\/07\/Open-Chest-Full-Body-Shaper-Shorts-with-Front-Hook-2-100x100.jpg 100w, https:\/\/yume-silm.com\/wp-content\/uploads\/2024\/07\/Open-Chest-Full-Body-Shaper-Shorts-with-Front-Hook-2.jpg 800w\" sizes=\"(max-width: 300px) 100vw, 300px\" \/><\/a><\/p>\n<h6><em>De las mujeres<\/em><strong><em> Alta compresi\u00f3n<\/em><\/strong><em> Manga<\/em><em>ss<\/em><strong><em> Fajas<\/em><\/strong><\/h6>\n<ul>\n<li>El uso inteligente de la extrusi\u00f3n y compresi\u00f3n cient\u00edfica de tela de doble capa puede exprimir la grasa del abdomen y la cintura m\u00e1s r\u00e1pido. El dise\u00f1o sin mangas te permite esconderte mejor en la ropa.<\/li>\n<\/ul>","protected":false},"excerpt":{"rendered":"<p>Estos pantalones cortos moldeadores de cuerpo completo con pecho abierto y gancho frontal pueden mostrar mejor tu cuerpo perfecto y crear mejor un cuerpo con forma de reloj de arena para ti. Las caderas y los levantamientos de cadera pueden mejorar mejor la forma natural de las caderas. Si quieres pon\u00e9rtelo, \u00a1cont\u00e1ctanos!<\/p>","protected":false},"featured_media":9626,"comment_status":"open","ping_status":"closed","template":"","meta":{"site-sidebar-layout":"default","site-content-layout":"","ast-site-content-layout":"default","site-content-style":"default","site-sidebar-style":"default","ast-global-header-display":"","ast-banner-title-visibility":"","ast-main-header-display":"","ast-hfb-above-header-display":"","ast-hfb-below-header-display":"","ast-hfb-mobile-header-display":"","site-post-title":"","ast-breadcrumbs-content":"","ast-featured-img":"","footer-sml-layout":"","ast-disable-related-posts":"","theme-transparent-header-meta":"default","adv-header-id-meta":"","stick-header-meta":"default","header-above-stick-meta":"","header-main-stick-meta":"","header-below-stick-meta":"","astra-migrate-meta-layouts":"set","ast-page-background-enabled":"default","ast-page-background-meta":{"desktop":{"background-color":"","background-image":"","background-repeat":"repeat","background-position":"center center","background-size":"auto","background-attachment":"scroll","background-type":"","background-media":"","overlay-type":"","overlay-color":"","overlay-opacity":"","overlay-gradient":""},"tablet":{"background-color":"","background-image":"","background-repeat":"repeat","background-position":"center center","background-size":"auto","background-attachment":"scroll","background-type":"","background-media":"","overlay-type":"","overlay-color":"","overlay-opacity":"","overlay-gradient":""},"mobile":{"background-color":"","background-image":"","background-repeat":"repeat","background-position":"center center","background-size":"auto","background-attachment":"scroll","background-type":"","background-media":"","overlay-type":"","overlay-color":"","overlay-opacity":"","overlay-gradient":""}},"ast-content-background-meta":{"desktop":{"background-color":"var(--ast-global-color-5)","background-image":"","background-repeat":"repeat","background-position":"center center","background-size":"auto","background-attachment":"scroll","background-type":"","background-media":"","overlay-type":"","overlay-color":"","overlay-opacity":"","overlay-gradient":""},"tablet":{"background-color":"var(--ast-global-color-5)","background-image":"","background-repeat":"repeat","background-position":"center center","background-size":"auto","background-attachment":"scroll","background-type":"","background-media":"","overlay-type":"","overlay-color":"","overlay-opacity":"","overlay-gradient":""},"mobile":{"background-color":"var(--ast-global-color-5)","background-image":"","background-repeat":"repeat","background-position":"center center","background-size":"auto","background-attachment":"scroll","background-type":"","background-media":"","overlay-type":"","overlay-color":"","overlay-opacity":"","overlay-gradient":""}}},"product_brand":[],"product_cat":[65,76,77,79,78,82,80],"product_tag":[662,731,663,769,738,658,739,740,515,705,213,729],"class_list":{"0":"post-9625","1":"product","2":"type-product","3":"status-publish","4":"has-post-thumbnail","6":"product_cat-best-sellers","7":"product_cat-new-arrivels","8":"product_cat-wholesale-womens-shapewear","9":"product_cat-wholesale-seemless-shaperwear","10":"product_cat-wholesale-full-body-shaper","11":"product_cat-wholesale-shapewear-bodysuit","12":"product_cat-wholesale-butt-lift-underwear","13":"product_tag-abdominal","14":"product_tag-attractive","15":"product_tag-belly","16":"product_tag-double-layer","17":"product_tag-front-hook","18":"product_tag-full-body-shaper","19":"product_tag-high-compression","20":"product_tag-hourglass-shaped","21":"product_tag-open-chest","22":"product_tag-plump","23":"product_tag-sleeveless","24":"product_tag-u-shaped","25":"pa_color-beige","26":"pa_color-black","27":"pa_size-2xl","28":"pa_size-3xl","29":"pa_size-l","30":"pa_size-m","31":"pa_size-s","32":"pa_size-xl","33":"desktop-align-center","34":"tablet-align-left","35":"mobile-align-left","36":"ast-product-gallery-layout-horizontal-slider","37":"ast-product-single-variable","38":"ast-product-tabs-layout-horizontal","39":"ast-qv-on-image","41":"first","42":"instock","43":"shipping-taxable","44":"purchasable","45":"product-type-variable"},"tiered_pricing_type":"fixed","tiered_pricing_fixed_rules":{"5":15.15,"50":13.5,"100":11.8},"tiered_pricing_product_settings":{"layout":"default","base_unit_name":{"singular":null,"plural":null},"default_variation":null},"tiered_pricing_minimum_quantity":null,"tiered_pricing_roles_data":[],"tiered_pricing_percentage_rules":[],"_links":{"self":[{"href":"https:\/\/yume-silm.com\/es\/wp-json\/wp\/v2\/product\/9625","targetHints":{"allow":["GET"]}}],"collection":[{"href":"https:\/\/yume-silm.com\/es\/wp-json\/wp\/v2\/product"}],"about":[{"href":"https:\/\/yume-silm.com\/es\/wp-json\/wp\/v2\/types\/product"}],"replies":[{"embeddable":true,"href":"https:\/\/yume-silm.com\/es\/wp-json\/wp\/v2\/comments?post=9625"}],"wp:featuredmedia":[{"embeddable":true,"href":"https:\/\/yume-silm.com\/es\/wp-json\/wp\/v2\/media\/9626"}],"wp:attachment":[{"href":"https:\/\/yume-silm.com\/es\/wp-json\/wp\/v2\/media?parent=9625"}],"wp:term":[{"taxonomy":"product_brand","embeddable":true,"href":"https:\/\/yume-silm.com\/es\/wp-json\/wp\/v2\/product_brand?post=9625"},{"taxonomy":"product_cat","embeddable":true,"href":"https:\/\/yume-silm.com\/es\/wp-json\/wp\/v2\/product_cat?post=9625"},{"taxonomy":"product_tag","embeddable":true,"href":"https:\/\/yume-silm.com\/es\/wp-json\/wp\/v2\/product_tag?post=9625"}],"curies":[{"name":"wp","href":"https:\/\/api.w.org\/{rel}","templated":true}]}}