{"id":9731,"date":"2024-07-29T03:25:50","date_gmt":"2024-07-29T03:25:50","guid":{"rendered":"https:\/\/yume-silm.com\/?post_type=product&#038;p=9731"},"modified":"2024-11-08T08:26:35","modified_gmt":"2024-11-08T08:26:35","slug":"pantalones-cortos-de-yoga-fitness-tenido-anudado-para-mujer","status":"publish","type":"product","link":"https:\/\/yume-silm.com\/es\/producto-2\/pantalones-cortos-de-yoga-fitness-tenido-anudado-para-mujer\/","title":{"rendered":"Pantalones cortos de yoga fitness con te\u00f1ido anudado para mujer"},"content":{"rendered":"<h5>Caracteristicas de dise\u00f1o<\/h5>\n<ul>\n<li><strong>PANTALONES DE YOGA DE VIENTRE DE CINTURA ALTA<\/strong>: Estos pantalones cortos de yoga fitness te\u00f1idos anudados para mujer tienen cintura alta con cintur\u00f3n el\u00e1stico, dise\u00f1ados para quedar planos sobre la piel y el abdomen, pueden tensar mejor la grasa entre la cintura y el abdomen, crear curvas suaves, contornos atractivos y dar forma a la elevaci\u00f3n de la cadera.<\/li>\n<li><strong>DISE\u00d1O PLISADO<\/strong>: Estos pantalones cortos de yoga fitness te\u00f1idos anudados para mujer tienen un efecto de levantamiento de cadera para crear un perfil atractivo, te ayudan a tener una cadera color melocot\u00f3n y te hacen lucir m\u00e1s sexy y atractiva.<\/li>\n<li><strong>BIENESTAR MATERIAL<\/strong>: La combinaci\u00f3n de nailon y spandex crea un tejido muy el\u00e1stico y c\u00f3modo que puede moverse contigo durante el ejercicio.<\/li>\n<li><strong>OCASI\u00d3N<\/strong>: Estos pantalones cortos de yoga son vers\u00e1tiles y pr\u00e1cticos, ideales para yoga, correr, andar en bicicleta, hacer ejercicio, bailar y actividades de ocio.<\/li>\n<\/ul>\n<h6><a href=\"https:\/\/yume-silm.com\/wp-content\/uploads\/2024\/07\/Womens-Tie-Dye-Fitness-Yoga-Shorts-lium-purple.jpg\"><img fetchpriority=\"high\" decoding=\"async\" class=\"alignnone wp-image-9732 size-medium\" src=\"https:\/\/yume-silm.com\/wp-content\/uploads\/2024\/07\/Womens-Tie-Dye-Fitness-Yoga-Shorts-lium-purple-300x300.jpg\" alt=\"Pantalones cortos de yoga con efecto tie-dye para mujer\" width=\"300\" height=\"300\" title=\"\" srcset=\"https:\/\/yume-silm.com\/wp-content\/uploads\/2024\/07\/Womens-Tie-Dye-Fitness-Yoga-Shorts-lium-purple-300x300.jpg 300w, https:\/\/yume-silm.com\/wp-content\/uploads\/2024\/07\/Womens-Tie-Dye-Fitness-Yoga-Shorts-lium-purple-150x150.jpg 150w, https:\/\/yume-silm.com\/wp-content\/uploads\/2024\/07\/Womens-Tie-Dye-Fitness-Yoga-Shorts-lium-purple-768x768.jpg 768w, https:\/\/yume-silm.com\/wp-content\/uploads\/2024\/07\/Womens-Tie-Dye-Fitness-Yoga-Shorts-lium-purple-12x12.jpg 12w, https:\/\/yume-silm.com\/wp-content\/uploads\/2024\/07\/Womens-Tie-Dye-Fitness-Yoga-Shorts-lium-purple-100x100.jpg 100w, https:\/\/yume-silm.com\/wp-content\/uploads\/2024\/07\/Womens-Tie-Dye-Fitness-Yoga-Shorts-lium-purple.jpg 800w\" sizes=\"(max-width: 300px) 100vw, 300px\" \/><\/a><\/h6>\n<h6><em>Pantalones cortos de yoga con efecto tie-dye y cintura alta para mujer<\/em><\/h6>\n<ul>\n<li><span data-slate-fragment=\"JTVCJTdCJTIydHlwZSUyMiUzQSUyMnBhcmFncmFwaCUyMiUyQyUyMmNoaWxkcmVuJTIyJTNBJTVCJTdCJTIydGV4dCUyMiUzQSUyMlRoaXMlMjB3b21lbidzJTIwdGllLWR5ZSUyMGhpZ2gtd2Fpc3RlZCUyMGhpcC1saWZ0aW5nJTIweW9nYSUyMHNob3J0cyUyQyUyMGElMjB2YXJpZXR5JTIwb2YlMjBjb2xvciUyMG9wdGlvbnMlMkMlMjB1c2luZyUyMHN1cGVyJTIwc29mdCUyQyUyMGJyZWF0aGFibGUlMjBmYWJyaWNzJTJDJTIwaGlnaC13YWlzdGVkJTIwZGVzaWduJTIwY2FuJTIwY3JlYXRlJTIwYSUyMHNtb290aCUyMGN1cnZlJTIwYW5kJTIwcGxlYXRlZCUyMGRlc2lnbiUyMGZvciUyMHlvdSUyQyUyMHdoaWNoJTIwY2FuJTIwcXVpY2tseSUyMGhlbHAlMjB5b3UlMjBoYXZlJTIwcGVhY2glMjBidXR0b2NrcyUyMGFuZCUyMG1ha2UlMjB5b3UlMjBsb29rJTIwbW9yZSUyMHNleHklMjBhbmQlMjBjaGFybWluZy4lMjIlMkMlMjJzZW50ZW5jZSUyMiUzQTAlMkMlMjJjaGlsZFNlbnRlbmNlJTIyJTNBMCU3RCU1RCU3RCU1RA==\">Tiene una variedad de opciones de color, utilizando telas s\u00faper suaves y transpirables, el dise\u00f1o de cintura alta puede crear una curva suave y un dise\u00f1o plisado para ti, lo que puede ayudarte r\u00e1pidamente a tener gl\u00fateos color melocot\u00f3n y hacerte lucir m\u00e1s sexy y encantadora.<\/span><\/li>\n<\/ul>","protected":false},"excerpt":{"rendered":"<p>Estos pantalones cortos de yoga fitness te\u00f1idos anudados para mujer presentan un dise\u00f1o sin costuras y una espalda sin costuras en forma de V. La combinaci\u00f3n de nailon y spandex enfr\u00eda la parte superior del cuerpo y le permite hacer ejercicio con mayor libertad.<\/p>","protected":false},"featured_media":9733,"comment_status":"open","ping_status":"closed","template":"","meta":{"site-sidebar-layout":"default","site-content-layout":"","ast-site-content-layout":"default","site-content-style":"default","site-sidebar-style":"default","ast-global-header-display":"","ast-banner-title-visibility":"","ast-main-header-display":"","ast-hfb-above-header-display":"","ast-hfb-below-header-display":"","ast-hfb-mobile-header-display":"","site-post-title":"","ast-breadcrumbs-content":"","ast-featured-img":"","footer-sml-layout":"","ast-disable-related-posts":"","theme-transparent-header-meta":"default","adv-header-id-meta":"","stick-header-meta":"default","header-above-stick-meta":"","header-main-stick-meta":"","header-below-stick-meta":"","astra-migrate-meta-layouts":"set","ast-page-background-enabled":"default","ast-page-background-meta":{"desktop":{"background-color":"","background-image":"","background-repeat":"repeat","background-position":"center center","background-size":"auto","background-attachment":"scroll","background-type":"","background-media":"","overlay-type":"","overlay-color":"","overlay-opacity":"","overlay-gradient":""},"tablet":{"background-color":"","background-image":"","background-repeat":"repeat","background-position":"center center","background-size":"auto","background-attachment":"scroll","background-type":"","background-media":"","overlay-type":"","overlay-color":"","overlay-opacity":"","overlay-gradient":""},"mobile":{"background-color":"","background-image":"","background-repeat":"repeat","background-position":"center center","background-size":"auto","background-attachment":"scroll","background-type":"","background-media":"","overlay-type":"","overlay-color":"","overlay-opacity":"","overlay-gradient":""}},"ast-content-background-meta":{"desktop":{"background-color":"var(--ast-global-color-5)","background-image":"","background-repeat":"repeat","background-position":"center center","background-size":"auto","background-attachment":"scroll","background-type":"","background-media":"","overlay-type":"","overlay-color":"","overlay-opacity":"","overlay-gradient":""},"tablet":{"background-color":"var(--ast-global-color-5)","background-image":"","background-repeat":"repeat","background-position":"center center","background-size":"auto","background-attachment":"scroll","background-type":"","background-media":"","overlay-type":"","overlay-color":"","overlay-opacity":"","overlay-gradient":""},"mobile":{"background-color":"var(--ast-global-color-5)","background-image":"","background-repeat":"repeat","background-position":"center center","background-size":"auto","background-attachment":"scroll","background-type":"","background-media":"","overlay-type":"","overlay-color":"","overlay-opacity":"","overlay-gradient":""}}},"product_brand":[],"product_cat":[65,76,734,736],"product_tag":[747,492,675,413,139,679,491,145,660,749,764],"class_list":{"0":"post-9731","1":"product","2":"type-product","3":"status-publish","4":"has-post-thumbnail","6":"product_cat-best-sellers","7":"product_cat-new-arrivels","8":"product_cat-yoga-suits","9":"product_cat-yoga-shorts","10":"product_tag-abdomen","11":"product_tag-breathable","12":"product_tag-charming","13":"product_tag-fitness","14":"product_tag-high-waist","15":"product_tag-hip-lifter","16":"product_tag-seamless","17":"product_tag-sexy","18":"product_tag-smooth","19":"product_tag-tie-dye","20":"product_tag-v-shape","21":"pa_color-coral","22":"pa_color-pink","23":"pa_color-plum-purple","24":"pa_color-purple","25":"pa_color-red-bean-paste","26":"pa_size-l","27":"pa_size-m","28":"pa_size-s","29":"desktop-align-center","30":"tablet-align-left","31":"mobile-align-left","32":"ast-product-gallery-layout-horizontal-slider","33":"ast-product-single-variable","34":"ast-product-tabs-layout-horizontal","35":"ast-qv-on-image","37":"first","38":"instock","39":"shipping-taxable","40":"purchasable","41":"product-type-variable"},"tiered_pricing_type":"fixed","tiered_pricing_fixed_rules":{"5":4.15,"50":3.65,"100":3.2},"tiered_pricing_product_settings":{"layout":"default","base_unit_name":{"singular":null,"plural":null},"default_variation":null},"tiered_pricing_minimum_quantity":null,"tiered_pricing_roles_data":[],"tiered_pricing_percentage_rules":[],"_links":{"self":[{"href":"https:\/\/yume-silm.com\/es\/wp-json\/wp\/v2\/product\/9731","targetHints":{"allow":["GET"]}}],"collection":[{"href":"https:\/\/yume-silm.com\/es\/wp-json\/wp\/v2\/product"}],"about":[{"href":"https:\/\/yume-silm.com\/es\/wp-json\/wp\/v2\/types\/product"}],"replies":[{"embeddable":true,"href":"https:\/\/yume-silm.com\/es\/wp-json\/wp\/v2\/comments?post=9731"}],"wp:featuredmedia":[{"embeddable":true,"href":"https:\/\/yume-silm.com\/es\/wp-json\/wp\/v2\/media\/9733"}],"wp:attachment":[{"href":"https:\/\/yume-silm.com\/es\/wp-json\/wp\/v2\/media?parent=9731"}],"wp:term":[{"taxonomy":"product_brand","embeddable":true,"href":"https:\/\/yume-silm.com\/es\/wp-json\/wp\/v2\/product_brand?post=9731"},{"taxonomy":"product_cat","embeddable":true,"href":"https:\/\/yume-silm.com\/es\/wp-json\/wp\/v2\/product_cat?post=9731"},{"taxonomy":"product_tag","embeddable":true,"href":"https:\/\/yume-silm.com\/es\/wp-json\/wp\/v2\/product_tag?post=9731"}],"curies":[{"name":"wp","href":"https:\/\/api.w.org\/{rel}","templated":true}]}}