{"id":9817,"date":"2024-08-01T01:09:19","date_gmt":"2024-08-01T01:09:19","guid":{"rendered":"https:\/\/yume-silm.com\/?post_type=product&#038;p=9817"},"modified":"2025-04-09T00:44:30","modified_gmt":"2025-04-09T00:44:30","slug":"leggings-de-yoga-fruncidos-de-secado-rapido-para-mujer","status":"publish","type":"product","link":"https:\/\/yume-silm.com\/es\/producto-2\/leggings-de-yoga-fruncidos-de-secado-rapido-para-mujer\/","title":{"rendered":"Leggings de yoga fruncidos de secado r\u00e1pido para mujer"},"content":{"rendered":"<h5>Caracteristicas de dise\u00f1o<\/h5>\n<ul>\n<li><strong>DISE\u00d1O DE ALTA ELASTICIDAD:<\/strong> Los leggings de yoga fruncidos de secado r\u00e1pido para mujer adoptan un dise\u00f1o de alta elasticidad, moderno y generoso, con capas sexys y elegantes, el dise\u00f1o sin costuras le brinda una comodidad \u00f3ptima durante el yoga y el ejercicio.<\/li>\n<li><strong>DISE\u00d1O DE CINTURA ALTA:<\/strong>El dise\u00f1o de cintura alta en las caderas y la cintura de la banda del vientre puede agregar un toque de moda a la hermosa versi\u00f3n, ayud\u00e1ndote a convertirte en el foco de la moda, y la tela s\u00faper suave puede adaptarse perfectamente a la curva de tu cuerpo, manteniendo siempre tu figura sexy perfecta.<\/li>\n<li><strong>ABSORBE LA HUMEDAD:<\/strong>\u00a0El tejido transpirable, suave y el\u00e1stico proporciona una cobertura total y buena transpirabilidad. Al mismo tiempo, el dise\u00f1o de cintura alta tensa las caderas y el abdomen sin exponer el abdomen, resaltando la curva perfecta de tu cuerpo.<\/li>\n<li><strong>OCASI\u00d3N:<\/strong>\u00a0Ya sea que salgas a hacer deporte o juegues con amigos, el tejido transpirable y s\u00faper el\u00e1stico te har\u00e1 sentir relajado, perfecto para yoga, correr, gimnasio, cualquier tipo de deporte, cualquier estaci\u00f3n o uso diario.<\/li>\n<\/ul>\n<p><a href=\"https:\/\/yume-silm.com\/wp-content\/uploads\/2024\/08\/Womens-Quick-Dry-Seamless-Yoga-Leggings-1.png\"><img fetchpriority=\"high\" decoding=\"async\" class=\"alignnone wp-image-9818 size-medium\" src=\"https:\/\/yume-silm.com\/wp-content\/uploads\/2024\/08\/Womens-Quick-Dry-Seamless-Yoga-Leggings-1-300x300.png\" alt=\"Leggings de yoga fruncidos de secado r\u00e1pido para mujer\" width=\"300\" height=\"300\" title=\"\" srcset=\"https:\/\/yume-silm.com\/wp-content\/uploads\/2024\/08\/Womens-Quick-Dry-Seamless-Yoga-Leggings-1-300x300.png 300w, https:\/\/yume-silm.com\/wp-content\/uploads\/2024\/08\/Womens-Quick-Dry-Seamless-Yoga-Leggings-1-150x150.png 150w, https:\/\/yume-silm.com\/wp-content\/uploads\/2024\/08\/Womens-Quick-Dry-Seamless-Yoga-Leggings-1-768x768.png 768w, https:\/\/yume-silm.com\/wp-content\/uploads\/2024\/08\/Womens-Quick-Dry-Seamless-Yoga-Leggings-1-12x12.png 12w, https:\/\/yume-silm.com\/wp-content\/uploads\/2024\/08\/Womens-Quick-Dry-Seamless-Yoga-Leggings-1-100x100.png 100w, https:\/\/yume-silm.com\/wp-content\/uploads\/2024\/08\/Womens-Quick-Dry-Seamless-Yoga-Leggings-1.png 800w\" sizes=\"(max-width: 300px) 100vw, 300px\" \/><\/a><a href=\"https:\/\/yume-silm.com\/wp-content\/uploads\/2024\/08\/Womens-Quick-Dry-Seamless-Yoga-Leggings-2.jpg\"><img decoding=\"async\" class=\"alignnone wp-image-9819 size-medium\" src=\"https:\/\/yume-silm.com\/wp-content\/uploads\/2024\/08\/Womens-Quick-Dry-Seamless-Yoga-Leggings-2-300x300.jpg\" alt=\"Leggings de yoga fruncidos de secado r\u00e1pido para mujer\" width=\"300\" height=\"300\" title=\"\" srcset=\"https:\/\/yume-silm.com\/wp-content\/uploads\/2024\/08\/Womens-Quick-Dry-Seamless-Yoga-Leggings-2-300x300.jpg 300w, https:\/\/yume-silm.com\/wp-content\/uploads\/2024\/08\/Womens-Quick-Dry-Seamless-Yoga-Leggings-2-150x150.jpg 150w, https:\/\/yume-silm.com\/wp-content\/uploads\/2024\/08\/Womens-Quick-Dry-Seamless-Yoga-Leggings-2-768x768.jpg 768w, https:\/\/yume-silm.com\/wp-content\/uploads\/2024\/08\/Womens-Quick-Dry-Seamless-Yoga-Leggings-2-12x12.jpg 12w, https:\/\/yume-silm.com\/wp-content\/uploads\/2024\/08\/Womens-Quick-Dry-Seamless-Yoga-Leggings-2-100x100.jpg 100w, https:\/\/yume-silm.com\/wp-content\/uploads\/2024\/08\/Womens-Quick-Dry-Seamless-Yoga-Leggings-2.jpg 800w\" sizes=\"(max-width: 300px) 100vw, 300px\" \/><\/a><\/p>\n<h6><em>Pantalones de yoga para abdomen y cadera para mujer<\/em><\/h6>\n<ul>\n<li>Estos leggings de yoga fruncidos de secado r\u00e1pido para mujer tienen un cintur\u00f3n ancho que puede controlar mejor su abdomen. Al mismo tiempo, adopta la tecnolog\u00eda de tejido sin costuras 4D para comprimir y tensar el cuerpo. Se puede envolver constantemente alrededor del cuerpo durante el ejercicio, no se aflojar\u00e1 ni se deslizar\u00e1 y evitar\u00e1 la verg\u00fcenza. Te hace m\u00e1s seguro.<\/li>\n<\/ul>","protected":false},"excerpt":{"rendered":"<p>Estos leggings de yoga fruncidos de secado r\u00e1pido para mujer se adaptan perfectamente a la curva de su figura, el dise\u00f1o de cintura alta, abdomen y levantamiento de cadera siempre puede mantener una figura perfecta para usted, cualquier ropa a juego, no habr\u00e1 perspectiva, \u00fasela, le permitir\u00e1 convertirse en su monitor de figura. .<\/p>","protected":false},"featured_media":9820,"comment_status":"open","ping_status":"closed","template":"","meta":{"site-sidebar-layout":"default","site-content-layout":"","ast-site-content-layout":"default","site-content-style":"default","site-sidebar-style":"default","ast-global-header-display":"","ast-banner-title-visibility":"","ast-main-header-display":"","ast-hfb-above-header-display":"","ast-hfb-below-header-display":"","ast-hfb-mobile-header-display":"","site-post-title":"","ast-breadcrumbs-content":"","ast-featured-img":"","footer-sml-layout":"","ast-disable-related-posts":"","theme-transparent-header-meta":"default","adv-header-id-meta":"","stick-header-meta":"default","header-above-stick-meta":"","header-main-stick-meta":"","header-below-stick-meta":"","astra-migrate-meta-layouts":"set","ast-page-background-enabled":"default","ast-page-background-meta":{"desktop":{"background-color":"","background-image":"","background-repeat":"repeat","background-position":"center center","background-size":"auto","background-attachment":"scroll","background-type":"","background-media":"","overlay-type":"","overlay-color":"","overlay-opacity":"","overlay-gradient":""},"tablet":{"background-color":"","background-image":"","background-repeat":"repeat","background-position":"center center","background-size":"auto","background-attachment":"scroll","background-type":"","background-media":"","overlay-type":"","overlay-color":"","overlay-opacity":"","overlay-gradient":""},"mobile":{"background-color":"","background-image":"","background-repeat":"repeat","background-position":"center center","background-size":"auto","background-attachment":"scroll","background-type":"","background-media":"","overlay-type":"","overlay-color":"","overlay-opacity":"","overlay-gradient":""}},"ast-content-background-meta":{"desktop":{"background-color":"var(--ast-global-color-5)","background-image":"","background-repeat":"repeat","background-position":"center center","background-size":"auto","background-attachment":"scroll","background-type":"","background-media":"","overlay-type":"","overlay-color":"","overlay-opacity":"","overlay-gradient":""},"tablet":{"background-color":"var(--ast-global-color-5)","background-image":"","background-repeat":"repeat","background-position":"center center","background-size":"auto","background-attachment":"scroll","background-type":"","background-media":"","overlay-type":"","overlay-color":"","overlay-opacity":"","overlay-gradient":""},"mobile":{"background-color":"var(--ast-global-color-5)","background-image":"","background-repeat":"repeat","background-position":"center center","background-size":"auto","background-attachment":"scroll","background-type":"","background-media":"","overlay-type":"","overlay-color":"","overlay-opacity":"","overlay-gradient":""}}},"product_brand":[],"product_cat":[734,65,76,737],"product_tag":[492,777,701,460,139,659,778,491,145,687,775,779],"class_list":{"0":"post-9817","1":"product","2":"type-product","3":"status-publish","4":"has-post-thumbnail","6":"product_cat-yoga-suits","7":"product_cat-best-sellers","8":"product_cat-new-arrivels","9":"product_cat-yoga-leggings","10":"product_tag-breathable","11":"product_tag-confident","12":"product_tag-fashionable","13":"product_tag-high-elasticity","14":"product_tag-high-waist","15":"product_tag-hip-lift","16":"product_tag-quick-dry","17":"product_tag-seamless","18":"product_tag-sexy","19":"product_tag-soft","20":"product_tag-stretchy","21":"product_tag-yoga-leggings","22":"pa_color-black","23":"pa_color-blue","24":"pa_color-brown","25":"pa_color-dark-green","26":"pa_color-light-grey","27":"pa_size-l","28":"pa_size-m","29":"pa_size-s","30":"desktop-align-center","31":"tablet-align-left","32":"mobile-align-left","33":"ast-product-gallery-layout-horizontal-slider","34":"ast-product-single-variable","35":"ast-product-tabs-layout-horizontal","36":"ast-qv-on-image","38":"first","39":"instock","40":"shipping-taxable","41":"purchasable","42":"product-type-variable"},"tiered_pricing_type":"fixed","tiered_pricing_fixed_rules":{"5":6.65,"50":5.9,"100":5.2},"tiered_pricing_product_settings":{"layout":"default","base_unit_name":{"singular":null,"plural":null},"default_variation":null},"tiered_pricing_minimum_quantity":null,"tiered_pricing_roles_data":[],"tiered_pricing_percentage_rules":[],"_links":{"self":[{"href":"https:\/\/yume-silm.com\/es\/wp-json\/wp\/v2\/product\/9817","targetHints":{"allow":["GET"]}}],"collection":[{"href":"https:\/\/yume-silm.com\/es\/wp-json\/wp\/v2\/product"}],"about":[{"href":"https:\/\/yume-silm.com\/es\/wp-json\/wp\/v2\/types\/product"}],"replies":[{"embeddable":true,"href":"https:\/\/yume-silm.com\/es\/wp-json\/wp\/v2\/comments?post=9817"}],"wp:featuredmedia":[{"embeddable":true,"href":"https:\/\/yume-silm.com\/es\/wp-json\/wp\/v2\/media\/9820"}],"wp:attachment":[{"href":"https:\/\/yume-silm.com\/es\/wp-json\/wp\/v2\/media?parent=9817"}],"wp:term":[{"taxonomy":"product_brand","embeddable":true,"href":"https:\/\/yume-silm.com\/es\/wp-json\/wp\/v2\/product_brand?post=9817"},{"taxonomy":"product_cat","embeddable":true,"href":"https:\/\/yume-silm.com\/es\/wp-json\/wp\/v2\/product_cat?post=9817"},{"taxonomy":"product_tag","embeddable":true,"href":"https:\/\/yume-silm.com\/es\/wp-json\/wp\/v2\/product_tag?post=9817"}],"curies":[{"name":"wp","href":"https:\/\/api.w.org\/{rel}","templated":true}]}}