{"id":9878,"date":"2024-08-05T07:23:28","date_gmt":"2024-08-05T07:23:28","guid":{"rendered":"https:\/\/yume-silm.com\/?post_type=product&#038;p=9878"},"modified":"2024-08-28T08:29:35","modified_gmt":"2024-08-28T08:29:35","slug":"sujetador-de-yoga-deportivo-push-up-a-prueba-de-golpes-para-mujer","status":"publish","type":"product","link":"https:\/\/yume-silm.com\/es\/producto-2\/sujetador-de-yoga-deportivo-push-up-a-prueba-de-golpes-para-mujer\/","title":{"rendered":"Sujetador de yoga deportivo push up a prueba de golpes para mujer"},"content":{"rendered":"<h5>Caracteristicas de dise\u00f1o<\/h5>\n<ul>\n<li><strong>DISE\u00d1O UNICO:<\/strong> La parte posterior de este sujetador de yoga corto push up a prueba de golpes para mujer presenta un dise\u00f1o de viga trabajadora para reducir la presi\u00f3n en los hombros, y un dobladillo el\u00e1stico m\u00e1s ancho aumenta el soporte del pecho.<\/li>\n<li><strong>TEJIDO TRANSPIRABLE:<\/strong>Utilice un tejido suave y transpirable, muy el\u00e1stico, ligero y que se ajuste mejor al cuerpo, lo que ayuda a refrescar la piel.<\/li>\n<li><strong>DISE\u00d1O DE MALLA:<\/strong> El dise\u00f1o de malla en forma de rombo est\u00e1 colocado en la parte posterior, lo que le permite lograr una transpiraci\u00f3n efectiva durante el ejercicio o el ejercicio, manteniendo su cuerpo fresco y seco y haci\u00e9ndole sentir c\u00f3modo durante mucho tiempo.<\/li>\n<li><strong>OCASI\u00d3N:<\/strong>Ya sea que est\u00e9s corriendo, haciendo ejercicio, andando en bicicleta o haciendo otros ejercicios de alta intensidad, puedes usar esta ropa interior de yoga que absorbe el sudor y la humedad, manteni\u00e9ndote fresco durante todo el d\u00eda.<\/li>\n<\/ul>\n<p><img fetchpriority=\"high\" decoding=\"async\" class=\"alignnone size-medium wp-image-10760\" src=\"https:\/\/yume-silm.com\/wp-content\/uploads\/2024\/08\/yumesilm-womens-shockproof-push-up-crop-fitness-yoga-bra-01-300x300.jpg\" alt=\"Sujetador de yoga push up crop fitness a prueba de golpes para mujer\" width=\"300\" height=\"300\" title=\"\" srcset=\"https:\/\/yume-silm.com\/wp-content\/uploads\/2024\/08\/yumesilm-womens-shockproof-push-up-crop-fitness-yoga-bra-01-300x300.jpg 300w, https:\/\/yume-silm.com\/wp-content\/uploads\/2024\/08\/yumesilm-womens-shockproof-push-up-crop-fitness-yoga-bra-01-150x150.jpg 150w, https:\/\/yume-silm.com\/wp-content\/uploads\/2024\/08\/yumesilm-womens-shockproof-push-up-crop-fitness-yoga-bra-01-768x768.jpg 768w, https:\/\/yume-silm.com\/wp-content\/uploads\/2024\/08\/yumesilm-womens-shockproof-push-up-crop-fitness-yoga-bra-01-12x12.jpg 12w, https:\/\/yume-silm.com\/wp-content\/uploads\/2024\/08\/yumesilm-womens-shockproof-push-up-crop-fitness-yoga-bra-01-100x100.jpg 100w, https:\/\/yume-silm.com\/wp-content\/uploads\/2024\/08\/yumesilm-womens-shockproof-push-up-crop-fitness-yoga-bra-01.jpg 800w\" sizes=\"(max-width: 300px) 100vw, 300px\" \/><\/p>\n<p>&nbsp;<\/p>\n<h6><em>Ropa interior corriente de la yoga respirable de la parte posterior hermosa de las mujeres<\/em><\/h6>\n<ul>\n<li>Este sujetador de yoga para fitness push up a prueba de golpes para mujer, el\u00e1stico en cuatro direcciones, transpirable, de secado r\u00e1pido, con viga en I est\u00e1 dise\u00f1ado para aliviar la presi\u00f3n de los hombros, evitar la flacidez del pecho al correr y mejorar la postura de la espalda. La tela de doble capa es mejor para tu cuerpo.<\/li>\n<\/ul>","protected":false},"excerpt":{"rendered":"<p>Use este sujetador de yoga para fitness push up a prueba de golpes para mujer, una variedad de tama\u00f1os para elegir, el tejido transpirable de alta elasticidad le brinda la m\u00e1xima comodidad y protecci\u00f3n, lo que lo hace m\u00e1s seguro y audaz.<\/p>","protected":false},"featured_media":9882,"comment_status":"open","ping_status":"closed","template":"","meta":{"site-sidebar-layout":"default","site-content-layout":"","ast-site-content-layout":"default","site-content-style":"default","site-sidebar-style":"default","ast-global-header-display":"","ast-banner-title-visibility":"","ast-main-header-display":"","ast-hfb-above-header-display":"","ast-hfb-below-header-display":"","ast-hfb-mobile-header-display":"","site-post-title":"","ast-breadcrumbs-content":"","ast-featured-img":"","footer-sml-layout":"","ast-disable-related-posts":"","theme-transparent-header-meta":"default","adv-header-id-meta":"","stick-header-meta":"default","header-above-stick-meta":"","header-main-stick-meta":"","header-below-stick-meta":"","astra-migrate-meta-layouts":"set","ast-page-background-enabled":"default","ast-page-background-meta":{"desktop":{"background-color":"","background-image":"","background-repeat":"repeat","background-position":"center center","background-size":"auto","background-attachment":"scroll","background-type":"","background-media":"","overlay-type":"","overlay-color":"","overlay-opacity":"","overlay-gradient":""},"tablet":{"background-color":"","background-image":"","background-repeat":"repeat","background-position":"center center","background-size":"auto","background-attachment":"scroll","background-type":"","background-media":"","overlay-type":"","overlay-color":"","overlay-opacity":"","overlay-gradient":""},"mobile":{"background-color":"","background-image":"","background-repeat":"repeat","background-position":"center center","background-size":"auto","background-attachment":"scroll","background-type":"","background-media":"","overlay-type":"","overlay-color":"","overlay-opacity":"","overlay-gradient":""}},"ast-content-background-meta":{"desktop":{"background-color":"var(--ast-global-color-5)","background-image":"","background-repeat":"repeat","background-position":"center center","background-size":"auto","background-attachment":"scroll","background-type":"","background-media":"","overlay-type":"","overlay-color":"","overlay-opacity":"","overlay-gradient":""},"tablet":{"background-color":"var(--ast-global-color-5)","background-image":"","background-repeat":"repeat","background-position":"center center","background-size":"auto","background-attachment":"scroll","background-type":"","background-media":"","overlay-type":"","overlay-color":"","overlay-opacity":"","overlay-gradient":""},"mobile":{"background-color":"var(--ast-global-color-5)","background-image":"","background-repeat":"repeat","background-position":"center center","background-size":"auto","background-attachment":"scroll","background-type":"","background-media":"","overlay-type":"","overlay-color":"","overlay-opacity":"","overlay-gradient":""}}},"product_brand":[],"product_cat":[734,65,76,735],"product_tag":[789,788,492,787,791,413,782,602,790,786,719],"class_list":{"0":"post-9878","1":"product","2":"type-product","3":"status-publish","4":"has-post-thumbnail","6":"product_cat-yoga-suits","7":"product_cat-best-sellers","8":"product_cat-new-arrivels","9":"product_cat-yoga-tops","10":"product_tag-beautiful","11":"product_tag-bold","12":"product_tag-breathable","13":"product_tag-comfident","14":"product_tag-elastic","15":"product_tag-fitness","16":"product_tag-mesh","17":"product_tag-push-up","18":"product_tag-quick-drying","19":"product_tag-shockproof","20":"product_tag-unique-design","21":"pa_color-black","22":"pa_color-dark-blue","23":"pa_color-light-green","24":"pa_color-pink","25":"pa_color-plum-purple","26":"pa_size-2xl","27":"pa_size-3xl","28":"pa_size-l","29":"pa_size-m","30":"pa_size-s","31":"pa_size-xl","32":"desktop-align-center","33":"tablet-align-left","34":"mobile-align-left","35":"ast-product-gallery-layout-horizontal-slider","36":"ast-product-single-variable","37":"ast-product-tabs-layout-horizontal","38":"ast-qv-on-image","40":"first","41":"instock","42":"shipping-taxable","43":"purchasable","44":"product-type-variable"},"tiered_pricing_type":"fixed","tiered_pricing_fixed_rules":{"5":7.9,"50":6.7,"100":5.8},"tiered_pricing_product_settings":{"layout":"default","base_unit_name":{"singular":null,"plural":null},"default_variation":null},"tiered_pricing_minimum_quantity":null,"tiered_pricing_roles_data":[],"tiered_pricing_percentage_rules":[],"_links":{"self":[{"href":"https:\/\/yume-silm.com\/es\/wp-json\/wp\/v2\/product\/9878","targetHints":{"allow":["GET"]}}],"collection":[{"href":"https:\/\/yume-silm.com\/es\/wp-json\/wp\/v2\/product"}],"about":[{"href":"https:\/\/yume-silm.com\/es\/wp-json\/wp\/v2\/types\/product"}],"replies":[{"embeddable":true,"href":"https:\/\/yume-silm.com\/es\/wp-json\/wp\/v2\/comments?post=9878"}],"wp:featuredmedia":[{"embeddable":true,"href":"https:\/\/yume-silm.com\/es\/wp-json\/wp\/v2\/media\/9882"}],"wp:attachment":[{"href":"https:\/\/yume-silm.com\/es\/wp-json\/wp\/v2\/media?parent=9878"}],"wp:term":[{"taxonomy":"product_brand","embeddable":true,"href":"https:\/\/yume-silm.com\/es\/wp-json\/wp\/v2\/product_brand?post=9878"},{"taxonomy":"product_cat","embeddable":true,"href":"https:\/\/yume-silm.com\/es\/wp-json\/wp\/v2\/product_cat?post=9878"},{"taxonomy":"product_tag","embeddable":true,"href":"https:\/\/yume-silm.com\/es\/wp-json\/wp\/v2\/product_tag?post=9878"}],"curies":[{"name":"wp","href":"https:\/\/api.w.org\/{rel}","templated":true}]}}