{"id":9996,"date":"2024-08-06T03:16:01","date_gmt":"2024-08-06T03:16:01","guid":{"rendered":"https:\/\/yume-silm.com\/?post_type=product&#038;p=9996"},"modified":"2024-08-06T06:14:39","modified_gmt":"2024-08-06T06:14:39","slug":"leggings-de-yoga-con-cintura-ajustada-color-melocoton-sin-costuras-para-mujer","status":"publish","type":"product","link":"https:\/\/yume-silm.com\/es\/producto-2\/leggings-de-yoga-con-cintura-ajustada-color-melocoton-sin-costuras-para-mujer\/","title":{"rendered":"Leggings de yoga con cintura ajustada color melocot\u00f3n sin costuras para mujer"},"content":{"rendered":"<h5>Caracteristicas de dise\u00f1o<\/h5>\n<ul>\n<li><strong>DISE\u00d1O DE CINTURA ALTA:<\/strong> Estos leggings de yoga de cintura ajustada color melocot\u00f3n sin costuras para mujer tienen un tejido no transparente el\u00e1stico en 8 direcciones, absorbe el sudor y la cintura ancha proporciona un ajuste suave y seguro, mostrando las curvas de tu cuerpo de manera m\u00e1s perfecta.<\/li>\n<li><strong>DISE\u00d1O INCONS\u00daTIL:<\/strong>Dise\u00f1ados para lograr una comodidad \u00f3ptima y una mayor libertad de movimiento al reducir el n\u00famero de costuras, estos pantalones de yoga sin costuras est\u00e1n confeccionados con un tejido muy el\u00e1stico, suave y transpirable para adaptarse mejor a tu cuerpo, brind\u00e1ndote m\u00e1s confianza.<\/li>\n<li><strong>M\u00daLTIPLES COLORES:<\/strong> Nuestros pantalones de yoga de cintura ajustada tienen una variedad de colores para que elijas, que est\u00e1n muy de moda y de moda, lo que te permite tener tu propio estilo de vestir \u00fanico en cada temporada y aceptar un yo diferente.<\/li>\n<li><strong>OCASI\u00d3N:<\/strong> Estos leggings de yoga de cintura ajustada de color melocot\u00f3n sin costuras para mujer son adecuados para cualquier temporada y cualquier ocasi\u00f3n, no solo son adecuados para yoga, deportes, fitness, Pilates, correr, estos pantalones de yoga tambi\u00e9n se pueden usar como ropa casual o ir de compras, usted puede decidir su outfit de acuerdo a tu estilo de vida.<\/li>\n<\/ul>\n<p><a href=\"https:\/\/yume-silm.com\/wp-content\/uploads\/2024\/08\/Womens-Seamless-Peach-Tight-Waist-Yoga-Legging-blue.jpg\"><img fetchpriority=\"high\" decoding=\"async\" class=\"alignnone wp-image-9999 size-medium\" src=\"https:\/\/yume-silm.com\/wp-content\/uploads\/2024\/08\/Womens-Seamless-Peach-Tight-Waist-Yoga-Legging-blue-300x300.jpg\" alt=\"Leggings de yoga con cintura ajustada y sin costuras para mujer\" width=\"300\" height=\"300\" title=\"\" srcset=\"https:\/\/yume-silm.com\/wp-content\/uploads\/2024\/08\/Womens-Seamless-Peach-Tight-Waist-Yoga-Legging-blue-300x300.jpg 300w, https:\/\/yume-silm.com\/wp-content\/uploads\/2024\/08\/Womens-Seamless-Peach-Tight-Waist-Yoga-Legging-blue-150x150.jpg 150w, https:\/\/yume-silm.com\/wp-content\/uploads\/2024\/08\/Womens-Seamless-Peach-Tight-Waist-Yoga-Legging-blue-768x768.jpg 768w, https:\/\/yume-silm.com\/wp-content\/uploads\/2024\/08\/Womens-Seamless-Peach-Tight-Waist-Yoga-Legging-blue-12x12.jpg 12w, https:\/\/yume-silm.com\/wp-content\/uploads\/2024\/08\/Womens-Seamless-Peach-Tight-Waist-Yoga-Legging-blue-100x100.jpg 100w, https:\/\/yume-silm.com\/wp-content\/uploads\/2024\/08\/Womens-Seamless-Peach-Tight-Waist-Yoga-Legging-blue.jpg 800w\" sizes=\"(max-width: 300px) 100vw, 300px\" \/><\/a><\/p>\n<h6><em>Pantalones de yoga transpirables de cintura alta para mujer<\/em><\/h6>\n<ul>\n<li>Adopte tela transpirable y compresi\u00f3n de doble capa para ajustar la cintura y el abdomen. La tela transpirable y suave se adapta a tu cuerpo al m\u00e1ximo, brind\u00e1ndote una figura m\u00e1s delgada.<\/li>\n<\/ul>","protected":false},"excerpt":{"rendered":"<p>Use estos leggings de yoga de cintura ajustada color melocot\u00f3n sin costuras para mujer. Las m\u00faltiples opciones de color te permiten desafiarte a ti mismo con diferentes estilos. El dise\u00f1o de cintura alta tambi\u00e9n se adapta bien a las curvas de tu cuerpo. Te hace m\u00e1s seguro.<\/p>","protected":false},"featured_media":10001,"comment_status":"open","ping_status":"closed","template":"","meta":{"site-sidebar-layout":"default","site-content-layout":"","ast-site-content-layout":"default","site-content-style":"default","site-sidebar-style":"default","ast-global-header-display":"","ast-banner-title-visibility":"","ast-main-header-display":"","ast-hfb-above-header-display":"","ast-hfb-below-header-display":"","ast-hfb-mobile-header-display":"","site-post-title":"","ast-breadcrumbs-content":"","ast-featured-img":"","footer-sml-layout":"","ast-disable-related-posts":"","theme-transparent-header-meta":"default","adv-header-id-meta":"","stick-header-meta":"default","header-above-stick-meta":"","header-main-stick-meta":"","header-below-stick-meta":"","astra-migrate-meta-layouts":"set","ast-page-background-enabled":"default","ast-page-background-meta":{"desktop":{"background-color":"","background-image":"","background-repeat":"repeat","background-position":"center center","background-size":"auto","background-attachment":"scroll","background-type":"","background-media":"","overlay-type":"","overlay-color":"","overlay-opacity":"","overlay-gradient":""},"tablet":{"background-color":"","background-image":"","background-repeat":"repeat","background-position":"center center","background-size":"auto","background-attachment":"scroll","background-type":"","background-media":"","overlay-type":"","overlay-color":"","overlay-opacity":"","overlay-gradient":""},"mobile":{"background-color":"","background-image":"","background-repeat":"repeat","background-position":"center center","background-size":"auto","background-attachment":"scroll","background-type":"","background-media":"","overlay-type":"","overlay-color":"","overlay-opacity":"","overlay-gradient":""}},"ast-content-background-meta":{"desktop":{"background-color":"var(--ast-global-color-5)","background-image":"","background-repeat":"repeat","background-position":"center center","background-size":"auto","background-attachment":"scroll","background-type":"","background-media":"","overlay-type":"","overlay-color":"","overlay-opacity":"","overlay-gradient":""},"tablet":{"background-color":"var(--ast-global-color-5)","background-image":"","background-repeat":"repeat","background-position":"center center","background-size":"auto","background-attachment":"scroll","background-type":"","background-media":"","overlay-type":"","overlay-color":"","overlay-opacity":"","overlay-gradient":""},"mobile":{"background-color":"var(--ast-global-color-5)","background-image":"","background-repeat":"repeat","background-position":"center center","background-size":"auto","background-attachment":"scroll","background-type":"","background-media":"","overlay-type":"","overlay-color":"","overlay-opacity":"","overlay-gradient":""}}},"product_brand":[],"product_cat":[737,65,76,734],"product_tag":[492,777,701,139,805,804,803,491,806,779],"class_list":{"0":"post-9996","1":"product","2":"type-product","3":"status-publish","4":"has-post-thumbnail","6":"product_cat-yoga-leggings","7":"product_cat-best-sellers","8":"product_cat-new-arrivels","9":"product_cat-yoga-suits","10":"product_tag-breathable","11":"product_tag-confident","12":"product_tag-fashionable","13":"product_tag-high-waist","14":"product_tag-highly-elastic","15":"product_tag-multiple-colors","16":"product_tag-peach","17":"product_tag-seamless","18":"product_tag-sweat-wicking","19":"product_tag-yoga-leggings","20":"pa_color-black","21":"pa_color-blue","22":"pa_color-bluegrey","23":"pa_color-brown","24":"pa_color-green","25":"pa_color-khaki","26":"pa_color-pink","27":"pa_color-purple","28":"pa_size-l","29":"pa_size-m","30":"pa_size-s","31":"pa_size-xl","32":"desktop-align-center","33":"tablet-align-left","34":"mobile-align-left","35":"ast-product-gallery-layout-horizontal-slider","36":"ast-product-single-variable","37":"ast-product-tabs-layout-horizontal","38":"ast-qv-on-image","40":"first","41":"instock","42":"shipping-taxable","43":"purchasable","44":"product-type-variable"},"tiered_pricing_type":"fixed","tiered_pricing_fixed_rules":{"5":6.2,"50":5.6,"100":4.9},"tiered_pricing_product_settings":{"layout":"default","base_unit_name":{"singular":null,"plural":null},"default_variation":null},"tiered_pricing_minimum_quantity":null,"tiered_pricing_roles_data":[],"tiered_pricing_percentage_rules":[],"_links":{"self":[{"href":"https:\/\/yume-silm.com\/es\/wp-json\/wp\/v2\/product\/9996","targetHints":{"allow":["GET"]}}],"collection":[{"href":"https:\/\/yume-silm.com\/es\/wp-json\/wp\/v2\/product"}],"about":[{"href":"https:\/\/yume-silm.com\/es\/wp-json\/wp\/v2\/types\/product"}],"replies":[{"embeddable":true,"href":"https:\/\/yume-silm.com\/es\/wp-json\/wp\/v2\/comments?post=9996"}],"wp:featuredmedia":[{"embeddable":true,"href":"https:\/\/yume-silm.com\/es\/wp-json\/wp\/v2\/media\/10001"}],"wp:attachment":[{"href":"https:\/\/yume-silm.com\/es\/wp-json\/wp\/v2\/media?parent=9996"}],"wp:term":[{"taxonomy":"product_brand","embeddable":true,"href":"https:\/\/yume-silm.com\/es\/wp-json\/wp\/v2\/product_brand?post=9996"},{"taxonomy":"product_cat","embeddable":true,"href":"https:\/\/yume-silm.com\/es\/wp-json\/wp\/v2\/product_cat?post=9996"},{"taxonomy":"product_tag","embeddable":true,"href":"https:\/\/yume-silm.com\/es\/wp-json\/wp\/v2\/product_tag?post=9996"}],"curies":[{"name":"wp","href":"https:\/\/api.w.org\/{rel}","templated":true}]}}