{"id":1352,"date":"2023-04-13T23:44:48","date_gmt":"2023-04-13T23:44:48","guid":{"rendered":"https:\/\/yume-silm.com\/?page_id=1352"},"modified":"2023-11-06T02:46:36","modified_gmt":"2023-11-06T02:46:36","slug":"methodes-dexpedition","status":"publish","type":"page","link":"https:\/\/yume-silm.com\/fr\/methodes-dexpedition\/","title":{"rendered":"M\u00e9thodes d'exp\u00e9dition"},"content":{"rendered":"<div data-elementor-type=\"wp-page\" data-elementor-id=\"1352\" class=\"elementor elementor-1352\" data-elementor-post-type=\"page\">\n\t\t\t\t\t\t<section class=\"elementor-section elementor-top-section elementor-element elementor-element-41777c2 elementor-section-boxed elementor-section-height-default elementor-section-height-default\" data-id=\"41777c2\" data-element_type=\"section\">\n\t\t\t\t\t\t<div class=\"elementor-container elementor-column-gap-default\">\n\t\t\t\t\t<div class=\"elementor-column elementor-col-100 elementor-top-column elementor-element elementor-element-2837f24\" data-id=\"2837f24\" data-element_type=\"column\">\n\t\t\t<div class=\"elementor-widget-wrap elementor-element-populated\">\n\t\t\t\t\t\t<div class=\"elementor-element elementor-element-ec3f608 elementor-widget elementor-widget-text-editor\" data-id=\"ec3f608\" data-element_type=\"widget\" data-widget_type=\"text-editor.default\">\n\t\t\t\t<div class=\"elementor-widget-container\">\n\t\t\t\t\t\t\t\t\t<p>1. M\u00e9thodes d'exp\u00e9dition<\/p><p>Nous exp\u00e9dions par colis international\/EMS\/DHL\/UPS\/TNT\/FedEx, ou par voie maritime, si le volume de la commande est sup\u00e9rieur \u00e0 1 st\u00e8re, en fonction de la r\u00e9gion dans laquelle vous vivez.<\/p><p>2. Remise des frais de port<\/p><p>Si nous sommes le VIP de la soci\u00e9t\u00e9 de transport express la plus internationale, nous pouvons b\u00e9n\u00e9ficier d'un prix pr\u00e9f\u00e9rentiel pour l'exp\u00e9dition. Par exemple, si nous sommes le VIP de FEDEX, nous pouvons b\u00e9n\u00e9ficier d'une remise de 35% de FEDEX (FEDX IP 3 jours d'exp\u00e9dition, FedEx IE 5 jours d'exp\u00e9dition) ; si nous sommes \u00e9galement le VIP de DHL, nous pouvons b\u00e9n\u00e9ficier d'une remise de 35% de DHL (3-5 jours d'exp\u00e9dition).<\/p><p>3. Exp\u00e9dition et d\u00e9lais de livraison<\/p><p>Une fois que vous avez pass\u00e9 votre commande, nous la v\u00e9rifions d'abord, puis nous vous envoyons la facture dans les 24 heures. En tant qu'ancien grossiste, nous v\u00e9rifions votre commande en priorit\u00e9 et nous pr\u00e9parons les articles que nous avons en stock pour vous, puis nous vous envoyons la facture avec les frais de port exacts. Ainsi, apr\u00e8s avoir pay\u00e9, nous vous enverrons la marchandise dans un d\u00e9lai d'un jour ouvrable. En tant que nouveau grossiste, nous pouvons g\u00e9n\u00e9ralement vous envoyer votre colis dans les deux jours ouvrables.<\/p><p>En g\u00e9n\u00e9ral, il faut compter 3 \u00e0 4 jours ouvrables pour l'envoi dans le monde entier par UPS, et 3 \u00e0 5 jours ouvrables par TNT\/DHL, selon la r\u00e9gion o\u00f9 vous vivez. Il faut compter 3 \u00e0 5 jours ouvrables par FedEx IP, 5 \u00e0 7 jours par FedEx IE, selon la r\u00e9gion o\u00f9 vous vivez.<\/p><p>Un colis peut \u00eatre retard\u00e9 en raison d'une p\u00e9nurie de marchandises. Il faut g\u00e9n\u00e9ralement 3 \u00e0 15 jours pour reconstituer le stock. Nous vous enverrons un courrier \u00e9lectronique lorsque l'article sera en rupture de stock, et aucune op\u00e9ration ne sera effectu\u00e9e tant que vous n'aurez pas r\u00e9pondu. Nous pouvons vous proposer un service d'\u00e9change ou d'annulation selon votre volont\u00e9.<\/p><p>4. Calcul de l'affranchissement<\/p><p>Les frais de port sont calcul\u00e9s en fonction du poids. Achetez plus et \u00e9conomisez plus ! Par exemple, les frais de FedEx express sont presque les m\u00eames pour 1 ou 5 articles avec le colis. Plus le colis est lourd, moins les frais de port par KG sont \u00e9lev\u00e9s.<\/p><p>5. Les frais d'exp\u00e9dition<\/p><p>Les frais d'exp\u00e9dition d\u00e9pendent du poids, du mode de livraison (DHL, TNT, UPS, FedEx ou transit maritime) et du pays de destination. Il est donc difficile pour nous de d\u00e9clarer des frais d'exp\u00e9dition exacts avant que vous ne passiez commande (le poids d'un bikini une pi\u00e8ce est d'environ 0,05 kg, mais le cuir est d'environ 0,3 kg\/pi\u00e8ce). Vous pouvez \u00e9galement choisir la soci\u00e9t\u00e9 de transport que vous souhaitez et nous v\u00e9rifierons tous les envois express et vous proposerons le moyen le plus appropri\u00e9 pour vous. Si vous n'\u00eates pas satisfait de nos frais d'exp\u00e9dition, n'h\u00e9sitez pas \u00e0 nous contacter via le bouton \"live chat\" ou \u00e0 nous envoyer un email \u00e0 : info@yume-silm.com.<\/p><p>Nous vous remercions de votre compr\u00e9hension.<\/p>\t\t\t\t\t\t\t\t<\/div>\n\t\t\t\t<\/div>\n\t\t\t\t\t<\/div>\n\t\t<\/div>\n\t\t\t\t\t<\/div>\n\t\t<\/section>\n\t\t\t\t<\/div>","protected":false},"excerpt":{"rendered":"<p>1. [&hellip;]<\/p>","protected":false},"author":1,"featured_media":0,"parent":0,"menu_order":0,"comment_status":"closed","ping_status":"closed","template":"","meta":{"site-sidebar-layout":"default","site-content-layout":"","ast-site-content-layout":"default","site-content-style":"default","site-sidebar-style":"default","ast-global-header-display":"","ast-banner-title-visibility":"","ast-main-header-display":"","ast-hfb-above-header-display":"","ast-hfb-below-header-display":"","ast-hfb-mobile-header-display":"","site-post-title":"","ast-breadcrumbs-content":"","ast-featured-img":"","footer-sml-layout":"","ast-disable-related-posts":"","theme-transparent-header-meta":"","adv-header-id-meta":"","stick-header-meta":"","header-above-stick-meta":"","header-main-stick-meta":"","header-below-stick-meta":"","astra-migrate-meta-layouts":"default","ast-page-background-enabled":"default","ast-page-background-meta":{"desktop":{"background-color":"","background-image":"","background-repeat":"repeat","background-position":"center center","background-size":"auto","background-attachment":"scroll","background-type":"","background-media":"","overlay-type":"","overlay-color":"","overlay-opacity":"","overlay-gradient":""},"tablet":{"background-color":"","background-image":"","background-repeat":"repeat","background-position":"center center","background-size":"auto","background-attachment":"scroll","background-type":"","background-media":"","overlay-type":"","overlay-color":"","overlay-opacity":"","overlay-gradient":""},"mobile":{"background-color":"","background-image":"","background-repeat":"repeat","background-position":"center center","background-size":"auto","background-attachment":"scroll","background-type":"","background-media":"","overlay-type":"","overlay-color":"","overlay-opacity":"","overlay-gradient":""}},"ast-content-background-meta":{"desktop":{"background-color":"var(--ast-global-color-5)","background-image":"","background-repeat":"repeat","background-position":"center center","background-size":"auto","background-attachment":"scroll","background-type":"","background-media":"","overlay-type":"","overlay-color":"","overlay-opacity":"","overlay-gradient":""},"tablet":{"background-color":"var(--ast-global-color-5)","background-image":"","background-repeat":"repeat","background-position":"center center","background-size":"auto","background-attachment":"scroll","background-type":"","background-media":"","overlay-type":"","overlay-color":"","overlay-opacity":"","overlay-gradient":""},"mobile":{"background-color":"var(--ast-global-color-5)","background-image":"","background-repeat":"repeat","background-position":"center center","background-size":"auto","background-attachment":"scroll","background-type":"","background-media":"","overlay-type":"","overlay-color":"","overlay-opacity":"","overlay-gradient":""}},"footnotes":""},"class_list":["post-1352","page","type-page","status-publish","hentry"],"_links":{"self":[{"href":"https:\/\/yume-silm.com\/fr\/wp-json\/wp\/v2\/pages\/1352","targetHints":{"allow":["GET"]}}],"collection":[{"href":"https:\/\/yume-silm.com\/fr\/wp-json\/wp\/v2\/pages"}],"about":[{"href":"https:\/\/yume-silm.com\/fr\/wp-json\/wp\/v2\/types\/page"}],"author":[{"embeddable":true,"href":"https:\/\/yume-silm.com\/fr\/wp-json\/wp\/v2\/users\/1"}],"replies":[{"embeddable":true,"href":"https:\/\/yume-silm.com\/fr\/wp-json\/wp\/v2\/comments?post=1352"}],"version-history":[{"count":0,"href":"https:\/\/yume-silm.com\/fr\/wp-json\/wp\/v2\/pages\/1352\/revisions"}],"wp:attachment":[{"href":"https:\/\/yume-silm.com\/fr\/wp-json\/wp\/v2\/media?parent=1352"}],"curies":[{"name":"wp","href":"https:\/\/api.w.org\/{rel}","templated":true}]}}