{"id":1699,"date":"2023-04-19T07:09:20","date_gmt":"2023-04-19T07:09:20","guid":{"rendered":"https:\/\/yume-silm.com\/?page_id=1699"},"modified":"2023-04-19T07:11:00","modified_gmt":"2023-04-19T07:11:00","slug":"politique-de-confidentialite","status":"publish","type":"page","link":"https:\/\/yume-silm.com\/fr\/politique-de-confidentialite\/","title":{"rendered":"Politique de confidentialit\u00e9"},"content":{"rendered":"<p>Nous recueillons des informations sur vous lors du processus de paiement sur notre boutique.<\/p>\n\n\n\n<h2 class=\"wp-block-heading\">Ce que nous collectons et conservons<\/h2>\n\n\n\n<p>Pendant que vous visitez notre site, nous suivons :<\/p>\n\n\n\n<ul class=\"wp-block-list\">\n<li>Produits que vous avez consult\u00e9s : nous utilisons cette information pour, par exemple, vous montrer les produits que vous avez r\u00e9cemment consult\u00e9s.<\/li>\n\n\n\n<li>Localisation, adresse IP et type de navigateur : nous utilisons ces informations pour estimer les taxes et les frais d'exp\u00e9dition, par exemple.<\/li>\n\n\n\n<li>Adresse de livraison : nous vous demanderons de saisir cette adresse afin que nous puissions, par exemple, estimer les frais de livraison avant que vous ne passiez commande, et vous envoyer la commande !<\/li>\n<\/ul>\n\n\n\n<p>Nous utiliserons \u00e9galement des cookies pour suivre le contenu des paniers lorsque vous naviguez sur notre site.<\/p>\n\n\n\n<p>Lorsque vous effectuez un achat chez nous, nous vous demandons de fournir des informations telles que votre nom, votre adresse de facturation, votre adresse de livraison, votre adresse \u00e9lectronique, votre num\u00e9ro de t\u00e9l\u00e9phone, les d\u00e9tails de votre carte de cr\u00e9dit\/paiement et des informations facultatives sur votre compte, telles que votre nom d'utilisateur et votre mot de passe. Nous utiliserons ces informations \u00e0 des fins telles que :<\/p>\n\n\n\n<ul class=\"wp-block-list\">\n<li>vous envoyer des informations sur votre compte et votre commande<\/li>\n\n\n\n<li>r\u00e9pondre \u00e0 vos demandes, y compris les remboursements et les r\u00e9clamations<\/li>\n\n\n\n<li>Traiter les paiements et pr\u00e9venir la fraude<\/li>\n\n\n\n<li>Cr\u00e9ez votre compte pour notre magasin<\/li>\n\n\n\n<li>Respecter les obligations l\u00e9gales qui nous incombent, telles que le calcul des imp\u00f4ts.<\/li>\n\n\n\n<li>Am\u00e9liorer l'offre de nos magasins<\/li>\n\n\n\n<li>vous envoyer des messages marketing, si vous choisissez de les recevoir<\/li>\n<\/ul>\n\n\n\n<p>Si vous cr\u00e9ez un compte, nous conserverons votre nom, votre adresse, votre adresse \u00e9lectronique et votre num\u00e9ro de t\u00e9l\u00e9phone, qui seront utilis\u00e9s pour remplir le formulaire de commande lors de commandes ult\u00e9rieures.<\/p>\n\n\n\n<p>En r\u00e8gle g\u00e9n\u00e9rale, nous conservons les informations vous concernant aussi longtemps que nous en avons besoin aux fins pour lesquelles nous les collectons et les utilisons, et nous ne sommes pas l\u00e9galement tenus de continuer \u00e0 les conserver. Par exemple, nous conservons les informations relatives aux commandes pendant XXX ans \u00e0 des fins fiscales et comptables. Il s'agit de votre nom, de votre adresse \u00e9lectronique et de vos adresses de facturation et de livraison.<\/p>\n\n\n\n<p>Nous conservons \u00e9galement les commentaires ou les \u00e9valuations, si vous d\u00e9cidez de les laisser.<\/p>\n\n\n\n<h2 class=\"wp-block-heading\">Qui, dans notre \u00e9quipe, a acc\u00e8s<\/h2>\n\n\n\n<p>Les membres de notre \u00e9quipe ont acc\u00e8s aux informations que vous nous fournissez. Par exemple, les administrateurs et les responsables de magasin peuvent y acc\u00e9der :<\/p>\n\n\n\n<ul class=\"wp-block-list\">\n<li>les informations relatives aux commandes, telles que les produits achet\u00e9s, la date d'achat et le lieu d'exp\u00e9dition, et<\/li>\n\n\n\n<li>Des informations sur les clients, telles que votre nom, votre adresse \u00e9lectronique et les informations relatives \u00e0 la facturation et \u00e0 l'exp\u00e9dition.<\/li>\n<\/ul>\n\n\n\n<p>Les membres de notre \u00e9quipe ont acc\u00e8s \u00e0 ces informations afin d'ex\u00e9cuter les commandes, de proc\u00e9der aux remboursements et de vous aider.<\/p>\n\n\n\n<h2 class=\"wp-block-heading\">Ce que nous partageons avec les autres<\/h2>\n\n\n\n<p>Nous partageons des informations avec des tiers qui nous aident \u00e0 fournir nos commandes et les services de notre magasin ; par exemple : - les services d'information et de communication de l'entreprise<\/p>\n\n\n\n<h3 class=\"wp-block-heading\">Paiements<\/h3>\n\n\n\n<p>Nous acceptons les paiements par l'interm\u00e9diaire de PayPal. Lors du traitement des paiements, certaines de vos donn\u00e9es seront transmises \u00e0 PayPal, y compris les informations n\u00e9cessaires au traitement ou \u00e0 la prise en charge du paiement, telles que le montant total de l'achat et les informations de facturation.<\/p>\n\n\n\n<p>Veuillez consulter le&nbsp;<a href=\"https:\/\/www.paypal.com\/us\/webapps\/mpp\/ua\/privacy-full\" rel=\"nofollow noopener\" target=\"_blank\">Politique de confidentialit\u00e9 de PayPal<\/a>&nbsp;pour plus de d\u00e9tails.<\/p>","protected":false},"excerpt":{"rendered":"<p>We [&hellip;]<\/p>","protected":false},"author":1,"featured_media":0,"parent":0,"menu_order":0,"comment_status":"closed","ping_status":"closed","template":"","meta":{"site-sidebar-layout":"default","site-content-layout":"","ast-site-content-layout":"default","site-content-style":"default","site-sidebar-style":"default","ast-global-header-display":"","ast-banner-title-visibility":"","ast-main-header-display":"","ast-hfb-above-header-display":"","ast-hfb-below-header-display":"","ast-hfb-mobile-header-display":"","site-post-title":"","ast-breadcrumbs-content":"","ast-featured-img":"","footer-sml-layout":"","ast-disable-related-posts":"","theme-transparent-header-meta":"","adv-header-id-meta":"","stick-header-meta":"","header-above-stick-meta":"","header-main-stick-meta":"","header-below-stick-meta":"","astra-migrate-meta-layouts":"default","ast-page-background-enabled":"default","ast-page-background-meta":{"desktop":{"background-color":"","background-image":"","background-repeat":"repeat","background-position":"center center","background-size":"auto","background-attachment":"scroll","background-type":"","background-media":"","overlay-type":"","overlay-color":"","overlay-opacity":"","overlay-gradient":""},"tablet":{"background-color":"","background-image":"","background-repeat":"repeat","background-position":"center center","background-size":"auto","background-attachment":"scroll","background-type":"","background-media":"","overlay-type":"","overlay-color":"","overlay-opacity":"","overlay-gradient":""},"mobile":{"background-color":"","background-image":"","background-repeat":"repeat","background-position":"center center","background-size":"auto","background-attachment":"scroll","background-type":"","background-media":"","overlay-type":"","overlay-color":"","overlay-opacity":"","overlay-gradient":""}},"ast-content-background-meta":{"desktop":{"background-color":"var(--ast-global-color-5)","background-image":"","background-repeat":"repeat","background-position":"center center","background-size":"auto","background-attachment":"scroll","background-type":"","background-media":"","overlay-type":"","overlay-color":"","overlay-opacity":"","overlay-gradient":""},"tablet":{"background-color":"var(--ast-global-color-5)","background-image":"","background-repeat":"repeat","background-position":"center center","background-size":"auto","background-attachment":"scroll","background-type":"","background-media":"","overlay-type":"","overlay-color":"","overlay-opacity":"","overlay-gradient":""},"mobile":{"background-color":"var(--ast-global-color-5)","background-image":"","background-repeat":"repeat","background-position":"center center","background-size":"auto","background-attachment":"scroll","background-type":"","background-media":"","overlay-type":"","overlay-color":"","overlay-opacity":"","overlay-gradient":""}},"footnotes":""},"class_list":["post-1699","page","type-page","status-publish","hentry"],"_links":{"self":[{"href":"https:\/\/yume-silm.com\/fr\/wp-json\/wp\/v2\/pages\/1699","targetHints":{"allow":["GET"]}}],"collection":[{"href":"https:\/\/yume-silm.com\/fr\/wp-json\/wp\/v2\/pages"}],"about":[{"href":"https:\/\/yume-silm.com\/fr\/wp-json\/wp\/v2\/types\/page"}],"author":[{"embeddable":true,"href":"https:\/\/yume-silm.com\/fr\/wp-json\/wp\/v2\/users\/1"}],"replies":[{"embeddable":true,"href":"https:\/\/yume-silm.com\/fr\/wp-json\/wp\/v2\/comments?post=1699"}],"version-history":[{"count":0,"href":"https:\/\/yume-silm.com\/fr\/wp-json\/wp\/v2\/pages\/1699\/revisions"}],"wp:attachment":[{"href":"https:\/\/yume-silm.com\/fr\/wp-json\/wp\/v2\/media?parent=1699"}],"curies":[{"name":"wp","href":"https:\/\/api.w.org\/{rel}","templated":true}]}}