{"id":10046,"date":"2024-08-06T05:49:48","date_gmt":"2024-08-06T05:49:48","guid":{"rendered":"https:\/\/yume-silm.com\/?post_type=product&#038;p=10046"},"modified":"2025-05-26T00:52:20","modified_gmt":"2025-05-26T00:52:20","slug":"yoga-sans-couture-pour-femmes-pure-et-epaisse-levage-des-hanches","status":"publish","type":"product","link":"https:\/\/yume-silm.com\/fr\/produit\/yoga-sans-couture-pour-femmes-pure-et-epaisse-levage-des-hanches\/","title":{"rendered":"Leggings de yoga sans couture purs et \u00e9pais pour femmes"},"content":{"rendered":"<h5>Caract\u00e9ristiques de conception<\/h5>\n<ul>\n<li><strong>CONCEPTION DE LEVAGE DES HANCHES\u00a0:<\/strong> Ce pantalon de yoga sans couture pour femmes, \u00e9pais et pur, pr\u00e9sente une taille haute et une large ceinture pour contr\u00f4ler votre ventre, offrir un ajustement doux et s\u00fbr et flatter votre silhouette. Ils pr\u00e9sentent un design \u00e9pur\u00e9, combin\u00e9 \u00e0 un s\u00e9chage rapide, une \u00e9vacuation de l&#039;humidit\u00e9 et une super \u00e9lasticit\u00e9, extr\u00eamement confortables et doux, \u00e9pousant les courbes de votre corps.<\/li>\n<li><strong>CONCEPTION TAILLE HAUTE\u00a0:<\/strong> Pantalon de yoga taille haute modelant le corps et contr\u00f4lant le ventre, large ceinture c\u00f4tel\u00e9e de soutien qui ne glissera pas, la conception taille haute contr\u00f4le le levage de votre ventre et de vos hanches, antid\u00e9rapant, vous permettant de bouger plus librement.<\/li>\n<li><strong>MINCEUR ET CORPORELAGE :<\/strong> Les leggings de yoga purs et \u00e9pais peuvent resserrer efficacement vos jambes, lisser votre ventre et vous faire para\u00eetre plus mince. Les coutures ultra plates assurent un ajustement confortable et sans stress.<\/li>\n<li><strong>OCCASION:<\/strong> Ces pantalons de yoga sans couture pour femmes peuvent \u00eatre port\u00e9s de n&#039;importe quelle mani\u00e8re, con\u00e7us pour am\u00e9liorer l&#039;exp\u00e9rience de yoga et de remise en forme des femmes. Parfait pour le yoga, le jogging, la course, la gym et tout type de sport, ou tout simplement une tenue d\u00e9contract\u00e9e ou un pantalon de pyjama, peut vous rendre plus \u00e9blouissant.<\/li>\n<\/ul>\n<p><a href=\"https:\/\/yume-silm.com\/wp-content\/uploads\/2024\/08\/Womens-Pure-Thick-Hip-Lifting-Seamless-Yoga-Leggings-coffee.jpg\"><img fetchpriority=\"high\" decoding=\"async\" class=\"alignnone wp-image-10089 size-medium\" src=\"https:\/\/yume-silm.com\/wp-content\/uploads\/2024\/08\/Womens-Pure-Thick-Hip-Lifting-Seamless-Yoga-Leggings-coffee-300x300.jpg\" alt=\"leggings de yoga \u00e9pais et sans coutures pour femmes\" width=\"300\" height=\"300\" title=\"\" srcset=\"https:\/\/yume-silm.com\/wp-content\/uploads\/2024\/08\/Womens-Pure-Thick-Hip-Lifting-Seamless-Yoga-Leggings-coffee-300x300.jpg 300w, https:\/\/yume-silm.com\/wp-content\/uploads\/2024\/08\/Womens-Pure-Thick-Hip-Lifting-Seamless-Yoga-Leggings-coffee-150x150.jpg 150w, https:\/\/yume-silm.com\/wp-content\/uploads\/2024\/08\/Womens-Pure-Thick-Hip-Lifting-Seamless-Yoga-Leggings-coffee-12x12.jpg 12w, https:\/\/yume-silm.com\/wp-content\/uploads\/2024\/08\/Womens-Pure-Thick-Hip-Lifting-Seamless-Yoga-Leggings-coffee-100x100.jpg 100w, https:\/\/yume-silm.com\/wp-content\/uploads\/2024\/08\/Womens-Pure-Thick-Hip-Lifting-Seamless-Yoga-Leggings-coffee.jpg 600w\" sizes=\"(max-width: 300px) 100vw, 300px\" \/><\/a><a href=\"https:\/\/yume-silm.com\/wp-content\/uploads\/2024\/08\/Womens-Pure-Thick-Hip-Lifting-Seamless-Yoga-Leggings-army-green.jpg\"><img decoding=\"async\" class=\"alignnone wp-image-10086 size-medium\" src=\"https:\/\/yume-silm.com\/wp-content\/uploads\/2024\/08\/Womens-Pure-Thick-Hip-Lifting-Seamless-Yoga-Leggings-army-green-300x300.jpg\" alt=\"leggings de yoga \u00e9pais et sans coutures pour femmes\" width=\"300\" height=\"300\" title=\"\" srcset=\"https:\/\/yume-silm.com\/wp-content\/uploads\/2024\/08\/Womens-Pure-Thick-Hip-Lifting-Seamless-Yoga-Leggings-army-green-300x300.jpg 300w, https:\/\/yume-silm.com\/wp-content\/uploads\/2024\/08\/Womens-Pure-Thick-Hip-Lifting-Seamless-Yoga-Leggings-army-green-150x150.jpg 150w, https:\/\/yume-silm.com\/wp-content\/uploads\/2024\/08\/Womens-Pure-Thick-Hip-Lifting-Seamless-Yoga-Leggings-army-green-12x12.jpg 12w, https:\/\/yume-silm.com\/wp-content\/uploads\/2024\/08\/Womens-Pure-Thick-Hip-Lifting-Seamless-Yoga-Leggings-army-green-100x100.jpg 100w, https:\/\/yume-silm.com\/wp-content\/uploads\/2024\/08\/Womens-Pure-Thick-Hip-Lifting-Seamless-Yoga-Leggings-army-green.jpg 600w\" sizes=\"(max-width: 300px) 100vw, 300px\" \/><\/a><\/p>\n<h6><em>Pantalon de yoga taille haute \u00e9lastique pour femme<\/em><\/h6>\n<ul>\n<li>Ce pantalon de yoga taille haute \u00e9lastique pour femme a une large ceinture pour mieux contr\u00f4ler l&#039;abdomen. La haute \u00e9lasticit\u00e9 vous permet de continuer \u00e0 faire de l&#039;exercice sans vous soucier de votre apparence et s&#039;adapte parfaitement aux courbes du corps.<\/li>\n<\/ul>","protected":false},"excerpt":{"rendered":"<p>Ces leggings de yoga sans couture pour femmes, \u00e9pais et \u00e9pais, taille haute, sont faits de tissu doux et respirant, \u00e0 s\u00e9chage rapide, \u00e9vacuant l&#039;humidit\u00e9, super \u00e9lastiques, s&#039;adaptent mieux \u00e0 la courbe du corps et montrent la silhouette parfaite.<\/p>","protected":false},"featured_media":10048,"comment_status":"open","ping_status":"closed","template":"","meta":{"site-sidebar-layout":"default","site-content-layout":"","ast-site-content-layout":"default","site-content-style":"default","site-sidebar-style":"default","ast-global-header-display":"","ast-banner-title-visibility":"","ast-main-header-display":"","ast-hfb-above-header-display":"","ast-hfb-below-header-display":"","ast-hfb-mobile-header-display":"","site-post-title":"","ast-breadcrumbs-content":"","ast-featured-img":"","footer-sml-layout":"","ast-disable-related-posts":"","theme-transparent-header-meta":"default","adv-header-id-meta":"","stick-header-meta":"default","header-above-stick-meta":"","header-main-stick-meta":"","header-below-stick-meta":"","astra-migrate-meta-layouts":"set","ast-page-background-enabled":"default","ast-page-background-meta":{"desktop":{"background-color":"","background-image":"","background-repeat":"repeat","background-position":"center center","background-size":"auto","background-attachment":"scroll","background-type":"","background-media":"","overlay-type":"","overlay-color":"","overlay-opacity":"","overlay-gradient":""},"tablet":{"background-color":"","background-image":"","background-repeat":"repeat","background-position":"center center","background-size":"auto","background-attachment":"scroll","background-type":"","background-media":"","overlay-type":"","overlay-color":"","overlay-opacity":"","overlay-gradient":""},"mobile":{"background-color":"","background-image":"","background-repeat":"repeat","background-position":"center center","background-size":"auto","background-attachment":"scroll","background-type":"","background-media":"","overlay-type":"","overlay-color":"","overlay-opacity":"","overlay-gradient":""}},"ast-content-background-meta":{"desktop":{"background-color":"var(--ast-global-color-5)","background-image":"","background-repeat":"repeat","background-position":"center center","background-size":"auto","background-attachment":"scroll","background-type":"","background-media":"","overlay-type":"","overlay-color":"","overlay-opacity":"","overlay-gradient":""},"tablet":{"background-color":"var(--ast-global-color-5)","background-image":"","background-repeat":"repeat","background-position":"center center","background-size":"auto","background-attachment":"scroll","background-type":"","background-media":"","overlay-type":"","overlay-color":"","overlay-opacity":"","overlay-gradient":""},"mobile":{"background-color":"var(--ast-global-color-5)","background-image":"","background-repeat":"repeat","background-position":"center center","background-size":"auto","background-attachment":"scroll","background-type":"","background-media":"","overlay-type":"","overlay-color":"","overlay-opacity":"","overlay-gradient":""}}},"product_brand":[],"product_cat":[734,65,76,737],"product_tag":[494,646,791,139,811,809,790,491,808,687,812,810,500,779],"class_list":{"0":"post-10046","1":"product","2":"type-product","3":"status-publish","4":"has-post-thumbnail","6":"product_cat-yoga-suits","7":"product_cat-best-sellers","8":"product_cat-new-arrivels","9":"product_cat-yoga-leggings","10":"product_tag-body-shaper","11":"product_tag-comfortable","12":"product_tag-elastic","13":"product_tag-high-waist","14":"product_tag-hip-lifting","15":"product_tag-pure","16":"product_tag-quick-drying","17":"product_tag-seamless","18":"product_tag-sliming","19":"product_tag-soft","20":"product_tag-streamlined","21":"product_tag-thick","22":"product_tag-tummy-control","23":"product_tag-yoga-leggings","24":"pa_color-armygreen","25":"pa_color-black","26":"pa_color-brown","27":"pa_color-coffee","28":"pa_color-dark-blue","29":"pa_color-dark-grey","30":"pa_color-light-brown","31":"pa_color-light-grey","32":"pa_size-l","33":"pa_size-m","34":"pa_size-s","35":"pa_size-xl","36":"desktop-align-center","37":"tablet-align-left","38":"mobile-align-left","39":"ast-product-gallery-layout-horizontal-slider","40":"ast-product-single-variable","41":"ast-product-tabs-layout-horizontal","42":"ast-qv-on-image","44":"first","45":"instock","46":"shipping-taxable","47":"purchasable","48":"product-type-variable"},"tiered_pricing_type":"fixed","tiered_pricing_fixed_rules":{"5":4.55,"50":4.2,"100":3.85},"tiered_pricing_product_settings":{"layout":"default","base_unit_name":{"singular":null,"plural":null},"default_variation":null},"tiered_pricing_minimum_quantity":null,"tiered_pricing_roles_data":[],"tiered_pricing_percentage_rules":[],"_links":{"self":[{"href":"https:\/\/yume-silm.com\/fr\/wp-json\/wp\/v2\/product\/10046","targetHints":{"allow":["GET"]}}],"collection":[{"href":"https:\/\/yume-silm.com\/fr\/wp-json\/wp\/v2\/product"}],"about":[{"href":"https:\/\/yume-silm.com\/fr\/wp-json\/wp\/v2\/types\/product"}],"replies":[{"embeddable":true,"href":"https:\/\/yume-silm.com\/fr\/wp-json\/wp\/v2\/comments?post=10046"}],"wp:featuredmedia":[{"embeddable":true,"href":"https:\/\/yume-silm.com\/fr\/wp-json\/wp\/v2\/media\/10048"}],"wp:attachment":[{"href":"https:\/\/yume-silm.com\/fr\/wp-json\/wp\/v2\/media?parent=10046"}],"wp:term":[{"taxonomy":"product_brand","embeddable":true,"href":"https:\/\/yume-silm.com\/fr\/wp-json\/wp\/v2\/product_brand?post=10046"},{"taxonomy":"product_cat","embeddable":true,"href":"https:\/\/yume-silm.com\/fr\/wp-json\/wp\/v2\/product_cat?post=10046"},{"taxonomy":"product_tag","embeddable":true,"href":"https:\/\/yume-silm.com\/fr\/wp-json\/wp\/v2\/product_tag?post=10046"}],"curies":[{"name":"wp","href":"https:\/\/api.w.org\/{rel}","templated":true}]}}