{"id":10137,"date":"2024-08-07T08:10:32","date_gmt":"2024-08-07T08:10:32","guid":{"rendered":"https:\/\/yume-silm.com\/?post_type=product&#038;p=10137"},"modified":"2025-04-09T00:44:34","modified_gmt":"2025-04-09T00:44:34","slug":"pantalon-de-yoga-serre-et-sans-couture-pour-femme","status":"publish","type":"product","link":"https:\/\/yume-silm.com\/fr\/produit\/pantalon-de-yoga-serre-et-sans-couture-pour-femme\/","title":{"rendered":"Pantalon de yoga moulant sans couture pour femme"},"content":{"rendered":"<h5>Caract\u00e9ristiques de conception<\/h5>\n<ul>\n<li><strong>HAUTE EXTENSION\u00a0:<\/strong>Ce pantalon de yoga moulant sans couture pour femme est extensible dans les quatre sens et non transparent, fabriqu\u00e9 dans un tissu doux et respirant avec une forte r\u00e9silience, con\u00e7u pour vous offrir un meilleur confort lors des mouvements importants.<\/li>\n<li><strong>ENTREJAMBE SP\u00c9CIALE\u00a0:<\/strong> Ce pantalon de yoga moulant sans couture pour femme adopte une conception sp\u00e9ciale \u00e0 l&#039;entrejambe, qui vous permet de minimiser les frottements et de maximiser le confort lorsque vous vous accroupissez, vous penchez et vous tordez librement.<\/li>\n<li><strong>CONCEPTION DE LEVAGE DES HANCHES\u00a0:<\/strong> Le pantalon de yoga moulant sans couture avec taille haute et large ceinture offre un ajustement doux et s\u00fbr, montrant parfaitement votre silhouette. Ils simplifient vos hanches, combin\u00e9s \u00e0 un s\u00e9chage rapide, \u00e9vacuant l&#039;humidit\u00e9, une super \u00e9lasticit\u00e9, tr\u00e8s confortables et doux, s&#039;adaptent \u00e0 la courbe de votre corps.<\/li>\n<li><strong>OCCASION:<\/strong>Le short de yoga a un design simple et tendance et peut \u00eatre utilis\u00e9 dans diverses occasions, telles que la salle de sport, la course, le yoga et m\u00eame au quotidien, pour fa\u00e7onner la courbe corporelle parfaite pour vous.<\/li>\n<\/ul>\n<p><a href=\"https:\/\/yume-silm.com\/wp-content\/uploads\/2024\/08\/Womens-Nude-Tight-Seamless-Yoga-Pants-2.jpg\"><img fetchpriority=\"high\" decoding=\"async\" class=\"alignnone wp-image-10139 size-medium\" src=\"https:\/\/yume-silm.com\/wp-content\/uploads\/2024\/08\/Womens-Nude-Tight-Seamless-Yoga-Pants-2-300x300.jpg\" alt=\"women&#039;s nude tight seamless yoga pants\" width=\"300\" height=\"300\" title=\"\" srcset=\"https:\/\/yume-silm.com\/wp-content\/uploads\/2024\/08\/Womens-Nude-Tight-Seamless-Yoga-Pants-2-300x300.jpg 300w, https:\/\/yume-silm.com\/wp-content\/uploads\/2024\/08\/Womens-Nude-Tight-Seamless-Yoga-Pants-2-150x150.jpg 150w, https:\/\/yume-silm.com\/wp-content\/uploads\/2024\/08\/Womens-Nude-Tight-Seamless-Yoga-Pants-2-768x768.jpg 768w, https:\/\/yume-silm.com\/wp-content\/uploads\/2024\/08\/Womens-Nude-Tight-Seamless-Yoga-Pants-2-12x12.jpg 12w, https:\/\/yume-silm.com\/wp-content\/uploads\/2024\/08\/Womens-Nude-Tight-Seamless-Yoga-Pants-2-100x100.jpg 100w, https:\/\/yume-silm.com\/wp-content\/uploads\/2024\/08\/Womens-Nude-Tight-Seamless-Yoga-Pants-2.jpg 800w\" sizes=\"(max-width: 300px) 100vw, 300px\" \/><\/a><a href=\"https:\/\/yume-silm.com\/wp-content\/uploads\/2024\/08\/Womens-Nude-Tight-Seamless-Yoga-Pants-1.jpg\"><img decoding=\"async\" class=\"alignnone wp-image-10138 size-medium\" src=\"https:\/\/yume-silm.com\/wp-content\/uploads\/2024\/08\/Womens-Nude-Tight-Seamless-Yoga-Pants-1-300x300.jpg\" alt=\"women&#039;s nude tight seamless yoga pants\" width=\"300\" height=\"300\" title=\"\" srcset=\"https:\/\/yume-silm.com\/wp-content\/uploads\/2024\/08\/Womens-Nude-Tight-Seamless-Yoga-Pants-1-300x300.jpg 300w, https:\/\/yume-silm.com\/wp-content\/uploads\/2024\/08\/Womens-Nude-Tight-Seamless-Yoga-Pants-1-150x150.jpg 150w, https:\/\/yume-silm.com\/wp-content\/uploads\/2024\/08\/Womens-Nude-Tight-Seamless-Yoga-Pants-1-768x768.jpg 768w, https:\/\/yume-silm.com\/wp-content\/uploads\/2024\/08\/Womens-Nude-Tight-Seamless-Yoga-Pants-1-12x12.jpg 12w, https:\/\/yume-silm.com\/wp-content\/uploads\/2024\/08\/Womens-Nude-Tight-Seamless-Yoga-Pants-1-100x100.jpg 100w, https:\/\/yume-silm.com\/wp-content\/uploads\/2024\/08\/Womens-Nude-Tight-Seamless-Yoga-Pants-1.jpg 800w\" sizes=\"(max-width: 300px) 100vw, 300px\" \/><\/a><\/p>\n<h6><em>Pantalon de yoga p\u00eache taille haute serr\u00e9 aux hanches pour femmes<\/em><\/h6>\n<ul>\n<li>En portant ce pantalon de yoga p\u00eache taille haute serr\u00e9 aux hanches pour femmes, la conception taille haute peut resserrer la graisse de votre abdomen et de votre taille, et le serrage des hanches peut mieux obtenir l&#039;effet de levage des hanches et cr\u00e9er votre propre hanche p\u00eache.<\/li>\n<\/ul>","protected":false},"excerpt":{"rendered":"<p>Ce pantalon de yoga moulant sans couture pour femme a une large ceinture, qui peut mieux contr\u00f4ler votre abdomen. La haute \u00e9lasticit\u00e9 vous permet de continuer \u00e0 faire de l&#039;exercice sans vous soucier d&#039;affecter votre apparence et elle s&#039;adapte parfaitement aux courbes de votre corps.<\/p>","protected":false},"featured_media":10140,"comment_status":"open","ping_status":"closed","template":"","meta":{"site-sidebar-layout":"default","site-content-layout":"","ast-site-content-layout":"default","site-content-style":"default","site-sidebar-style":"default","ast-global-header-display":"","ast-banner-title-visibility":"","ast-main-header-display":"","ast-hfb-above-header-display":"","ast-hfb-below-header-display":"","ast-hfb-mobile-header-display":"","site-post-title":"","ast-breadcrumbs-content":"","ast-featured-img":"","footer-sml-layout":"","ast-disable-related-posts":"","theme-transparent-header-meta":"default","adv-header-id-meta":"","stick-header-meta":"default","header-above-stick-meta":"","header-main-stick-meta":"","header-below-stick-meta":"","astra-migrate-meta-layouts":"set","ast-page-background-enabled":"default","ast-page-background-meta":{"desktop":{"background-color":"","background-image":"","background-repeat":"repeat","background-position":"center center","background-size":"auto","background-attachment":"scroll","background-type":"","background-media":"","overlay-type":"","overlay-color":"","overlay-opacity":"","overlay-gradient":""},"tablet":{"background-color":"","background-image":"","background-repeat":"repeat","background-position":"center center","background-size":"auto","background-attachment":"scroll","background-type":"","background-media":"","overlay-type":"","overlay-color":"","overlay-opacity":"","overlay-gradient":""},"mobile":{"background-color":"","background-image":"","background-repeat":"repeat","background-position":"center center","background-size":"auto","background-attachment":"scroll","background-type":"","background-media":"","overlay-type":"","overlay-color":"","overlay-opacity":"","overlay-gradient":""}},"ast-content-background-meta":{"desktop":{"background-color":"var(--ast-global-color-5)","background-image":"","background-repeat":"repeat","background-position":"center center","background-size":"auto","background-attachment":"scroll","background-type":"","background-media":"","overlay-type":"","overlay-color":"","overlay-opacity":"","overlay-gradient":""},"tablet":{"background-color":"var(--ast-global-color-5)","background-image":"","background-repeat":"repeat","background-position":"center center","background-size":"auto","background-attachment":"scroll","background-type":"","background-media":"","overlay-type":"","overlay-color":"","overlay-opacity":"","overlay-gradient":""},"mobile":{"background-color":"var(--ast-global-color-5)","background-image":"","background-repeat":"repeat","background-position":"center center","background-size":"auto","background-attachment":"scroll","background-type":"","background-media":"","overlay-type":"","overlay-color":"","overlay-opacity":"","overlay-gradient":""}}},"product_brand":[],"product_cat":[734,65,76,737],"product_tag":[747,492,646,460,139,811,819,818,817,790,687,654],"class_list":{"0":"post-10137","1":"product","2":"type-product","3":"status-publish","4":"has-post-thumbnail","6":"product_cat-yoga-suits","7":"product_cat-best-sellers","8":"product_cat-new-arrivels","9":"product_cat-yoga-leggings","10":"product_tag-abdomen","11":"product_tag-breathable","12":"product_tag-comfortable","13":"product_tag-high-elasticity","14":"product_tag-high-waist","15":"product_tag-hip-lifting","16":"product_tag-large-movements","17":"product_tag-nude","18":"product_tag-peach-yoga-pants","19":"product_tag-quick-drying","20":"product_tag-soft","21":"product_tag-tight","22":"pa_color-blue","23":"pa_color-claret","24":"pa_color-dark-blue","25":"pa_color-green","26":"pa_color-orange","27":"pa_color-purple","28":"pa_color-red","29":"pa_color-rose-red","30":"pa_color-yellow","31":"pa_size-l","32":"pa_size-m","33":"pa_size-s","34":"pa_size-xl","35":"desktop-align-center","36":"tablet-align-left","37":"mobile-align-left","38":"ast-product-gallery-layout-horizontal-slider","39":"ast-product-single-variable","40":"ast-product-tabs-layout-horizontal","41":"ast-qv-on-image","43":"first","44":"instock","45":"shipping-taxable","46":"purchasable","47":"product-type-variable"},"tiered_pricing_type":"fixed","tiered_pricing_fixed_rules":{"5":4.25,"50":3.65,"100":3.1},"tiered_pricing_product_settings":{"layout":"default","base_unit_name":{"singular":null,"plural":null},"default_variation":null},"tiered_pricing_minimum_quantity":null,"tiered_pricing_roles_data":[],"tiered_pricing_percentage_rules":[],"_links":{"self":[{"href":"https:\/\/yume-silm.com\/fr\/wp-json\/wp\/v2\/product\/10137","targetHints":{"allow":["GET"]}}],"collection":[{"href":"https:\/\/yume-silm.com\/fr\/wp-json\/wp\/v2\/product"}],"about":[{"href":"https:\/\/yume-silm.com\/fr\/wp-json\/wp\/v2\/types\/product"}],"replies":[{"embeddable":true,"href":"https:\/\/yume-silm.com\/fr\/wp-json\/wp\/v2\/comments?post=10137"}],"wp:featuredmedia":[{"embeddable":true,"href":"https:\/\/yume-silm.com\/fr\/wp-json\/wp\/v2\/media\/10140"}],"wp:attachment":[{"href":"https:\/\/yume-silm.com\/fr\/wp-json\/wp\/v2\/media?parent=10137"}],"wp:term":[{"taxonomy":"product_brand","embeddable":true,"href":"https:\/\/yume-silm.com\/fr\/wp-json\/wp\/v2\/product_brand?post=10137"},{"taxonomy":"product_cat","embeddable":true,"href":"https:\/\/yume-silm.com\/fr\/wp-json\/wp\/v2\/product_cat?post=10137"},{"taxonomy":"product_tag","embeddable":true,"href":"https:\/\/yume-silm.com\/fr\/wp-json\/wp\/v2\/product_tag?post=10137"}],"curies":[{"name":"wp","href":"https:\/\/api.w.org\/{rel}","templated":true}]}}