{"id":10324,"date":"2024-08-08T05:37:46","date_gmt":"2024-08-08T05:37:46","guid":{"rendered":"https:\/\/yume-silm.com\/?post_type=product&#038;p=10324"},"modified":"2025-05-26T00:36:33","modified_gmt":"2025-05-26T00:36:33","slug":"faja-femme-mi-cuisse-bout-a-bout-sans-couture","status":"publish","type":"product","link":"https:\/\/yume-silm.com\/fr\/produit\/faja-femme-mi-cuisse-bout-a-bout-sans-couture\/","title":{"rendered":"Faja pour femme mi-cuisse bout \u00e0 bout sans couture"},"content":{"rendered":"<h5>Caract\u00e9ristiques de conception<\/h5>\n<ul>\n<li><strong> CONTR\u00d4LE ABDOMINAL\u00a0:<\/strong>Ce body shaper sans couture faja mi-cuisse pour femme resserre votre corps, soutient votre poitrine, resserre votre taille et coupe vos cuisses. Vous aide \u00e0 perdre des centim\u00e8tres de votre taille et de votre abdomen en quelques secondes.<\/li>\n<li><strong>CONCEPTION DE LEVAGE DES HANCHES\u00a0:<\/strong> Le body shaper sans couture bout \u00e0 bout a un design en maille sur les hanches qui est fin, respirant et super extensible, qui peut s&#039;adapter plus \u00e9troitement autour de votre taille et a un design taille haute pour vous donner une silhouette plus mince.<\/li>\n<li><strong>RASSEMBLEMENT:<\/strong> Le body shaper mi-serr\u00e9 sans couture en tissu respirant, doux, confortable et respectueux de la peau, il peut rendre la courbe de votre taille plus tridimensionnelle et rendre vos hanches plus charmantes.<\/li>\n<li><strong>CONCEPTION SANS COUTURE\u00a0:<\/strong>Le body shaper sans couture faja mi-cuisse pour femme est dot\u00e9 d&#039;un tissu tricot\u00e9 sans couture, d&#039;une coupe taille haute flatteuse et d&#039;une nuance qui am\u00e9liore le corps pour s&#039;adapter au mieux \u00e0 votre corps, vous donnant plus de confiance.<\/li>\n<\/ul>\n<h6><a href=\"https:\/\/yume-silm.com\/wp-content\/uploads\/2024\/08\/Womens-Faja-Mid-Thigh-Butt-Lift-Seamless-Body-Shaper-2.jpg\"><img fetchpriority=\"high\" decoding=\"async\" class=\"alignnone wp-image-10326 size-medium\" src=\"https:\/\/yume-silm.com\/wp-content\/uploads\/2024\/08\/Womens-Faja-Mid-Thigh-Butt-Lift-Seamless-Body-Shaper-2-300x300.jpg\" alt=\"Faja pour femme, gaine amincissante mi-cuisses et fessiers sans coutures\" width=\"300\" height=\"300\" title=\"\" srcset=\"https:\/\/yume-silm.com\/wp-content\/uploads\/2024\/08\/Womens-Faja-Mid-Thigh-Butt-Lift-Seamless-Body-Shaper-2-300x300.jpg 300w, https:\/\/yume-silm.com\/wp-content\/uploads\/2024\/08\/Womens-Faja-Mid-Thigh-Butt-Lift-Seamless-Body-Shaper-2-150x150.jpg 150w, https:\/\/yume-silm.com\/wp-content\/uploads\/2024\/08\/Womens-Faja-Mid-Thigh-Butt-Lift-Seamless-Body-Shaper-2-12x12.jpg 12w, https:\/\/yume-silm.com\/wp-content\/uploads\/2024\/08\/Womens-Faja-Mid-Thigh-Butt-Lift-Seamless-Body-Shaper-2-100x100.jpg 100w, https:\/\/yume-silm.com\/wp-content\/uploads\/2024\/08\/Womens-Faja-Mid-Thigh-Butt-Lift-Seamless-Body-Shaper-2.jpg 600w\" sizes=\"(max-width: 300px) 100vw, 300px\" \/><\/a><a href=\"https:\/\/yume-silm.com\/wp-content\/uploads\/2024\/08\/Womens-Faja-Mid-Thigh-Butt-Lift-Seamless-Body-Shaper-1.jpg\"><img decoding=\"async\" class=\"alignnone wp-image-10325 size-medium\" src=\"https:\/\/yume-silm.com\/wp-content\/uploads\/2024\/08\/Womens-Faja-Mid-Thigh-Butt-Lift-Seamless-Body-Shaper-1-300x300.jpg\" alt=\"Faja pour femme, gaine amincissante mi-cuisses et fessiers sans coutures\" width=\"300\" height=\"300\" title=\"\" srcset=\"https:\/\/yume-silm.com\/wp-content\/uploads\/2024\/08\/Womens-Faja-Mid-Thigh-Butt-Lift-Seamless-Body-Shaper-1-300x300.jpg 300w, https:\/\/yume-silm.com\/wp-content\/uploads\/2024\/08\/Womens-Faja-Mid-Thigh-Butt-Lift-Seamless-Body-Shaper-1-150x150.jpg 150w, https:\/\/yume-silm.com\/wp-content\/uploads\/2024\/08\/Womens-Faja-Mid-Thigh-Butt-Lift-Seamless-Body-Shaper-1-12x12.jpg 12w, https:\/\/yume-silm.com\/wp-content\/uploads\/2024\/08\/Womens-Faja-Mid-Thigh-Butt-Lift-Seamless-Body-Shaper-1-100x100.jpg 100w, https:\/\/yume-silm.com\/wp-content\/uploads\/2024\/08\/Womens-Faja-Mid-Thigh-Butt-Lift-Seamless-Body-Shaper-1.jpg 600w\" sizes=\"(max-width: 300px) 100vw, 300px\" \/><\/a><br \/>\n<em>Sous-v\u00eatement gainant taille haute pour femme avec contr\u00f4le du ventre<\/em><\/h6>\n<ul>\n<li>La conception taille haute peut vous donner une pression de compression mod\u00e9r\u00e9e pour resserrer votre graisse l\u00e2che. Il peut lisser le renflement du ventre, r\u00e9tr\u00e9cir la taille, cacher les bosses ou les renflements sur le corps et vous rendre plus attrayant lorsque vous le portez.<\/li>\n<\/ul>","protected":false},"excerpt":{"rendered":"<ul>\n<li>Le shaper corporel sans couture pour femme Faja mi-cuisse avec effet de compression corporelle ergonomique sp\u00e9cial.<\/li>\n<li>Ce body shaper est mi-cuisse pour \u00e9viter les courbures, vous permettant de le porter confortablement toute la journ\u00e9e.<\/li>\n<\/ul>","protected":false},"featured_media":10358,"comment_status":"open","ping_status":"closed","template":"","meta":{"site-sidebar-layout":"default","site-content-layout":"","ast-site-content-layout":"default","site-content-style":"default","site-sidebar-style":"default","ast-global-header-display":"","ast-banner-title-visibility":"","ast-main-header-display":"","ast-hfb-above-header-display":"","ast-hfb-below-header-display":"","ast-hfb-mobile-header-display":"","site-post-title":"","ast-breadcrumbs-content":"","ast-featured-img":"","footer-sml-layout":"","ast-disable-related-posts":"","theme-transparent-header-meta":"default","adv-header-id-meta":"","stick-header-meta":"default","header-above-stick-meta":"","header-main-stick-meta":"","header-below-stick-meta":"","astra-migrate-meta-layouts":"set","ast-page-background-enabled":"default","ast-page-background-meta":{"desktop":{"background-color":"","background-image":"","background-repeat":"repeat","background-position":"center center","background-size":"auto","background-attachment":"scroll","background-type":"","background-media":"","overlay-type":"","overlay-color":"","overlay-opacity":"","overlay-gradient":""},"tablet":{"background-color":"","background-image":"","background-repeat":"repeat","background-position":"center center","background-size":"auto","background-attachment":"scroll","background-type":"","background-media":"","overlay-type":"","overlay-color":"","overlay-opacity":"","overlay-gradient":""},"mobile":{"background-color":"","background-image":"","background-repeat":"repeat","background-position":"center center","background-size":"auto","background-attachment":"scroll","background-type":"","background-media":"","overlay-type":"","overlay-color":"","overlay-opacity":"","overlay-gradient":""}},"ast-content-background-meta":{"desktop":{"background-color":"var(--ast-global-color-5)","background-image":"","background-repeat":"repeat","background-position":"center center","background-size":"auto","background-attachment":"scroll","background-type":"","background-media":"","overlay-type":"","overlay-color":"","overlay-opacity":"","overlay-gradient":""},"tablet":{"background-color":"var(--ast-global-color-5)","background-image":"","background-repeat":"repeat","background-position":"center center","background-size":"auto","background-attachment":"scroll","background-type":"","background-media":"","overlay-type":"","overlay-color":"","overlay-opacity":"","overlay-gradient":""},"mobile":{"background-color":"var(--ast-global-color-5)","background-image":"","background-repeat":"repeat","background-position":"center center","background-size":"auto","background-attachment":"scroll","background-type":"","background-media":"","overlay-type":"","overlay-color":"","overlay-opacity":"","overlay-gradient":""}}},"product_brand":[],"product_cat":[65,1071,1072,76,77,1092,79,78,82],"product_tag":[823,825,137,646,489,713,139,824,491],"class_list":{"0":"post-10324","1":"product","2":"type-product","3":"status-publish","4":"has-post-thumbnail","6":"product_cat-best-sellers","7":"product_cat-sale","8":"product_cat-bulk-savings","9":"product_cat-new-arrivels","10":"product_cat-wholesale-womens-shapewear","11":"product_cat-plus-size-shapewear","12":"product_cat-wholesale-seemless-shaperwear","13":"product_cat-wholesale-full-body-shaper","14":"product_cat-wholesale-shapewear-bodysuit","15":"product_tag-abdominal-control","16":"product_tag-bodyshaper","17":"product_tag-butt-lift","18":"product_tag-comfortable","19":"product_tag-compression","20":"product_tag-gather","21":"product_tag-high-waist","22":"product_tag-mid-thigh","23":"product_tag-seamless","24":"pa_color-beige","25":"pa_color-black","26":"pa_color-khaki","27":"pa_size-2xl","28":"pa_size-3xl","29":"pa_size-4xl","30":"pa_size-5xl","31":"pa_size-6xl","32":"pa_size-l","33":"pa_size-m","34":"pa_size-s","35":"pa_size-xl","36":"pa_size-xs","37":"desktop-align-center","38":"tablet-align-left","39":"mobile-align-left","40":"ast-product-gallery-layout-horizontal-slider","41":"ast-product-single-variable","42":"ast-product-tabs-layout-horizontal","43":"ast-qv-on-image","45":"first","46":"instock","47":"shipping-taxable","48":"purchasable","49":"product-type-variable"},"tiered_pricing_type":"fixed","tiered_pricing_fixed_rules":{"10":9.9},"tiered_pricing_product_settings":{"layout":"default","base_unit_name":{"singular":null,"plural":null},"default_variation":null},"tiered_pricing_minimum_quantity":null,"tiered_pricing_roles_data":[],"tiered_pricing_percentage_rules":[],"_links":{"self":[{"href":"https:\/\/yume-silm.com\/fr\/wp-json\/wp\/v2\/product\/10324","targetHints":{"allow":["GET"]}}],"collection":[{"href":"https:\/\/yume-silm.com\/fr\/wp-json\/wp\/v2\/product"}],"about":[{"href":"https:\/\/yume-silm.com\/fr\/wp-json\/wp\/v2\/types\/product"}],"replies":[{"embeddable":true,"href":"https:\/\/yume-silm.com\/fr\/wp-json\/wp\/v2\/comments?post=10324"}],"wp:featuredmedia":[{"embeddable":true,"href":"https:\/\/yume-silm.com\/fr\/wp-json\/wp\/v2\/media\/10358"}],"wp:attachment":[{"href":"https:\/\/yume-silm.com\/fr\/wp-json\/wp\/v2\/media?parent=10324"}],"wp:term":[{"taxonomy":"product_brand","embeddable":true,"href":"https:\/\/yume-silm.com\/fr\/wp-json\/wp\/v2\/product_brand?post=10324"},{"taxonomy":"product_cat","embeddable":true,"href":"https:\/\/yume-silm.com\/fr\/wp-json\/wp\/v2\/product_cat?post=10324"},{"taxonomy":"product_tag","embeddable":true,"href":"https:\/\/yume-silm.com\/fr\/wp-json\/wp\/v2\/product_tag?post=10324"}],"curies":[{"name":"wp","href":"https:\/\/api.w.org\/{rel}","templated":true}]}}