{"id":10411,"date":"2024-08-10T07:23:54","date_gmt":"2024-08-10T07:23:54","guid":{"rendered":"https:\/\/yume-silm.com\/?post_type=product&#038;p=10411"},"modified":"2024-08-10T07:26:20","modified_gmt":"2024-08-10T07:26:20","slug":"soutiens-gorge-balconnet-transparents-sexy-pour-femmes-grande-taille","status":"publish","type":"product","link":"https:\/\/yume-silm.com\/fr\/produit\/soutiens-gorge-balconnet-transparents-sexy-pour-femmes-grande-taille\/","title":{"rendered":"Soutiens-gorge balconnets transparents sexy grande taille pour femmes"},"content":{"rendered":"<h5>Caract\u00e9ristiques de conception<\/h5>\n<ul>\n<li><strong>CONCEPTION DEMI-TASSE :<\/strong>Les soutiens-gorge balconnets transparents sexy pour femmes de grande taille peuvent prot\u00e9ger vos seins et s&#039;ajuster automatiquement en fonction des changements du cycle corporel, et ils sont \u00e9galement fabriqu\u00e9s dans un mat\u00e9riau en dentelle plus sexy et luxueux.<\/li>\n<li><strong>TROIS RANGS ET TROIS BOUCLES \u00c0 LA MODE :<\/strong>Ce soutien-gorge transparent et sexy est facile \u00e0 mettre et \u00e0 enlever, permet de contr\u00f4ler librement la distance confortable, de larges bretelles avec des ailes hautes, l&#039;effet d&#039;am\u00e9lioration de la poitrine est \u00e9vident, peut atteindre le degr\u00e9 de soutien maximal, pas facile \u00e0 tomber.<\/li>\n<li><strong>BRETELLES R\u00c9GLABLES ANTID\u00c9RAPANTES :<\/strong> Bretelles super \u00e9lastiques, conception de renfort en forme de X sur le dos pour offrir un soutien postural parfait, de larges bretelles peuvent vous aider \u00e0 r\u00e9duire la pression sur vos \u00e9paules.<\/li>\n<li><strong>SOUTIEN-GORGE EN DENTELLE SANS DOUBLURE :<\/strong> Bonnets en dentelle en maille transparente et l\u00e9g\u00e8re, respirants et l\u00e9gers, la bordure en dentelle festonn\u00e9e vous rend plus sexy et charmante.<\/li>\n<\/ul>\n<p><a href=\"https:\/\/yume-silm.com\/wp-content\/uploads\/2024\/08\/Womens-Sexy-Sheer-Balconette-Plus-Size-Bras-01.jpg\"><img fetchpriority=\"high\" decoding=\"async\" class=\"alignnone wp-image-10412 size-medium\" src=\"https:\/\/yume-silm.com\/wp-content\/uploads\/2024\/08\/Womens-Sexy-Sheer-Balconette-Plus-Size-Bras-01-300x300.jpg\" alt=\"soutiens-gorge balconnets transparents sexy grande taille pour femmes\" width=\"300\" height=\"300\" title=\"\" srcset=\"https:\/\/yume-silm.com\/wp-content\/uploads\/2024\/08\/Womens-Sexy-Sheer-Balconette-Plus-Size-Bras-01-300x300.jpg 300w, https:\/\/yume-silm.com\/wp-content\/uploads\/2024\/08\/Womens-Sexy-Sheer-Balconette-Plus-Size-Bras-01-150x150.jpg 150w, https:\/\/yume-silm.com\/wp-content\/uploads\/2024\/08\/Womens-Sexy-Sheer-Balconette-Plus-Size-Bras-01-768x768.jpg 768w, https:\/\/yume-silm.com\/wp-content\/uploads\/2024\/08\/Womens-Sexy-Sheer-Balconette-Plus-Size-Bras-01-12x12.jpg 12w, https:\/\/yume-silm.com\/wp-content\/uploads\/2024\/08\/Womens-Sexy-Sheer-Balconette-Plus-Size-Bras-01-100x100.jpg 100w, https:\/\/yume-silm.com\/wp-content\/uploads\/2024\/08\/Womens-Sexy-Sheer-Balconette-Plus-Size-Bras-01.jpg 800w\" sizes=\"(max-width: 300px) 100vw, 300px\" \/><\/a> <a href=\"https:\/\/yume-silm.com\/wp-content\/uploads\/2024\/08\/Womens-Sexy-Sheer-Balconette-Plus-Size-Bras-02.jpg\"><img decoding=\"async\" class=\"alignnone wp-image-10413 size-medium\" src=\"https:\/\/yume-silm.com\/wp-content\/uploads\/2024\/08\/Womens-Sexy-Sheer-Balconette-Plus-Size-Bras-02-300x300.jpg\" alt=\"soutiens-gorge balconnets transparents sexy grande taille pour femmes\" width=\"300\" height=\"300\" title=\"\" srcset=\"https:\/\/yume-silm.com\/wp-content\/uploads\/2024\/08\/Womens-Sexy-Sheer-Balconette-Plus-Size-Bras-02-300x300.jpg 300w, https:\/\/yume-silm.com\/wp-content\/uploads\/2024\/08\/Womens-Sexy-Sheer-Balconette-Plus-Size-Bras-02-150x150.jpg 150w, https:\/\/yume-silm.com\/wp-content\/uploads\/2024\/08\/Womens-Sexy-Sheer-Balconette-Plus-Size-Bras-02-768x768.jpg 768w, https:\/\/yume-silm.com\/wp-content\/uploads\/2024\/08\/Womens-Sexy-Sheer-Balconette-Plus-Size-Bras-02-12x12.jpg 12w, https:\/\/yume-silm.com\/wp-content\/uploads\/2024\/08\/Womens-Sexy-Sheer-Balconette-Plus-Size-Bras-02-100x100.jpg 100w, https:\/\/yume-silm.com\/wp-content\/uploads\/2024\/08\/Womens-Sexy-Sheer-Balconette-Plus-Size-Bras-02.jpg 800w\" sizes=\"(max-width: 300px) 100vw, 300px\" \/><\/a><\/p>\n<h6><em>Soutien-gorge grande taille en maille non doubl\u00e9 pour femme<\/em><\/h6>\n<ul>\n<li>Le soutien-gorge en maille ultra douce est fait d&#039;un tissu en dentelle luxueux avec des bonnets transparents pour offrir un soutien surnaturel, pendant lequel l&#039;enveloppe extensible adaptative cr\u00e9e une silhouette sans couture qui vous fera oublier qu&#039;il s&#039;agit d&#039;une lingerie grande taille lorsque vous la portez.<\/li>\n<\/ul>\n<p>&nbsp;<\/p>","protected":false},"excerpt":{"rendered":"<p>Ce soutien-gorge balconnet transparent sexy pour femme grande taille est \u00e0 la mode, avec une atmosph\u00e8re simple, une boucle \u00e0 plusieurs rang\u00e9es qui peut \u00eatre pratique et libre pour contr\u00f4ler la distance de confort, avec un design en dentelle en maille fine et transparente, vous permet de porter plus sexy et charmant, de l&#039;obtenir, de rencontrer un meilleur soi.<\/p>","protected":false},"featured_media":10414,"comment_status":"open","ping_status":"closed","template":"","meta":{"site-sidebar-layout":"default","site-content-layout":"","ast-site-content-layout":"default","site-content-style":"default","site-sidebar-style":"default","ast-global-header-display":"","ast-banner-title-visibility":"","ast-main-header-display":"","ast-hfb-above-header-display":"","ast-hfb-below-header-display":"","ast-hfb-mobile-header-display":"","site-post-title":"","ast-breadcrumbs-content":"","ast-featured-img":"","footer-sml-layout":"","ast-disable-related-posts":"","theme-transparent-header-meta":"default","adv-header-id-meta":"","stick-header-meta":"default","header-above-stick-meta":"","header-main-stick-meta":"","header-below-stick-meta":"","astra-migrate-meta-layouts":"set","ast-page-background-enabled":"default","ast-page-background-meta":{"desktop":{"background-color":"","background-image":"","background-repeat":"repeat","background-position":"center center","background-size":"auto","background-attachment":"scroll","background-type":"","background-media":"","overlay-type":"","overlay-color":"","overlay-opacity":"","overlay-gradient":""},"tablet":{"background-color":"","background-image":"","background-repeat":"repeat","background-position":"center center","background-size":"auto","background-attachment":"scroll","background-type":"","background-media":"","overlay-type":"","overlay-color":"","overlay-opacity":"","overlay-gradient":""},"mobile":{"background-color":"","background-image":"","background-repeat":"repeat","background-position":"center center","background-size":"auto","background-attachment":"scroll","background-type":"","background-media":"","overlay-type":"","overlay-color":"","overlay-opacity":"","overlay-gradient":""}},"ast-content-background-meta":{"desktop":{"background-color":"var(--ast-global-color-5)","background-image":"","background-repeat":"repeat","background-position":"center center","background-size":"auto","background-attachment":"scroll","background-type":"","background-media":"","overlay-type":"","overlay-color":"","overlay-opacity":"","overlay-gradient":""},"tablet":{"background-color":"var(--ast-global-color-5)","background-image":"","background-repeat":"repeat","background-position":"center center","background-size":"auto","background-attachment":"scroll","background-type":"","background-media":"","overlay-type":"","overlay-color":"","overlay-opacity":"","overlay-gradient":""},"mobile":{"background-color":"var(--ast-global-color-5)","background-image":"","background-repeat":"repeat","background-position":"center center","background-size":"auto","background-attachment":"scroll","background-type":"","background-media":"","overlay-type":"","overlay-color":"","overlay-opacity":"","overlay-gradient":""}}},"product_brand":[],"product_cat":[65,76,259,583],"product_tag":[675,699,844,473,782,145],"class_list":{"0":"post-10411","1":"product","2":"type-product","3":"status-publish","4":"has-post-thumbnail","6":"product_cat-best-sellers","7":"product_cat-new-arrivels","8":"product_cat-lingerie","9":"product_cat-plus-size-underwear","10":"product_tag-charming","11":"product_tag-comfort","12":"product_tag-convenient","13":"product_tag-lace","14":"product_tag-mesh","15":"product_tag-sexy","16":"pa_color-black","17":"pa_size-36b","18":"pa_size-36c","19":"pa_size-36d","20":"pa_size-38c","21":"pa_size-38d","22":"pa_size-38e","23":"pa_size-40c","24":"pa_size-40d","25":"pa_size-40e","26":"pa_size-42c","27":"pa_size-42d","28":"pa_size-42e","29":"desktop-align-center","30":"tablet-align-left","31":"mobile-align-left","32":"ast-product-gallery-layout-horizontal-slider","33":"ast-product-single-variable","34":"ast-product-tabs-layout-horizontal","35":"ast-qv-on-image","37":"first","38":"instock","39":"shipping-taxable","40":"purchasable","41":"product-type-variable"},"tiered_pricing_type":"fixed","tiered_pricing_fixed_rules":{"2":6.8,"50":6.6,"100":5.5},"tiered_pricing_product_settings":{"layout":"default","base_unit_name":{"singular":null,"plural":null},"default_variation":null},"tiered_pricing_minimum_quantity":null,"tiered_pricing_roles_data":[],"tiered_pricing_percentage_rules":[],"_links":{"self":[{"href":"https:\/\/yume-silm.com\/fr\/wp-json\/wp\/v2\/product\/10411","targetHints":{"allow":["GET"]}}],"collection":[{"href":"https:\/\/yume-silm.com\/fr\/wp-json\/wp\/v2\/product"}],"about":[{"href":"https:\/\/yume-silm.com\/fr\/wp-json\/wp\/v2\/types\/product"}],"replies":[{"embeddable":true,"href":"https:\/\/yume-silm.com\/fr\/wp-json\/wp\/v2\/comments?post=10411"}],"wp:featuredmedia":[{"embeddable":true,"href":"https:\/\/yume-silm.com\/fr\/wp-json\/wp\/v2\/media\/10414"}],"wp:attachment":[{"href":"https:\/\/yume-silm.com\/fr\/wp-json\/wp\/v2\/media?parent=10411"}],"wp:term":[{"taxonomy":"product_brand","embeddable":true,"href":"https:\/\/yume-silm.com\/fr\/wp-json\/wp\/v2\/product_brand?post=10411"},{"taxonomy":"product_cat","embeddable":true,"href":"https:\/\/yume-silm.com\/fr\/wp-json\/wp\/v2\/product_cat?post=10411"},{"taxonomy":"product_tag","embeddable":true,"href":"https:\/\/yume-silm.com\/fr\/wp-json\/wp\/v2\/product_tag?post=10411"}],"curies":[{"name":"wp","href":"https:\/\/api.w.org\/{rel}","templated":true}]}}