{"id":10432,"date":"2024-08-12T01:54:23","date_gmt":"2024-08-12T01:54:23","guid":{"rendered":"https:\/\/yume-silm.com\/?post_type=product&#038;p=10432"},"modified":"2024-08-19T02:20:34","modified_gmt":"2024-08-19T02:20:34","slug":"debardeur-gainant-sans-manches-pour-homme","status":"publish","type":"product","link":"https:\/\/yume-silm.com\/fr\/produit\/debardeur-gainant-sans-manches-pour-homme\/","title":{"rendered":"D\u00e9bardeur gainant sans manches pour homme"},"content":{"rendered":"<h5>Caract\u00e9ristiques de conception<\/h5>\n<ul>\n<li><strong>CONCEPTION SANS COUTURE\u00a0:<\/strong> D\u00e9bardeur gainant sans manches pour homme avec un design sans couture et une conception d&#039;\u00e9paule confortable, moulage monobloc sans couture \u00e0 360 degr\u00e9s, sans couture, l\u00e9ger et sans contrainte. Avec une conception ergonomique \u00e0 pression l\u00e9g\u00e8re, il s&#039;adapte \u00e0 la courbe du corps, de sorte que vous ne pouvez pas d\u00e9tecter quand vous enfilez le shaper corporel parfait.<\/li>\n<li><strong>CONCEPTION ABDOMINALE :<\/strong> Il y a deux couches de coton extensible sur l&#039;abdomen et la taille, ce qui a un meilleur effet de compression, ce qui peut resserrer efficacement la taille, l&#039;abdomen et la poitrine et lisser tous les renflements.<\/li>\n<li><strong>AM\u00c9LIORER LA POSTURE\u00a0:<\/strong> Notre d\u00e9bardeur gainant pour homme am\u00e9liorera la tension corporelle et r\u00e9duira la graisse thoracique \u00e9vidente. En portant ce gilet gainant pour homme, vous vous sentirez imm\u00e9diatement plus droit et vous remarquerez que votre posture s&#039;am\u00e9liore avec le temps.<\/li>\n<li><strong>OCCASION:<\/strong> Il peut \u00eatre assorti \u00e0 n&#039;importe quel v\u00eatement et est invisible sous tous les v\u00eatements, tels que les costumes, les chemises formelles, les sweatshirts, les t-shirts, les polos et les pulls. Laissez-vous courageux pour faire tout ce que vous voulez et vous rendre plus confiant.<\/li>\n<\/ul>\n<p><a href=\"https:\/\/yume-silm.com\/wp-content\/uploads\/2024\/08\/Mens-Sleeveless-Tummy-Control-Tank-Top-beige.jpg\"><img fetchpriority=\"high\" decoding=\"async\" class=\"alignnone wp-image-10433 size-medium\" src=\"https:\/\/yume-silm.com\/wp-content\/uploads\/2024\/08\/Mens-Sleeveless-Tummy-Control-Tank-Top-beige-300x300.jpg\" alt=\"d\u00e9bardeur gainant sans manches pour homme\" width=\"300\" height=\"300\" title=\"\" srcset=\"https:\/\/yume-silm.com\/wp-content\/uploads\/2024\/08\/Mens-Sleeveless-Tummy-Control-Tank-Top-beige-300x300.jpg 300w, https:\/\/yume-silm.com\/wp-content\/uploads\/2024\/08\/Mens-Sleeveless-Tummy-Control-Tank-Top-beige-150x150.jpg 150w, https:\/\/yume-silm.com\/wp-content\/uploads\/2024\/08\/Mens-Sleeveless-Tummy-Control-Tank-Top-beige-768x768.jpg 768w, https:\/\/yume-silm.com\/wp-content\/uploads\/2024\/08\/Mens-Sleeveless-Tummy-Control-Tank-Top-beige-12x12.jpg 12w, https:\/\/yume-silm.com\/wp-content\/uploads\/2024\/08\/Mens-Sleeveless-Tummy-Control-Tank-Top-beige-100x100.jpg 100w, https:\/\/yume-silm.com\/wp-content\/uploads\/2024\/08\/Mens-Sleeveless-Tummy-Control-Tank-Top-beige.jpg 800w\" sizes=\"(max-width: 300px) 100vw, 300px\" \/><\/a><\/p>\n<h6><em>Haut de compression amincissant pour homme<\/em><\/h6>\n<ul>\n<li>Ce haut amincissant de compression pour hommes est fait de tissu de compression double couche, ce qui peut mieux vous aider \u00e0 maintenir un corps sain.<\/li>\n<\/ul>","protected":false},"excerpt":{"rendered":"<p>Ce d\u00e9bardeur gainant sans manches pour homme est con\u00e7u selon une l\u00e9g\u00e8re pression ergonomique. La grande \u00e9lasticit\u00e9 peut mieux s&#039;adapter \u00e0 votre peau, de sorte que vous ne sentirez pas son existence lorsque vous portez ce gilet.<\/p>","protected":false},"featured_media":10434,"comment_status":"open","ping_status":"closed","template":"","meta":{"site-sidebar-layout":"default","site-content-layout":"","ast-site-content-layout":"default","site-content-style":"default","site-sidebar-style":"default","ast-global-header-display":"","ast-banner-title-visibility":"","ast-main-header-display":"","ast-hfb-above-header-display":"","ast-hfb-below-header-display":"","ast-hfb-mobile-header-display":"","site-post-title":"","ast-breadcrumbs-content":"","ast-featured-img":"","footer-sml-layout":"","ast-disable-related-posts":"","theme-transparent-header-meta":"default","adv-header-id-meta":"","stick-header-meta":"default","header-above-stick-meta":"","header-main-stick-meta":"","header-below-stick-meta":"","astra-migrate-meta-layouts":"set","ast-page-background-enabled":"default","ast-page-background-meta":{"desktop":{"background-color":"","background-image":"","background-repeat":"repeat","background-position":"center center","background-size":"auto","background-attachment":"scroll","background-type":"","background-media":"","overlay-type":"","overlay-color":"","overlay-opacity":"","overlay-gradient":""},"tablet":{"background-color":"","background-image":"","background-repeat":"repeat","background-position":"center center","background-size":"auto","background-attachment":"scroll","background-type":"","background-media":"","overlay-type":"","overlay-color":"","overlay-opacity":"","overlay-gradient":""},"mobile":{"background-color":"","background-image":"","background-repeat":"repeat","background-position":"center center","background-size":"auto","background-attachment":"scroll","background-type":"","background-media":"","overlay-type":"","overlay-color":"","overlay-opacity":"","overlay-gradient":""}},"ast-content-background-meta":{"desktop":{"background-color":"var(--ast-global-color-5)","background-image":"","background-repeat":"repeat","background-position":"center center","background-size":"auto","background-attachment":"scroll","background-type":"","background-media":"","overlay-type":"","overlay-color":"","overlay-opacity":"","overlay-gradient":""},"tablet":{"background-color":"var(--ast-global-color-5)","background-image":"","background-repeat":"repeat","background-position":"center center","background-size":"auto","background-attachment":"scroll","background-type":"","background-media":"","overlay-type":"","overlay-color":"","overlay-opacity":"","overlay-gradient":""},"mobile":{"background-color":"var(--ast-global-color-5)","background-image":"","background-repeat":"repeat","background-position":"center center","background-size":"auto","background-attachment":"scroll","background-type":"","background-media":"","overlay-type":"","overlay-color":"","overlay-opacity":"","overlay-gradient":""}}},"product_brand":[],"product_cat":[65,76,85,86,88],"product_tag":[846,646,489,460,845,491,213,535,660,500],"class_list":{"0":"post-10432","1":"product","2":"type-product","3":"status-publish","4":"has-post-thumbnail","6":"product_cat-best-sellers","7":"product_cat-new-arrivels","8":"product_cat-wholesale-mens-shapewear","9":"product_cat-wholesale-men-sliming-vest","10":"product_cat-wholesale-men-t-shirt-shaper","11":"product_tag-abdominal-design","12":"product_tag-comfortable","13":"product_tag-compression","14":"product_tag-high-elasticity","15":"product_tag-light-pressure","16":"product_tag-seamless","17":"product_tag-sleeveless","18":"product_tag-slimming","19":"product_tag-smooth","20":"product_tag-tummy-control","21":"pa_color-beige","22":"pa_color-black","23":"pa_color-white","24":"pa_size-l","25":"pa_size-m","26":"pa_size-xl","27":"desktop-align-center","28":"tablet-align-left","29":"mobile-align-left","30":"ast-product-gallery-layout-horizontal-slider","31":"ast-product-single-variable","32":"ast-product-tabs-layout-horizontal","33":"ast-qv-on-image","35":"first","36":"instock","37":"shipping-taxable","38":"purchasable","39":"product-type-variable"},"tiered_pricing_type":"fixed","tiered_pricing_fixed_rules":{"2":7.25,"50":6.45,"100":5.65},"tiered_pricing_product_settings":{"layout":"default","base_unit_name":{"singular":null,"plural":null},"default_variation":null},"tiered_pricing_minimum_quantity":null,"tiered_pricing_roles_data":[],"tiered_pricing_percentage_rules":[],"_links":{"self":[{"href":"https:\/\/yume-silm.com\/fr\/wp-json\/wp\/v2\/product\/10432","targetHints":{"allow":["GET"]}}],"collection":[{"href":"https:\/\/yume-silm.com\/fr\/wp-json\/wp\/v2\/product"}],"about":[{"href":"https:\/\/yume-silm.com\/fr\/wp-json\/wp\/v2\/types\/product"}],"replies":[{"embeddable":true,"href":"https:\/\/yume-silm.com\/fr\/wp-json\/wp\/v2\/comments?post=10432"}],"wp:featuredmedia":[{"embeddable":true,"href":"https:\/\/yume-silm.com\/fr\/wp-json\/wp\/v2\/media\/10434"}],"wp:attachment":[{"href":"https:\/\/yume-silm.com\/fr\/wp-json\/wp\/v2\/media?parent=10432"}],"wp:term":[{"taxonomy":"product_brand","embeddable":true,"href":"https:\/\/yume-silm.com\/fr\/wp-json\/wp\/v2\/product_brand?post=10432"},{"taxonomy":"product_cat","embeddable":true,"href":"https:\/\/yume-silm.com\/fr\/wp-json\/wp\/v2\/product_cat?post=10432"},{"taxonomy":"product_tag","embeddable":true,"href":"https:\/\/yume-silm.com\/fr\/wp-json\/wp\/v2\/product_tag?post=10432"}],"curies":[{"name":"wp","href":"https:\/\/api.w.org\/{rel}","templated":true}]}}