{"id":10451,"date":"2024-08-12T02:54:19","date_gmt":"2024-08-12T02:54:19","guid":{"rendered":"https:\/\/yume-silm.com\/?post_type=product&#038;p=10451"},"modified":"2024-08-12T02:56:16","modified_gmt":"2024-08-12T02:56:16","slug":"sous-vetement-amincissant-sans-manches-pour-homme-compression-forme-du-corps","status":"publish","type":"product","link":"https:\/\/yume-silm.com\/fr\/produit\/sous-vetement-amincissant-sans-manches-pour-homme-compression-forme-du-corps\/","title":{"rendered":"Combinaison de compression amincissante sans manches pour homme"},"content":{"rendered":"<h5>Caract\u00e9ristiques de conception<\/h5>\n<ul>\n<li><strong>CONCEPTION DU DOS EN FORME DE X :<\/strong>Cette forme de corps amincissante sans manches \u00e0 compression pour hommes a un design suppl\u00e9mentaire en forme de X sur le dos, con\u00e7u pour resserrer efficacement votre dos avec un panneau arri\u00e8re crois\u00e9, \u00e9liminer la graisse du dos, aider \u00e0 am\u00e9liorer la posture du dos et vous donner une apparence plus confiante.<\/li>\n<li><strong>TISSU RESPIRANT ET DOUX\u00a0:<\/strong> La conception du tissu en maille utilise pleinement la haute compression du nylon et la haute \u00e9lasticit\u00e9 du spandex pour aider \u00e0 garder votre peau fra\u00eeche.<\/li>\n<li><strong>CONTR\u00d4LE ABDOMINAL ET MISE EN FORME DE LA POITRINE :<\/strong>Nous avons ajout\u00e9 un tissu de compression double couche au niveau de la poitrine et de la taille pour lisser efficacement vos mamelons saillants et la graisse du ventre, vous offrant ainsi un contour corporel plus lisse et plus mince.<\/li>\n<li><strong>OCCASION:<\/strong> Ce corset amincissant sans manches pour homme peut \u00eatre associ\u00e9 \u00e0 n&#039;importe quel v\u00eatement et est plus facile \u00e0 cacher sous les v\u00eatements. Utilisez-le pour faire de l&#039;exercice, pour aider \u00e0 raffermir le corps, \u00e0 tout maintenir \u00ab en place \u00bb et \u00e0 vous donner plus confiance en vous.<\/li>\n<\/ul>\n<h6><a href=\"https:\/\/yume-silm.com\/wp-content\/uploads\/2024\/08\/Men-Compression-Slimming-Sleeveless-Body-Shape-3.png\"><img fetchpriority=\"high\" decoding=\"async\" class=\"alignnone wp-image-10453 size-medium\" src=\"https:\/\/yume-silm.com\/wp-content\/uploads\/2024\/08\/Men-Compression-Slimming-Sleeveless-Body-Shape-3-300x300.png\" alt=\"sous-v\u00eatement amincissant sans manches pour homme, compression, forme du corps\" width=\"300\" height=\"300\" title=\"\" srcset=\"https:\/\/yume-silm.com\/wp-content\/uploads\/2024\/08\/Men-Compression-Slimming-Sleeveless-Body-Shape-3-300x300.png 300w, https:\/\/yume-silm.com\/wp-content\/uploads\/2024\/08\/Men-Compression-Slimming-Sleeveless-Body-Shape-3-150x150.png 150w, https:\/\/yume-silm.com\/wp-content\/uploads\/2024\/08\/Men-Compression-Slimming-Sleeveless-Body-Shape-3-768x768.png 768w, https:\/\/yume-silm.com\/wp-content\/uploads\/2024\/08\/Men-Compression-Slimming-Sleeveless-Body-Shape-3-12x12.png 12w, https:\/\/yume-silm.com\/wp-content\/uploads\/2024\/08\/Men-Compression-Slimming-Sleeveless-Body-Shape-3-100x100.png 100w, https:\/\/yume-silm.com\/wp-content\/uploads\/2024\/08\/Men-Compression-Slimming-Sleeveless-Body-Shape-3.png 800w\" sizes=\"(max-width: 300px) 100vw, 300px\" \/><\/a><a href=\"https:\/\/yume-silm.com\/wp-content\/uploads\/2024\/08\/Men-Compression-Slimming-Sleeveless-Body-Shape-4.jpg\"><img decoding=\"async\" class=\"alignnone wp-image-10454 size-medium\" src=\"https:\/\/yume-silm.com\/wp-content\/uploads\/2024\/08\/Men-Compression-Slimming-Sleeveless-Body-Shape-4-300x300.jpg\" alt=\"sous-v\u00eatement amincissant sans manches pour homme, compression, forme du corps\" width=\"300\" height=\"300\" title=\"\" srcset=\"https:\/\/yume-silm.com\/wp-content\/uploads\/2024\/08\/Men-Compression-Slimming-Sleeveless-Body-Shape-4-300x300.jpg 300w, https:\/\/yume-silm.com\/wp-content\/uploads\/2024\/08\/Men-Compression-Slimming-Sleeveless-Body-Shape-4-150x150.jpg 150w, https:\/\/yume-silm.com\/wp-content\/uploads\/2024\/08\/Men-Compression-Slimming-Sleeveless-Body-Shape-4-768x768.jpg 768w, https:\/\/yume-silm.com\/wp-content\/uploads\/2024\/08\/Men-Compression-Slimming-Sleeveless-Body-Shape-4-12x12.jpg 12w, https:\/\/yume-silm.com\/wp-content\/uploads\/2024\/08\/Men-Compression-Slimming-Sleeveless-Body-Shape-4-100x100.jpg 100w, https:\/\/yume-silm.com\/wp-content\/uploads\/2024\/08\/Men-Compression-Slimming-Sleeveless-Body-Shape-4.jpg 800w\" sizes=\"(max-width: 300px) 100vw, 300px\" \/><\/a><\/h6>\n<h6><em>Body Shaper minceur pour hommes<\/em><\/h6>\n<ul>\n<li>Fabriqu\u00e9 en tissu mesh pour plus de respirabilit\u00e9 et de refroidissement, avec une couche suppl\u00e9mentaire de compression autour de la poitrine et de l&#039;abdomen, ce qui rend toute votre silhouette plus mince et plus confiante lorsque vous le portez.<\/li>\n<\/ul>","protected":false},"excerpt":{"rendered":"<p>Cette forme de corps amincissante de compression sans manches pour hommes peut \u00eatre utilis\u00e9e pendant l&#039;exercice pour tout maintenir \u00ab en place \u00bb et s&#039;\u00e9tire bien avec le mouvement, offrant une excellente compression.<\/p>","protected":false},"featured_media":10452,"comment_status":"open","ping_status":"closed","template":"","meta":{"site-sidebar-layout":"default","site-content-layout":"","ast-site-content-layout":"default","site-content-style":"default","site-sidebar-style":"default","ast-global-header-display":"","ast-banner-title-visibility":"","ast-main-header-display":"","ast-hfb-above-header-display":"","ast-hfb-below-header-display":"","ast-hfb-mobile-header-display":"","site-post-title":"","ast-breadcrumbs-content":"","ast-featured-img":"","footer-sml-layout":"","ast-disable-related-posts":"","theme-transparent-header-meta":"default","adv-header-id-meta":"","stick-header-meta":"default","header-above-stick-meta":"","header-main-stick-meta":"","header-below-stick-meta":"","astra-migrate-meta-layouts":"set","ast-page-background-enabled":"default","ast-page-background-meta":{"desktop":{"background-color":"","background-image":"","background-repeat":"repeat","background-position":"center center","background-size":"auto","background-attachment":"scroll","background-type":"","background-media":"","overlay-type":"","overlay-color":"","overlay-opacity":"","overlay-gradient":""},"tablet":{"background-color":"","background-image":"","background-repeat":"repeat","background-position":"center center","background-size":"auto","background-attachment":"scroll","background-type":"","background-media":"","overlay-type":"","overlay-color":"","overlay-opacity":"","overlay-gradient":""},"mobile":{"background-color":"","background-image":"","background-repeat":"repeat","background-position":"center center","background-size":"auto","background-attachment":"scroll","background-type":"","background-media":"","overlay-type":"","overlay-color":"","overlay-opacity":"","overlay-gradient":""}},"ast-content-background-meta":{"desktop":{"background-color":"var(--ast-global-color-5)","background-image":"","background-repeat":"repeat","background-position":"center center","background-size":"auto","background-attachment":"scroll","background-type":"","background-media":"","overlay-type":"","overlay-color":"","overlay-opacity":"","overlay-gradient":""},"tablet":{"background-color":"var(--ast-global-color-5)","background-image":"","background-repeat":"repeat","background-position":"center center","background-size":"auto","background-attachment":"scroll","background-type":"","background-media":"","overlay-type":"","overlay-color":"","overlay-opacity":"","overlay-gradient":""},"mobile":{"background-color":"var(--ast-global-color-5)","background-image":"","background-repeat":"repeat","background-position":"center center","background-size":"auto","background-attachment":"scroll","background-type":"","background-media":"","overlay-type":"","overlay-color":"","overlay-opacity":"","overlay-gradient":""}}},"product_brand":[],"product_cat":[65,76,85,86,88],"product_tag":[823,663,492,489,777,213,535,847],"class_list":{"0":"post-10451","1":"product","2":"type-product","3":"status-publish","4":"has-post-thumbnail","6":"product_cat-best-sellers","7":"product_cat-new-arrivels","8":"product_cat-wholesale-mens-shapewear","9":"product_cat-wholesale-men-sliming-vest","10":"product_cat-wholesale-men-t-shirt-shaper","11":"product_tag-abdominal-control","12":"product_tag-belly","13":"product_tag-breathable","14":"product_tag-compression","15":"product_tag-confident","16":"product_tag-sleeveless","17":"product_tag-slimming","18":"product_tag-x-shape","19":"pa_color-black","20":"pa_color-white","21":"pa_size-l","22":"pa_size-m","23":"desktop-align-center","24":"tablet-align-left","25":"mobile-align-left","26":"ast-product-gallery-layout-horizontal-slider","27":"ast-product-single-variable","28":"ast-product-tabs-layout-horizontal","29":"ast-qv-on-image","31":"first","32":"instock","33":"shipping-taxable","34":"purchasable","35":"product-type-variable"},"tiered_pricing_type":"fixed","tiered_pricing_fixed_rules":{"2":5.8,"50":5.15,"100":4.5},"tiered_pricing_product_settings":{"layout":"default","base_unit_name":{"singular":null,"plural":null},"default_variation":null},"tiered_pricing_minimum_quantity":null,"tiered_pricing_roles_data":[],"tiered_pricing_percentage_rules":[],"_links":{"self":[{"href":"https:\/\/yume-silm.com\/fr\/wp-json\/wp\/v2\/product\/10451","targetHints":{"allow":["GET"]}}],"collection":[{"href":"https:\/\/yume-silm.com\/fr\/wp-json\/wp\/v2\/product"}],"about":[{"href":"https:\/\/yume-silm.com\/fr\/wp-json\/wp\/v2\/types\/product"}],"replies":[{"embeddable":true,"href":"https:\/\/yume-silm.com\/fr\/wp-json\/wp\/v2\/comments?post=10451"}],"wp:featuredmedia":[{"embeddable":true,"href":"https:\/\/yume-silm.com\/fr\/wp-json\/wp\/v2\/media\/10452"}],"wp:attachment":[{"href":"https:\/\/yume-silm.com\/fr\/wp-json\/wp\/v2\/media?parent=10451"}],"wp:term":[{"taxonomy":"product_brand","embeddable":true,"href":"https:\/\/yume-silm.com\/fr\/wp-json\/wp\/v2\/product_brand?post=10451"},{"taxonomy":"product_cat","embeddable":true,"href":"https:\/\/yume-silm.com\/fr\/wp-json\/wp\/v2\/product_cat?post=10451"},{"taxonomy":"product_tag","embeddable":true,"href":"https:\/\/yume-silm.com\/fr\/wp-json\/wp\/v2\/product_tag?post=10451"}],"curies":[{"name":"wp","href":"https:\/\/api.w.org\/{rel}","templated":true}]}}