{"id":10591,"date":"2024-08-20T09:05:40","date_gmt":"2024-08-20T09:05:40","guid":{"rendered":"https:\/\/yume-silm.com\/?post_type=product&#038;p=10591"},"modified":"2024-08-20T09:10:02","modified_gmt":"2024-08-20T09:10:02","slug":"entraineur-de-taille-crochet-avant-shaper-abdominal","status":"publish","type":"product","link":"https:\/\/yume-silm.com\/fr\/produit\/entraineur-de-taille-crochet-avant-shaper-abdominal\/","title":{"rendered":"Ceinture abdominale \u00e0 crochet avant pour femme"},"content":{"rendered":"<h5>Caract\u00e9ristiques de conception<\/h5>\n<ul>\n<li><strong>OCCASION:<\/strong> Ce corset abdominal \u00e0 crochet avant pour entra\u00eeneur de taille convient au travail, au quotidien, au yoga, \u00e0 la r\u00e9cup\u00e9ration post-partum, \u00e0 la salle de sport, au sport, \u00e0 la mise en forme du corps et \u00e0 d&#039;autres occasions, garantissant que vous pouvez maintenir la bonne posture m\u00eame apr\u00e8s une utilisation prolong\u00e9e.<\/li>\n<li><strong>AM\u00c9LIORER LA POSTURE DU DOS :<\/strong> Fabriqu\u00e9 en tissu de compression hautement \u00e9lastique, il peut \u00eatre facilement pli\u00e9 ou revenir imm\u00e9diatement \u00e0 sa forme d&#039;origine, vous aider \u00e0 soulever votre poitrine, vous offrir un soutien lat\u00e9ral et dorsal, soulager les douleurs corporelles et corriger les mauvaises postures.<\/li>\n<li><strong>PERTE DE POIDS :<\/strong> Fabriqu\u00e9 avec une technologie corporelle artificielle, acc\u00e9l\u00e8re la transpiration centrale, augmente la temp\u00e9rature abdominale, stimule la combustion rapide des graisses abdominales, acc\u00e9l\u00e8re la perte de poids.<\/li>\n<li><span style=\"font-size: 16px;\"><strong>INVISIBLE:<\/strong> Notre ceinture abdominale est douce et confortable, peut \u00eatre port\u00e9e \u00e0 l&#039;int\u00e9rieur ou \u00e0 l&#039;ext\u00e9rieur de vos v\u00eatements, compl\u00e8tement invisible, personne ne remarquera que vous portez une ceinture d&#039;entra\u00eenement \u00e0 la taille sans couture.<\/span><\/li>\n<\/ul>\n<p><em style=\"font-size: 1.1em; font-weight: bold;\">Ceinture amincissante pour femme pour entra\u00eenement de haute intensit\u00e9<\/em><\/p>\n<ul>\n<li><span style=\"font-size: 16px;\">Cette bande de soutien suppl\u00e9mentaire pour entra\u00eenement de haute intensit\u00e9 pour femme offre une compression suppl\u00e9mentaire pour vous aider \u00e0 perdre du poids rapidement \u00e0 haute intensit\u00e9. Elle s&#039;adaptera \u00e0 l&#039;ensemble de votre parcours d&#039;entra\u00eenement\/perte de poids. N&#039;oubliez pas que la confiance est le meilleur \u00e9l\u00e9ment pour tout le monde.<\/span><\/li>\n<\/ul>","protected":false},"excerpt":{"rendered":"<p>Ce corset abdominal \u00e0 crochet avant pour entra\u00eeneur de taille aide \u00e0 aplatir le ventre, \u00e0 r\u00e9duire la taille, \u00e0 soutenir le dos, \u00e0 am\u00e9liorer la posture, il s&#039;adaptera \u00e0 l&#039;ensemble de votre parcours d&#039;entra\u00eenement\/perte de poids, rappelez-vous, la confiance est le meilleur \u00e9l\u00e9ment pour tout le monde.<\/p>\n<p>&nbsp;<\/p>","protected":false},"featured_media":10592,"comment_status":"open","ping_status":"closed","template":"","meta":{"site-sidebar-layout":"default","site-content-layout":"","ast-site-content-layout":"default","site-content-style":"default","site-sidebar-style":"default","ast-global-header-display":"","ast-banner-title-visibility":"","ast-main-header-display":"","ast-hfb-above-header-display":"","ast-hfb-below-header-display":"","ast-hfb-mobile-header-display":"","site-post-title":"","ast-breadcrumbs-content":"","ast-featured-img":"","footer-sml-layout":"","ast-disable-related-posts":"","theme-transparent-header-meta":"default","adv-header-id-meta":"","stick-header-meta":"default","header-above-stick-meta":"","header-main-stick-meta":"","header-below-stick-meta":"","astra-migrate-meta-layouts":"set","ast-page-background-enabled":"default","ast-page-background-meta":{"desktop":{"background-color":"","background-image":"","background-repeat":"repeat","background-position":"center center","background-size":"auto","background-attachment":"scroll","background-type":"","background-media":"","overlay-type":"","overlay-color":"","overlay-opacity":"","overlay-gradient":""},"tablet":{"background-color":"","background-image":"","background-repeat":"repeat","background-position":"center center","background-size":"auto","background-attachment":"scroll","background-type":"","background-media":"","overlay-type":"","overlay-color":"","overlay-opacity":"","overlay-gradient":""},"mobile":{"background-color":"","background-image":"","background-repeat":"repeat","background-position":"center center","background-size":"auto","background-attachment":"scroll","background-type":"","background-media":"","overlay-type":"","overlay-color":"","overlay-opacity":"","overlay-gradient":""}},"ast-content-background-meta":{"desktop":{"background-color":"var(--ast-global-color-5)","background-image":"","background-repeat":"repeat","background-position":"center center","background-size":"auto","background-attachment":"scroll","background-type":"","background-media":"","overlay-type":"","overlay-color":"","overlay-opacity":"","overlay-gradient":""},"tablet":{"background-color":"var(--ast-global-color-5)","background-image":"","background-repeat":"repeat","background-position":"center center","background-size":"auto","background-attachment":"scroll","background-type":"","background-media":"","overlay-type":"","overlay-color":"","overlay-opacity":"","overlay-gradient":""},"mobile":{"background-color":"var(--ast-global-color-5)","background-image":"","background-repeat":"repeat","background-position":"center center","background-size":"auto","background-attachment":"scroll","background-type":"","background-media":"","overlay-type":"","overlay-color":"","overlay-opacity":"","overlay-gradient":""}}},"product_brand":[],"product_cat":[65,76,90,93,96,95,92],"product_tag":[662,663,646,777,738,850,707,697,851,687,214],"class_list":{"0":"post-10591","1":"product","2":"type-product","3":"status-publish","4":"has-post-thumbnail","6":"product_cat-best-sellers","7":"product_cat-new-arrivels","8":"product_cat-wholesale-waist-trainer","9":"product_cat-wholesale-plus-size-waist-trainer","10":"product_cat-sweat-waist-trainer","11":"product_cat-waist-cincher","12":"product_cat-wholesale-waist-girdle","13":"product_tag-abdominal","14":"product_tag-belly","15":"product_tag-comfortable","16":"product_tag-confident","17":"product_tag-front-hook","18":"product_tag-high-elastic-compression","19":"product_tag-invisible","20":"product_tag-loss-weight","21":"product_tag-perspiration","22":"product_tag-soft","23":"product_tag-waist-trainer","24":"pa_color-beige","25":"pa_color-black","26":"pa_size-2xl","27":"pa_size-3xl","28":"pa_size-l","29":"pa_size-m","30":"pa_size-s","31":"pa_size-xl","32":"pa_size-xs","33":"desktop-align-center","34":"tablet-align-left","35":"mobile-align-left","36":"ast-product-gallery-layout-horizontal-slider","37":"ast-product-single-variable","38":"ast-product-tabs-layout-horizontal","39":"ast-qv-on-image","41":"first","42":"instock","43":"shipping-taxable","44":"purchasable","45":"product-type-variable"},"tiered_pricing_type":"fixed","tiered_pricing_fixed_rules":{"5":6.5,"50":6,"100":5},"tiered_pricing_product_settings":{"layout":"default","base_unit_name":{"singular":null,"plural":null},"default_variation":null},"tiered_pricing_minimum_quantity":null,"tiered_pricing_roles_data":[],"tiered_pricing_percentage_rules":[],"_links":{"self":[{"href":"https:\/\/yume-silm.com\/fr\/wp-json\/wp\/v2\/product\/10591","targetHints":{"allow":["GET"]}}],"collection":[{"href":"https:\/\/yume-silm.com\/fr\/wp-json\/wp\/v2\/product"}],"about":[{"href":"https:\/\/yume-silm.com\/fr\/wp-json\/wp\/v2\/types\/product"}],"replies":[{"embeddable":true,"href":"https:\/\/yume-silm.com\/fr\/wp-json\/wp\/v2\/comments?post=10591"}],"wp:featuredmedia":[{"embeddable":true,"href":"https:\/\/yume-silm.com\/fr\/wp-json\/wp\/v2\/media\/10592"}],"wp:attachment":[{"href":"https:\/\/yume-silm.com\/fr\/wp-json\/wp\/v2\/media?parent=10591"}],"wp:term":[{"taxonomy":"product_brand","embeddable":true,"href":"https:\/\/yume-silm.com\/fr\/wp-json\/wp\/v2\/product_brand?post=10591"},{"taxonomy":"product_cat","embeddable":true,"href":"https:\/\/yume-silm.com\/fr\/wp-json\/wp\/v2\/product_cat?post=10591"},{"taxonomy":"product_tag","embeddable":true,"href":"https:\/\/yume-silm.com\/fr\/wp-json\/wp\/v2\/product_tag?post=10591"}],"curies":[{"name":"wp","href":"https:\/\/api.w.org\/{rel}","templated":true}]}}