{"id":10614,"date":"2024-08-21T00:58:57","date_gmt":"2024-08-21T00:58:57","guid":{"rendered":"https:\/\/yume-silm.com\/?post_type=product&#038;p=10614"},"modified":"2024-08-21T01:00:51","modified_gmt":"2024-08-21T01:00:51","slug":"ceinture-amincissante-creuse-et-respirante-pour-femme","status":"publish","type":"product","link":"https:\/\/yume-silm.com\/fr\/produit\/ceinture-amincissante-creuse-et-respirante-pour-femme\/","title":{"rendered":"Ceinture amincissante creuse et respirante pour femme"},"content":{"rendered":"<h5>Caract\u00e9ristiques de conception<\/h5>\n<ul>\n<li><strong>5 FERMETURES \u00c0 CROCHETS ET \u0152ILLETS :<\/strong> Le corset de sport respirant et amincissant pour femmes est dot\u00e9 de 5 fermetures \u00e0 crochets et \u00e0 \u0153illets, ce qui rend le soutien-gorge en latex plus confortable et plus flexible. Vous pouvez l&#039;ajuster \u00e0 une longueur confortable selon vos besoins, adapt\u00e9 \u00e0 plusieurs \u00e9tapes de perte de poids et peut \u00eatre utilis\u00e9 en plusieurs \u00e9tapes.<\/li>\n<li><strong>R\u00c9CUP\u00c9RATION POST-PARTUM :<\/strong> La ceinture amincissante est un excellent v\u00eatement pour acc\u00e9l\u00e9rer votre retour \u00e0 la forme apr\u00e8s l&#039;accouchement, en offrant un soutien ferme au bas du dos et en comprimant votre ventre avec une ceinture amincissante \u00e0 r\u00e9glage arbitraire.<\/li>\n<li><strong>CONCEPTION DE SOUTIEN DU DOS :<\/strong> Fabriqu\u00e9e \u00e0 partir d&#039;os en acier hautement \u00e9lastiques de haute qualit\u00e9 pour fournir un soutien \u00e0 votre dos, ainsi qu&#039;une pression et un soutien lombaire pour votre abdomen, cette ceinture vous offrira un excellent soutien et am\u00e9liorera bien votre posture du dos.<\/li>\n<li><strong>TISSU DOUX :<\/strong> Fabriqu\u00e9 en tissu confortable, respirant et extensible, facile \u00e0 laver, confortable \u00e0 porter toute la journ\u00e9e et invisible sous les v\u00eatements de tous les jours.<\/li>\n<\/ul>\n<h6><a href=\"https:\/\/yume-silm.com\/wp-content\/uploads\/2024\/08\/Womens-Breathable-Sports-Hollow-Slimming-Waist-Trainer.png\"><img fetchpriority=\"high\" decoding=\"async\" class=\"alignnone wp-image-10615 size-medium\" src=\"https:\/\/yume-silm.com\/wp-content\/uploads\/2024\/08\/Womens-Breathable-Sports-Hollow-Slimming-Waist-Trainer-300x300.png\" alt=\"women&#039;s breathable sports hollow slimming waist trainer\" width=\"300\" height=\"300\" title=\"\" srcset=\"https:\/\/yume-silm.com\/wp-content\/uploads\/2024\/08\/Womens-Breathable-Sports-Hollow-Slimming-Waist-Trainer-300x300.png 300w, https:\/\/yume-silm.com\/wp-content\/uploads\/2024\/08\/Womens-Breathable-Sports-Hollow-Slimming-Waist-Trainer-150x150.png 150w, https:\/\/yume-silm.com\/wp-content\/uploads\/2024\/08\/Womens-Breathable-Sports-Hollow-Slimming-Waist-Trainer-12x12.png 12w, https:\/\/yume-silm.com\/wp-content\/uploads\/2024\/08\/Womens-Breathable-Sports-Hollow-Slimming-Waist-Trainer-100x100.png 100w, https:\/\/yume-silm.com\/wp-content\/uploads\/2024\/08\/Womens-Breathable-Sports-Hollow-Slimming-Waist-Trainer.png 600w\" sizes=\"(max-width: 300px) 100vw, 300px\" \/><\/a><\/h6>\n<h6><em>Ceinture de maintien post-partum respirante pour femmes<\/em><\/h6>\n<ul>\n<li>Fabriqu\u00e9 en tissu respirant et doux, il vous rend confortable \u00e0 porter toute la journ\u00e9e, adapt\u00e9 aux femmes souffrant d&#039;anxi\u00e9t\u00e9 corporelle post-partum, il peut acc\u00e9l\u00e9rer la r\u00e9cup\u00e9ration du corps pr\u00e9op\u00e9ratoire, r\u00e9duire l&#039;anxi\u00e9t\u00e9 et \u00e9loigner l&#039;anxi\u00e9t\u00e9.<\/li>\n<\/ul>","protected":false},"excerpt":{"rendered":"<p>Ce corset de sport respirant et amincissant pour femme est dot\u00e9 de 5 attaches \u00e0 crochets et \u00e0 \u0153illets, adapt\u00e9es \u00e0 plusieurs \u00e9tapes de perte de poids, et ses os en acier hautement \u00e9lastiques de haute qualit\u00e9 peuvent offrir \u00e0 votre dos un meilleur soutien.<\/p>","protected":false},"featured_media":10616,"comment_status":"open","ping_status":"closed","template":"","meta":{"site-sidebar-layout":"default","site-content-layout":"","ast-site-content-layout":"default","site-content-style":"default","site-sidebar-style":"default","ast-global-header-display":"","ast-banner-title-visibility":"","ast-main-header-display":"","ast-hfb-above-header-display":"","ast-hfb-below-header-display":"","ast-hfb-mobile-header-display":"","site-post-title":"","ast-breadcrumbs-content":"","ast-featured-img":"","footer-sml-layout":"","ast-disable-related-posts":"","theme-transparent-header-meta":"default","adv-header-id-meta":"","stick-header-meta":"default","header-above-stick-meta":"","header-main-stick-meta":"","header-below-stick-meta":"","astra-migrate-meta-layouts":"set","ast-page-background-enabled":"default","ast-page-background-meta":{"desktop":{"background-color":"","background-image":"","background-repeat":"repeat","background-position":"center center","background-size":"auto","background-attachment":"scroll","background-type":"","background-media":"","overlay-type":"","overlay-color":"","overlay-opacity":"","overlay-gradient":""},"tablet":{"background-color":"","background-image":"","background-repeat":"repeat","background-position":"center center","background-size":"auto","background-attachment":"scroll","background-type":"","background-media":"","overlay-type":"","overlay-color":"","overlay-opacity":"","overlay-gradient":""},"mobile":{"background-color":"","background-image":"","background-repeat":"repeat","background-position":"center center","background-size":"auto","background-attachment":"scroll","background-type":"","background-media":"","overlay-type":"","overlay-color":"","overlay-opacity":"","overlay-gradient":""}},"ast-content-background-meta":{"desktop":{"background-color":"var(--ast-global-color-5)","background-image":"","background-repeat":"repeat","background-position":"center center","background-size":"auto","background-attachment":"scroll","background-type":"","background-media":"","overlay-type":"","overlay-color":"","overlay-opacity":"","overlay-gradient":""},"tablet":{"background-color":"var(--ast-global-color-5)","background-image":"","background-repeat":"repeat","background-position":"center center","background-size":"auto","background-attachment":"scroll","background-type":"","background-media":"","overlay-type":"","overlay-color":"","overlay-opacity":"","overlay-gradient":""},"mobile":{"background-color":"var(--ast-global-color-5)","background-image":"","background-repeat":"repeat","background-position":"center center","background-size":"auto","background-attachment":"scroll","background-type":"","background-media":"","overlay-type":"","overlay-color":"","overlay-opacity":"","overlay-gradient":""}}},"product_brand":[],"product_cat":[65,76,90,93,96],"product_tag":[855,492,646,857,693,853,858,852,535,856,854,214],"class_list":{"0":"post-10614","1":"product","2":"type-product","3":"status-publish","4":"has-post-thumbnail","6":"product_cat-best-sellers","7":"product_cat-new-arrivels","8":"product_cat-wholesale-waist-trainer","9":"product_cat-wholesale-plus-size-waist-trainer","10":"product_cat-sweat-waist-trainer","11":"product_tag-back-support","12":"product_tag-breathable","13":"product_tag-comfortable","14":"product_tag-flexible","15":"product_tag-high-elastic","16":"product_tag-hollow","17":"product_tag-post-partum","18":"product_tag-preoperative","19":"product_tag-slimming","20":"product_tag-soft-fabric","21":"product_tag-sport","22":"product_tag-waist-trainer","23":"pa_color-beige","24":"pa_color-black","25":"pa_size-2xl","26":"pa_size-3xl","27":"pa_size-l","28":"pa_size-m","29":"pa_size-s","30":"pa_size-xl","31":"desktop-align-center","32":"tablet-align-left","33":"mobile-align-left","34":"ast-product-gallery-layout-horizontal-slider","35":"ast-product-single-variable","36":"ast-product-tabs-layout-horizontal","37":"ast-qv-on-image","39":"first","40":"instock","41":"shipping-taxable","42":"purchasable","43":"product-type-variable"},"tiered_pricing_type":"fixed","tiered_pricing_fixed_rules":{"5":1.5,"50":1.4,"100":1.3},"tiered_pricing_product_settings":{"layout":"default","base_unit_name":{"singular":null,"plural":null},"default_variation":null},"tiered_pricing_minimum_quantity":null,"tiered_pricing_roles_data":[],"tiered_pricing_percentage_rules":[],"_links":{"self":[{"href":"https:\/\/yume-silm.com\/fr\/wp-json\/wp\/v2\/product\/10614","targetHints":{"allow":["GET"]}}],"collection":[{"href":"https:\/\/yume-silm.com\/fr\/wp-json\/wp\/v2\/product"}],"about":[{"href":"https:\/\/yume-silm.com\/fr\/wp-json\/wp\/v2\/types\/product"}],"replies":[{"embeddable":true,"href":"https:\/\/yume-silm.com\/fr\/wp-json\/wp\/v2\/comments?post=10614"}],"wp:featuredmedia":[{"embeddable":true,"href":"https:\/\/yume-silm.com\/fr\/wp-json\/wp\/v2\/media\/10616"}],"wp:attachment":[{"href":"https:\/\/yume-silm.com\/fr\/wp-json\/wp\/v2\/media?parent=10614"}],"wp:term":[{"taxonomy":"product_brand","embeddable":true,"href":"https:\/\/yume-silm.com\/fr\/wp-json\/wp\/v2\/product_brand?post=10614"},{"taxonomy":"product_cat","embeddable":true,"href":"https:\/\/yume-silm.com\/fr\/wp-json\/wp\/v2\/product_cat?post=10614"},{"taxonomy":"product_tag","embeddable":true,"href":"https:\/\/yume-silm.com\/fr\/wp-json\/wp\/v2\/product_tag?post=10614"}],"curies":[{"name":"wp","href":"https:\/\/api.w.org\/{rel}","templated":true}]}}