{"id":10641,"date":"2024-08-23T03:30:46","date_gmt":"2024-08-23T03:30:46","guid":{"rendered":"https:\/\/yume-silm.com\/?post_type=product&#038;p=10641"},"modified":"2025-04-09T00:46:43","modified_gmt":"2025-04-09T00:46:43","slug":"combinaison-de-yoga-sexy-dos-nu-une-piece-2","status":"publish","type":"product","link":"https:\/\/yume-silm.com\/fr\/produit\/combinaison-de-yoga-sexy-dos-nu-une-piece-2\/","title":{"rendered":"Combinaison de yoga sexy dos nu une pi\u00e8ce pour femme"},"content":{"rendered":"<h5>Caract\u00e9ristiques de conception<\/h5>\n<ul>\n<li><strong>TISSU: <\/strong>L&#039;unit\u00e9 de yoga sexy dos nu pour femme est fabriqu\u00e9e dans un tissu hautement \u00e9lastique, respirant et doux, doux au toucher, \u00e9vacuant l&#039;humidit\u00e9, \u00e0 s\u00e9chage rapide, lisse, respirant et doux pour la peau, afin que vous puissiez faire tout ce que vous voulez faire dans votre exercice.<\/li>\n<li><strong>CONCEPTION DE LEVAGE DES HANCHES\u00a0:<\/strong> L&#039;unit\u00e9 de yoga dos nu d&#039;une seule pi\u00e8ce avec un design de serrage des hanches, elle peut am\u00e9liorer le contour de vos fesses, rendre vos fesses plus tridimensionnelles et serr\u00e9es, mieux vous aider \u00e0 fa\u00e7onner vos fesses de p\u00eache et vous rendre plus confiant.<\/li>\n<li><strong>DESIGN UNIQUE:<\/strong> Le pantalon de yoga une pi\u00e8ce pour femme a un design creux dans le dos qui le rend plus respirant. De cette fa\u00e7on, vous ne vous sentirez pas mal \u00e0 l&#039;aise lorsque la sueur reste sur votre dos pendant l&#039;exercice, et les bretelles ne tombent pas facilement pendant l&#039;exercice.<\/li>\n<li><strong>BRETELLES R\u00c9GLABLES :<\/strong> Les bretelles ne tombent pas facilement pendant l&#039;exercice et peuvent \u00eatre ajust\u00e9es \u00e0 une longueur confortable par vous-m\u00eame, avec une vari\u00e9t\u00e9 de couleurs au choix.<\/li>\n<\/ul>\n<p><a href=\"https:\/\/yume-silm.com\/wp-content\/uploads\/2024\/08\/Womens-One-Piece-Backless-Sexy-Belly-Yoga-Unitard-2.png\"><img fetchpriority=\"high\" decoding=\"async\" class=\"alignnone wp-image-10643 size-medium\" src=\"https:\/\/yume-silm.com\/wp-content\/uploads\/2024\/08\/Womens-One-Piece-Backless-Sexy-Belly-Yoga-Unitard-2-300x300.png\" alt=\"combinaison de yoga sexy dos nu pour femme, combinaison une pi\u00e8ce, ventre plat\" width=\"300\" height=\"300\" title=\"\" srcset=\"https:\/\/yume-silm.com\/wp-content\/uploads\/2024\/08\/Womens-One-Piece-Backless-Sexy-Belly-Yoga-Unitard-2-300x300.png 300w, https:\/\/yume-silm.com\/wp-content\/uploads\/2024\/08\/Womens-One-Piece-Backless-Sexy-Belly-Yoga-Unitard-2-150x150.png 150w, https:\/\/yume-silm.com\/wp-content\/uploads\/2024\/08\/Womens-One-Piece-Backless-Sexy-Belly-Yoga-Unitard-2-768x768.png 768w, https:\/\/yume-silm.com\/wp-content\/uploads\/2024\/08\/Womens-One-Piece-Backless-Sexy-Belly-Yoga-Unitard-2-12x12.png 12w, https:\/\/yume-silm.com\/wp-content\/uploads\/2024\/08\/Womens-One-Piece-Backless-Sexy-Belly-Yoga-Unitard-2-100x100.png 100w, https:\/\/yume-silm.com\/wp-content\/uploads\/2024\/08\/Womens-One-Piece-Backless-Sexy-Belly-Yoga-Unitard-2.png 800w\" sizes=\"(max-width: 300px) 100vw, 300px\" \/><\/a><a href=\"https:\/\/yume-silm.com\/wp-content\/uploads\/2024\/08\/Womens-One-Piece-Backless-Sexy-Belly-Yoga-Unitard-3.png\"><img decoding=\"async\" class=\"alignnone wp-image-10644 size-medium\" src=\"https:\/\/yume-silm.com\/wp-content\/uploads\/2024\/08\/Womens-One-Piece-Backless-Sexy-Belly-Yoga-Unitard-3-300x300.png\" alt=\"combinaison de yoga sexy dos nu pour femme, combinaison une pi\u00e8ce, ventre plat\" width=\"300\" height=\"300\" title=\"\" srcset=\"https:\/\/yume-silm.com\/wp-content\/uploads\/2024\/08\/Womens-One-Piece-Backless-Sexy-Belly-Yoga-Unitard-3-300x300.png 300w, https:\/\/yume-silm.com\/wp-content\/uploads\/2024\/08\/Womens-One-Piece-Backless-Sexy-Belly-Yoga-Unitard-3-150x150.png 150w, https:\/\/yume-silm.com\/wp-content\/uploads\/2024\/08\/Womens-One-Piece-Backless-Sexy-Belly-Yoga-Unitard-3-768x768.png 768w, https:\/\/yume-silm.com\/wp-content\/uploads\/2024\/08\/Womens-One-Piece-Backless-Sexy-Belly-Yoga-Unitard-3-12x12.png 12w, https:\/\/yume-silm.com\/wp-content\/uploads\/2024\/08\/Womens-One-Piece-Backless-Sexy-Belly-Yoga-Unitard-3-100x100.png 100w, https:\/\/yume-silm.com\/wp-content\/uploads\/2024\/08\/Womens-One-Piece-Backless-Sexy-Belly-Yoga-Unitard-3.png 800w\" sizes=\"(max-width: 300px) 100vw, 300px\" \/><\/a><\/p>\n<h6><em>Pantalon de yoga une pi\u00e8ce sans manches pour femme<\/em><\/h6>\n<ul>\n<li>Ce pantalon de yoga une pi\u00e8ce sans manches pour femme est soigneusement con\u00e7u pour s&#039;adapter \u00e0 vos courbes et mettre en valeur votre beaut\u00e9 naturelle. Le tissu hautement extensible peut mieux vous aider \u00e0 lisser votre ventre et votre taille.<\/li>\n<\/ul>","protected":false},"excerpt":{"rendered":"<p>Ce justaucorps de yoga sexy dos nu pour femme ne convient pas seulement au yoga, au pilates, \u00e0 la course \u00e0 pied et au fitness. Il convient \u00e9galement aux tenues d\u00e9contract\u00e9es, au quotidien ou \u00e0 un mode de vie actif au quotidien. Polyvalent et \u00e9nergisant. Les couleurs polyvalentes et le tissu hautement extensible favorisent la compression et r\u00e9duisent les vibrations musculaires pendant l&#039;exercice.<\/p>","protected":false},"featured_media":10642,"comment_status":"open","ping_status":"closed","template":"","meta":{"site-sidebar-layout":"default","site-content-layout":"","ast-site-content-layout":"default","site-content-style":"default","site-sidebar-style":"default","ast-global-header-display":"","ast-banner-title-visibility":"","ast-main-header-display":"","ast-hfb-above-header-display":"","ast-hfb-below-header-display":"","ast-hfb-mobile-header-display":"","site-post-title":"","ast-breadcrumbs-content":"","ast-featured-img":"","footer-sml-layout":"","ast-disable-related-posts":"","theme-transparent-header-meta":"default","adv-header-id-meta":"","stick-header-meta":"default","header-above-stick-meta":"","header-main-stick-meta":"","header-below-stick-meta":"","astra-migrate-meta-layouts":"set","ast-page-background-enabled":"default","ast-page-background-meta":{"desktop":{"background-color":"","background-image":"","background-repeat":"repeat","background-position":"center center","background-size":"auto","background-attachment":"scroll","background-type":"","background-media":"","overlay-type":"","overlay-color":"","overlay-opacity":"","overlay-gradient":""},"tablet":{"background-color":"","background-image":"","background-repeat":"repeat","background-position":"center center","background-size":"auto","background-attachment":"scroll","background-type":"","background-media":"","overlay-type":"","overlay-color":"","overlay-opacity":"","overlay-gradient":""},"mobile":{"background-color":"","background-image":"","background-repeat":"repeat","background-position":"center center","background-size":"auto","background-attachment":"scroll","background-type":"","background-media":"","overlay-type":"","overlay-color":"","overlay-opacity":"","overlay-gradient":""}},"ast-content-background-meta":{"desktop":{"background-color":"var(--ast-global-color-5)","background-image":"","background-repeat":"repeat","background-position":"center center","background-size":"auto","background-attachment":"scroll","background-type":"","background-media":"","overlay-type":"","overlay-color":"","overlay-opacity":"","overlay-gradient":""},"tablet":{"background-color":"var(--ast-global-color-5)","background-image":"","background-repeat":"repeat","background-position":"center center","background-size":"auto","background-attachment":"scroll","background-type":"","background-media":"","overlay-type":"","overlay-color":"","overlay-opacity":"","overlay-gradient":""},"mobile":{"background-color":"var(--ast-global-color-5)","background-image":"","background-repeat":"repeat","background-position":"center center","background-size":"auto","background-attachment":"scroll","background-type":"","background-media":"","overlay-type":"","overlay-color":"","overlay-opacity":"","overlay-gradient":""}}},"product_brand":[],"product_cat":[65,76,734,736],"product_tag":[863,143,663,646,489,822,811,148,145,862],"class_list":{"0":"post-10641","1":"product","2":"type-product","3":"status-publish","4":"has-post-thumbnail","6":"product_cat-best-sellers","7":"product_cat-new-arrivels","8":"product_cat-yoga-suits","9":"product_cat-yoga-shorts","10":"product_tag-back-hollow","11":"product_tag-backless","12":"product_tag-belly","13":"product_tag-comfortable","14":"product_tag-compression","15":"product_tag-high-stretch","16":"product_tag-hip-lifting","17":"product_tag-one-piece","18":"product_tag-sexy","19":"product_tag-unitard","20":"pa_color-brown","21":"pa_color-dark-green","22":"pa_color-gray","23":"pa_color-khaki","24":"pa_color-light-green","25":"pa_size-l","26":"pa_size-m","27":"pa_size-s","28":"desktop-align-center","29":"tablet-align-left","30":"mobile-align-left","31":"ast-product-gallery-layout-horizontal-slider","32":"ast-product-single-variable","33":"ast-product-tabs-layout-horizontal","34":"ast-qv-on-image","36":"first","37":"instock","38":"shipping-taxable","39":"purchasable","40":"product-type-variable"},"tiered_pricing_type":"fixed","tiered_pricing_fixed_rules":{"5":6.9,"50":6,"100":4.6},"tiered_pricing_product_settings":{"layout":"default","base_unit_name":{"singular":null,"plural":null},"default_variation":null},"tiered_pricing_minimum_quantity":null,"tiered_pricing_roles_data":[],"tiered_pricing_percentage_rules":[],"_links":{"self":[{"href":"https:\/\/yume-silm.com\/fr\/wp-json\/wp\/v2\/product\/10641","targetHints":{"allow":["GET"]}}],"collection":[{"href":"https:\/\/yume-silm.com\/fr\/wp-json\/wp\/v2\/product"}],"about":[{"href":"https:\/\/yume-silm.com\/fr\/wp-json\/wp\/v2\/types\/product"}],"replies":[{"embeddable":true,"href":"https:\/\/yume-silm.com\/fr\/wp-json\/wp\/v2\/comments?post=10641"}],"wp:featuredmedia":[{"embeddable":true,"href":"https:\/\/yume-silm.com\/fr\/wp-json\/wp\/v2\/media\/10642"}],"wp:attachment":[{"href":"https:\/\/yume-silm.com\/fr\/wp-json\/wp\/v2\/media?parent=10641"}],"wp:term":[{"taxonomy":"product_brand","embeddable":true,"href":"https:\/\/yume-silm.com\/fr\/wp-json\/wp\/v2\/product_brand?post=10641"},{"taxonomy":"product_cat","embeddable":true,"href":"https:\/\/yume-silm.com\/fr\/wp-json\/wp\/v2\/product_cat?post=10641"},{"taxonomy":"product_tag","embeddable":true,"href":"https:\/\/yume-silm.com\/fr\/wp-json\/wp\/v2\/product_tag?post=10641"}],"curies":[{"name":"wp","href":"https:\/\/api.w.org\/{rel}","templated":true}]}}