{"id":10927,"date":"2024-09-02T05:20:46","date_gmt":"2024-09-02T05:20:46","guid":{"rendered":"https:\/\/yume-silm.com\/?post_type=product&#038;p=10927"},"modified":"2025-09-26T01:51:52","modified_gmt":"2025-09-26T01:51:52","slug":"short-de-yoga-respirant-sans-couture","status":"publish","type":"product","link":"https:\/\/yume-silm.com\/fr\/produit\/short-de-yoga-respirant-sans-couture\/","title":{"rendered":"Short de yoga respirant sans coutures z\u00e9br\u00e9 pour femme"},"content":{"rendered":"<h5>Caract\u00e9ristiques de conception<\/h5>\n<ul>\n<li><strong>Motif z\u00e8bre<\/strong>: Le short de yoga respirant sans couture taille haute avec un motif z\u00e8bre \u00e9l\u00e9gant et personnalis\u00e9 donne au short un effet visuel unique et attire davantage l&#039;attention sur vous.<\/li>\n<li><strong>CONCEPTION SANS COUTURE<\/strong>:Les shorts de yoga sans couture sont fabriqu\u00e9s dans un mat\u00e9riau extensible dans les 4 sens pour offrir un maximum de confort et de protection, s&#039;adaptent parfaitement \u00e0 votre peau pour \u00e9viter les frottements, afin que vous puissiez profiter de votre entra\u00eenement avec plus de d\u00e9tente.<\/li>\n<li><strong>FONCTION RESPIRANT ET ANTI-TRANSPIRATION<\/strong>:Respirant, fabriqu\u00e9 en tissu doux, peut vous aider \u00e0 transpirer rapidement, vous pouvez donc le porter confortablement toute la journ\u00e9e.<\/li>\n<li><strong>CONCEPTION TAILLE HAUTE<\/strong>:La conception de coupe taille haute aide \u00e0 resserrer le ventre pour fa\u00e7onner et soulever la courbe de la taille, tout en offrant un meilleur soutien et une meilleure stabilit\u00e9, cr\u00e9ant une silhouette fabuleuse pour vous.<\/li>\n<\/ul>\n<p><a href=\"https:\/\/yume-silm.com\/wp-content\/uploads\/2024\/09\/Womens-Zebra-Seamless-Breathable-Yoga-Shorts-1.jpg\"><img fetchpriority=\"high\" decoding=\"async\" class=\"alignnone wp-image-10929 size-medium\" src=\"https:\/\/yume-silm.com\/wp-content\/uploads\/2024\/09\/Womens-Zebra-Seamless-Breathable-Yoga-Shorts-1-300x300.jpg\" alt=\"short de yoga respirant sans coutures z\u00e9br\u00e9 pour femme (yumesilm)\" width=\"300\" height=\"300\" title=\"\" srcset=\"https:\/\/yume-silm.com\/wp-content\/uploads\/2024\/09\/Womens-Zebra-Seamless-Breathable-Yoga-Shorts-1-300x300.jpg 300w, https:\/\/yume-silm.com\/wp-content\/uploads\/2024\/09\/Womens-Zebra-Seamless-Breathable-Yoga-Shorts-1-150x150.jpg 150w, https:\/\/yume-silm.com\/wp-content\/uploads\/2024\/09\/Womens-Zebra-Seamless-Breathable-Yoga-Shorts-1-768x768.jpg 768w, https:\/\/yume-silm.com\/wp-content\/uploads\/2024\/09\/Womens-Zebra-Seamless-Breathable-Yoga-Shorts-1-12x12.jpg 12w, https:\/\/yume-silm.com\/wp-content\/uploads\/2024\/09\/Womens-Zebra-Seamless-Breathable-Yoga-Shorts-1-100x100.jpg 100w, https:\/\/yume-silm.com\/wp-content\/uploads\/2024\/09\/Womens-Zebra-Seamless-Breathable-Yoga-Shorts-1.jpg 800w\" sizes=\"(max-width: 300px) 100vw, 300px\" \/><\/a><a href=\"https:\/\/yume-silm.com\/wp-content\/uploads\/2024\/09\/Womens-Zebra-Seamless-Breathable-Yoga-Shorts-1-1.jpg\"><img decoding=\"async\" class=\"alignnone wp-image-10930 size-medium\" src=\"https:\/\/yume-silm.com\/wp-content\/uploads\/2024\/09\/Womens-Zebra-Seamless-Breathable-Yoga-Shorts-1-1-300x300.jpg\" alt=\"short de yoga respirant sans coutures z\u00e9br\u00e9 pour femme (yumesilm)\" width=\"300\" height=\"300\" title=\"\" srcset=\"https:\/\/yume-silm.com\/wp-content\/uploads\/2024\/09\/Womens-Zebra-Seamless-Breathable-Yoga-Shorts-1-1-300x300.jpg 300w, https:\/\/yume-silm.com\/wp-content\/uploads\/2024\/09\/Womens-Zebra-Seamless-Breathable-Yoga-Shorts-1-1-150x150.jpg 150w, https:\/\/yume-silm.com\/wp-content\/uploads\/2024\/09\/Womens-Zebra-Seamless-Breathable-Yoga-Shorts-1-1-768x768.jpg 768w, https:\/\/yume-silm.com\/wp-content\/uploads\/2024\/09\/Womens-Zebra-Seamless-Breathable-Yoga-Shorts-1-1-12x12.jpg 12w, https:\/\/yume-silm.com\/wp-content\/uploads\/2024\/09\/Womens-Zebra-Seamless-Breathable-Yoga-Shorts-1-1-100x100.jpg 100w, https:\/\/yume-silm.com\/wp-content\/uploads\/2024\/09\/Womens-Zebra-Seamless-Breathable-Yoga-Shorts-1-1.jpg 800w\" sizes=\"(max-width: 300px) 100vw, 300px\" \/><\/a><\/p>\n<h6><em>Short de sport taille haute pour femme avec effet gainant du ventre<\/em><\/h6>\n<ul>\n<li>Ce short de sport gainant est \u00e0 la fois tendance et personnalis\u00e9. Sa taille haute souligne le galbe de la taille, tandis que le tissu \u00e0 double compression permet de mieux comprimer la graisse abdominale et de mieux sculpter la silhouette.<\/li>\n<\/ul>","protected":false},"excerpt":{"rendered":"<p>Ce short de yoga respirant et sans coutures arbore un motif z\u00e8bre unique, \u00e0 la fois tendance et original. Sa coupe sans coutures \u00e9pouse parfaitement la peau et s&#039;associe \u00e0 un tissu hautement \u00e9lastique et respirant, id\u00e9al pour l&#039;exercice quotidien ou les loisirs.<\/p>","protected":false},"featured_media":10928,"comment_status":"open","ping_status":"closed","template":"","meta":{"site-sidebar-layout":"default","site-content-layout":"","ast-site-content-layout":"default","site-content-style":"default","site-sidebar-style":"default","ast-global-header-display":"","ast-banner-title-visibility":"","ast-main-header-display":"","ast-hfb-above-header-display":"","ast-hfb-below-header-display":"","ast-hfb-mobile-header-display":"","site-post-title":"","ast-breadcrumbs-content":"","ast-featured-img":"","footer-sml-layout":"","ast-disable-related-posts":"","theme-transparent-header-meta":"default","adv-header-id-meta":"","stick-header-meta":"default","header-above-stick-meta":"","header-main-stick-meta":"","header-below-stick-meta":"","astra-migrate-meta-layouts":"set","ast-page-background-enabled":"default","ast-page-background-meta":{"desktop":{"background-color":"","background-image":"","background-repeat":"repeat","background-position":"center center","background-size":"auto","background-attachment":"scroll","background-type":"","background-media":"","overlay-type":"","overlay-color":"","overlay-opacity":"","overlay-gradient":""},"tablet":{"background-color":"","background-image":"","background-repeat":"repeat","background-position":"center center","background-size":"auto","background-attachment":"scroll","background-type":"","background-media":"","overlay-type":"","overlay-color":"","overlay-opacity":"","overlay-gradient":""},"mobile":{"background-color":"","background-image":"","background-repeat":"repeat","background-position":"center center","background-size":"auto","background-attachment":"scroll","background-type":"","background-media":"","overlay-type":"","overlay-color":"","overlay-opacity":"","overlay-gradient":""}},"ast-content-background-meta":{"desktop":{"background-color":"var(--ast-global-color-5)","background-image":"","background-repeat":"repeat","background-position":"center center","background-size":"auto","background-attachment":"scroll","background-type":"","background-media":"","overlay-type":"","overlay-color":"","overlay-opacity":"","overlay-gradient":""},"tablet":{"background-color":"var(--ast-global-color-5)","background-image":"","background-repeat":"repeat","background-position":"center center","background-size":"auto","background-attachment":"scroll","background-type":"","background-media":"","overlay-type":"","overlay-color":"","overlay-opacity":"","overlay-gradient":""},"mobile":{"background-color":"var(--ast-global-color-5)","background-image":"","background-repeat":"repeat","background-position":"center center","background-size":"auto","background-attachment":"scroll","background-type":"","background-media":"","overlay-type":"","overlay-color":"","overlay-opacity":"","overlay-gradient":""}}},"product_brand":[],"product_cat":[65,76,734,736],"product_tag":[492,646,139,805,491,908,907,500,906],"class_list":{"0":"post-10927","1":"product","2":"type-product","3":"status-publish","4":"has-post-thumbnail","6":"product_cat-best-sellers","7":"product_cat-new-arrivels","8":"product_cat-yoga-suits","9":"product_cat-yoga-shorts","10":"product_tag-breathable","11":"product_tag-comfortable","12":"product_tag-high-waist","13":"product_tag-highly-elastic","14":"product_tag-seamless","15":"product_tag-sport-shorts","16":"product_tag-stylish","17":"product_tag-tummy-control","18":"product_tag-zebra-pattern-design","19":"pa_color-black","20":"pa_color-brown","21":"pa_color-orange","22":"pa_color-purple","23":"pa_color-red","24":"pa_size-l","25":"pa_size-m","26":"pa_size-s","27":"pa_size-xs","28":"desktop-align-center","29":"tablet-align-left","30":"mobile-align-left","31":"ast-product-gallery-layout-horizontal-slider","32":"ast-product-single-variable","33":"ast-product-tabs-layout-horizontal","34":"ast-qv-on-image","36":"first","37":"instock","38":"shipping-taxable","39":"purchasable","40":"product-type-variable"},"tiered_pricing_type":"fixed","tiered_pricing_fixed_rules":{"5":6,"50":5.5,"100":5},"tiered_pricing_product_settings":{"layout":"default","base_unit_name":{"singular":null,"plural":null},"default_variation":null},"tiered_pricing_minimum_quantity":null,"tiered_pricing_roles_data":[],"tiered_pricing_percentage_rules":[],"_links":{"self":[{"href":"https:\/\/yume-silm.com\/fr\/wp-json\/wp\/v2\/product\/10927","targetHints":{"allow":["GET"]}}],"collection":[{"href":"https:\/\/yume-silm.com\/fr\/wp-json\/wp\/v2\/product"}],"about":[{"href":"https:\/\/yume-silm.com\/fr\/wp-json\/wp\/v2\/types\/product"}],"replies":[{"embeddable":true,"href":"https:\/\/yume-silm.com\/fr\/wp-json\/wp\/v2\/comments?post=10927"}],"wp:featuredmedia":[{"embeddable":true,"href":"https:\/\/yume-silm.com\/fr\/wp-json\/wp\/v2\/media\/10928"}],"wp:attachment":[{"href":"https:\/\/yume-silm.com\/fr\/wp-json\/wp\/v2\/media?parent=10927"}],"wp:term":[{"taxonomy":"product_brand","embeddable":true,"href":"https:\/\/yume-silm.com\/fr\/wp-json\/wp\/v2\/product_brand?post=10927"},{"taxonomy":"product_cat","embeddable":true,"href":"https:\/\/yume-silm.com\/fr\/wp-json\/wp\/v2\/product_cat?post=10927"},{"taxonomy":"product_tag","embeddable":true,"href":"https:\/\/yume-silm.com\/fr\/wp-json\/wp\/v2\/product_tag?post=10927"}],"curies":[{"name":"wp","href":"https:\/\/api.w.org\/{rel}","templated":true}]}}