{"id":11053,"date":"2024-09-03T07:18:16","date_gmt":"2024-09-03T07:18:16","guid":{"rendered":"https:\/\/yume-silm.com\/?post_type=product&#038;p=11053"},"modified":"2025-09-23T01:28:41","modified_gmt":"2025-09-23T01:28:41","slug":"leggings-de-fitness-respirants-tie-dye","status":"publish","type":"product","link":"https:\/\/yume-silm.com\/fr\/produit\/leggings-de-fitness-respirants-tie-dye\/","title":{"rendered":"Leggings de fitness respirants taille haute tie-dye pour femme"},"content":{"rendered":"<h5>Caract\u00e9ristiques de conception<\/h5>\n<ul>\n<li><strong>CONCEPTION TAILLE HAUTE\u00a0:<\/strong> Les leggings de fitness respirants tie-dye sont con\u00e7us avec une taille haute pour offrir un excellent soutien du ventre et un effet amincissant, ce qui aide \u00e0 cr\u00e9er une taille fine et \u00e0 am\u00e9liorer le temp\u00e9rament g\u00e9n\u00e9ral.<\/li>\n<li><strong>ARTISANAT TIE-DYE :<\/strong> Fabriqu\u00e9 avec un proc\u00e9d\u00e9 de teinture unique, le d\u00e9grad\u00e9 de couleurs est naturel et individuel, vous permettant de vous d\u00e9marquer \u00e0 la salle de sport ou dans vos activit\u00e9s quotidiennes.<\/li>\n<li><strong>RESPIRANT :<\/strong> Fabriqu\u00e9 en tissu respirant et doux pour assurer une \u00e9limination efficace de la chaleur et de l&#039;humidit\u00e9 pendant l&#039;exercice, gardant votre peau s\u00e8che et confortable, vous rendant confortable et sec \u00e0 porter toute la journ\u00e9e.<\/li>\n<li><strong>TISSU HAUTEMENT \u00c9LASTIQUE :<\/strong> Fabriqu\u00e9 en tissu hautement \u00e9lastique avec d&#039;excellentes propri\u00e9t\u00e9s d&#039;\u00e9tirement et d&#039;enveloppement, il peut mieux affiner les courbes de vos jambes et vous permettre de bouger sans restriction.<\/li>\n<\/ul>\n<p><a href=\"https:\/\/yume-silm.com\/wp-content\/uploads\/2024\/09\/Womens-High-Waist-Tie-Dye-Breathable-Fitness-Leggings-2.jpg\"><img fetchpriority=\"high\" decoding=\"async\" class=\"alignnone wp-image-11056 size-medium\" src=\"https:\/\/yume-silm.com\/wp-content\/uploads\/2024\/09\/Womens-High-Waist-Tie-Dye-Breathable-Fitness-Leggings-2-300x300.jpg\" alt=\"(yumesilm) Legging de fitness respirant taille haute tie dye pour femme\" width=\"300\" height=\"300\" title=\"\" srcset=\"https:\/\/yume-silm.com\/wp-content\/uploads\/2024\/09\/Womens-High-Waist-Tie-Dye-Breathable-Fitness-Leggings-2-300x300.jpg 300w, https:\/\/yume-silm.com\/wp-content\/uploads\/2024\/09\/Womens-High-Waist-Tie-Dye-Breathable-Fitness-Leggings-2-150x150.jpg 150w, https:\/\/yume-silm.com\/wp-content\/uploads\/2024\/09\/Womens-High-Waist-Tie-Dye-Breathable-Fitness-Leggings-2-768x768.jpg 768w, https:\/\/yume-silm.com\/wp-content\/uploads\/2024\/09\/Womens-High-Waist-Tie-Dye-Breathable-Fitness-Leggings-2-12x12.jpg 12w, https:\/\/yume-silm.com\/wp-content\/uploads\/2024\/09\/Womens-High-Waist-Tie-Dye-Breathable-Fitness-Leggings-2-100x100.jpg 100w, https:\/\/yume-silm.com\/wp-content\/uploads\/2024\/09\/Womens-High-Waist-Tie-Dye-Breathable-Fitness-Leggings-2.jpg 800w\" sizes=\"(max-width: 300px) 100vw, 300px\" \/><\/a><a href=\"https:\/\/yume-silm.com\/wp-content\/uploads\/2024\/09\/Womens-High-Waist-Tie-Dye-Breathable-Fitness-Leggings-1-1.jpg\"><img decoding=\"async\" class=\"alignnone wp-image-11057 size-medium\" src=\"https:\/\/yume-silm.com\/wp-content\/uploads\/2024\/09\/Womens-High-Waist-Tie-Dye-Breathable-Fitness-Leggings-1-1-300x300.jpg\" alt=\"(yumesilm) Legging de fitness respirant taille haute tie dye pour femme\" width=\"300\" height=\"300\" title=\"\" srcset=\"https:\/\/yume-silm.com\/wp-content\/uploads\/2024\/09\/Womens-High-Waist-Tie-Dye-Breathable-Fitness-Leggings-1-1-300x300.jpg 300w, https:\/\/yume-silm.com\/wp-content\/uploads\/2024\/09\/Womens-High-Waist-Tie-Dye-Breathable-Fitness-Leggings-1-1-150x150.jpg 150w, https:\/\/yume-silm.com\/wp-content\/uploads\/2024\/09\/Womens-High-Waist-Tie-Dye-Breathable-Fitness-Leggings-1-1-768x768.jpg 768w, https:\/\/yume-silm.com\/wp-content\/uploads\/2024\/09\/Womens-High-Waist-Tie-Dye-Breathable-Fitness-Leggings-1-1-12x12.jpg 12w, https:\/\/yume-silm.com\/wp-content\/uploads\/2024\/09\/Womens-High-Waist-Tie-Dye-Breathable-Fitness-Leggings-1-1-100x100.jpg 100w, https:\/\/yume-silm.com\/wp-content\/uploads\/2024\/09\/Womens-High-Waist-Tie-Dye-Breathable-Fitness-Leggings-1-1.jpg 800w\" sizes=\"(max-width: 300px) 100vw, 300px\" \/><\/a><\/p>\n<h6><em>Leggings de yoga extensibles pour femmes, effet lifting des hanches<\/em><\/h6>\n<ul>\n<li>Dot\u00e9s d&#039;un motif tie-dye et d&#039;un design qui soul\u00e8ve les hanches, ces leggings de yoga offrent une exp\u00e9rience de port personnalis\u00e9e mais pratique, et conviennent \u00e9galement \u00e0 une vari\u00e9t\u00e9 d&#039;occasions, vous permettant de montrer votre \u00e9nergie et votre charme en toute confiance.<\/li>\n<\/ul>","protected":false},"excerpt":{"rendered":"<p>Ces leggings de fitness respirants tie-dye vous garderont \u00e0 l&#039;aise et au sec toute la journ\u00e9e, et la conception taille haute vous gardera \u00e9galement plus en s\u00e9curit\u00e9 et moins susceptible de glisser pendant votre entra\u00eenement.<\/p>","protected":false},"featured_media":11054,"comment_status":"open","ping_status":"closed","template":"","meta":{"site-sidebar-layout":"default","site-content-layout":"","ast-site-content-layout":"default","site-content-style":"default","site-sidebar-style":"default","ast-global-header-display":"","ast-banner-title-visibility":"","ast-main-header-display":"","ast-hfb-above-header-display":"","ast-hfb-below-header-display":"","ast-hfb-mobile-header-display":"","site-post-title":"","ast-breadcrumbs-content":"","ast-featured-img":"","footer-sml-layout":"","ast-disable-related-posts":"","theme-transparent-header-meta":"default","adv-header-id-meta":"","stick-header-meta":"default","header-above-stick-meta":"","header-main-stick-meta":"","header-below-stick-meta":"","astra-migrate-meta-layouts":"set","ast-page-background-enabled":"default","ast-page-background-meta":{"desktop":{"background-color":"","background-image":"","background-repeat":"repeat","background-position":"center center","background-size":"auto","background-attachment":"scroll","background-type":"","background-media":"","overlay-type":"","overlay-color":"","overlay-opacity":"","overlay-gradient":""},"tablet":{"background-color":"","background-image":"","background-repeat":"repeat","background-position":"center center","background-size":"auto","background-attachment":"scroll","background-type":"","background-media":"","overlay-type":"","overlay-color":"","overlay-opacity":"","overlay-gradient":""},"mobile":{"background-color":"","background-image":"","background-repeat":"repeat","background-position":"center center","background-size":"auto","background-attachment":"scroll","background-type":"","background-media":"","overlay-type":"","overlay-color":"","overlay-opacity":"","overlay-gradient":""}},"ast-content-background-meta":{"desktop":{"background-color":"var(--ast-global-color-5)","background-image":"","background-repeat":"repeat","background-position":"center center","background-size":"auto","background-attachment":"scroll","background-type":"","background-media":"","overlay-type":"","overlay-color":"","overlay-opacity":"","overlay-gradient":""},"tablet":{"background-color":"var(--ast-global-color-5)","background-image":"","background-repeat":"repeat","background-position":"center center","background-size":"auto","background-attachment":"scroll","background-type":"","background-media":"","overlay-type":"","overlay-color":"","overlay-opacity":"","overlay-gradient":""},"mobile":{"background-color":"var(--ast-global-color-5)","background-image":"","background-repeat":"repeat","background-position":"center center","background-size":"auto","background-attachment":"scroll","background-type":"","background-media":"","overlay-type":"","overlay-color":"","overlay-opacity":"","overlay-gradient":""}}},"product_brand":[],"product_cat":[65,76,734,737],"product_tag":[492,646,932,933,139,811,915,934,687,749,779],"class_list":{"0":"post-11053","1":"product","2":"type-product","3":"status-publish","4":"has-post-thumbnail","6":"product_cat-best-sellers","7":"product_cat-new-arrivels","8":"product_cat-yoga-suits","9":"product_cat-yoga-leggings","10":"product_tag-breathable","11":"product_tag-comfortable","12":"product_tag-fitness-leggings","13":"product_tag-high-elestic","14":"product_tag-high-waist","15":"product_tag-hip-lifting","16":"product_tag-individual","17":"product_tag-slim-waistline","18":"product_tag-soft","19":"product_tag-tie-dye","20":"product_tag-yoga-leggings","21":"pa_color-color1","22":"pa_color-color2","23":"pa_color-color3","24":"pa_color-color4","25":"pa_size-l","26":"pa_size-m","27":"pa_size-s","28":"desktop-align-center","29":"tablet-align-left","30":"mobile-align-left","31":"ast-product-gallery-layout-horizontal-slider","32":"ast-product-single-variable","33":"ast-product-tabs-layout-horizontal","34":"ast-qv-on-image","36":"first","37":"instock","38":"shipping-taxable","39":"purchasable","40":"product-type-variable"},"tiered_pricing_type":"fixed","tiered_pricing_fixed_rules":{"5":8,"50":7.5,"100":7},"tiered_pricing_product_settings":{"layout":"default","base_unit_name":{"singular":null,"plural":null},"default_variation":null},"tiered_pricing_minimum_quantity":null,"tiered_pricing_roles_data":[],"tiered_pricing_percentage_rules":[],"_links":{"self":[{"href":"https:\/\/yume-silm.com\/fr\/wp-json\/wp\/v2\/product\/11053","targetHints":{"allow":["GET"]}}],"collection":[{"href":"https:\/\/yume-silm.com\/fr\/wp-json\/wp\/v2\/product"}],"about":[{"href":"https:\/\/yume-silm.com\/fr\/wp-json\/wp\/v2\/types\/product"}],"replies":[{"embeddable":true,"href":"https:\/\/yume-silm.com\/fr\/wp-json\/wp\/v2\/comments?post=11053"}],"wp:featuredmedia":[{"embeddable":true,"href":"https:\/\/yume-silm.com\/fr\/wp-json\/wp\/v2\/media\/11054"}],"wp:attachment":[{"href":"https:\/\/yume-silm.com\/fr\/wp-json\/wp\/v2\/media?parent=11053"}],"wp:term":[{"taxonomy":"product_brand","embeddable":true,"href":"https:\/\/yume-silm.com\/fr\/wp-json\/wp\/v2\/product_brand?post=11053"},{"taxonomy":"product_cat","embeddable":true,"href":"https:\/\/yume-silm.com\/fr\/wp-json\/wp\/v2\/product_cat?post=11053"},{"taxonomy":"product_tag","embeddable":true,"href":"https:\/\/yume-silm.com\/fr\/wp-json\/wp\/v2\/product_tag?post=11053"}],"curies":[{"name":"wp","href":"https:\/\/api.w.org\/{rel}","templated":true}]}}