{"id":11076,"date":"2024-09-03T07:45:41","date_gmt":"2024-09-03T07:45:41","guid":{"rendered":"https:\/\/yume-silm.com\/?post_type=product&#038;p=11076"},"modified":"2026-03-06T10:48:09","modified_gmt":"2026-03-06T10:48:09","slug":"combinaison-moulante-cotelee-a-manches-longues","status":"publish","type":"product","link":"https:\/\/yume-silm.com\/fr\/produit\/combinaison-moulante-cotelee-a-manches-longues\/","title":{"rendered":"Combinaison moulante c\u00f4tel\u00e9e \u00e0 manches longues et effet gainant pour femme"},"content":{"rendered":"<h5>Caract\u00e9ristiques de conception<\/h5>\n<ul>\n<li><strong>CONCEPTION CONTR\u00d4LANT LE VENTRE :<\/strong> Les combinaisons moulantes c\u00f4tel\u00e9es \u00e0 manches longues d&#039;une seule pi\u00e8ce sont con\u00e7ues avec un design de contr\u00f4le du ventre, soutenu par le tissu extensible, qui fa\u00e7onne une taille fine et am\u00e9liore efficacement la fermet\u00e9 du ventre, rendant vos courbes plus parfaites et mettant en valeur votre silhouette \u00e9l\u00e9gante.<\/li>\n<li><strong>Tissu c\u00f4tel\u00e9 :<\/strong> Le tissu c\u00f4tel\u00e9 doux et agr\u00e9able pour la peau am\u00e9liore non seulement la texture de la combinaison, mais am\u00e9liore \u00e9galement le confort et l&#039;\u00e9lasticit\u00e9, ainsi qu&#039;une bonne r\u00e9sistance \u00e0 l&#039;abrasion et \u00e0 la respirabilit\u00e9.<\/li>\n<li><strong>CONCEPTION \u00c0 MANCHES LONGUES :<\/strong> La conception \u00e0 manches longues augmente la couverture et la chaleur de la combinaison, adapt\u00e9e \u00e0 diff\u00e9rentes saisons et occasions.<\/li>\n<li><strong>COUPE PLUS MINCE :<\/strong> La combinaison est ajust\u00e9e, affinant les courbes et mettant en valeur les jambes et les bras. Que ce soit pour le sport ou au quotidien, sa coupe ajust\u00e9e affiche assurance et vitalit\u00e9.<\/li>\n<\/ul>\n<h6><em>Ensemble de yoga une pi\u00e8ce c\u00f4tel\u00e9 respirant sans coutures pour femme<\/em><\/h6>\n<ul>\n<li>La combinaison est fabriqu\u00e9e dans un tissu respirant et sans coutures, vous permettant de la porter confortablement toute la journ\u00e9e. Sa conception sans coutures r\u00e9duit les frottements et offre un confort optimal, vous offrant ainsi plus de libert\u00e9 pendant votre entra\u00eenement.<\/li>\n<\/ul>","protected":false},"excerpt":{"rendered":"<p>Ces combinaisons moulantes c\u00f4tel\u00e9es \u00e0 manches longues d&#039;une seule pi\u00e8ce sont une combinaison parfaite de mode et de confort, ce qui peut vous apporter une exp\u00e9rience de port confiante et \u00e9l\u00e9gante dans diff\u00e9rentes occasions et montrer la force et le charme uniques des femmes.<\/p>","protected":false},"featured_media":11077,"comment_status":"open","ping_status":"closed","template":"","meta":{"site-sidebar-layout":"default","site-content-layout":"","ast-site-content-layout":"default","site-content-style":"default","site-sidebar-style":"default","ast-global-header-display":"","ast-banner-title-visibility":"","ast-main-header-display":"","ast-hfb-above-header-display":"","ast-hfb-below-header-display":"","ast-hfb-mobile-header-display":"","site-post-title":"","ast-breadcrumbs-content":"","ast-featured-img":"","footer-sml-layout":"","ast-disable-related-posts":"","theme-transparent-header-meta":"default","adv-header-id-meta":"","stick-header-meta":"default","header-above-stick-meta":"","header-main-stick-meta":"","header-below-stick-meta":"","astra-migrate-meta-layouts":"set","ast-page-background-enabled":"default","ast-page-background-meta":{"desktop":{"background-color":"","background-image":"","background-repeat":"repeat","background-position":"center center","background-size":"auto","background-attachment":"scroll","background-type":"","background-media":"","overlay-type":"","overlay-color":"","overlay-opacity":"","overlay-gradient":""},"tablet":{"background-color":"","background-image":"","background-repeat":"repeat","background-position":"center center","background-size":"auto","background-attachment":"scroll","background-type":"","background-media":"","overlay-type":"","overlay-color":"","overlay-opacity":"","overlay-gradient":""},"mobile":{"background-color":"","background-image":"","background-repeat":"repeat","background-position":"center center","background-size":"auto","background-attachment":"scroll","background-type":"","background-media":"","overlay-type":"","overlay-color":"","overlay-opacity":"","overlay-gradient":""}},"ast-content-background-meta":{"desktop":{"background-color":"var(--ast-global-color-5)","background-image":"","background-repeat":"repeat","background-position":"center center","background-size":"auto","background-attachment":"scroll","background-type":"","background-media":"","overlay-type":"","overlay-color":"","overlay-opacity":"","overlay-gradient":""},"tablet":{"background-color":"var(--ast-global-color-5)","background-image":"","background-repeat":"repeat","background-position":"center center","background-size":"auto","background-attachment":"scroll","background-type":"","background-media":"","overlay-type":"","overlay-color":"","overlay-opacity":"","overlay-gradient":""},"mobile":{"background-color":"var(--ast-global-color-5)","background-image":"","background-repeat":"repeat","background-position":"center center","background-size":"auto","background-attachment":"scroll","background-type":"","background-media":"","overlay-type":"","overlay-color":"","overlay-opacity":"","overlay-gradient":""}}},"product_brand":[],"product_cat":[65,76,734,737],"product_tag":[492,646,183,935,758,491,535,654,500,185],"class_list":{"0":"post-11076","1":"product","2":"type-product","3":"status-publish","4":"has-post-thumbnail","6":"product_cat-best-sellers","7":"product_cat-new-arrivels","8":"product_cat-yoga-suits","9":"product_cat-yoga-leggings","10":"product_tag-breathable","11":"product_tag-comfortable","12":"product_tag-long-sleeve","13":"product_tag-one-piece-jumpsuits","14":"product_tag-ribbed","15":"product_tag-seamless","16":"product_tag-slimming","17":"product_tag-tight","18":"product_tag-tummy-control","19":"product_tag-workout","20":"pa_color-beige","21":"pa_color-black","22":"pa_color-brown","23":"pa_color-gray","24":"pa_size-2xl","25":"pa_size-l","26":"pa_size-m","27":"pa_size-s","28":"pa_size-xl","29":"desktop-align-center","30":"tablet-align-left","31":"mobile-align-left","32":"ast-product-gallery-layout-horizontal-slider","33":"ast-product-single-variable","34":"ast-product-tabs-layout-horizontal","35":"ast-qv-on-image","37":"first","38":"instock","39":"shipping-taxable","40":"purchasable","41":"product-type-variable"},"tiered_pricing_type":"fixed","tiered_pricing_fixed_rules":{"5":10.5,"50":10,"100":9.55},"tiered_pricing_product_settings":{"layout":"default","base_unit_name":{"singular":null,"plural":null},"default_variation":null},"tiered_pricing_minimum_quantity":null,"tiered_pricing_roles_data":[],"tiered_pricing_percentage_rules":[],"_links":{"self":[{"href":"https:\/\/yume-silm.com\/fr\/wp-json\/wp\/v2\/product\/11076","targetHints":{"allow":["GET"]}}],"collection":[{"href":"https:\/\/yume-silm.com\/fr\/wp-json\/wp\/v2\/product"}],"about":[{"href":"https:\/\/yume-silm.com\/fr\/wp-json\/wp\/v2\/types\/product"}],"replies":[{"embeddable":true,"href":"https:\/\/yume-silm.com\/fr\/wp-json\/wp\/v2\/comments?post=11076"}],"wp:featuredmedia":[{"embeddable":true,"href":"https:\/\/yume-silm.com\/fr\/wp-json\/wp\/v2\/media\/11077"}],"wp:attachment":[{"href":"https:\/\/yume-silm.com\/fr\/wp-json\/wp\/v2\/media?parent=11076"}],"wp:term":[{"taxonomy":"product_brand","embeddable":true,"href":"https:\/\/yume-silm.com\/fr\/wp-json\/wp\/v2\/product_brand?post=11076"},{"taxonomy":"product_cat","embeddable":true,"href":"https:\/\/yume-silm.com\/fr\/wp-json\/wp\/v2\/product_cat?post=11076"},{"taxonomy":"product_tag","embeddable":true,"href":"https:\/\/yume-silm.com\/fr\/wp-json\/wp\/v2\/product_tag?post=11076"}],"curies":[{"name":"wp","href":"https:\/\/api.w.org\/{rel}","templated":true}]}}