{"id":11160,"date":"2024-09-09T02:50:12","date_gmt":"2024-09-09T02:50:12","guid":{"rendered":"https:\/\/yume-silm.com\/?post_type=product&#038;p=11160"},"modified":"2025-07-21T01:52:00","modified_gmt":"2025-07-21T01:52:00","slug":"long-sleeve-jacket-seamless-athletic-suit","status":"publish","type":"product","link":"https:\/\/yume-silm.com\/fr\/produit\/long-sleeve-jacket-seamless-athletic-suit\/","title":{"rendered":"Combinaison de sport 3 pi\u00e8ces sans coutures pour femme, veste \u00e0 manches longues"},"content":{"rendered":"<h5>Caract\u00e9ristiques de conception<\/h5>\n<ul>\n<li><strong>CONCEPTION SANS COUTURE\u00a0: <\/strong>Long sleeve jacket seamless athletic suit has samless technology is used to reduce friction and bring a smoother wearing experience.<\/li>\n<li><strong>HIGH-STRETCH FABRIC: <\/strong>A fitness suit made from high-stretch fabric that stretches and hugs your body for a lightweight, close-fitting fit, allowing you to move freely during all types of exercise.<\/li>\n<li><strong>QUICK-DRYING:<\/strong> Yoga suit with good breathability and quick-drying function, it helps you stay fresh and dry during sports.<\/li>\n<li><strong>MULTIFUNCTIONAL COMBINATION:<\/strong> From the sports field to everyday leisure, the 3-piece set is designed to be flexible and versatile for all occasions<\/li>\n<\/ul>\n<h6><em>Women&#8217;s High Stretch Breathable Yoga Set<\/em><\/h6>\n<ul>\n<li>This high stretch yoga set is made of high stretch and breathable fabric, so you can wear it all day long and stay dry and comfortable, the high stretch fabric gives you more freedom of movement without any restriction.<\/li>\n<\/ul>\n<p>&nbsp;<\/p>","protected":false},"excerpt":{"rendered":"<p>This women&#8217;s long sleeve jacket seamless athletic suit is designed for women who are looking for comfort and fashion, whether it&#8217;s for yoga, fitness, running or daily outing, it provides you with all-around support and comfort, and it&#8217;s the best choice for you.<\/p>","protected":false},"featured_media":11161,"comment_status":"open","ping_status":"closed","template":"","meta":{"site-sidebar-layout":"default","site-content-layout":"","ast-site-content-layout":"default","site-content-style":"default","site-sidebar-style":"default","ast-global-header-display":"","ast-banner-title-visibility":"","ast-main-header-display":"","ast-hfb-above-header-display":"","ast-hfb-below-header-display":"","ast-hfb-mobile-header-display":"","site-post-title":"","ast-breadcrumbs-content":"","ast-featured-img":"","footer-sml-layout":"","ast-disable-related-posts":"","theme-transparent-header-meta":"default","adv-header-id-meta":"","stick-header-meta":"default","header-above-stick-meta":"","header-main-stick-meta":"","header-below-stick-meta":"","astra-migrate-meta-layouts":"set","ast-page-background-enabled":"default","ast-page-background-meta":{"desktop":{"background-color":"","background-image":"","background-repeat":"repeat","background-position":"center center","background-size":"auto","background-attachment":"scroll","background-type":"","background-media":"","overlay-type":"","overlay-color":"","overlay-opacity":"","overlay-gradient":""},"tablet":{"background-color":"","background-image":"","background-repeat":"repeat","background-position":"center center","background-size":"auto","background-attachment":"scroll","background-type":"","background-media":"","overlay-type":"","overlay-color":"","overlay-opacity":"","overlay-gradient":""},"mobile":{"background-color":"","background-image":"","background-repeat":"repeat","background-position":"center center","background-size":"auto","background-attachment":"scroll","background-type":"","background-media":"","overlay-type":"","overlay-color":"","overlay-opacity":"","overlay-gradient":""}},"ast-content-background-meta":{"desktop":{"background-color":"var(--ast-global-color-5)","background-image":"","background-repeat":"repeat","background-position":"center center","background-size":"auto","background-attachment":"scroll","background-type":"","background-media":"","overlay-type":"","overlay-color":"","overlay-opacity":"","overlay-gradient":""},"tablet":{"background-color":"var(--ast-global-color-5)","background-image":"","background-repeat":"repeat","background-position":"center center","background-size":"auto","background-attachment":"scroll","background-type":"","background-media":"","overlay-type":"","overlay-color":"","overlay-opacity":"","overlay-gradient":""},"mobile":{"background-color":"var(--ast-global-color-5)","background-image":"","background-repeat":"repeat","background-position":"center center","background-size":"auto","background-attachment":"scroll","background-type":"","background-media":"","overlay-type":"","overlay-color":"","overlay-opacity":"","overlay-gradient":""}}},"product_brand":[],"product_cat":[65,76,734,735,737],"product_tag":[940,492,413,926,822,183,778,491,576,927],"class_list":{"0":"post-11160","1":"product","2":"type-product","3":"status-publish","4":"has-post-thumbnail","6":"product_cat-best-sellers","7":"product_cat-new-arrivels","8":"product_cat-yoga-suits","9":"product_cat-yoga-tops","10":"product_cat-yoga-leggings","11":"product_tag-athletic-suit","12":"product_tag-breathable","13":"product_tag-fitness","14":"product_tag-fitness-suit","15":"product_tag-high-stretch","16":"product_tag-long-sleeve","17":"product_tag-quick-dry","18":"product_tag-seamless","19":"product_tag-sport-suit","20":"product_tag-yoga-set","21":"pa_color-black","22":"pa_color-blue","23":"pa_color-brown","24":"pa_color-green","25":"pa_color-light-brown","26":"pa_color-orange","27":"pa_color-red","28":"pa_size-l","29":"pa_size-m","30":"pa_size-s","31":"pa_size-xl","32":"desktop-align-center","33":"tablet-align-left","34":"mobile-align-left","35":"ast-product-gallery-layout-horizontal-slider","36":"ast-product-single-variable","37":"ast-product-tabs-layout-horizontal","38":"ast-qv-on-image","40":"first","41":"instock","42":"shipping-taxable","43":"purchasable","44":"product-type-variable"},"tiered_pricing_type":"fixed","tiered_pricing_fixed_rules":{"5":29,"50":27,"100":25},"tiered_pricing_product_settings":{"layout":"default","base_unit_name":{"singular":null,"plural":null},"default_variation":null},"tiered_pricing_minimum_quantity":null,"tiered_pricing_roles_data":[],"tiered_pricing_percentage_rules":[],"_links":{"self":[{"href":"https:\/\/yume-silm.com\/fr\/wp-json\/wp\/v2\/product\/11160","targetHints":{"allow":["GET"]}}],"collection":[{"href":"https:\/\/yume-silm.com\/fr\/wp-json\/wp\/v2\/product"}],"about":[{"href":"https:\/\/yume-silm.com\/fr\/wp-json\/wp\/v2\/types\/product"}],"replies":[{"embeddable":true,"href":"https:\/\/yume-silm.com\/fr\/wp-json\/wp\/v2\/comments?post=11160"}],"wp:featuredmedia":[{"embeddable":true,"href":"https:\/\/yume-silm.com\/fr\/wp-json\/wp\/v2\/media\/11161"}],"wp:attachment":[{"href":"https:\/\/yume-silm.com\/fr\/wp-json\/wp\/v2\/media?parent=11160"}],"wp:term":[{"taxonomy":"product_brand","embeddable":true,"href":"https:\/\/yume-silm.com\/fr\/wp-json\/wp\/v2\/product_brand?post=11160"},{"taxonomy":"product_cat","embeddable":true,"href":"https:\/\/yume-silm.com\/fr\/wp-json\/wp\/v2\/product_cat?post=11160"},{"taxonomy":"product_tag","embeddable":true,"href":"https:\/\/yume-silm.com\/fr\/wp-json\/wp\/v2\/product_tag?post=11160"}],"curies":[{"name":"wp","href":"https:\/\/api.w.org\/{rel}","templated":true}]}}