{"id":11201,"date":"2024-09-09T05:33:17","date_gmt":"2024-09-09T05:33:17","guid":{"rendered":"https:\/\/yume-silm.com\/?post_type=product&#038;p=11201"},"modified":"2025-09-26T01:51:59","modified_gmt":"2025-09-26T01:51:59","slug":"high-elastic-backless-seamless-fitness-set","status":"publish","type":"product","link":"https:\/\/yume-silm.com\/fr\/produit\/high-elastic-backless-seamless-fitness-set\/","title":{"rendered":"Ensemble de fitness dos nu sans coutures et tr\u00e8s \u00e9lastique pour femme"},"content":{"rendered":"<h5>Caract\u00e9ristiques de conception<\/h5>\n<ul>\n<li><strong>SEAMLESS CRAFTSMANSHIP<\/strong>: High elastic backless seamless fitness set reduces chafing and provides all-day comfort and support for a comfortable, unrestricted workout.<\/li>\n<li><strong>HIGHLY ELASTIC SUPPORT:<\/strong> Stretchy fabric moulds to your body and provides strong support for a wide range of exercises, helping you face every movement with ease.<\/li>\n<li><strong>BACKBREAKING DESIGN:<\/strong> Stylish back-breaking cut highlights the curve of your back, making you more attractive when you exercise.<\/li>\n<li><strong>L\u00c9GER ET RESPIRANT\u00a0:<\/strong> Lightweight fabric with high quality breathability keeps your skin dry and cool, adaptable to high intensity training and daily activities.<\/li>\n<\/ul>\n<h6><em>Women&#8217;s lightweight breathable sports suit<\/em><\/h6>\n<ul>\n<li>Designed for sports, this breathable sports suit is made from a lightweight, breathable fabric that provides comfortable support and keeps you dry, whether you&#8217;re working out intensely or doing light yoga, you&#8217;ll stay comfortable all day long.<\/li>\n<\/ul>","protected":false},"excerpt":{"rendered":"<p>Cet ensemble de fitness sans couture \u00e0 dos hautement \u00e9lastique vous offrira la libert\u00e9 et le confort dont vous avez besoin pour chaque entra\u00eenement et cr\u00e9era un dos confiant et attrayant qui montre confiance et vitalit\u00e9.<\/p>","protected":false},"featured_media":11202,"comment_status":"open","ping_status":"closed","template":"","meta":{"site-sidebar-layout":"default","site-content-layout":"","ast-site-content-layout":"default","site-content-style":"default","site-sidebar-style":"default","ast-global-header-display":"","ast-banner-title-visibility":"","ast-main-header-display":"","ast-hfb-above-header-display":"","ast-hfb-below-header-display":"","ast-hfb-mobile-header-display":"","site-post-title":"","ast-breadcrumbs-content":"","ast-featured-img":"","footer-sml-layout":"","ast-disable-related-posts":"","theme-transparent-header-meta":"default","adv-header-id-meta":"","stick-header-meta":"default","header-above-stick-meta":"","header-main-stick-meta":"","header-below-stick-meta":"","astra-migrate-meta-layouts":"set","ast-page-background-enabled":"default","ast-page-background-meta":{"desktop":{"background-color":"","background-image":"","background-repeat":"repeat","background-position":"center center","background-size":"auto","background-attachment":"scroll","background-type":"","background-media":"","overlay-type":"","overlay-color":"","overlay-opacity":"","overlay-gradient":""},"tablet":{"background-color":"","background-image":"","background-repeat":"repeat","background-position":"center center","background-size":"auto","background-attachment":"scroll","background-type":"","background-media":"","overlay-type":"","overlay-color":"","overlay-opacity":"","overlay-gradient":""},"mobile":{"background-color":"","background-image":"","background-repeat":"repeat","background-position":"center center","background-size":"auto","background-attachment":"scroll","background-type":"","background-media":"","overlay-type":"","overlay-color":"","overlay-opacity":"","overlay-gradient":""}},"ast-content-background-meta":{"desktop":{"background-color":"var(--ast-global-color-5)","background-image":"","background-repeat":"repeat","background-position":"center center","background-size":"auto","background-attachment":"scroll","background-type":"","background-media":"","overlay-type":"","overlay-color":"","overlay-opacity":"","overlay-gradient":""},"tablet":{"background-color":"var(--ast-global-color-5)","background-image":"","background-repeat":"repeat","background-position":"center center","background-size":"auto","background-attachment":"scroll","background-type":"","background-media":"","overlay-type":"","overlay-color":"","overlay-opacity":"","overlay-gradient":""},"mobile":{"background-color":"var(--ast-global-color-5)","background-image":"","background-repeat":"repeat","background-position":"center center","background-size":"auto","background-attachment":"scroll","background-type":"","background-media":"","overlay-type":"","overlay-color":"","overlay-opacity":"","overlay-gradient":""}}},"product_brand":[],"product_cat":[65,76,734,735,736],"product_tag":[143,492,499,943,693,942,491,950,185],"class_list":{"0":"post-11201","1":"product","2":"type-product","3":"status-publish","4":"has-post-thumbnail","6":"product_cat-best-sellers","7":"product_cat-new-arrivels","8":"product_cat-yoga-suits","9":"product_cat-yoga-tops","10":"product_cat-yoga-shorts","11":"product_tag-backless","12":"product_tag-breathable","13":"product_tag-confidence","14":"product_tag-fitness-bra","15":"product_tag-high-elastic","16":"product_tag-light-weight","17":"product_tag-seamless","18":"product_tag-spotr-suit","19":"product_tag-workout","20":"pa_color-black-short","21":"pa_color-black-top","22":"pa_color-blue-short","23":"pa_color-blue-top","24":"pa_color-green-short","25":"pa_color-green-top","26":"pa_size-l","27":"pa_size-m","28":"pa_size-s","29":"pa_size-xl","30":"desktop-align-center","31":"tablet-align-left","32":"mobile-align-left","33":"ast-product-gallery-layout-horizontal-slider","34":"ast-product-single-variable","35":"ast-product-tabs-layout-horizontal","36":"ast-qv-on-image","38":"first","39":"instock","40":"shipping-taxable","41":"purchasable","42":"product-type-variable"},"tiered_pricing_type":"fixed","tiered_pricing_fixed_rules":{"5":7.8,"50":7.5,"100":7},"tiered_pricing_product_settings":{"layout":"default","base_unit_name":{"singular":null,"plural":null},"default_variation":null},"tiered_pricing_minimum_quantity":null,"tiered_pricing_roles_data":[],"tiered_pricing_percentage_rules":[],"_links":{"self":[{"href":"https:\/\/yume-silm.com\/fr\/wp-json\/wp\/v2\/product\/11201","targetHints":{"allow":["GET"]}}],"collection":[{"href":"https:\/\/yume-silm.com\/fr\/wp-json\/wp\/v2\/product"}],"about":[{"href":"https:\/\/yume-silm.com\/fr\/wp-json\/wp\/v2\/types\/product"}],"replies":[{"embeddable":true,"href":"https:\/\/yume-silm.com\/fr\/wp-json\/wp\/v2\/comments?post=11201"}],"wp:featuredmedia":[{"embeddable":true,"href":"https:\/\/yume-silm.com\/fr\/wp-json\/wp\/v2\/media\/11202"}],"wp:attachment":[{"href":"https:\/\/yume-silm.com\/fr\/wp-json\/wp\/v2\/media?parent=11201"}],"wp:term":[{"taxonomy":"product_brand","embeddable":true,"href":"https:\/\/yume-silm.com\/fr\/wp-json\/wp\/v2\/product_brand?post=11201"},{"taxonomy":"product_cat","embeddable":true,"href":"https:\/\/yume-silm.com\/fr\/wp-json\/wp\/v2\/product_cat?post=11201"},{"taxonomy":"product_tag","embeddable":true,"href":"https:\/\/yume-silm.com\/fr\/wp-json\/wp\/v2\/product_tag?post=11201"}],"curies":[{"name":"wp","href":"https:\/\/api.w.org\/{rel}","templated":true}]}}