{"id":11556,"date":"2024-09-20T05:38:18","date_gmt":"2024-09-20T05:38:18","guid":{"rendered":"https:\/\/yume-silm.com\/?post_type=product&#038;p=11556"},"modified":"2024-09-20T05:41:34","modified_gmt":"2024-09-20T05:41:34","slug":"soutien-gorge-bbl-a-ouverture-avant-sans-coutures","status":"publish","type":"product","link":"https:\/\/yume-silm.com\/fr\/produit\/soutien-gorge-bbl-a-ouverture-avant-sans-coutures\/","title":{"rendered":"Soutien-gorge BBL ajustable sans coutures \u00e0 ouverture frontale pour femme"},"content":{"rendered":"<h5>Caract\u00e9ristiques de conception<\/h5>\n<ul>\n<li><strong>CONCEPTION DE LA BOUCLE AVANT : <\/strong>Soutiens-gorge bbl \u00e0 r\u00e9glage d&#039;ouverture avant sans couture avec une large conception de bretelles, aident \u00e0 soulager la pression sur les \u00e9paules, et l&#039;ouverture avant est plus pratique \u00e0 mettre et \u00e0 enlever, disant adieu aux probl\u00e8mes d&#039;une boucle arri\u00e8re, adapt\u00e9e aux femmes qui recherchent une vie pratique.<\/li>\n<li><strong>POSTURE CORRECTE :<\/strong> Ce soutien-gorge sans couture peut aider \u00e0 corriger la posture de votre dos, et le tissu en maille doux et \u00e9lastique peut lisser et cacher la courbure de votre dos afin que vous ayez une meilleure posture et que vous ayez l&#039;air plus charmant et mince de l&#039;arri\u00e8re.<\/li>\n<li><strong>CONCEPTION SANS COUTURE\u00a0: <\/strong>Fabriqu\u00e9 en mat\u00e9riau hautement \u00e9lastique, avec une technologie de tissage sans couture pour \u00e9viter l&#039;inconfort et les indentations, doux et respirant, pour que vous puissiez le porter confortablement toute la journ\u00e9e, offrant une exp\u00e9rience de port douce et ajust\u00e9e.<\/li>\n<li><strong>OCCASION:<\/strong> Que ce soit pour des activit\u00e9s quotidiennes, des activit\u00e9s sportives ou des occasions de loisirs, ce soutien-gorge deviendra votre partenaire privil\u00e9gi\u00e9, apportant une double exp\u00e9rience de beaut\u00e9 et de confort.<\/li>\n<\/ul>\n<p><a href=\"https:\/\/yume-silm.com\/wp-content\/uploads\/2024\/09\/Womens-seamless-front-opening-adjustment-bbl-bras1.jpg\"><img fetchpriority=\"high\" decoding=\"async\" class=\"alignnone wp-image-11558 size-medium\" src=\"https:\/\/yume-silm.com\/wp-content\/uploads\/2024\/09\/Womens-seamless-front-opening-adjustment-bbl-bras1-300x300.jpg\" alt=\"soutien-gorge bbl ajustable sans coutures \u00e0 ouverture frontale pour femmes yumesilm\" width=\"300\" height=\"300\" title=\"\" srcset=\"https:\/\/yume-silm.com\/wp-content\/uploads\/2024\/09\/Womens-seamless-front-opening-adjustment-bbl-bras1-300x300.jpg 300w, https:\/\/yume-silm.com\/wp-content\/uploads\/2024\/09\/Womens-seamless-front-opening-adjustment-bbl-bras1-150x150.jpg 150w, https:\/\/yume-silm.com\/wp-content\/uploads\/2024\/09\/Womens-seamless-front-opening-adjustment-bbl-bras1-768x768.jpg 768w, https:\/\/yume-silm.com\/wp-content\/uploads\/2024\/09\/Womens-seamless-front-opening-adjustment-bbl-bras1-12x12.jpg 12w, https:\/\/yume-silm.com\/wp-content\/uploads\/2024\/09\/Womens-seamless-front-opening-adjustment-bbl-bras1-100x100.jpg 100w, https:\/\/yume-silm.com\/wp-content\/uploads\/2024\/09\/Womens-seamless-front-opening-adjustment-bbl-bras1.jpg 800w\" sizes=\"(max-width: 300px) 100vw, 300px\" \/><\/a><a href=\"https:\/\/yume-silm.com\/wp-content\/uploads\/2024\/09\/Womens-seamless-front-opening-adjustment-bbl-bras5.jpg\"><img decoding=\"async\" class=\"alignnone wp-image-11561 size-medium\" src=\"https:\/\/yume-silm.com\/wp-content\/uploads\/2024\/09\/Womens-seamless-front-opening-adjustment-bbl-bras5-300x300.jpg\" alt=\"soutien-gorge bbl ajustable sans coutures \u00e0 ouverture frontale pour femmes yumesilm\" width=\"300\" height=\"300\" title=\"\" srcset=\"https:\/\/yume-silm.com\/wp-content\/uploads\/2024\/09\/Womens-seamless-front-opening-adjustment-bbl-bras5-300x300.jpg 300w, https:\/\/yume-silm.com\/wp-content\/uploads\/2024\/09\/Womens-seamless-front-opening-adjustment-bbl-bras5-150x150.jpg 150w, https:\/\/yume-silm.com\/wp-content\/uploads\/2024\/09\/Womens-seamless-front-opening-adjustment-bbl-bras5-768x768.jpg 768w, https:\/\/yume-silm.com\/wp-content\/uploads\/2024\/09\/Womens-seamless-front-opening-adjustment-bbl-bras5-12x12.jpg 12w, https:\/\/yume-silm.com\/wp-content\/uploads\/2024\/09\/Womens-seamless-front-opening-adjustment-bbl-bras5-100x100.jpg 100w, https:\/\/yume-silm.com\/wp-content\/uploads\/2024\/09\/Womens-seamless-front-opening-adjustment-bbl-bras5.jpg 800w\" sizes=\"(max-width: 300px) 100vw, 300px\" \/><\/a><\/p>\n<h6><em>Soutien-gorge postop\u00e9ratoire couvrant pour femme<\/em><\/h6>\n<ul>\n<li>Ce soutien-gorge chirurgical postop\u00e9ratoire \u00e0 couverture compl\u00e8te emp\u00eache la compression thoracique apr\u00e8s une chirurgie mammaire, permet au sang et \u00e0 la lymphe de circuler normalement et offre un soul\u00e8vement et un soutien optimaux pour la r\u00e9cup\u00e9ration et le confort postop\u00e9ratoires.<\/li>\n<\/ul>","protected":false},"excerpt":{"rendered":"<p>Le soutien-gorge bbl \u00e0 ouverture frontale sans couture utilise une technologie sans couture avanc\u00e9e, un tissu doux et doux pour la peau, r\u00e9duit les frottements, vous garde au frais et \u00e0 l&#039;aise toute la journ\u00e9e et est con\u00e7u pour offrir plus de choix aux femmes qui recherchent le confort, le soutien et la facilit\u00e9 de port et d&#039;enl\u00e8vement.<\/p>","protected":false},"featured_media":11557,"comment_status":"open","ping_status":"closed","template":"","meta":{"site-sidebar-layout":"default","site-content-layout":"","ast-site-content-layout":"default","site-content-style":"default","site-sidebar-style":"default","ast-global-header-display":"","ast-banner-title-visibility":"","ast-main-header-display":"","ast-hfb-above-header-display":"","ast-hfb-below-header-display":"","ast-hfb-mobile-header-display":"","site-post-title":"","ast-breadcrumbs-content":"","ast-featured-img":"","footer-sml-layout":"","ast-disable-related-posts":"","theme-transparent-header-meta":"default","adv-header-id-meta":"","stick-header-meta":"default","header-above-stick-meta":"","header-main-stick-meta":"","header-below-stick-meta":"","astra-migrate-meta-layouts":"set","ast-page-background-enabled":"default","ast-page-background-meta":{"desktop":{"background-color":"","background-image":"","background-repeat":"repeat","background-position":"center center","background-size":"auto","background-attachment":"scroll","background-type":"","background-media":"","overlay-type":"","overlay-color":"","overlay-opacity":"","overlay-gradient":""},"tablet":{"background-color":"","background-image":"","background-repeat":"repeat","background-position":"center center","background-size":"auto","background-attachment":"scroll","background-type":"","background-media":"","overlay-type":"","overlay-color":"","overlay-opacity":"","overlay-gradient":""},"mobile":{"background-color":"","background-image":"","background-repeat":"repeat","background-position":"center center","background-size":"auto","background-attachment":"scroll","background-type":"","background-media":"","overlay-type":"","overlay-color":"","overlay-opacity":"","overlay-gradient":""}},"ast-content-background-meta":{"desktop":{"background-color":"var(--ast-global-color-5)","background-image":"","background-repeat":"repeat","background-position":"center center","background-size":"auto","background-attachment":"scroll","background-type":"","background-media":"","overlay-type":"","overlay-color":"","overlay-opacity":"","overlay-gradient":""},"tablet":{"background-color":"var(--ast-global-color-5)","background-image":"","background-repeat":"repeat","background-position":"center center","background-size":"auto","background-attachment":"scroll","background-type":"","background-media":"","overlay-type":"","overlay-color":"","overlay-opacity":"","overlay-gradient":""},"mobile":{"background-color":"var(--ast-global-color-5)","background-image":"","background-repeat":"repeat","background-position":"center center","background-size":"auto","background-attachment":"scroll","background-type":"","background-media":"","overlay-type":"","overlay-color":"","overlay-opacity":"","overlay-gradient":""}}},"product_brand":[],"product_cat":[65,76,259,583],"product_tag":[194,983,986,982,984,693,981,985,491],"class_list":{"0":"post-11556","1":"product","2":"type-product","3":"status-publish","4":"has-post-thumbnail","6":"product_cat-best-sellers","7":"product_cat-new-arrivels","8":"product_cat-lingerie","9":"product_cat-plus-size-underwear","10":"product_tag-adjustable","11":"product_tag-bbl","12":"product_tag-correct-posture","13":"product_tag-front-opening","14":"product_tag-full-coverage","15":"product_tag-high-elastic","16":"product_tag-plussize","17":"product_tag-postoperative-bra","18":"product_tag-seamless","19":"pa_color-beige","20":"pa_color-black","21":"pa_size-2xl","22":"pa_size-3xl","23":"pa_size-4xl","24":"pa_size-l","25":"pa_size-m","26":"pa_size-s","27":"pa_size-xl","28":"desktop-align-center","29":"tablet-align-left","30":"mobile-align-left","31":"ast-product-gallery-layout-horizontal-slider","32":"ast-product-single-variable","33":"ast-product-tabs-layout-horizontal","34":"ast-qv-on-image","36":"first","37":"instock","38":"shipping-taxable","39":"purchasable","40":"product-type-variable"},"tiered_pricing_type":"fixed","tiered_pricing_fixed_rules":{"2":8,"50":7.5,"100":7},"tiered_pricing_product_settings":{"layout":"default","base_unit_name":{"singular":null,"plural":null},"default_variation":null},"tiered_pricing_minimum_quantity":null,"tiered_pricing_roles_data":[],"tiered_pricing_percentage_rules":[],"_links":{"self":[{"href":"https:\/\/yume-silm.com\/fr\/wp-json\/wp\/v2\/product\/11556","targetHints":{"allow":["GET"]}}],"collection":[{"href":"https:\/\/yume-silm.com\/fr\/wp-json\/wp\/v2\/product"}],"about":[{"href":"https:\/\/yume-silm.com\/fr\/wp-json\/wp\/v2\/types\/product"}],"replies":[{"embeddable":true,"href":"https:\/\/yume-silm.com\/fr\/wp-json\/wp\/v2\/comments?post=11556"}],"wp:featuredmedia":[{"embeddable":true,"href":"https:\/\/yume-silm.com\/fr\/wp-json\/wp\/v2\/media\/11557"}],"wp:attachment":[{"href":"https:\/\/yume-silm.com\/fr\/wp-json\/wp\/v2\/media?parent=11556"}],"wp:term":[{"taxonomy":"product_brand","embeddable":true,"href":"https:\/\/yume-silm.com\/fr\/wp-json\/wp\/v2\/product_brand?post=11556"},{"taxonomy":"product_cat","embeddable":true,"href":"https:\/\/yume-silm.com\/fr\/wp-json\/wp\/v2\/product_cat?post=11556"},{"taxonomy":"product_tag","embeddable":true,"href":"https:\/\/yume-silm.com\/fr\/wp-json\/wp\/v2\/product_tag?post=11556"}],"curies":[{"name":"wp","href":"https:\/\/api.w.org\/{rel}","templated":true}]}}