{"id":12056,"date":"2024-09-26T05:14:03","date_gmt":"2024-09-26T05:14:03","guid":{"rendered":"https:\/\/yume-silm.com\/?post_type=product&#038;p=12056"},"modified":"2024-09-26T05:14:48","modified_gmt":"2024-09-26T05:14:48","slug":"soutien-gorge-long-sexy-grande-taille-sans-armature-avec-fermoir-sur-le-devant","status":"publish","type":"product","link":"https:\/\/yume-silm.com\/fr\/produit\/soutien-gorge-long-sexy-grande-taille-sans-armature-avec-fermoir-sur-le-devant\/","title":{"rendered":"Soutien-gorge long sexy sans armatures grande taille avec fermoir sur le devant"},"content":{"rendered":"<h5>Caract\u00e9ristiques de conception<\/h5>\n<ul>\n<li><strong>MAT\u00c9RIAU PUR COTON :<\/strong> Fabriqu\u00e9 en coton de haute qualit\u00e9, il a une texture fine, est non irritant, s\u00fbr, a un toucher confortable et doux et est plus confortable \u00e0 porter.<\/li>\n<li><strong>CONCEPTION DE LA BOUCLE AVANT :<\/strong>La conception de la boucle avant est facile \u00e0 mettre et \u00e0 enlever, ajoutant une touche de charme sexy et vous permettant de contr\u00f4ler facilement la distance confortable.<\/li>\n<li><strong>BRETELLES D&#039;\u00c9PAULE ANTID\u00c9RAPANTES DE TYPE CROIS\u00c9 :<\/strong> Le dos adopte une conception crois\u00e9e pour corriger efficacement la posture. L&#039;ajout de larges bretelles antid\u00e9rapantes r\u00e9duit la pression sur les \u00e9paules et optimise le confort.<\/li>\n<li><strong>OCCASION:<\/strong> Le soutien-gorge long sexy sans armatures de grande taille peut \u00eatre port\u00e9 en toute occasion pour cr\u00e9er une silhouette courb\u00e9e plus sexy et charmante pour vous, vous rendant plus confiant.<\/li>\n<\/ul>\n<h6><em>Soutien-gorge gainant haute \u00e9lasticit\u00e9 grande taille pour femme<\/em><\/h6>\n<ul>\n<li>Ce soutien-gorge grande taille est fait de tissu hautement \u00e9lastique et poss\u00e8de de larges bretelles, con\u00e7ues pour vous donner une courbe de dos plus charmante, vous permettant d&#039;acqu\u00e9rir une plus grande confiance en vous.<\/li>\n<\/ul>","protected":false},"excerpt":{"rendered":"<p>Le soutien-gorge long sexy sans armatures de grande taille est assorti au quotidien ou aux moments sp\u00e9ciaux, ce soutien-gorge est un choix id\u00e9al dans votre garde-robe. , con\u00e7u pour cr\u00e9er une courbe plus sexy et charmante pour vous.<\/p>","protected":false},"featured_media":12057,"comment_status":"open","ping_status":"closed","template":"","meta":{"site-sidebar-layout":"default","site-content-layout":"","ast-site-content-layout":"default","site-content-style":"default","site-sidebar-style":"default","ast-global-header-display":"","ast-banner-title-visibility":"","ast-main-header-display":"","ast-hfb-above-header-display":"","ast-hfb-below-header-display":"","ast-hfb-mobile-header-display":"","site-post-title":"","ast-breadcrumbs-content":"","ast-featured-img":"","footer-sml-layout":"","ast-disable-related-posts":"","theme-transparent-header-meta":"default","adv-header-id-meta":"","stick-header-meta":"default","header-above-stick-meta":"","header-main-stick-meta":"","header-below-stick-meta":"","astra-migrate-meta-layouts":"set","ast-page-background-enabled":"default","ast-page-background-meta":{"desktop":{"background-color":"","background-image":"","background-repeat":"repeat","background-position":"center center","background-size":"auto","background-attachment":"scroll","background-type":"","background-media":"","overlay-type":"","overlay-color":"","overlay-opacity":"","overlay-gradient":""},"tablet":{"background-color":"","background-image":"","background-repeat":"repeat","background-position":"center center","background-size":"auto","background-attachment":"scroll","background-type":"","background-media":"","overlay-type":"","overlay-color":"","overlay-opacity":"","overlay-gradient":""},"mobile":{"background-color":"","background-image":"","background-repeat":"repeat","background-position":"center center","background-size":"auto","background-attachment":"scroll","background-type":"","background-media":"","overlay-type":"","overlay-color":"","overlay-opacity":"","overlay-gradient":""}},"ast-content-background-meta":{"desktop":{"background-color":"var(--ast-global-color-5)","background-image":"","background-repeat":"repeat","background-position":"center center","background-size":"auto","background-attachment":"scroll","background-type":"","background-media":"","overlay-type":"","overlay-color":"","overlay-opacity":"","overlay-gradient":""},"tablet":{"background-color":"var(--ast-global-color-5)","background-image":"","background-repeat":"repeat","background-position":"center center","background-size":"auto","background-attachment":"scroll","background-type":"","background-media":"","overlay-type":"","overlay-color":"","overlay-opacity":"","overlay-gradient":""},"mobile":{"background-color":"var(--ast-global-color-5)","background-image":"","background-repeat":"repeat","background-position":"center center","background-size":"auto","background-attachment":"scroll","background-type":"","background-media":"","overlay-type":"","overlay-color":"","overlay-opacity":"","overlay-gradient":""}}},"product_brand":[],"product_cat":[65,76,259,583],"product_tag":[675,1022,693,988,665,400,145],"class_list":{"0":"post-12056","1":"product","2":"type-product","3":"status-publish","4":"has-post-thumbnail","6":"product_cat-best-sellers","7":"product_cat-new-arrivels","8":"product_cat-lingerie","9":"product_cat-plus-size-underwear","10":"product_tag-charming","11":"product_tag-front-clasp","12":"product_tag-high-elastic","13":"product_tag-no-wire","14":"product_tag-non-slip","15":"product_tag-plus-size-bra","16":"product_tag-sexy","17":"pa_color-black","18":"pa_size-2xl","19":"pa_size-3xl","20":"pa_size-4xl","21":"pa_size-5xl","22":"pa_size-l","23":"pa_size-m","24":"pa_size-s","25":"pa_size-xl","26":"desktop-align-center","27":"tablet-align-left","28":"mobile-align-left","29":"ast-product-gallery-layout-horizontal-slider","30":"ast-product-single-variable","31":"ast-product-tabs-layout-horizontal","32":"ast-qv-on-image","34":"first","35":"instock","36":"shipping-taxable","37":"purchasable","38":"product-type-variable"},"tiered_pricing_type":"fixed","tiered_pricing_fixed_rules":{"2":11.2,"50":10.5,"100":10},"tiered_pricing_product_settings":{"layout":"default","base_unit_name":{"singular":null,"plural":null},"default_variation":null},"tiered_pricing_minimum_quantity":null,"tiered_pricing_roles_data":[],"tiered_pricing_percentage_rules":[],"_links":{"self":[{"href":"https:\/\/yume-silm.com\/fr\/wp-json\/wp\/v2\/product\/12056","targetHints":{"allow":["GET"]}}],"collection":[{"href":"https:\/\/yume-silm.com\/fr\/wp-json\/wp\/v2\/product"}],"about":[{"href":"https:\/\/yume-silm.com\/fr\/wp-json\/wp\/v2\/types\/product"}],"replies":[{"embeddable":true,"href":"https:\/\/yume-silm.com\/fr\/wp-json\/wp\/v2\/comments?post=12056"}],"wp:featuredmedia":[{"embeddable":true,"href":"https:\/\/yume-silm.com\/fr\/wp-json\/wp\/v2\/media\/12057"}],"wp:attachment":[{"href":"https:\/\/yume-silm.com\/fr\/wp-json\/wp\/v2\/media?parent=12056"}],"wp:term":[{"taxonomy":"product_brand","embeddable":true,"href":"https:\/\/yume-silm.com\/fr\/wp-json\/wp\/v2\/product_brand?post=12056"},{"taxonomy":"product_cat","embeddable":true,"href":"https:\/\/yume-silm.com\/fr\/wp-json\/wp\/v2\/product_cat?post=12056"},{"taxonomy":"product_tag","embeddable":true,"href":"https:\/\/yume-silm.com\/fr\/wp-json\/wp\/v2\/product_tag?post=12056"}],"curies":[{"name":"wp","href":"https:\/\/api.w.org\/{rel}","templated":true}]}}