{"id":12133,"date":"2024-09-27T07:58:05","date_gmt":"2024-09-27T07:58:05","guid":{"rendered":"https:\/\/yume-silm.com\/?post_type=product&#038;p=12133"},"modified":"2025-07-21T01:51:52","modified_gmt":"2025-07-21T01:51:52","slug":"quick-dry-workout-suit","status":"publish","type":"product","link":"https:\/\/yume-silm.com\/fr\/produit\/quick-dry-workout-suit\/","title":{"rendered":"Combinaison d&#039;entra\u00eenement 2 pi\u00e8ces \u00e0 s\u00e9chage rapide et tr\u00e8s \u00e9lastique pour femme"},"content":{"rendered":"<h5>Caract\u00e9ristiques de conception<\/h5>\n<ul>\n<li><strong>HIGH-STRETCH FABRIC:<\/strong> A quick dry workout suit is made of high-stretch fabric, it fits the body curve and provides an unrestrained exercise experience.<\/li>\n<li><strong>QUICK-DRYING TECHNOLOGY:<\/strong> Quickly absorbs moisture and sweat to ensure that you stay refreshed in any sports scene, keeping you comfortable and dry all day long.<\/li>\n<li><strong>DESSIN DE MODE:<\/strong> Simple and stylish, suitable for the gym, outdoor sports or casual wear.<\/li>\n<li><strong>TISSU RESPIRANT\u00a0:<\/strong> The exquisite mesh design promotes air circulation, making you feel more comfortable when exercising.<\/li>\n<\/ul>\n<h6><em>Women&#8217;s Fashionable Breathable Yoga Suit<\/em><\/h6>\n<ul>\n<li>This yoga suit is made of soft and breathable fabric, which keeps you dry and comfortable when exercising. It is fashionable and simple, allowing you to show confidence in any occasion.<\/li>\n<\/ul>","protected":false},"excerpt":{"rendered":"<p>This quick dry workout suit is designed for women who pursue fashion and function. Whether it is high-intensity training or daily leisure, it can provide you with ultimate comfort and support.<\/p>","protected":false},"featured_media":12136,"comment_status":"open","ping_status":"closed","template":"","meta":{"site-sidebar-layout":"default","site-content-layout":"","ast-site-content-layout":"default","site-content-style":"default","site-sidebar-style":"default","ast-global-header-display":"","ast-banner-title-visibility":"","ast-main-header-display":"","ast-hfb-above-header-display":"","ast-hfb-below-header-display":"","ast-hfb-mobile-header-display":"","site-post-title":"","ast-breadcrumbs-content":"","ast-featured-img":"","footer-sml-layout":"","ast-disable-related-posts":"","theme-transparent-header-meta":"default","adv-header-id-meta":"","stick-header-meta":"default","header-above-stick-meta":"","header-main-stick-meta":"","header-below-stick-meta":"","astra-migrate-meta-layouts":"set","ast-page-background-enabled":"default","ast-page-background-meta":{"desktop":{"background-color":"","background-image":"","background-repeat":"repeat","background-position":"center center","background-size":"auto","background-attachment":"scroll","background-type":"","background-media":"","overlay-type":"","overlay-color":"","overlay-opacity":"","overlay-gradient":""},"tablet":{"background-color":"","background-image":"","background-repeat":"repeat","background-position":"center center","background-size":"auto","background-attachment":"scroll","background-type":"","background-media":"","overlay-type":"","overlay-color":"","overlay-opacity":"","overlay-gradient":""},"mobile":{"background-color":"","background-image":"","background-repeat":"repeat","background-position":"center center","background-size":"auto","background-attachment":"scroll","background-type":"","background-media":"","overlay-type":"","overlay-color":"","overlay-opacity":"","overlay-gradient":""}},"ast-content-background-meta":{"desktop":{"background-color":"var(--ast-global-color-5)","background-image":"","background-repeat":"repeat","background-position":"center center","background-size":"auto","background-attachment":"scroll","background-type":"","background-media":"","overlay-type":"","overlay-color":"","overlay-opacity":"","overlay-gradient":""},"tablet":{"background-color":"var(--ast-global-color-5)","background-image":"","background-repeat":"repeat","background-position":"center center","background-size":"auto","background-attachment":"scroll","background-type":"","background-media":"","overlay-type":"","overlay-color":"","overlay-opacity":"","overlay-gradient":""},"mobile":{"background-color":"var(--ast-global-color-5)","background-image":"","background-repeat":"repeat","background-position":"center center","background-size":"auto","background-attachment":"scroll","background-type":"","background-media":"","overlay-type":"","overlay-color":"","overlay-opacity":"","overlay-gradient":""}}},"product_brand":[],"product_cat":[65,76,734,735,737],"product_tag":[1030,492,701,693,778,1031,896],"class_list":{"0":"post-12133","1":"product","2":"type-product","3":"status-publish","4":"has-post-thumbnail","6":"product_cat-best-sellers","7":"product_cat-new-arrivels","8":"product_cat-yoga-suits","9":"product_cat-yoga-tops","10":"product_cat-yoga-leggings","11":"product_tag-2-piece","12":"product_tag-breathable","13":"product_tag-fashionable","14":"product_tag-high-elastic","15":"product_tag-quick-dry","16":"product_tag-workout-suit","17":"product_tag-yoga-suit","18":"pa_color-beige","19":"pa_color-black","20":"pa_color-blue","21":"pa_color-brown","22":"pa_color-gray","23":"pa_color-green","24":"pa_color-purple","25":"pa_color-red","26":"pa_color-white","27":"pa_size-l","28":"pa_size-m","29":"pa_size-s","30":"pa_size-xl","31":"desktop-align-center","32":"tablet-align-left","33":"mobile-align-left","34":"ast-product-gallery-layout-horizontal-slider","35":"ast-product-single-variable","36":"ast-product-tabs-layout-horizontal","37":"ast-qv-on-image","39":"first","40":"instock","41":"shipping-taxable","42":"purchasable","43":"product-type-variable"},"tiered_pricing_type":"fixed","tiered_pricing_fixed_rules":[],"tiered_pricing_product_settings":{"layout":"default","base_unit_name":{"singular":null,"plural":null},"default_variation":null},"tiered_pricing_minimum_quantity":null,"tiered_pricing_roles_data":[],"tiered_pricing_percentage_rules":[],"_links":{"self":[{"href":"https:\/\/yume-silm.com\/fr\/wp-json\/wp\/v2\/product\/12133","targetHints":{"allow":["GET"]}}],"collection":[{"href":"https:\/\/yume-silm.com\/fr\/wp-json\/wp\/v2\/product"}],"about":[{"href":"https:\/\/yume-silm.com\/fr\/wp-json\/wp\/v2\/types\/product"}],"replies":[{"embeddable":true,"href":"https:\/\/yume-silm.com\/fr\/wp-json\/wp\/v2\/comments?post=12133"}],"wp:featuredmedia":[{"embeddable":true,"href":"https:\/\/yume-silm.com\/fr\/wp-json\/wp\/v2\/media\/12136"}],"wp:attachment":[{"href":"https:\/\/yume-silm.com\/fr\/wp-json\/wp\/v2\/media?parent=12133"}],"wp:term":[{"taxonomy":"product_brand","embeddable":true,"href":"https:\/\/yume-silm.com\/fr\/wp-json\/wp\/v2\/product_brand?post=12133"},{"taxonomy":"product_cat","embeddable":true,"href":"https:\/\/yume-silm.com\/fr\/wp-json\/wp\/v2\/product_cat?post=12133"},{"taxonomy":"product_tag","embeddable":true,"href":"https:\/\/yume-silm.com\/fr\/wp-json\/wp\/v2\/product_tag?post=12133"}],"curies":[{"name":"wp","href":"https:\/\/api.w.org\/{rel}","templated":true}]}}