{"id":12224,"date":"2024-09-30T03:20:48","date_gmt":"2024-09-30T03:20:48","guid":{"rendered":"https:\/\/yume-silm.com\/?post_type=product&#038;p=12224"},"modified":"2025-06-06T05:47:34","modified_gmt":"2025-06-06T05:47:34","slug":"ceinture-dentrainement-des-bras-a-vapeur-de-transpiration","status":"publish","type":"product","link":"https:\/\/yume-silm.com\/fr\/produit\/ceinture-dentrainement-des-bras-a-vapeur-de-transpiration\/","title":{"rendered":"Ceinture d&#039;entra\u00eenement des bras r\u00e9glable pour sauna"},"content":{"rendered":"<h5>Caract\u00e9ristiques de conception<\/h5>\n<ul>\n<li><strong>PERFORMANCES R\u00c9GLABLES :<\/strong> La ceinture d&#039;entra\u00eenement des bras \u00e0 vapeur de transpiration est tr\u00e8s l\u00e9g\u00e8re et facile \u00e0 transporter, vous pouvez ajuster le serrage en fonction de votre niveau de confort, vous permettant d&#039;\u00eatre plus \u00e0 l&#039;aise et libre lors de l&#039;exercice.<\/li>\n<li><strong>PERTE DE POIDS : <\/strong>Il peut maximiser les r\u00e9sultats de votre entra\u00eenement, acc\u00e9l\u00e9rer la combustion des graisses des bras, r\u00e9duire rapidement le poids de l&#039;eau des bras et acc\u00e9l\u00e9rer la perte de poids.<\/li>\n<li><strong>AJUSTEMENT PARFAIT :<\/strong> Chaque tondeuse \u00e0 bras est dot\u00e9e d&#039;une bande magique r\u00e9glable pour s&#039;adapter au contour et \u00e0 la flexion de vos biceps, acc\u00e9l\u00e9rer la combustion des calories, br\u00fbler la graisse des bras et rendre vos bras plus minces !<\/li>\n<li><strong>OCCASIONS:<\/strong> Ils s&#039;adaptent parfaitement \u00e0 vos bras et bougent avec vous lorsque vous faites de l&#039;exercice \u00e0 la salle de sport, du yoga, de l&#039;a\u00e9robic, du v\u00e9lo ou des courses.<\/li>\n<\/ul>\n<h6><em>Bandage amincissant pour les mains haute \u00e9lasticit\u00e9 pour sauna<\/em><\/h6>\n<ul>\n<li>Ce bandage pour les mains de sauna utilise un mat\u00e9riau de compression de haute technologie pour fa\u00e7onner efficacement les lignes des bras et r\u00e9duire l&#039;exc\u00e8s de graisse, vous permettant de montrer votre confiance en toute occasion.<\/li>\n<\/ul>","protected":false},"excerpt":{"rendered":"<p>Prenez cette ceinture d&#039;entra\u00eenement des bras \u00e0 vapeur de transpiration et laissez-nous rendre chaque entra\u00eenement plein de d\u00e9fis et de plaisir, commencez votre parcours de mise en forme et avancez vers une vie plus saine<\/p>","protected":false},"featured_media":12225,"comment_status":"open","ping_status":"closed","template":"","meta":{"site-sidebar-layout":"default","site-content-layout":"","ast-site-content-layout":"default","site-content-style":"default","site-sidebar-style":"default","ast-global-header-display":"","ast-banner-title-visibility":"","ast-main-header-display":"","ast-hfb-above-header-display":"","ast-hfb-below-header-display":"","ast-hfb-mobile-header-display":"","site-post-title":"","ast-breadcrumbs-content":"","ast-featured-img":"","footer-sml-layout":"","ast-disable-related-posts":"","theme-transparent-header-meta":"default","adv-header-id-meta":"","stick-header-meta":"default","header-above-stick-meta":"","header-main-stick-meta":"","header-below-stick-meta":"","astra-migrate-meta-layouts":"set","ast-page-background-enabled":"default","ast-page-background-meta":{"desktop":{"background-color":"","background-image":"","background-repeat":"repeat","background-position":"center center","background-size":"auto","background-attachment":"scroll","background-type":"","background-media":"","overlay-type":"","overlay-color":"","overlay-opacity":"","overlay-gradient":""},"tablet":{"background-color":"","background-image":"","background-repeat":"repeat","background-position":"center center","background-size":"auto","background-attachment":"scroll","background-type":"","background-media":"","overlay-type":"","overlay-color":"","overlay-opacity":"","overlay-gradient":""},"mobile":{"background-color":"","background-image":"","background-repeat":"repeat","background-position":"center center","background-size":"auto","background-attachment":"scroll","background-type":"","background-media":"","overlay-type":"","overlay-color":"","overlay-opacity":"","overlay-gradient":""}},"ast-content-background-meta":{"desktop":{"background-color":"var(--ast-global-color-5)","background-image":"","background-repeat":"repeat","background-position":"center center","background-size":"auto","background-attachment":"scroll","background-type":"","background-media":"","overlay-type":"","overlay-color":"","overlay-opacity":"","overlay-gradient":""},"tablet":{"background-color":"var(--ast-global-color-5)","background-image":"","background-repeat":"repeat","background-position":"center center","background-size":"auto","background-attachment":"scroll","background-type":"","background-media":"","overlay-type":"","overlay-color":"","overlay-opacity":"","overlay-gradient":""},"mobile":{"background-color":"var(--ast-global-color-5)","background-image":"","background-repeat":"repeat","background-position":"center center","background-size":"auto","background-attachment":"scroll","background-type":"","background-media":"","overlay-type":"","overlay-color":"","overlay-opacity":"","overlay-gradient":""}}},"product_brand":[],"product_cat":[65,76,97,626],"product_tag":[194,1046,1047,1048,739,693,548,535,1038,558],"class_list":{"0":"post-12224","1":"product","2":"type-product","3":"status-publish","4":"has-post-thumbnail","6":"product_cat-best-sellers","7":"product_cat-new-arrivels","8":"product_cat-sauna-suit","9":"product_cat-sauna-accessories","10":"product_tag-adjustable","11":"product_tag-arm-training-belt","12":"product_tag-fit-perfect","13":"product_tag-hand-bandage","14":"product_tag-high-compression","15":"product_tag-high-elastic","16":"product_tag-sauna-sweat","17":"product_tag-slimming","18":"product_tag-sweat-steam","19":"product_tag-weight-loss","20":"pa_color-blue","21":"pa_color-silver","22":"pa_size-free","23":"desktop-align-center","24":"tablet-align-left","25":"mobile-align-left","26":"ast-product-gallery-layout-horizontal-slider","27":"ast-product-single-variable","28":"ast-product-tabs-layout-horizontal","29":"ast-qv-on-image","31":"first","32":"instock","33":"shipping-taxable","34":"purchasable","35":"product-type-variable"},"tiered_pricing_type":"fixed","tiered_pricing_fixed_rules":{"10":2.7,"50":2.5,"100":2},"tiered_pricing_product_settings":{"layout":"default","base_unit_name":{"singular":null,"plural":null},"default_variation":null},"tiered_pricing_minimum_quantity":null,"tiered_pricing_roles_data":[],"tiered_pricing_percentage_rules":[],"_links":{"self":[{"href":"https:\/\/yume-silm.com\/fr\/wp-json\/wp\/v2\/product\/12224","targetHints":{"allow":["GET"]}}],"collection":[{"href":"https:\/\/yume-silm.com\/fr\/wp-json\/wp\/v2\/product"}],"about":[{"href":"https:\/\/yume-silm.com\/fr\/wp-json\/wp\/v2\/types\/product"}],"replies":[{"embeddable":true,"href":"https:\/\/yume-silm.com\/fr\/wp-json\/wp\/v2\/comments?post=12224"}],"wp:featuredmedia":[{"embeddable":true,"href":"https:\/\/yume-silm.com\/fr\/wp-json\/wp\/v2\/media\/12225"}],"wp:attachment":[{"href":"https:\/\/yume-silm.com\/fr\/wp-json\/wp\/v2\/media?parent=12224"}],"wp:term":[{"taxonomy":"product_brand","embeddable":true,"href":"https:\/\/yume-silm.com\/fr\/wp-json\/wp\/v2\/product_brand?post=12224"},{"taxonomy":"product_cat","embeddable":true,"href":"https:\/\/yume-silm.com\/fr\/wp-json\/wp\/v2\/product_cat?post=12224"},{"taxonomy":"product_tag","embeddable":true,"href":"https:\/\/yume-silm.com\/fr\/wp-json\/wp\/v2\/product_tag?post=12224"}],"curies":[{"name":"wp","href":"https:\/\/api.w.org\/{rel}","templated":true}]}}