{"id":12246,"date":"2024-09-30T05:21:51","date_gmt":"2024-09-30T05:21:51","guid":{"rendered":"https:\/\/yume-silm.com\/?post_type=product&#038;p=12246"},"modified":"2024-09-30T05:22:52","modified_gmt":"2024-09-30T05:22:52","slug":"ceinture-dentrainement-amincissante-pour-les-jambes-type-sauna","status":"publish","type":"product","link":"https:\/\/yume-silm.com\/fr\/produit\/ceinture-dentrainement-amincissante-pour-les-jambes-type-sauna\/","title":{"rendered":"Ceinture amincissante pour les jambes, accessoire de sauna, vente en gros"},"content":{"rendered":"<h5>Caract\u00e9ristiques de conception<\/h5>\n<ul>\n<li><strong>ANTID\u00c9RAPANT :<\/strong> La ceinture d&#039;entra\u00eenement amincissante pour les jambes de sauna avec velcro est facile \u00e0 ajuster en termes de serrage et la conception de la doublure antid\u00e9rapante garantit qu&#039;elle ne glissera pas et ne roulera pas pendant l&#039;exercice.<\/li>\n<li><strong>PERTE DE POIDS :<\/strong> Il peut vous aider \u00e0 br\u00fbler les graisses pendant les exercices d&#039;a\u00e9robic et de musculation, favoriser la transpiration et la circulation sanguine, vous permettre de vous d\u00e9barrasser de l&#039;exc\u00e8s d&#039;eau et vous aider \u00e0 perdre la graisse des jambes plus rapidement.<\/li>\n<li><strong>TISSU CONFORTABLE :<\/strong> Fabriqu\u00e9 en tissu respirant et doux, il vous permet de transpirer rapidement pendant l&#039;exercice, vous gardant \u00e0 l&#039;aise et au sec toute la journ\u00e9e.<\/li>\n<li><strong>FACILE \u00c0 TRANSPORTER : <\/strong>La conception l\u00e9g\u00e8re est pratique \u00e0 utiliser en toute occasion, que ce soit \u00e0 la maison ou \u00e0 la salle de sport.<\/li>\n<\/ul>\n<h6><em>Ceinture de sudation sauna pour modeler les jambes<\/em><\/h6>\n<ul>\n<li>Le port d&#039;une ceinture de sudation peut \u00eatre parfaitement associ\u00e9 \u00e0 divers exercices, contribuant ainsi \u00e0 r\u00e9pondre aux besoins de mise en forme globaux, augmentant la temp\u00e9rature des jambes, aidant \u00e0 acc\u00e9l\u00e9rer le m\u00e9tabolisme et vous permettant d&#039;atteindre rapidement votre silhouette id\u00e9ale.<\/li>\n<\/ul>","protected":false},"excerpt":{"rendered":"<p>Notre ceinture amincissante sauna pour les jambes est id\u00e9ale pour ceux qui souhaitent sculpter des jambes parfaites. En augmentant la temp\u00e9rature corporelle, en favorisant la circulation sanguine et en acc\u00e9l\u00e9rant efficacement la combustion des graisses, vous profiterez facilement de cet effet minceur.<\/p>","protected":false},"featured_media":12247,"comment_status":"open","ping_status":"closed","template":"","meta":{"site-sidebar-layout":"default","site-content-layout":"","ast-site-content-layout":"default","site-content-style":"default","site-sidebar-style":"default","ast-global-header-display":"","ast-banner-title-visibility":"","ast-main-header-display":"","ast-hfb-above-header-display":"","ast-hfb-below-header-display":"","ast-hfb-mobile-header-display":"","site-post-title":"","ast-breadcrumbs-content":"","ast-featured-img":"","footer-sml-layout":"","ast-disable-related-posts":"","theme-transparent-header-meta":"default","adv-header-id-meta":"","stick-header-meta":"default","header-above-stick-meta":"","header-main-stick-meta":"","header-below-stick-meta":"","astra-migrate-meta-layouts":"set","ast-page-background-enabled":"default","ast-page-background-meta":{"desktop":{"background-color":"","background-image":"","background-repeat":"repeat","background-position":"center center","background-size":"auto","background-attachment":"scroll","background-type":"","background-media":"","overlay-type":"","overlay-color":"","overlay-opacity":"","overlay-gradient":""},"tablet":{"background-color":"","background-image":"","background-repeat":"repeat","background-position":"center center","background-size":"auto","background-attachment":"scroll","background-type":"","background-media":"","overlay-type":"","overlay-color":"","overlay-opacity":"","overlay-gradient":""},"mobile":{"background-color":"","background-image":"","background-repeat":"repeat","background-position":"center center","background-size":"auto","background-attachment":"scroll","background-type":"","background-media":"","overlay-type":"","overlay-color":"","overlay-opacity":"","overlay-gradient":""}},"ast-content-background-meta":{"desktop":{"background-color":"var(--ast-global-color-5)","background-image":"","background-repeat":"repeat","background-position":"center center","background-size":"auto","background-attachment":"scroll","background-type":"","background-media":"","overlay-type":"","overlay-color":"","overlay-opacity":"","overlay-gradient":""},"tablet":{"background-color":"var(--ast-global-color-5)","background-image":"","background-repeat":"repeat","background-position":"center center","background-size":"auto","background-attachment":"scroll","background-type":"","background-media":"","overlay-type":"","overlay-color":"","overlay-opacity":"","overlay-gradient":""},"mobile":{"background-color":"var(--ast-global-color-5)","background-image":"","background-repeat":"repeat","background-position":"center center","background-size":"auto","background-attachment":"scroll","background-type":"","background-media":"","overlay-type":"","overlay-color":"","overlay-opacity":"","overlay-gradient":""}}},"product_brand":[],"product_cat":[65,76,97,626],"product_tag":[458,492,646,1052,1035,535,687,558],"class_list":{"0":"post-12246","1":"product","2":"type-product","3":"status-publish","4":"has-post-thumbnail","6":"product_cat-best-sellers","7":"product_cat-new-arrivels","8":"product_cat-sauna-suit","9":"product_cat-sauna-accessories","10":"product_tag-anti-slip","11":"product_tag-breathable","12":"product_tag-comfortable","13":"product_tag-leg-training-belt","14":"product_tag-sauna-sweat-belt","15":"product_tag-slimming","16":"product_tag-soft","17":"product_tag-weight-loss","18":"pa_color-black","19":"pa_color-pink","20":"pa_color-red","21":"pa_color-yellow","22":"pa_size-free","23":"desktop-align-center","24":"tablet-align-left","25":"mobile-align-left","26":"ast-product-gallery-layout-horizontal-slider","27":"ast-product-single-variable","28":"ast-product-tabs-layout-horizontal","29":"ast-qv-on-image","31":"first","32":"instock","33":"shipping-taxable","34":"purchasable","35":"product-type-variable"},"tiered_pricing_type":"fixed","tiered_pricing_fixed_rules":{"10":2.5,"50":2,"100":1.8},"tiered_pricing_product_settings":{"layout":"default","base_unit_name":{"singular":null,"plural":null},"default_variation":null},"tiered_pricing_minimum_quantity":null,"tiered_pricing_roles_data":[],"tiered_pricing_percentage_rules":[],"_links":{"self":[{"href":"https:\/\/yume-silm.com\/fr\/wp-json\/wp\/v2\/product\/12246","targetHints":{"allow":["GET"]}}],"collection":[{"href":"https:\/\/yume-silm.com\/fr\/wp-json\/wp\/v2\/product"}],"about":[{"href":"https:\/\/yume-silm.com\/fr\/wp-json\/wp\/v2\/types\/product"}],"replies":[{"embeddable":true,"href":"https:\/\/yume-silm.com\/fr\/wp-json\/wp\/v2\/comments?post=12246"}],"wp:featuredmedia":[{"embeddable":true,"href":"https:\/\/yume-silm.com\/fr\/wp-json\/wp\/v2\/media\/12247"}],"wp:attachment":[{"href":"https:\/\/yume-silm.com\/fr\/wp-json\/wp\/v2\/media?parent=12246"}],"wp:term":[{"taxonomy":"product_brand","embeddable":true,"href":"https:\/\/yume-silm.com\/fr\/wp-json\/wp\/v2\/product_brand?post=12246"},{"taxonomy":"product_cat","embeddable":true,"href":"https:\/\/yume-silm.com\/fr\/wp-json\/wp\/v2\/product_cat?post=12246"},{"taxonomy":"product_tag","embeddable":true,"href":"https:\/\/yume-silm.com\/fr\/wp-json\/wp\/v2\/product_tag?post=12246"}],"curies":[{"name":"wp","href":"https:\/\/api.w.org\/{rel}","templated":true}]}}