{"id":12386,"date":"2024-10-10T06:23:28","date_gmt":"2024-10-10T06:23:28","guid":{"rendered":"https:\/\/yume-silm.com\/?post_type=product&#038;p=12386"},"modified":"2024-10-10T06:25:39","modified_gmt":"2024-10-10T06:25:39","slug":"hip-brace-for-sciatica-relief","status":"publish","type":"product","link":"https:\/\/yume-silm.com\/fr\/produit\/hip-brace-for-sciatica-relief\/","title":{"rendered":"Orth\u00e8se de hanche pour soulager la sciatique et perdre du poids"},"content":{"rendered":"<h5>Caract\u00e9ristiques de conception<\/h5>\n<ul>\n<li><strong>SOULAGEMENT DE LA DOULEUR:<\/strong> Hip brace for sciatica relief special design of the hip protector can be used to relieve sciatica, thus promoting quick recovery from groin, quadriceps, low back and hamstring injuries as well as sciatica.<\/li>\n<li><strong>MAT\u00c9RIAU DE QUALIT\u00c9 SUP\u00c9RIEURE\u00a0:<\/strong> The hip support frame is carefully crafted from neoprene to ensure the perfect combination of softness, breathability and durability for unparalleled support and comfort.<\/li>\n<li><strong>NON-SLIP DESIGN:<\/strong> Effective non-slip design keeps your hip compression support firm and stationary during any activity.<\/li>\n<li><strong>ACCELERATED RECOVERY:<\/strong> The unique design effectively promotes blood circulation, keeps you stable during exercise and helps with weight loss and body contouring.<\/li>\n<\/ul>\n<h6><em>Men&#8217;s and Women&#8217;s Adjustable Groin Compression Bandage<\/em><\/h6>\n<ul>\n<li>Wear this adjustable groin compression bandage to help reduce groin pressure and pain, the highly elastic design ensures more effective compression and support for different body types.<\/li>\n<\/ul>","protected":false},"excerpt":{"rendered":"<p>This hip brace for sciatica relief to help promote proper posture, effectively relieving pressure on the lower back and improving the comfort and coziness of workouts.<\/p>","protected":false},"featured_media":12387,"comment_status":"open","ping_status":"closed","template":"","meta":{"site-sidebar-layout":"default","site-content-layout":"","ast-site-content-layout":"default","site-content-style":"default","site-sidebar-style":"default","ast-global-header-display":"","ast-banner-title-visibility":"","ast-main-header-display":"","ast-hfb-above-header-display":"","ast-hfb-below-header-display":"","ast-hfb-mobile-header-display":"","site-post-title":"","ast-breadcrumbs-content":"","ast-featured-img":"","footer-sml-layout":"","ast-disable-related-posts":"","theme-transparent-header-meta":"default","adv-header-id-meta":"","stick-header-meta":"default","header-above-stick-meta":"","header-main-stick-meta":"","header-below-stick-meta":"","astra-migrate-meta-layouts":"set","ast-page-background-enabled":"default","ast-page-background-meta":{"desktop":{"background-color":"","background-image":"","background-repeat":"repeat","background-position":"center center","background-size":"auto","background-attachment":"scroll","background-type":"","background-media":"","overlay-type":"","overlay-color":"","overlay-opacity":"","overlay-gradient":""},"tablet":{"background-color":"","background-image":"","background-repeat":"repeat","background-position":"center center","background-size":"auto","background-attachment":"scroll","background-type":"","background-media":"","overlay-type":"","overlay-color":"","overlay-opacity":"","overlay-gradient":""},"mobile":{"background-color":"","background-image":"","background-repeat":"repeat","background-position":"center center","background-size":"auto","background-attachment":"scroll","background-type":"","background-media":"","overlay-type":"","overlay-color":"","overlay-opacity":"","overlay-gradient":""}},"ast-content-background-meta":{"desktop":{"background-color":"var(--ast-global-color-5)","background-image":"","background-repeat":"repeat","background-position":"center center","background-size":"auto","background-attachment":"scroll","background-type":"","background-media":"","overlay-type":"","overlay-color":"","overlay-opacity":"","overlay-gradient":""},"tablet":{"background-color":"var(--ast-global-color-5)","background-image":"","background-repeat":"repeat","background-position":"center center","background-size":"auto","background-attachment":"scroll","background-type":"","background-media":"","overlay-type":"","overlay-color":"","overlay-opacity":"","overlay-gradient":""},"mobile":{"background-color":"var(--ast-global-color-5)","background-image":"","background-repeat":"repeat","background-position":"center center","background-size":"auto","background-attachment":"scroll","background-type":"","background-media":"","overlay-type":"","overlay-color":"","overlay-opacity":"","overlay-gradient":""}}},"product_brand":[],"product_cat":[65,76,97,626],"product_tag":[194,646,489,1055,1054,558,185],"class_list":{"0":"post-12386","1":"product","2":"type-product","3":"status-publish","4":"has-post-thumbnail","6":"product_cat-best-sellers","7":"product_cat-new-arrivels","8":"product_cat-sauna-suit","9":"product_cat-sauna-accessories","10":"product_tag-adjustable","11":"product_tag-comfortable","12":"product_tag-compression","13":"product_tag-non-slip-design","14":"product_tag-pain-relife","15":"product_tag-weight-loss","16":"product_tag-workout","17":"pa_color-color1","18":"pa_color-color2","19":"pa_size-free","20":"desktop-align-center","21":"tablet-align-left","22":"mobile-align-left","23":"ast-product-gallery-layout-horizontal-slider","24":"ast-product-single-variable","25":"ast-product-tabs-layout-horizontal","26":"ast-qv-on-image","28":"first","29":"instock","30":"shipping-taxable","31":"purchasable","32":"product-type-variable"},"tiered_pricing_type":"fixed","tiered_pricing_fixed_rules":{"10":2.5,"50":2.3,"100":2},"tiered_pricing_product_settings":{"layout":"default","base_unit_name":{"singular":null,"plural":null},"default_variation":null},"tiered_pricing_minimum_quantity":null,"tiered_pricing_roles_data":[],"tiered_pricing_percentage_rules":[],"_links":{"self":[{"href":"https:\/\/yume-silm.com\/fr\/wp-json\/wp\/v2\/product\/12386","targetHints":{"allow":["GET"]}}],"collection":[{"href":"https:\/\/yume-silm.com\/fr\/wp-json\/wp\/v2\/product"}],"about":[{"href":"https:\/\/yume-silm.com\/fr\/wp-json\/wp\/v2\/types\/product"}],"replies":[{"embeddable":true,"href":"https:\/\/yume-silm.com\/fr\/wp-json\/wp\/v2\/comments?post=12386"}],"wp:featuredmedia":[{"embeddable":true,"href":"https:\/\/yume-silm.com\/fr\/wp-json\/wp\/v2\/media\/12387"}],"wp:attachment":[{"href":"https:\/\/yume-silm.com\/fr\/wp-json\/wp\/v2\/media?parent=12386"}],"wp:term":[{"taxonomy":"product_brand","embeddable":true,"href":"https:\/\/yume-silm.com\/fr\/wp-json\/wp\/v2\/product_brand?post=12386"},{"taxonomy":"product_cat","embeddable":true,"href":"https:\/\/yume-silm.com\/fr\/wp-json\/wp\/v2\/product_cat?post=12386"},{"taxonomy":"product_tag","embeddable":true,"href":"https:\/\/yume-silm.com\/fr\/wp-json\/wp\/v2\/product_tag?post=12386"}],"curies":[{"name":"wp","href":"https:\/\/api.w.org\/{rel}","templated":true}]}}