{"id":12561,"date":"2024-10-18T07:31:56","date_gmt":"2024-10-18T07:31:56","guid":{"rendered":"https:\/\/yume-silm.com\/?post_type=product&#038;p=12561"},"modified":"2024-10-18T07:33:46","modified_gmt":"2024-10-18T07:33:46","slug":"gilet-moulant-a-sechage-rapide-pour-homme-avec-crochets-et-oeillets","status":"publish","type":"product","link":"https:\/\/yume-silm.com\/fr\/produit\/gilet-moulant-a-sechage-rapide-pour-homme-avec-crochets-et-oeillets\/","title":{"rendered":"Gilet moulant \u00e0 s\u00e9chage rapide pour homme avec crochets et \u0153illets"},"content":{"rendered":"<h5>Caract\u00e9ristiques de conception<\/h5>\n<ul>\n<li><strong>CEINTURE R\u00c9GLABLE :<\/strong> Le gilet de compression abdominale \u00e0 s\u00e9chage rapide pour homme est dot\u00e9 de trois crochets et \u0153illets permettant d&#039;ajuster librement la force de compression requise. Une ceinture confortable et non serr\u00e9e permet d&#039;exercer une pression plus importante sur l&#039;abdomen et de perdre du poids plus efficacement.<\/li>\n<li><strong>AM\u00c9LIORER LA POSTURE\u00a0:<\/strong> Il peut \u00eatre utilis\u00e9 pour contr\u00f4ler l&#039;abdomen et adopte une conception d&#039;ing\u00e9nierie crois\u00e9e pour soutenir le dos, fournir une expansion des \u00e9paules et une tension du dos, fournir un bon soutien du corps, am\u00e9liorer la posture et soulager la douleur.<\/li>\n<li><strong>TISSU DE HAUTE QUALIT\u00c9 :<\/strong> La combinaison de nylon et d&#039;\u00e9lasthanne cr\u00e9e un tissu tr\u00e8s \u00e9lastique et confortable qui \u00e9pouse la courbe du corps et offre un confort ultime, vous permettant de faire ce que vous voulez pendant l&#039;exercice.<\/li>\n<li><strong>TISSU \u00c0 S\u00c9CHAGE RAPIDE :<\/strong> La technologie de s\u00e9chage rapide assure une transpiration rapide apr\u00e8s l&#039;exercice, garde au sec et convient \u00e0 diverses occasions sportives<\/li>\n<\/ul>\n<h6><em>D\u00e9bardeur de fitness amincissant \u00e0 compression pour homme<\/em><\/h6>\n<ul>\n<li>Le d\u00e9bardeur de fitness \u00e0 compression pr\u00e9sente une conception unique \u00e0 crochets et \u0153illets qui est \u00e9l\u00e9gante et am\u00e9liore la respirabilit\u00e9, vous assurant de toujours vous sentir rafra\u00eechi pendant les exercices de haute intensit\u00e9.<\/li>\n<\/ul>","protected":false},"excerpt":{"rendered":"<p>Ce d\u00e9bardeur moulant \u00e0 s\u00e9chage rapide pour homme, \u00e0 crochets et \u0153illets, \u00e9pouse parfaitement les courbes de votre corps, offrant un bon maintien et vous aidant \u00e0 sculpter votre silhouette id\u00e9ale. Que vous vous entra\u00eeniez en salle de sport ou que vous le portiez au quotidien, ce d\u00e9bardeur vous apportera confort et confiance en vous.<\/p>","protected":false},"featured_media":12562,"comment_status":"open","ping_status":"closed","template":"","meta":{"site-sidebar-layout":"default","site-content-layout":"","ast-site-content-layout":"default","site-content-style":"default","site-sidebar-style":"default","ast-global-header-display":"","ast-banner-title-visibility":"","ast-main-header-display":"","ast-hfb-above-header-display":"","ast-hfb-below-header-display":"","ast-hfb-mobile-header-display":"","site-post-title":"","ast-breadcrumbs-content":"","ast-featured-img":"","footer-sml-layout":"","ast-disable-related-posts":"","theme-transparent-header-meta":"default","adv-header-id-meta":"","stick-header-meta":"default","header-above-stick-meta":"","header-main-stick-meta":"","header-below-stick-meta":"","astra-migrate-meta-layouts":"set","ast-page-background-enabled":"default","ast-page-background-meta":{"desktop":{"background-color":"","background-image":"","background-repeat":"repeat","background-position":"center center","background-size":"auto","background-attachment":"scroll","background-type":"","background-media":"","overlay-type":"","overlay-color":"","overlay-opacity":"","overlay-gradient":""},"tablet":{"background-color":"","background-image":"","background-repeat":"repeat","background-position":"center center","background-size":"auto","background-attachment":"scroll","background-type":"","background-media":"","overlay-type":"","overlay-color":"","overlay-opacity":"","overlay-gradient":""},"mobile":{"background-color":"","background-image":"","background-repeat":"repeat","background-position":"center center","background-size":"auto","background-attachment":"scroll","background-type":"","background-media":"","overlay-type":"","overlay-color":"","overlay-opacity":"","overlay-gradient":""}},"ast-content-background-meta":{"desktop":{"background-color":"var(--ast-global-color-5)","background-image":"","background-repeat":"repeat","background-position":"center center","background-size":"auto","background-attachment":"scroll","background-type":"","background-media":"","overlay-type":"","overlay-color":"","overlay-opacity":"","overlay-gradient":""},"tablet":{"background-color":"var(--ast-global-color-5)","background-image":"","background-repeat":"repeat","background-position":"center center","background-size":"auto","background-attachment":"scroll","background-type":"","background-media":"","overlay-type":"","overlay-color":"","overlay-opacity":"","overlay-gradient":""},"mobile":{"background-color":"var(--ast-global-color-5)","background-image":"","background-repeat":"repeat","background-position":"center center","background-size":"auto","background-attachment":"scroll","background-type":"","background-media":"","overlay-type":"","overlay-color":"","overlay-opacity":"","overlay-gradient":""}}},"product_brand":[],"product_cat":[65,76,85,86],"product_tag":[1064,646,489,1066,1065,778,535,1067],"class_list":{"0":"post-12561","1":"product","2":"type-product","3":"status-publish","4":"has-post-thumbnail","6":"product_cat-best-sellers","7":"product_cat-new-arrivels","8":"product_cat-wholesale-mens-shapewear","9":"product_cat-wholesale-men-sliming-vest","10":"product_tag-adjustable-waistband","11":"product_tag-comfortable","12":"product_tag-compression","13":"product_tag-fitness-tank-top","14":"product_tag-high-quality-fabric","15":"product_tag-quick-dry","16":"product_tag-slimming","17":"product_tag-tight-tummy-vest","18":"pa_color-beige","19":"pa_color-black","20":"pa_size-2xl","21":"pa_size-3xl","22":"pa_size-4xl","23":"pa_size-l","24":"pa_size-xl","25":"desktop-align-center","26":"tablet-align-left","27":"mobile-align-left","28":"ast-product-gallery-layout-horizontal-slider","29":"ast-product-single-variable","30":"ast-product-tabs-layout-horizontal","31":"ast-qv-on-image","33":"first","34":"instock","35":"shipping-taxable","36":"purchasable","37":"product-type-variable"},"tiered_pricing_type":"fixed","tiered_pricing_fixed_rules":{"2":16.5,"50":16,"100":15.5},"tiered_pricing_product_settings":{"layout":"default","base_unit_name":{"singular":null,"plural":null},"default_variation":null},"tiered_pricing_minimum_quantity":null,"tiered_pricing_roles_data":[],"tiered_pricing_percentage_rules":[],"_links":{"self":[{"href":"https:\/\/yume-silm.com\/fr\/wp-json\/wp\/v2\/product\/12561","targetHints":{"allow":["GET"]}}],"collection":[{"href":"https:\/\/yume-silm.com\/fr\/wp-json\/wp\/v2\/product"}],"about":[{"href":"https:\/\/yume-silm.com\/fr\/wp-json\/wp\/v2\/types\/product"}],"replies":[{"embeddable":true,"href":"https:\/\/yume-silm.com\/fr\/wp-json\/wp\/v2\/comments?post=12561"}],"wp:featuredmedia":[{"embeddable":true,"href":"https:\/\/yume-silm.com\/fr\/wp-json\/wp\/v2\/media\/12562"}],"wp:attachment":[{"href":"https:\/\/yume-silm.com\/fr\/wp-json\/wp\/v2\/media?parent=12561"}],"wp:term":[{"taxonomy":"product_brand","embeddable":true,"href":"https:\/\/yume-silm.com\/fr\/wp-json\/wp\/v2\/product_brand?post=12561"},{"taxonomy":"product_cat","embeddable":true,"href":"https:\/\/yume-silm.com\/fr\/wp-json\/wp\/v2\/product_cat?post=12561"},{"taxonomy":"product_tag","embeddable":true,"href":"https:\/\/yume-silm.com\/fr\/wp-json\/wp\/v2\/product_tag?post=12561"}],"curies":[{"name":"wp","href":"https:\/\/api.w.org\/{rel}","templated":true}]}}