{"id":12896,"date":"2024-11-07T09:27:58","date_gmt":"2024-11-07T09:27:58","guid":{"rendered":"https:\/\/yume-silm.com\/?post_type=product&#038;p=12896"},"modified":"2025-05-26T00:44:04","modified_gmt":"2025-05-26T00:44:04","slug":"ensemble-de-sous-vetements-en-dentelle-pour-femmes-avec-culotte-grande-taille","status":"publish","type":"product","link":"https:\/\/yume-silm.com\/fr\/produit\/ensemble-de-sous-vetements-en-dentelle-pour-femmes-avec-culotte-grande-taille\/","title":{"rendered":"Ensemble de sous-v\u00eatements respirants en dentelle ultra-fine pour femmes, grande taille"},"content":{"rendered":"<h5>Caract\u00e9ristiques de conception<\/h5>\n<ul>\n<li><strong>CONCEPTION ULTRA-MINCE :<\/strong> L&#039;ensemble de sous-v\u00eatements en dentelle grande taille pour femmes est fabriqu\u00e9 dans un mat\u00e9riau ultra-fin, l\u00e9ger et respirant, vous offrant un toucher soyeux, confortable et sans fardeau toute la journ\u00e9e.<\/li>\n<li><strong>FORTE RESPIRABILIT\u00c9 : <\/strong>Le tissu en dentelle est non seulement beau mais \u00e9galement respirant, assurant une peau s\u00e8che, adapt\u00e9 \u00e0 un usage quotidien ou \u00e0 toute saison.<\/li>\n<li><strong>COUPE GRANDE TAILLE :<\/strong> Les sous-v\u00eatements grande taille sp\u00e9cialement con\u00e7us sont parfaits pour plus de types de corps, offrant un confort et un enveloppement complets, adapt\u00e9s aux femmes de diff\u00e9rents types de corps.<\/li>\n<li><strong>D\u00c9CORATION DE DENTELLE \u00c9L\u00c9GANTE :<\/strong> Le motif en dentelle exquis ajoute un charme f\u00e9minin sans affecter le confort et la libert\u00e9 de mouvement, montrant un temp\u00e9rament de coexistence sexy et \u00e9l\u00e9gante.<\/li>\n<\/ul>\n<h6><em>Ensemble de lingerie sexy taille basse pour femme grande taille<\/em><\/h6>\n<ul>\n<li>Cet ensemble de lingerie sexy grande taille avec culotte taille basse est con\u00e7u pour les femmes confiantes qui souhaitent mettre en valeur leurs courbes charmantes. Fabriqu\u00e9 dans un tissu doux et confortable pour un maintien et un confort optimaux, ce mod\u00e8le taille basse souligne habilement les hanches et ajoute une touche de charme.<\/li>\n<\/ul>","protected":false},"excerpt":{"rendered":"<ul>\n<li>L&#039;ensemble de sous-v\u00eatements en dentelle grande taille pour femmes est con\u00e7u pour les femmes qui recherchent le confort et l&#039;\u00e9l\u00e9gance, combinant parfaitement les \u00e9l\u00e9ments de l\u00e9g\u00e8ret\u00e9, de respirabilit\u00e9 et de sensualit\u00e9.<\/li>\n<li>Fabriqu\u00e9 en dentelle de haute qualit\u00e9, doux et d\u00e9licat, pr\u00e8s du corps, il offre un confort in\u00e9gal\u00e9 et convient \u00e0 toutes les morphologies. Sa coupe large sp\u00e9cialement con\u00e7ue vous offre un ajustement parfait, vous permettant de mettre en valeur vos courbes charmantes en toute confiance.<\/li>\n<\/ul>","protected":false},"featured_media":12922,"comment_status":"open","ping_status":"closed","template":"","meta":{"site-sidebar-layout":"default","site-content-layout":"","ast-site-content-layout":"default","site-content-style":"default","site-sidebar-style":"default","ast-global-header-display":"","ast-banner-title-visibility":"","ast-main-header-display":"","ast-hfb-above-header-display":"","ast-hfb-below-header-display":"","ast-hfb-mobile-header-display":"","site-post-title":"","ast-breadcrumbs-content":"","ast-featured-img":"","footer-sml-layout":"","ast-disable-related-posts":"","theme-transparent-header-meta":"default","adv-header-id-meta":"","stick-header-meta":"default","header-above-stick-meta":"","header-main-stick-meta":"","header-below-stick-meta":"","astra-migrate-meta-layouts":"set","ast-page-background-enabled":"default","ast-page-background-meta":{"desktop":{"background-color":"","background-image":"","background-repeat":"repeat","background-position":"center center","background-size":"auto","background-attachment":"scroll","background-type":"","background-media":"","overlay-type":"","overlay-color":"","overlay-opacity":"","overlay-gradient":""},"tablet":{"background-color":"","background-image":"","background-repeat":"repeat","background-position":"center center","background-size":"auto","background-attachment":"scroll","background-type":"","background-media":"","overlay-type":"","overlay-color":"","overlay-opacity":"","overlay-gradient":""},"mobile":{"background-color":"","background-image":"","background-repeat":"repeat","background-position":"center center","background-size":"auto","background-attachment":"scroll","background-type":"","background-media":"","overlay-type":"","overlay-color":"","overlay-opacity":"","overlay-gradient":""}},"ast-content-background-meta":{"desktop":{"background-color":"var(--ast-global-color-5)","background-image":"","background-repeat":"repeat","background-position":"center center","background-size":"auto","background-attachment":"scroll","background-type":"","background-media":"","overlay-type":"","overlay-color":"","overlay-opacity":"","overlay-gradient":""},"tablet":{"background-color":"var(--ast-global-color-5)","background-image":"","background-repeat":"repeat","background-position":"center center","background-size":"auto","background-attachment":"scroll","background-type":"","background-media":"","overlay-type":"","overlay-color":"","overlay-opacity":"","overlay-gradient":""},"mobile":{"background-color":"var(--ast-global-color-5)","background-image":"","background-repeat":"repeat","background-position":"center center","background-size":"auto","background-attachment":"scroll","background-type":"","background-media":"","overlay-type":"","overlay-color":"","overlay-opacity":"","overlay-gradient":""}}},"product_brand":[],"product_cat":[65,76,259,583],"product_tag":[492,675,646,1100,1101,400,829],"class_list":{"0":"post-12896","1":"product","2":"type-product","3":"status-publish","4":"has-post-thumbnail","6":"product_cat-best-sellers","7":"product_cat-new-arrivels","8":"product_cat-lingerie","9":"product_cat-plus-size-underwear","10":"product_tag-breathable","11":"product_tag-charming","12":"product_tag-comfortable","13":"product_tag-high-quality-lace","14":"product_tag-low-rise-panty","15":"product_tag-plus-size-bra","16":"product_tag-ultra-thin","17":"pa_color-black","18":"pa_color-blue","19":"pa_color-red","20":"pa_color-white","21":"pa_size-100e3xl","22":"pa_size-105e4xl","23":"pa_size-110e5xl","24":"pa_size-85exl","25":"pa_size-90e1xl","26":"pa_size-95e2xl","27":"desktop-align-center","28":"tablet-align-left","29":"mobile-align-left","30":"ast-product-gallery-layout-horizontal-slider","31":"ast-product-single-variable","32":"ast-product-tabs-layout-horizontal","33":"ast-qv-on-image","35":"first","36":"instock","37":"shipping-taxable","38":"purchasable","39":"product-type-variable"},"tiered_pricing_type":"fixed","tiered_pricing_fixed_rules":{"5":5.58,"50":4.96,"100":4.34},"tiered_pricing_product_settings":{"layout":"default","base_unit_name":{"singular":null,"plural":null},"default_variation":null},"tiered_pricing_minimum_quantity":null,"tiered_pricing_roles_data":[],"tiered_pricing_percentage_rules":[],"_links":{"self":[{"href":"https:\/\/yume-silm.com\/fr\/wp-json\/wp\/v2\/product\/12896","targetHints":{"allow":["GET"]}}],"collection":[{"href":"https:\/\/yume-silm.com\/fr\/wp-json\/wp\/v2\/product"}],"about":[{"href":"https:\/\/yume-silm.com\/fr\/wp-json\/wp\/v2\/types\/product"}],"replies":[{"embeddable":true,"href":"https:\/\/yume-silm.com\/fr\/wp-json\/wp\/v2\/comments?post=12896"}],"wp:featuredmedia":[{"embeddable":true,"href":"https:\/\/yume-silm.com\/fr\/wp-json\/wp\/v2\/media\/12922"}],"wp:attachment":[{"href":"https:\/\/yume-silm.com\/fr\/wp-json\/wp\/v2\/media?parent=12896"}],"wp:term":[{"taxonomy":"product_brand","embeddable":true,"href":"https:\/\/yume-silm.com\/fr\/wp-json\/wp\/v2\/product_brand?post=12896"},{"taxonomy":"product_cat","embeddable":true,"href":"https:\/\/yume-silm.com\/fr\/wp-json\/wp\/v2\/product_cat?post=12896"},{"taxonomy":"product_tag","embeddable":true,"href":"https:\/\/yume-silm.com\/fr\/wp-json\/wp\/v2\/product_tag?post=12896"}],"curies":[{"name":"wp","href":"https:\/\/api.w.org\/{rel}","templated":true}]}}