{"id":13055,"date":"2024-11-16T08:56:18","date_gmt":"2024-11-16T08:56:18","guid":{"rendered":"https:\/\/yume-silm.com\/?post_type=product&#038;p=13055"},"modified":"2025-05-26T01:43:50","modified_gmt":"2025-05-26T01:43:50","slug":"soutien-gorge-collant-invisible-en-forme-de-cuillere-pour-femmes","status":"publish","type":"product","link":"https:\/\/yume-silm.com\/fr\/produit\/soutien-gorge-collant-invisible-en-forme-de-cuillere-pour-femmes\/","title":{"rendered":"Autocollants invisibles en silicone pour femmes, en forme de cuill\u00e8re, sans couture, pour rehausser les seins"},"content":{"rendered":"<h5>Caract\u00e9ristiques de conception<\/h5>\n<ul>\n<li><strong>INVISIBLE ET SANS TRACE :<\/strong> Le soutien-gorge collant invisible en forme de cuill\u00e8re pour femme a une conception de bord sans couture, proche de la peau, et ne laissera pas de traces sous les v\u00eatements fins, apportant un effet naturel.<\/li>\n<li><strong>CONCEPTION EN FORME DE CUILL\u00c8RE :<\/strong> La structure en forme de cuill\u00e8re s&#039;adapte parfaitement \u00e0 la courbe de la poitrine, am\u00e9liore la pl\u00e9nitude de la poitrine et ajoute confiance et charme.<\/li>\n<li><strong>MAT\u00c9RIAU SILICONE CONFORTABLE :<\/strong> Fabriqu\u00e9 en silicone de qualit\u00e9 m\u00e9dicale de haute qualit\u00e9, doux et doux pour la peau, adapt\u00e9 \u00e0 un port \u00e0 long terme, ajust\u00e9 et non irritant.<\/li>\n<li><strong>FACILE \u00c0 NETTOYER ET \u00c0 R\u00c9UTILISER :<\/strong> Le mat\u00e9riau en silicone est durable et peut \u00eatre r\u00e9utilis\u00e9 apr\u00e8s le lavage, ce qui est \u00e9conomique et durable.<\/li>\n<li><strong>CONVIENT \u00c0 DIVERSES OCCASIONS :<\/strong> Portez des v\u00eatements d\u00e9collet\u00e9s, \u00e0 \u00e9paules d\u00e9nud\u00e9es, fins et autres pour r\u00e9pondre \u00e0 diff\u00e9rents besoins vestimentaires.<\/li>\n<\/ul>\n<h6><em>Autocollants pour t\u00e9tons en silicone push-up en forme de cuill\u00e8re pour femmes<\/em><\/h6>\n<ul>\n<li>Porter ce patch push-up en silicone en forme de cuill\u00e8re pour t\u00e9tons peut sculpter votre poitrine naturelle et g\u00e9n\u00e9reuse. Respectueux de l&#039;environnement, il est facile \u00e0 laver et r\u00e9utilisable. Pratique et pratique, c&#039;est un accessoire de beaut\u00e9 invisible indispensable \u00e0 votre garde-robe.<\/li>\n<\/ul>","protected":false},"excerpt":{"rendered":"<p>Ce soutien-gorge collant invisible en forme de cuill\u00e8re pour femme est con\u00e7u pour les femmes qui recherchent des effets naturels, offrant un ajustement confortable et un soutien s\u00fbr.<\/p>\n<ul>\n<li>Fabriqu\u00e9 en silicone souple, la conception en forme de cuill\u00e8re s&#039;adapte facilement \u00e0 la courbe de la poitrine, invisible et sans trace, cr\u00e9ant un effet de poitrine plein et naturel.<\/li>\n<\/ul>","protected":false},"featured_media":13057,"comment_status":"open","ping_status":"closed","template":"","meta":{"site-sidebar-layout":"default","site-content-layout":"","ast-site-content-layout":"default","site-content-style":"default","site-sidebar-style":"default","ast-global-header-display":"","ast-banner-title-visibility":"","ast-main-header-display":"","ast-hfb-above-header-display":"","ast-hfb-below-header-display":"","ast-hfb-mobile-header-display":"","site-post-title":"","ast-breadcrumbs-content":"","ast-featured-img":"","footer-sml-layout":"","ast-disable-related-posts":"","theme-transparent-header-meta":"default","adv-header-id-meta":"","stick-header-meta":"default","header-above-stick-meta":"","header-main-stick-meta":"","header-below-stick-meta":"","astra-migrate-meta-layouts":"set","ast-page-background-enabled":"default","ast-page-background-meta":{"desktop":{"background-color":"","background-image":"","background-repeat":"repeat","background-position":"center center","background-size":"auto","background-attachment":"scroll","background-type":"","background-media":"","overlay-type":"","overlay-color":"","overlay-opacity":"","overlay-gradient":""},"tablet":{"background-color":"","background-image":"","background-repeat":"repeat","background-position":"center center","background-size":"auto","background-attachment":"scroll","background-type":"","background-media":"","overlay-type":"","overlay-color":"","overlay-opacity":"","overlay-gradient":""},"mobile":{"background-color":"","background-image":"","background-repeat":"repeat","background-position":"center center","background-size":"auto","background-attachment":"scroll","background-type":"","background-media":"","overlay-type":"","overlay-color":"","overlay-opacity":"","overlay-gradient":""}},"ast-content-background-meta":{"desktop":{"background-color":"var(--ast-global-color-5)","background-image":"","background-repeat":"repeat","background-position":"center center","background-size":"auto","background-attachment":"scroll","background-type":"","background-media":"","overlay-type":"","overlay-color":"","overlay-opacity":"","overlay-gradient":""},"tablet":{"background-color":"var(--ast-global-color-5)","background-image":"","background-repeat":"repeat","background-position":"center center","background-size":"auto","background-attachment":"scroll","background-type":"","background-media":"","overlay-type":"","overlay-color":"","overlay-opacity":"","overlay-gradient":""},"mobile":{"background-color":"var(--ast-global-color-5)","background-image":"","background-repeat":"repeat","background-position":"center center","background-size":"auto","background-attachment":"scroll","background-type":"","background-media":"","overlay-type":"","overlay-color":"","overlay-opacity":"","overlay-gradient":""}}},"product_brand":[],"product_cat":[65,76,259,584],"product_tag":[1112,707,602,491,601,1111,604],"class_list":{"0":"post-13055","1":"product","2":"type-product","3":"status-publish","4":"has-post-thumbnail","6":"product_cat-best-sellers","7":"product_cat-new-arrivels","8":"product_cat-lingerie","9":"product_cat-adhesive-bras","10":"product_tag-high-quality-medical","11":"product_tag-invisible","12":"product_tag-push-up","13":"product_tag-seamless","14":"product_tag-silicone","15":"product_tag-spoon-shaped","16":"product_tag-sticky-bra","17":"pa_color-skin","18":"pa_size-l","19":"pa_size-m","20":"pa_size-s","21":"desktop-align-center","22":"tablet-align-left","23":"mobile-align-left","24":"ast-product-gallery-layout-horizontal-slider","25":"ast-product-single-variable","26":"ast-product-tabs-layout-horizontal","27":"ast-qv-on-image","29":"first","30":"instock","31":"shipping-taxable","32":"purchasable","33":"product-type-variable"},"tiered_pricing_type":"fixed","tiered_pricing_fixed_rules":{"10":2.37,"100":2.1,"200":1.84},"tiered_pricing_product_settings":{"layout":"default","base_unit_name":{"singular":null,"plural":null},"default_variation":null},"tiered_pricing_minimum_quantity":null,"tiered_pricing_roles_data":[],"tiered_pricing_percentage_rules":[],"_links":{"self":[{"href":"https:\/\/yume-silm.com\/fr\/wp-json\/wp\/v2\/product\/13055","targetHints":{"allow":["GET"]}}],"collection":[{"href":"https:\/\/yume-silm.com\/fr\/wp-json\/wp\/v2\/product"}],"about":[{"href":"https:\/\/yume-silm.com\/fr\/wp-json\/wp\/v2\/types\/product"}],"replies":[{"embeddable":true,"href":"https:\/\/yume-silm.com\/fr\/wp-json\/wp\/v2\/comments?post=13055"}],"wp:featuredmedia":[{"embeddable":true,"href":"https:\/\/yume-silm.com\/fr\/wp-json\/wp\/v2\/media\/13057"}],"wp:attachment":[{"href":"https:\/\/yume-silm.com\/fr\/wp-json\/wp\/v2\/media?parent=13055"}],"wp:term":[{"taxonomy":"product_brand","embeddable":true,"href":"https:\/\/yume-silm.com\/fr\/wp-json\/wp\/v2\/product_brand?post=13055"},{"taxonomy":"product_cat","embeddable":true,"href":"https:\/\/yume-silm.com\/fr\/wp-json\/wp\/v2\/product_cat?post=13055"},{"taxonomy":"product_tag","embeddable":true,"href":"https:\/\/yume-silm.com\/fr\/wp-json\/wp\/v2\/product_tag?post=13055"}],"curies":[{"name":"wp","href":"https:\/\/api.w.org\/{rel}","templated":true}]}}