{"id":13270,"date":"2024-11-30T07:00:21","date_gmt":"2024-11-30T07:00:21","guid":{"rendered":"https:\/\/yume-silm.com\/?post_type=product&#038;p=13270"},"modified":"2025-09-13T01:23:05","modified_gmt":"2025-09-13T01:23:05","slug":"corset-taille-haute-gothique-pour-femme","status":"publish","type":"product","link":"https:\/\/yume-silm.com\/fr\/produit\/corset-taille-haute-gothique-pour-femme\/","title":{"rendered":"Corset taille haute gothique sexy pour femme, effet squelette, vente en gros"},"content":{"rendered":"<h5>Caract\u00e9ristiques<\/h5>\n<ol>\n<li><strong>Conception gothique :<\/strong> Le corset taille haute gothique pour femme pr\u00e9sente un design gothique unique pour personnaliser votre look.<\/li>\n<li><strong>Contr\u00f4le de l'abdomen :<\/strong> Le corset d&#039;entra\u00eenement \u00e0 la taille grande taille offre d&#039;excellentes performances de contr\u00f4le de la taille et de l&#039;abdomen pour vous aider \u00e0 fa\u00e7onner votre silhouette.<\/li>\n<li><strong>Tissu de haute qualit\u00e9 :<\/strong> Le corset \u00e0 taille cintr\u00e9e est fait de tissu doux et \u00e9lastique pour assurer un port confortable et respirant.<\/li>\n<li><strong>Occasion:<\/strong> Ce corset puissant convient parfaitement au style gothique et peut \u00eatre utilis\u00e9 comme costume de vampire, de sorci\u00e8re, de pin-up et autres costumes d&#039;Halloween.<\/li>\n<\/ol>\n<h6><em>M\u00e9thode d&#039;entretien :<\/em><\/h6>\n<ul>\n<li>Lavage \u00e0 la main \u00e0 l&#039;eau ti\u00e8de pour prot\u00e9ger la conception du cadre du corset et l&#039;\u00e9lasticit\u00e9 du tissu.<\/li>\n<li>Lors du s\u00e9chage, appuyez doucement sur le corset et suspendez-le ou posez-le \u00e0 plat pour le s\u00e9cher afin d&#039;\u00e9viter la d\u00e9coloration ou l&#039;endommagement du tissu.<\/li>\n<li>Lors du stockage, placez-le dans un endroit sec et a\u00e9r\u00e9 pour \u00e9viter la moisissure, ou accrochez-le sur un cintre pour allonger la forme du corset.<\/li>\n<\/ul>","protected":false},"excerpt":{"rendered":"<p>Le corset taille haute gothique pour femme combine un design gothique avec des d\u00e9tails squelettiques pour mettre en valeur votre personnalit\u00e9, alliant mode et fonctionnalit\u00e9.<\/p>","protected":false},"featured_media":13272,"comment_status":"open","ping_status":"closed","template":"","meta":{"site-sidebar-layout":"default","site-content-layout":"","ast-site-content-layout":"default","site-content-style":"default","site-sidebar-style":"default","ast-global-header-display":"","ast-banner-title-visibility":"","ast-main-header-display":"","ast-hfb-above-header-display":"","ast-hfb-below-header-display":"","ast-hfb-mobile-header-display":"","site-post-title":"","ast-breadcrumbs-content":"","ast-featured-img":"","footer-sml-layout":"","ast-disable-related-posts":"","theme-transparent-header-meta":"default","adv-header-id-meta":"","stick-header-meta":"default","header-above-stick-meta":"","header-main-stick-meta":"","header-below-stick-meta":"","astra-migrate-meta-layouts":"set","ast-page-background-enabled":"default","ast-page-background-meta":{"desktop":{"background-color":"","background-image":"","background-repeat":"repeat","background-position":"center center","background-size":"auto","background-attachment":"scroll","background-type":"","background-media":"","overlay-type":"","overlay-color":"","overlay-opacity":"","overlay-gradient":""},"tablet":{"background-color":"","background-image":"","background-repeat":"repeat","background-position":"center center","background-size":"auto","background-attachment":"scroll","background-type":"","background-media":"","overlay-type":"","overlay-color":"","overlay-opacity":"","overlay-gradient":""},"mobile":{"background-color":"","background-image":"","background-repeat":"repeat","background-position":"center center","background-size":"auto","background-attachment":"scroll","background-type":"","background-media":"","overlay-type":"","overlay-color":"","overlay-opacity":"","overlay-gradient":""}},"ast-content-background-meta":{"desktop":{"background-color":"var(--ast-global-color-5)","background-image":"","background-repeat":"repeat","background-position":"center center","background-size":"auto","background-attachment":"scroll","background-type":"","background-media":"","overlay-type":"","overlay-color":"","overlay-opacity":"","overlay-gradient":""},"tablet":{"background-color":"var(--ast-global-color-5)","background-image":"","background-repeat":"repeat","background-position":"center center","background-size":"auto","background-attachment":"scroll","background-type":"","background-media":"","overlay-type":"","overlay-color":"","overlay-opacity":"","overlay-gradient":""},"mobile":{"background-color":"var(--ast-global-color-5)","background-image":"","background-repeat":"repeat","background-position":"center center","background-size":"auto","background-attachment":"scroll","background-type":"","background-media":"","overlay-type":"","overlay-color":"","overlay-opacity":"","overlay-gradient":""}}},"product_brand":[],"product_cat":[76,1071,1072,65,90,95],"product_tag":[823,675,1139,1065,1140],"class_list":{"0":"post-13270","1":"product","2":"type-product","3":"status-publish","4":"has-post-thumbnail","6":"product_cat-new-arrivels","7":"product_cat-sale","8":"product_cat-bulk-savings","9":"product_cat-best-sellers","10":"product_cat-wholesale-waist-trainer","11":"product_cat-waist-cincher","12":"product_tag-abdominal-control","13":"product_tag-charming","14":"product_tag-gothic-design","15":"product_tag-high-quality-fabric","16":"product_tag-waist-training-corset","17":"pa_color-black","18":"pa_color-black-red","19":"pa_color-blue","20":"pa_color-brown","21":"pa_color-dark-blue","22":"pa_color-green","23":"pa_color-pink","24":"pa_color-red","25":"pa_color-skin","26":"pa_color-white","27":"pa_color-white-beige","28":"pa_size-2xl","29":"pa_size-3xl","30":"pa_size-4xl","31":"pa_size-5xl","32":"pa_size-6xl","33":"pa_size-l","34":"pa_size-m","35":"pa_size-s","36":"pa_size-xl","37":"pa_size-xs","38":"desktop-align-center","39":"tablet-align-left","40":"mobile-align-left","41":"ast-product-gallery-layout-horizontal-slider","42":"ast-product-single-variable","43":"ast-product-tabs-layout-horizontal","44":"ast-qv-on-image","46":"first","47":"instock","48":"shipping-taxable","49":"purchasable","50":"product-type-variable"},"tiered_pricing_type":"fixed","tiered_pricing_fixed_rules":{"10":9.9},"tiered_pricing_product_settings":{"layout":"default","base_unit_name":{"singular":null,"plural":null},"default_variation":null},"tiered_pricing_minimum_quantity":null,"tiered_pricing_roles_data":[],"tiered_pricing_percentage_rules":[],"_links":{"self":[{"href":"https:\/\/yume-silm.com\/fr\/wp-json\/wp\/v2\/product\/13270","targetHints":{"allow":["GET"]}}],"collection":[{"href":"https:\/\/yume-silm.com\/fr\/wp-json\/wp\/v2\/product"}],"about":[{"href":"https:\/\/yume-silm.com\/fr\/wp-json\/wp\/v2\/types\/product"}],"replies":[{"embeddable":true,"href":"https:\/\/yume-silm.com\/fr\/wp-json\/wp\/v2\/comments?post=13270"}],"wp:featuredmedia":[{"embeddable":true,"href":"https:\/\/yume-silm.com\/fr\/wp-json\/wp\/v2\/media\/13272"}],"wp:attachment":[{"href":"https:\/\/yume-silm.com\/fr\/wp-json\/wp\/v2\/media?parent=13270"}],"wp:term":[{"taxonomy":"product_brand","embeddable":true,"href":"https:\/\/yume-silm.com\/fr\/wp-json\/wp\/v2\/product_brand?post=13270"},{"taxonomy":"product_cat","embeddable":true,"href":"https:\/\/yume-silm.com\/fr\/wp-json\/wp\/v2\/product_cat?post=13270"},{"taxonomy":"product_tag","embeddable":true,"href":"https:\/\/yume-silm.com\/fr\/wp-json\/wp\/v2\/product_tag?post=13270"}],"curies":[{"name":"wp","href":"https:\/\/api.w.org\/{rel}","templated":true}]}}