{"id":13389,"date":"2024-12-07T01:48:29","date_gmt":"2024-12-07T01:48:29","guid":{"rendered":"https:\/\/yume-silm.com\/?post_type=product&#038;p=13389"},"modified":"2025-05-26T00:36:39","modified_gmt":"2025-05-26T00:36:39","slug":"womens-plus-size-underwear-set","status":"publish","type":"product","link":"https:\/\/yume-silm.com\/fr\/produit\/womens-plus-size-underwear-set\/","title":{"rendered":"Ensemble de sous-v\u00eatements respirants brod\u00e9s grande taille pour femmes en gros"},"content":{"rendered":"<h5>Caract\u00e9ristiques<\/h5>\n<ol>\n<li><strong>Plus-size:<\/strong> Women&#8217;s plus size underwear set has kinds of sizes for you to choose from.<\/li>\n<li><strong>Embroidery:<\/strong>\u00a0 lace bra set embroidery is used as an embellishment, which makes it more charming.<\/li>\n<li><strong>Tissu:<\/strong> The plus size bra has a breathable and soft fabric to ensure comfort and freshness all day long.<\/li>\n<li><strong>Occasion:<\/strong> Whether daily attendance or attending a party both can add charm and sexiness to you.<\/li>\n<\/ol>\n<h6><em>Maintenance method<\/em><\/h6>\n<ul>\n<li>Hand wash to avoid damage to embroidery and fabric elasticity.<\/li>\n<li>After washing, gently press to absorb water and place in a ventilated place to dry naturally.<\/li>\n<li>Check the shoulder straps and buckles regularly. If damaged, please replace them in time to avoid affecting the appearance.<\/li>\n<\/ul>","protected":false},"excerpt":{"rendered":"<p>Wear women&#8217;s plus size underwear set to experience the ultra-comfortable fit and excellent support, making you more confident and noble.<\/p>","protected":false},"featured_media":13390,"comment_status":"open","ping_status":"closed","template":"","meta":{"site-sidebar-layout":"default","site-content-layout":"","ast-site-content-layout":"default","site-content-style":"default","site-sidebar-style":"default","ast-global-header-display":"","ast-banner-title-visibility":"","ast-main-header-display":"","ast-hfb-above-header-display":"","ast-hfb-below-header-display":"","ast-hfb-mobile-header-display":"","site-post-title":"","ast-breadcrumbs-content":"","ast-featured-img":"","footer-sml-layout":"","ast-disable-related-posts":"","theme-transparent-header-meta":"default","adv-header-id-meta":"","stick-header-meta":"default","header-above-stick-meta":"","header-main-stick-meta":"","header-below-stick-meta":"","astra-migrate-meta-layouts":"set","ast-page-background-enabled":"default","ast-page-background-meta":{"desktop":{"background-color":"","background-image":"","background-repeat":"repeat","background-position":"center center","background-size":"auto","background-attachment":"scroll","background-type":"","background-media":"","overlay-type":"","overlay-color":"","overlay-opacity":"","overlay-gradient":""},"tablet":{"background-color":"","background-image":"","background-repeat":"repeat","background-position":"center center","background-size":"auto","background-attachment":"scroll","background-type":"","background-media":"","overlay-type":"","overlay-color":"","overlay-opacity":"","overlay-gradient":""},"mobile":{"background-color":"","background-image":"","background-repeat":"repeat","background-position":"center center","background-size":"auto","background-attachment":"scroll","background-type":"","background-media":"","overlay-type":"","overlay-color":"","overlay-opacity":"","overlay-gradient":""}},"ast-content-background-meta":{"desktop":{"background-color":"var(--ast-global-color-5)","background-image":"","background-repeat":"repeat","background-position":"center center","background-size":"auto","background-attachment":"scroll","background-type":"","background-media":"","overlay-type":"","overlay-color":"","overlay-opacity":"","overlay-gradient":""},"tablet":{"background-color":"var(--ast-global-color-5)","background-image":"","background-repeat":"repeat","background-position":"center center","background-size":"auto","background-attachment":"scroll","background-type":"","background-media":"","overlay-type":"","overlay-color":"","overlay-opacity":"","overlay-gradient":""},"mobile":{"background-color":"var(--ast-global-color-5)","background-image":"","background-repeat":"repeat","background-position":"center center","background-size":"auto","background-attachment":"scroll","background-type":"","background-media":"","overlay-type":"","overlay-color":"","overlay-opacity":"","overlay-gradient":""}}},"product_brand":[],"product_cat":[76,65,259,583],"product_tag":[492,646,1154,400,474],"class_list":{"0":"post-13389","1":"product","2":"type-product","3":"status-publish","4":"has-post-thumbnail","6":"product_cat-new-arrivels","7":"product_cat-best-sellers","8":"product_cat-lingerie","9":"product_cat-plus-size-underwear","10":"product_tag-breathable","11":"product_tag-comfortable","12":"product_tag-embroidery","13":"product_tag-plus-size-bra","14":"product_tag-underwear-set","15":"pa_color-black","16":"pa_color-blue","17":"pa_color-red","18":"pa_size-38-85dxl","19":"pa_size-40-90d-xl","20":"pa_size-42-95d-2xl","21":"pa_size-44-100d-3xl","22":"pa_size-46-105d-4xl","23":"pa_size-48-110d-5xl","24":"desktop-align-center","25":"tablet-align-left","26":"mobile-align-left","27":"ast-product-gallery-layout-horizontal-slider","28":"ast-product-single-variable","29":"ast-product-tabs-layout-horizontal","30":"ast-qv-on-image","32":"first","33":"instock","34":"shipping-taxable","35":"purchasable","36":"product-type-variable"},"tiered_pricing_type":"fixed","tiered_pricing_fixed_rules":{"5":7.4,"50":6.55,"100":5.75},"tiered_pricing_product_settings":{"layout":"default","base_unit_name":{"singular":null,"plural":null},"default_variation":null},"tiered_pricing_minimum_quantity":null,"tiered_pricing_roles_data":[],"tiered_pricing_percentage_rules":[],"_links":{"self":[{"href":"https:\/\/yume-silm.com\/fr\/wp-json\/wp\/v2\/product\/13389","targetHints":{"allow":["GET"]}}],"collection":[{"href":"https:\/\/yume-silm.com\/fr\/wp-json\/wp\/v2\/product"}],"about":[{"href":"https:\/\/yume-silm.com\/fr\/wp-json\/wp\/v2\/types\/product"}],"replies":[{"embeddable":true,"href":"https:\/\/yume-silm.com\/fr\/wp-json\/wp\/v2\/comments?post=13389"}],"wp:featuredmedia":[{"embeddable":true,"href":"https:\/\/yume-silm.com\/fr\/wp-json\/wp\/v2\/media\/13390"}],"wp:attachment":[{"href":"https:\/\/yume-silm.com\/fr\/wp-json\/wp\/v2\/media?parent=13389"}],"wp:term":[{"taxonomy":"product_brand","embeddable":true,"href":"https:\/\/yume-silm.com\/fr\/wp-json\/wp\/v2\/product_brand?post=13389"},{"taxonomy":"product_cat","embeddable":true,"href":"https:\/\/yume-silm.com\/fr\/wp-json\/wp\/v2\/product_cat?post=13389"},{"taxonomy":"product_tag","embeddable":true,"href":"https:\/\/yume-silm.com\/fr\/wp-json\/wp\/v2\/product_tag?post=13389"}],"curies":[{"name":"wp","href":"https:\/\/api.w.org\/{rel}","templated":true}]}}