{"id":13565,"date":"2024-12-11T09:17:05","date_gmt":"2024-12-11T09:17:05","guid":{"rendered":"https:\/\/yume-silm.com\/?post_type=product&#038;p=13565"},"modified":"2024-12-11T09:17:52","modified_gmt":"2024-12-11T09:17:52","slug":"womens-satin-corset-top","status":"publish","type":"product","link":"https:\/\/yume-silm.com\/fr\/produit\/womens-satin-corset-top\/","title":{"rendered":"Corset vintage asym\u00e9trique en satin \u00e0 volants et lacets pour femme, vente en gros"},"content":{"rendered":"<h5>Caract\u00e9ristiques<\/h5>\n<ol>\n<li><strong>Adjustable design:<\/strong> Women&#8217;s satin corset top features a front buckle and adjustable lace at the back, perfectly fitting your body.<\/li>\n<li><strong>One-shoulder design:<\/strong> The one-shoulder corset design ruffle decoration adds softness and romance, creating a unique shape.<\/li>\n<li><strong>Tissu:<\/strong> Vintage satin corset is made of smooth skin-friendly fabric, making you comfortable and visually more attractive.<\/li>\n<li><strong>Occasion:<\/strong> Suitable for weddings, Christmas parties, daily wear or theme parties that can easily switch between multiple styles.<\/li>\n<\/ol>\n<h6><em>M\u00e9thodes d&#039;entretien<\/em><\/h6>\n<ul>\n<li>Lavage \u00e0 la main pour prot\u00e9ger le tissu et la structure du la\u00e7age et \u00e9viter d&#039;endommager le tissu.<\/li>\n<li>Use air Dry when washing can lay the corset flat or hang it in a cool place to air dry.<\/li>\n<li>When storing keep it flat or roll it up easily that avoid stacking it too tightly so that isn&#8217;t damage the fabric.<\/li>\n<\/ul>","protected":false},"excerpt":{"rendered":"<p>Women&#8217;s satin corset top to elegantly slim your figure, outline your waist and enhance your overall appearance.<\/p>","protected":false},"featured_media":13577,"comment_status":"open","ping_status":"closed","template":"","meta":{"site-sidebar-layout":"default","site-content-layout":"","ast-site-content-layout":"default","site-content-style":"default","site-sidebar-style":"default","ast-global-header-display":"","ast-banner-title-visibility":"","ast-main-header-display":"","ast-hfb-above-header-display":"","ast-hfb-below-header-display":"","ast-hfb-mobile-header-display":"","site-post-title":"","ast-breadcrumbs-content":"","ast-featured-img":"","footer-sml-layout":"","ast-disable-related-posts":"","theme-transparent-header-meta":"default","adv-header-id-meta":"","stick-header-meta":"default","header-above-stick-meta":"","header-main-stick-meta":"","header-below-stick-meta":"","astra-migrate-meta-layouts":"set","ast-page-background-enabled":"default","ast-page-background-meta":{"desktop":{"background-color":"","background-image":"","background-repeat":"repeat","background-position":"center center","background-size":"auto","background-attachment":"scroll","background-type":"","background-media":"","overlay-type":"","overlay-color":"","overlay-opacity":"","overlay-gradient":""},"tablet":{"background-color":"","background-image":"","background-repeat":"repeat","background-position":"center center","background-size":"auto","background-attachment":"scroll","background-type":"","background-media":"","overlay-type":"","overlay-color":"","overlay-opacity":"","overlay-gradient":""},"mobile":{"background-color":"","background-image":"","background-repeat":"repeat","background-position":"center center","background-size":"auto","background-attachment":"scroll","background-type":"","background-media":"","overlay-type":"","overlay-color":"","overlay-opacity":"","overlay-gradient":""}},"ast-content-background-meta":{"desktop":{"background-color":"var(--ast-global-color-5)","background-image":"","background-repeat":"repeat","background-position":"center center","background-size":"auto","background-attachment":"scroll","background-type":"","background-media":"","overlay-type":"","overlay-color":"","overlay-opacity":"","overlay-gradient":""},"tablet":{"background-color":"var(--ast-global-color-5)","background-image":"","background-repeat":"repeat","background-position":"center center","background-size":"auto","background-attachment":"scroll","background-type":"","background-media":"","overlay-type":"","overlay-color":"","overlay-opacity":"","overlay-gradient":""},"mobile":{"background-color":"var(--ast-global-color-5)","background-image":"","background-repeat":"repeat","background-position":"center center","background-size":"auto","background-attachment":"scroll","background-type":"","background-media":"","overlay-type":"","overlay-color":"","overlay-opacity":"","overlay-gradient":""}}},"product_brand":[],"product_cat":[1071,1072,65,76,90,93,95],"product_tag":[194,646,1166,621,1167],"class_list":{"0":"post-13565","1":"product","2":"type-product","3":"status-publish","4":"has-post-thumbnail","6":"product_cat-sale","7":"product_cat-bulk-savings","8":"product_cat-best-sellers","9":"product_cat-new-arrivels","10":"product_cat-wholesale-waist-trainer","11":"product_cat-wholesale-plus-size-waist-trainer","12":"product_cat-waist-cincher","13":"product_tag-adjustable","14":"product_tag-comfortable","15":"product_tag-corset-top","16":"product_tag-one-shoulder","17":"product_tag-vintage-satin-corset","18":"pa_color-black","19":"pa_size-2xl","20":"pa_size-3xl","21":"pa_size-4xl","22":"pa_size-5xl","23":"pa_size-6xl","24":"pa_size-l","25":"pa_size-m","26":"pa_size-s","27":"pa_size-xl","28":"desktop-align-center","29":"tablet-align-left","30":"mobile-align-left","31":"ast-product-gallery-layout-horizontal-slider","32":"ast-product-single-variable","33":"ast-product-tabs-layout-horizontal","34":"ast-qv-on-image","36":"first","37":"instock","38":"shipping-taxable","39":"purchasable","40":"product-type-variable"},"tiered_pricing_type":"fixed","tiered_pricing_fixed_rules":{"10":9.9},"tiered_pricing_product_settings":{"layout":"default","base_unit_name":{"singular":null,"plural":null},"default_variation":null},"tiered_pricing_minimum_quantity":null,"tiered_pricing_roles_data":[],"tiered_pricing_percentage_rules":[],"_links":{"self":[{"href":"https:\/\/yume-silm.com\/fr\/wp-json\/wp\/v2\/product\/13565","targetHints":{"allow":["GET"]}}],"collection":[{"href":"https:\/\/yume-silm.com\/fr\/wp-json\/wp\/v2\/product"}],"about":[{"href":"https:\/\/yume-silm.com\/fr\/wp-json\/wp\/v2\/types\/product"}],"replies":[{"embeddable":true,"href":"https:\/\/yume-silm.com\/fr\/wp-json\/wp\/v2\/comments?post=13565"}],"wp:featuredmedia":[{"embeddable":true,"href":"https:\/\/yume-silm.com\/fr\/wp-json\/wp\/v2\/media\/13577"}],"wp:attachment":[{"href":"https:\/\/yume-silm.com\/fr\/wp-json\/wp\/v2\/media?parent=13565"}],"wp:term":[{"taxonomy":"product_brand","embeddable":true,"href":"https:\/\/yume-silm.com\/fr\/wp-json\/wp\/v2\/product_brand?post=13565"},{"taxonomy":"product_cat","embeddable":true,"href":"https:\/\/yume-silm.com\/fr\/wp-json\/wp\/v2\/product_cat?post=13565"},{"taxonomy":"product_tag","embeddable":true,"href":"https:\/\/yume-silm.com\/fr\/wp-json\/wp\/v2\/product_tag?post=13565"}],"curies":[{"name":"wp","href":"https:\/\/api.w.org\/{rel}","templated":true}]}}