{"id":14052,"date":"2024-12-20T06:24:19","date_gmt":"2024-12-20T06:24:19","guid":{"rendered":"https:\/\/yume-silm.com\/?post_type=product&#038;p=14052"},"modified":"2025-09-23T01:28:32","modified_gmt":"2025-09-23T01:28:32","slug":"ensemble-de-yoga-sexy-pour-femmes","status":"publish","type":"product","link":"https:\/\/yume-silm.com\/fr\/produit\/ensemble-de-yoga-sexy-pour-femmes\/","title":{"rendered":"Ensemble d\u00e9bardeur et short de yoga en denim imprim\u00e9 l\u00e9opard pour femmes, vente en gros"},"content":{"rendered":"<h5>Caract\u00e9ristiques<\/h5>\n<ol>\n<li><strong>Short imprim\u00e9 l\u00e9opard :<\/strong> L&#039;ensemble de yoga sexy pour femmes utilise un design imprim\u00e9 l\u00e9opard unique combin\u00e9 \u00e0 un style denim pour montrer votre attitude \u00e0 la mode.<\/li>\n<li><strong>La beaut\u00e9 du dos :<\/strong> Le maillot de fitness adopte un design crois\u00e9 dans le dos et les d\u00e9tails creux ajoutent de la sensualit\u00e9, rendant votre dos plus sexy.<\/li>\n<li><strong>Tissu:<\/strong> La combinaison de yoga respirante est compos\u00e9e de tissus doux et \u00e9lastiques, qui s&#039;adaptent parfaitement \u00e0 la peau et offrent une grande libert\u00e9 de mouvement.<\/li>\n<li><strong>Occasion:<\/strong> Les combinaisons de yoga peuvent \u00eatre utilis\u00e9es dans les cours de yoga, les salles de sport, les loisirs quotidiens ou d&#039;autres sports qui peuvent vous rendre plus charmant.<\/li>\n<\/ol>\n<h6><em>M\u00e9thode d&#039;entretien :<\/em><\/h6>\n<ul>\n<li>Pour prot\u00e9ger la couleur et le tissu du motif, il est recommand\u00e9 de le laver \u00e0 la main \u00e0 l&#039;eau froide.<\/li>\n<li>Posez la combinaison \u00e0 plat pour la faire s\u00e9cher, conservez sa forme et son \u00e9lasticit\u00e9 et laissez-la s\u00e9cher naturellement.<\/li>\n<li>\u00c9vitez tout contact avec des objets tranchants et rangez-le dans un endroit sec et a\u00e9r\u00e9 en le suspendant ou en le pliant.<\/li>\n<\/ul>","protected":false},"excerpt":{"rendered":"<p>Porter cet ensemble de yoga sexy pour femme vous permet d&#039;afficher un style sportif sans perdre votre sens de la mode urbaine. Devenez facilement le centre de l&#039;attention.<\/p>","protected":false},"featured_media":14065,"comment_status":"open","ping_status":"closed","template":"","meta":{"site-sidebar-layout":"default","site-content-layout":"","ast-site-content-layout":"default","site-content-style":"default","site-sidebar-style":"default","ast-global-header-display":"","ast-banner-title-visibility":"","ast-main-header-display":"","ast-hfb-above-header-display":"","ast-hfb-below-header-display":"","ast-hfb-mobile-header-display":"","site-post-title":"","ast-breadcrumbs-content":"","ast-featured-img":"","footer-sml-layout":"","ast-disable-related-posts":"","theme-transparent-header-meta":"default","adv-header-id-meta":"","stick-header-meta":"default","header-above-stick-meta":"","header-main-stick-meta":"","header-below-stick-meta":"","astra-migrate-meta-layouts":"set","ast-page-background-enabled":"default","ast-page-background-meta":{"desktop":{"background-color":"","background-image":"","background-repeat":"repeat","background-position":"center center","background-size":"auto","background-attachment":"scroll","background-type":"","background-media":"","overlay-type":"","overlay-color":"","overlay-opacity":"","overlay-gradient":""},"tablet":{"background-color":"","background-image":"","background-repeat":"repeat","background-position":"center center","background-size":"auto","background-attachment":"scroll","background-type":"","background-media":"","overlay-type":"","overlay-color":"","overlay-opacity":"","overlay-gradient":""},"mobile":{"background-color":"","background-image":"","background-repeat":"repeat","background-position":"center center","background-size":"auto","background-attachment":"scroll","background-type":"","background-media":"","overlay-type":"","overlay-color":"","overlay-opacity":"","overlay-gradient":""}},"ast-content-background-meta":{"desktop":{"background-color":"var(--ast-global-color-5)","background-image":"","background-repeat":"repeat","background-position":"center center","background-size":"auto","background-attachment":"scroll","background-type":"","background-media":"","overlay-type":"","overlay-color":"","overlay-opacity":"","overlay-gradient":""},"tablet":{"background-color":"var(--ast-global-color-5)","background-image":"","background-repeat":"repeat","background-position":"center center","background-size":"auto","background-attachment":"scroll","background-type":"","background-media":"","overlay-type":"","overlay-color":"","overlay-opacity":"","overlay-gradient":""},"mobile":{"background-color":"var(--ast-global-color-5)","background-image":"","background-repeat":"repeat","background-position":"center center","background-size":"auto","background-attachment":"scroll","background-type":"","background-media":"","overlay-type":"","overlay-color":"","overlay-opacity":"","overlay-gradient":""}}},"product_brand":[],"product_cat":[65,76,734,735,736],"product_tag":[1192,701,1193,145],"class_list":{"0":"post-14052","1":"product","2":"type-product","3":"status-publish","4":"has-post-thumbnail","6":"product_cat-best-sellers","7":"product_cat-new-arrivels","8":"product_cat-yoga-suits","9":"product_cat-yoga-tops","10":"product_cat-yoga-shorts","11":"product_tag-beautiful-back-design","12":"product_tag-fashionable","13":"product_tag-leopard-print-shorts","14":"product_tag-sexy","15":"pa_size-l","16":"pa_size-m","17":"pa_size-s","18":"desktop-align-center","19":"tablet-align-left","20":"mobile-align-left","21":"ast-product-gallery-layout-horizontal-slider","22":"ast-product-single-variable","23":"ast-product-tabs-layout-horizontal","24":"ast-qv-on-image","26":"first","27":"instock","28":"shipping-taxable","29":"purchasable","30":"product-type-variable"},"tiered_pricing_type":"fixed","tiered_pricing_fixed_rules":[],"tiered_pricing_product_settings":{"layout":"default","base_unit_name":{"singular":null,"plural":null},"default_variation":null},"tiered_pricing_minimum_quantity":null,"tiered_pricing_roles_data":[],"tiered_pricing_percentage_rules":[],"_links":{"self":[{"href":"https:\/\/yume-silm.com\/fr\/wp-json\/wp\/v2\/product\/14052","targetHints":{"allow":["GET"]}}],"collection":[{"href":"https:\/\/yume-silm.com\/fr\/wp-json\/wp\/v2\/product"}],"about":[{"href":"https:\/\/yume-silm.com\/fr\/wp-json\/wp\/v2\/types\/product"}],"replies":[{"embeddable":true,"href":"https:\/\/yume-silm.com\/fr\/wp-json\/wp\/v2\/comments?post=14052"}],"wp:featuredmedia":[{"embeddable":true,"href":"https:\/\/yume-silm.com\/fr\/wp-json\/wp\/v2\/media\/14065"}],"wp:attachment":[{"href":"https:\/\/yume-silm.com\/fr\/wp-json\/wp\/v2\/media?parent=14052"}],"wp:term":[{"taxonomy":"product_brand","embeddable":true,"href":"https:\/\/yume-silm.com\/fr\/wp-json\/wp\/v2\/product_brand?post=14052"},{"taxonomy":"product_cat","embeddable":true,"href":"https:\/\/yume-silm.com\/fr\/wp-json\/wp\/v2\/product_cat?post=14052"},{"taxonomy":"product_tag","embeddable":true,"href":"https:\/\/yume-silm.com\/fr\/wp-json\/wp\/v2\/product_tag?post=14052"}],"curies":[{"name":"wp","href":"https:\/\/api.w.org\/{rel}","templated":true}]}}