{"id":14333,"date":"2025-01-17T03:41:10","date_gmt":"2025-01-17T03:41:10","guid":{"rendered":"https:\/\/yume-silm.com\/?post_type=product&#038;p=14333"},"modified":"2025-05-26T00:39:42","modified_gmt":"2025-05-26T00:39:42","slug":"combinaison-de-sauna-a-fermeture-eclair-pour-femme-effet-gainant-et-anti-transpiration","status":"publish","type":"product","link":"https:\/\/yume-silm.com\/fr\/produit\/combinaison-de-sauna-a-fermeture-eclair-pour-femme-effet-gainant-et-anti-transpiration\/","title":{"rendered":"Combinaison de sudation zipp\u00e9e pour femme, vente en gros"},"content":{"rendered":"<h5>Caract\u00e9ristiques de conception :<\/h5>\n<ul>\n<li>Tissu sp\u00e9cial expos\u00e9 \u00e0 la transpiration, favorise la transpiration et br\u00fble les graisses<\/li>\n<li>Conception d&#039;ouverture de poitrine \u00e0 fermeture \u00e9clair, facile \u00e0 mettre et \u00e0 enlever, simple et \u00e0 la mode<\/li>\n<li>Conception \u00e0 manches courtes, confort d&#039;exercice, libert\u00e9 de mouvement<\/li>\n<li>L&#039;effet de lifting du ventre et des fesses est remarquable, modelant des courbes serr\u00e9es<\/li>\n<li>Convient \u00e0 tous les types de sports et d&#039;entra\u00eenement physique, aide \u00e0 la mise en forme et \u00e0 la perte de graisse<\/li>\n<li>Portez cette combinaison de sauna gainante \u00e0 fermeture \u00e9clair pour femme, rendez chaque goutte de sueur plus pr\u00e9cieuse, br\u00fblez les graisses rapidement et fa\u00e7onnez un corps parfait !<\/li>\n<\/ul>\n<h6><em>Combinaison de sudation zipp\u00e9e pour femme<\/em><\/h6>\n<ul>\n<li>La combinaison de sauna \u00e0 fermeture \u00e9clair pour femmes en vente chaude est sp\u00e9cialement con\u00e7ue pour les femmes pour aider \u00e0 fa\u00e7onner et \u00e0 perdre de la graisse, rendant chaque entra\u00eenement plus efficace.<\/li>\n<li>Fabriqu\u00e9 en tissu sp\u00e9cial anti-transpiration, il augmente rapidement la temp\u00e9rature de votre corps, favorise la transpiration et la combustion des graisses, vous aide \u00e0 acc\u00e9l\u00e9rer votre m\u00e9tabolisme pendant le processus d&#039;entra\u00eenement et fa\u00e7onne les courbes charmantes.<\/li>\n<li>Qu&#039;il s&#039;agisse de course \u00e0 pied, de yoga, de fitness ou d&#039;exercice quotidien, ce sauna de surv\u00eatement de sport peut pleinement soutenir vos objectifs d&#039;exercice et vous aider \u00e0 atteindre facilement votre silhouette id\u00e9ale.<\/li>\n<\/ul>","protected":false},"excerpt":{"rendered":"<p>La combinaison de sauna \u00e0 fermeture \u00e9clair pour femme aide \u00e0 acc\u00e9l\u00e9rer la combustion des graisses, \u00e0 fa\u00e7onner des courbes serr\u00e9es et \u00e0 am\u00e9liorer l&#039;effet de l&#039;exercice gr\u00e2ce \u00e0 la technologie Sweatstorm et \u00e0 la conception du ventre plat et du soul\u00e8vement des hanches.<\/p>","protected":false},"featured_media":14334,"comment_status":"open","ping_status":"closed","template":"","meta":{"site-sidebar-layout":"default","site-content-layout":"","ast-site-content-layout":"default","site-content-style":"default","site-sidebar-style":"default","ast-global-header-display":"","ast-banner-title-visibility":"","ast-main-header-display":"","ast-hfb-above-header-display":"","ast-hfb-below-header-display":"","ast-hfb-mobile-header-display":"","site-post-title":"","ast-breadcrumbs-content":"","ast-featured-img":"","footer-sml-layout":"","ast-disable-related-posts":"","theme-transparent-header-meta":"default","adv-header-id-meta":"","stick-header-meta":"default","header-above-stick-meta":"","header-main-stick-meta":"","header-below-stick-meta":"","astra-migrate-meta-layouts":"set","ast-page-background-enabled":"default","ast-page-background-meta":{"desktop":{"background-color":"","background-image":"","background-repeat":"repeat","background-position":"center center","background-size":"auto","background-attachment":"scroll","background-type":"","background-media":"","overlay-type":"","overlay-color":"","overlay-opacity":"","overlay-gradient":""},"tablet":{"background-color":"","background-image":"","background-repeat":"repeat","background-position":"center center","background-size":"auto","background-attachment":"scroll","background-type":"","background-media":"","overlay-type":"","overlay-color":"","overlay-opacity":"","overlay-gradient":""},"mobile":{"background-color":"","background-image":"","background-repeat":"repeat","background-position":"center center","background-size":"auto","background-attachment":"scroll","background-type":"","background-media":"","overlay-type":"","overlay-color":"","overlay-opacity":"","overlay-gradient":""}},"ast-content-background-meta":{"desktop":{"background-color":"var(--ast-global-color-5)","background-image":"","background-repeat":"repeat","background-position":"center center","background-size":"auto","background-attachment":"scroll","background-type":"","background-media":"","overlay-type":"","overlay-color":"","overlay-opacity":"","overlay-gradient":""},"tablet":{"background-color":"var(--ast-global-color-5)","background-image":"","background-repeat":"repeat","background-position":"center center","background-size":"auto","background-attachment":"scroll","background-type":"","background-media":"","overlay-type":"","overlay-color":"","overlay-opacity":"","overlay-gradient":""},"mobile":{"background-color":"var(--ast-global-color-5)","background-image":"","background-repeat":"repeat","background-position":"center center","background-size":"auto","background-attachment":"scroll","background-type":"","background-media":"","overlay-type":"","overlay-color":"","overlay-opacity":"","overlay-gradient":""}}},"product_brand":[],"product_cat":[65,76,97,102],"product_tag":[1235,1237,1234,1233,1236],"class_list":{"0":"post-14333","1":"product","2":"type-product","3":"status-publish","4":"has-post-thumbnail","6":"product_cat-best-sellers","7":"product_cat-new-arrivels","8":"product_cat-sauna-suit","9":"product_cat-full-body-sweat-suit","10":"product_tag-fitness-sauna-suit","11":"product_tag-sauna-suit-for-women","12":"product_tag-sports-sauna-suit","13":"product_tag-sweat-sauna-suit","14":"product_tag-training-sauna-suit","15":"pa_color-blue","16":"pa_color-silver","17":"pa_size-2xl","18":"pa_size-3xl","19":"pa_size-l","20":"pa_size-m","21":"pa_size-s","22":"pa_size-xl","23":"desktop-align-center","24":"tablet-align-left","25":"mobile-align-left","26":"ast-product-gallery-layout-horizontal-slider","27":"ast-product-single-variable","28":"ast-product-tabs-layout-horizontal","29":"ast-qv-on-image","31":"first","32":"instock","33":"shipping-taxable","34":"purchasable","35":"product-type-variable"},"tiered_pricing_type":"fixed","tiered_pricing_fixed_rules":{"5":6.7,"50":6.05,"100":5.35},"tiered_pricing_product_settings":{"layout":"default","base_unit_name":{"singular":null,"plural":null},"default_variation":null},"tiered_pricing_minimum_quantity":null,"tiered_pricing_roles_data":[],"tiered_pricing_percentage_rules":[],"_links":{"self":[{"href":"https:\/\/yume-silm.com\/fr\/wp-json\/wp\/v2\/product\/14333","targetHints":{"allow":["GET"]}}],"collection":[{"href":"https:\/\/yume-silm.com\/fr\/wp-json\/wp\/v2\/product"}],"about":[{"href":"https:\/\/yume-silm.com\/fr\/wp-json\/wp\/v2\/types\/product"}],"replies":[{"embeddable":true,"href":"https:\/\/yume-silm.com\/fr\/wp-json\/wp\/v2\/comments?post=14333"}],"wp:featuredmedia":[{"embeddable":true,"href":"https:\/\/yume-silm.com\/fr\/wp-json\/wp\/v2\/media\/14334"}],"wp:attachment":[{"href":"https:\/\/yume-silm.com\/fr\/wp-json\/wp\/v2\/media?parent=14333"}],"wp:term":[{"taxonomy":"product_brand","embeddable":true,"href":"https:\/\/yume-silm.com\/fr\/wp-json\/wp\/v2\/product_brand?post=14333"},{"taxonomy":"product_cat","embeddable":true,"href":"https:\/\/yume-silm.com\/fr\/wp-json\/wp\/v2\/product_cat?post=14333"},{"taxonomy":"product_tag","embeddable":true,"href":"https:\/\/yume-silm.com\/fr\/wp-json\/wp\/v2\/product_tag?post=14333"}],"curies":[{"name":"wp","href":"https:\/\/api.w.org\/{rel}","templated":true}]}}