{"id":14653,"date":"2025-02-11T06:58:33","date_gmt":"2025-02-11T06:58:33","guid":{"rendered":"https:\/\/yume-silm.com\/?post_type=product&#038;p=14653"},"modified":"2025-12-10T02:31:43","modified_gmt":"2025-12-10T02:31:43","slug":"soutien-gorge-a-armatures-sans-couture-avec-fermeture-laterale-en-gros","status":"publish","type":"product","link":"https:\/\/yume-silm.com\/fr\/produit\/soutien-gorge-a-armatures-sans-couture-avec-fermeture-laterale-en-gros\/","title":{"rendered":"Soutien-gorge \u00e0 armatures sans coutures avec fermeture lat\u00e9rale, vente en gros"},"content":{"rendered":"<h5>Soutien-gorge \u00e0 armatures sans couture avec fermeture lat\u00e9rale en gros<\/h5>\n<ul>\n<li><strong>Conception d&#039;anneau non en acier :<\/strong> offre un confort tout au long de la journ\u00e9e et dit adieu \u00e0 la constriction.<\/li>\n<li><strong>1\/2 tasse :<\/strong> parfaitement fa\u00e7onn\u00e9 pour r\u00e9v\u00e9ler des courbes naturelles.<\/li>\n<li><strong>Fermeture lat\u00e9rale auto-agrippante :<\/strong> am\u00e9liore le soutien et l&#039;exp\u00e9rience de port.<\/li>\n<li><strong>Conception crois\u00e9e dans le dos :<\/strong> unique et beau, ajoutant un sens de la mode.<\/li>\n<li><strong>Style sans bretelles :<\/strong> libre de m\u00e9langer et d&#039;assortir, s&#039;adaptant \u00e0 divers besoins de port.<\/li>\n<li><strong>Processus transparent :<\/strong> z\u00e9ro charge, confortable et sans trace, adapt\u00e9 \u00e0 un usage quotidien.<\/li>\n<\/ul>\n<h6>Sous-v\u00eatement sans coutures avec fermeture \u00e0 crochets crois\u00e9s dans le dos<\/h6>\n<ul>\n<li>Usage quotidien : confortable, sans traces, adapt\u00e9 \u00e0 un port prolong\u00e9, avec n&#039;importe quelle robe qui peut montrer la courbe naturelle.<\/li>\n<li>Occasions sp\u00e9ciales : la conception sans bretelles est particuli\u00e8rement adapt\u00e9e pour \u00eatre assortie \u00e0 des tenues sans bretelles, sans manches ou d\u00e9collet\u00e9es, telles que des robes de soir\u00e9e, des robes de mari\u00e9e, des hauts sans bretelles, etc.<\/li>\n<li>Sport ou d\u00e9tente : facile \u00e0 porter, adapt\u00e9 aux sports quotidiens ou aux v\u00eatements d\u00e9contract\u00e9s \u00e0 la maison.<\/li>\n<\/ul>","protected":false},"excerpt":{"rendered":"<p>Le nouveau soutien-gorge \u00e0 armatures sans couture \u00e0 fermeture lat\u00e9rale en gros pr\u00e9sente une conception sans armature et crois\u00e9e dans le dos qui allie parfaitement confort et style, vous permettant de montrer en toute confiance vos courbes naturelles en toute occasion.<\/p>","protected":false},"featured_media":15943,"comment_status":"open","ping_status":"closed","template":"","meta":{"site-sidebar-layout":"default","site-content-layout":"","ast-site-content-layout":"default","site-content-style":"default","site-sidebar-style":"default","ast-global-header-display":"","ast-banner-title-visibility":"","ast-main-header-display":"","ast-hfb-above-header-display":"","ast-hfb-below-header-display":"","ast-hfb-mobile-header-display":"","site-post-title":"","ast-breadcrumbs-content":"","ast-featured-img":"","footer-sml-layout":"","ast-disable-related-posts":"","theme-transparent-header-meta":"default","adv-header-id-meta":"","stick-header-meta":"default","header-above-stick-meta":"","header-main-stick-meta":"","header-below-stick-meta":"","astra-migrate-meta-layouts":"set","ast-page-background-enabled":"default","ast-page-background-meta":{"desktop":{"background-color":"","background-image":"","background-repeat":"repeat","background-position":"center center","background-size":"auto","background-attachment":"scroll","background-type":"","background-media":"","overlay-type":"","overlay-color":"","overlay-opacity":"","overlay-gradient":""},"tablet":{"background-color":"","background-image":"","background-repeat":"repeat","background-position":"center center","background-size":"auto","background-attachment":"scroll","background-type":"","background-media":"","overlay-type":"","overlay-color":"","overlay-opacity":"","overlay-gradient":""},"mobile":{"background-color":"","background-image":"","background-repeat":"repeat","background-position":"center center","background-size":"auto","background-attachment":"scroll","background-type":"","background-media":"","overlay-type":"","overlay-color":"","overlay-opacity":"","overlay-gradient":""}},"ast-content-background-meta":{"desktop":{"background-color":"var(--ast-global-color-5)","background-image":"","background-repeat":"repeat","background-position":"center center","background-size":"auto","background-attachment":"scroll","background-type":"","background-media":"","overlay-type":"","overlay-color":"","overlay-opacity":"","overlay-gradient":""},"tablet":{"background-color":"var(--ast-global-color-5)","background-image":"","background-repeat":"repeat","background-position":"center center","background-size":"auto","background-attachment":"scroll","background-type":"","background-media":"","overlay-type":"","overlay-color":"","overlay-opacity":"","overlay-gradient":""},"mobile":{"background-color":"var(--ast-global-color-5)","background-image":"","background-repeat":"repeat","background-position":"center center","background-size":"auto","background-attachment":"scroll","background-type":"","background-media":"","overlay-type":"","overlay-color":"","overlay-opacity":"","overlay-gradient":""}}},"product_brand":[],"product_cat":[65,76,259,583],"product_tag":[1271,1268,1269,1270,446],"class_list":{"0":"post-14653","1":"product","2":"type-product","3":"status-publish","4":"has-post-thumbnail","6":"product_cat-best-sellers","7":"product_cat-new-arrivels","8":"product_cat-lingerie","9":"product_cat-plus-size-underwear","10":"product_tag-everyday-lingerie","11":"product_tag-ringless-underwear","12":"product_tag-seamless-underwear","13":"product_tag-strapless-bra","14":"product_tag-wedding-bra","15":"pa_color-beige","16":"pa_color-black","17":"pa_color-camel-color","18":"pa_color-coffee","19":"pa_color-white","20":"pa_size-l","21":"pa_size-m","22":"pa_size-s","23":"pa_size-xl","24":"desktop-align-center","25":"tablet-align-left","26":"mobile-align-left","27":"ast-product-gallery-layout-horizontal-slider","28":"ast-product-single-variable","29":"ast-product-tabs-layout-horizontal","30":"ast-qv-on-image","32":"first","33":"instock","34":"shipping-taxable","35":"purchasable","36":"product-type-variable"},"tiered_pricing_type":"fixed","tiered_pricing_fixed_rules":{"5":2.7,"50":2.5,"100":2.1},"tiered_pricing_product_settings":{"layout":"default","base_unit_name":{"singular":null,"plural":null},"default_variation":null},"tiered_pricing_minimum_quantity":null,"tiered_pricing_roles_data":[],"tiered_pricing_percentage_rules":[],"_links":{"self":[{"href":"https:\/\/yume-silm.com\/fr\/wp-json\/wp\/v2\/product\/14653","targetHints":{"allow":["GET"]}}],"collection":[{"href":"https:\/\/yume-silm.com\/fr\/wp-json\/wp\/v2\/product"}],"about":[{"href":"https:\/\/yume-silm.com\/fr\/wp-json\/wp\/v2\/types\/product"}],"replies":[{"embeddable":true,"href":"https:\/\/yume-silm.com\/fr\/wp-json\/wp\/v2\/comments?post=14653"}],"wp:featuredmedia":[{"embeddable":true,"href":"https:\/\/yume-silm.com\/fr\/wp-json\/wp\/v2\/media\/15943"}],"wp:attachment":[{"href":"https:\/\/yume-silm.com\/fr\/wp-json\/wp\/v2\/media?parent=14653"}],"wp:term":[{"taxonomy":"product_brand","embeddable":true,"href":"https:\/\/yume-silm.com\/fr\/wp-json\/wp\/v2\/product_brand?post=14653"},{"taxonomy":"product_cat","embeddable":true,"href":"https:\/\/yume-silm.com\/fr\/wp-json\/wp\/v2\/product_cat?post=14653"},{"taxonomy":"product_tag","embeddable":true,"href":"https:\/\/yume-silm.com\/fr\/wp-json\/wp\/v2\/product_tag?post=14653"}],"curies":[{"name":"wp","href":"https:\/\/api.w.org\/{rel}","templated":true}]}}