{"id":1943,"date":"2023-04-26T08:43:07","date_gmt":"2023-04-26T08:43:07","guid":{"rendered":"https:\/\/yume-silm.com\/?post_type=product&#038;p=1943"},"modified":"2024-12-10T09:37:03","modified_gmt":"2024-12-10T09:37:03","slug":"vetements-amincissants-pour-les-femmes-vetements-amincissants-pour-le-controle-du-ventre","status":"publish","type":"product","link":"https:\/\/yume-silm.com\/fr\/produit\/vetements-amincissants-pour-les-femmes-vetements-amincissants-pour-le-controle-du-ventre\/","title":{"rendered":"Vente en gros de shaper complet du corps \u00e0 buste ouvert respirant de grande taille"},"content":{"rendered":"<h5>Caract\u00e9ristiques de conception<\/h5>\n<ul>\n<li><strong>CONCEPTION ADAPTABLE\u00a0:<\/strong> Les larges bretelles du shaper complet \u00e0 buste ouvert et respirant de grande taille peuvent r\u00e9partir uniform\u00e9ment la force et obtenir l&#039;effet de r\u00e9duire la pression sur les \u00e9paules. Bien s\u00fbr, notre corset shapewear plus mince grande taille est \u00e9galement livr\u00e9 avec des bretelles amovibles et r\u00e9glables pour un confort de port sur mesure et polyvalent.<\/li>\n<li><strong>CORRECTION DE LA POSTURE\u00a0:<\/strong> Le dos du shapewear complet peut \u00e9galement \u00eatre resserr\u00e9 et compress\u00e9 pour vous aider \u00e0 redresser votre dos, vous rendant globalement plus \u00e9l\u00e9gant et mettant en valeur votre magnifique silhouette de sablier incurv\u00e9e !<\/li>\n<li><strong>CONTR\u00d4LE ABDOMINAL\u00a0:<\/strong> Le meilleur body shapewear \u00e0 buste ouvert est con\u00e7u avec une fermeture \u00e9clair sur l&#039;abdomen, ce qui facilite une forte compression et une \u00e9lasticit\u00e9 mod\u00e9r\u00e9e pour vous aider subtilement \u00e0 fermer votre abdomen saillant, offrant un aspect abdominal lisse et plat.<\/li>\n<li data-slate-node=\"element\"><span data-slate-node=\"text\"><span class=\"00\" data-slate-leaf=\"true\"><strong>LEVER LES FESSES\u00a0:<\/strong> Notre shapewear respirant \u00e9prouv\u00e9 avec crochets et fermetures \u00e9clair est con\u00e7u de mani\u00e8re experte pour aider \u00e0 soulever et \u00e0 raffermir vos fesses, r\u00e9v\u00e9lant des fesses flatteuses.<\/span><\/span><\/li>\n<li data-slate-node=\"element\"><span class=\"\" data-slate-node=\"text\"><span class=\"21\" data-slate-leaf=\"true\"><span data-slate-string=\"true\"><strong>SOUS-V\u00caTEMENTS SHAPEWEAR GRANDE TAILLE\u00a0:<\/strong> Notre shaper complet pour femme grande taille prend en compte la tol\u00e9rance de taille et offre une vari\u00e9t\u00e9 de tailles de S \u00e0 6XL parmi lesquelles vous pouvez choisir. <\/span><\/span><\/span><span data-slate-node=\"text\"><span class=\"22\" data-slate-leaf=\"true\">Quelle que soit votre forme actuelle, vous pouvez commencer votre voyage de mise en forme du corps.<\/span><\/span><\/li>\n<li data-slate-node=\"element\"><span class=\"\" data-slate-node=\"text\"><span class=\"41\" data-slate-leaf=\"true\"><span data-slate-string=\"true\"><strong>D\u00c9TAILS DE LA DENTELLE\u00a0:<\/strong> Des d\u00e9tails en dentelle sont ajout\u00e9s aux cuisses du v\u00eatement gainant \u00e0 buste ouvert, ce qui ajoute une touche de charme tendance et garantit une exp\u00e9rience antid\u00e9rapante.<\/span><\/span><\/span><\/li>\n<li data-slate-node=\"element\" data-slate-fragment=\"JTVCJTdCJTIydHlwZSUyMiUzQSUyMnBhcmFncmFwaCUyMiUyQyUyMmNoaWxkcmVuJTIyJTNBJTVCJTdCJTIydGV4dCUyMiUzQSUyMkxJRlQlMjBCVVRUT0NLUyUzQSUyME91ciUyMHRyaWVkLWFuZC10ZXN0ZWQlMjBicmVhdGhhYmxlJTIwc2hhcGV3ZWFyJTIwd2l0aCUyMGhvb2tzJTIwYW5kJTIwZXllcyUyMHppcHBlciUyMGlzJTIwZXhwZXJ0bHklMjBkZXNpZ25lZCUyMHRvJTIwaGVscCUyMGxpZnQlMjBhbmQlMjBmaXJtJTIweW91ciUyMGJ1dHRvY2tzJTJDJTIwcmV2ZWFsaW5nJTIwYSUyMGZsYXR0ZXJpbmclMjBidXR0LiUyMiUyQyUyMnNlbnRlbmNlJTIyJTNBMCUyQyUyMmNoaWxkU2VudGVuY2UlMjIlM0EwJTdEJTVEJTdEJTJDJTdCJTIydHlwZSUyMiUzQSUyMnBhcmFncmFwaCUyMiUyQyUyMmNoaWxkcmVuJTIyJTNBJTVCJTdCJTIydGV4dCUyMiUzQSUyMiUyMiUyQyUyMnNlbnRlbmNlJTIyJTNBMSUyQyUyMmNoaWxkU2VudGVuY2UlMjIlM0ExJTdEJTVEJTdEJTJDJTdCJTIydHlwZSUyMiUzQSUyMnBhcmFncmFwaCUyMiUyQyUyMmNoaWxkcmVuJTIyJTNBJTVCJTdCJTIydGV4dCUyMiUzQSUyMlBMVVMlMjBTSVpFJTIwU0hBUEVXRUFSJTIwVU5ERVJXRUFSJTNBJTIwT3VyJTIwd29tZW4lMjBwbHVzJTIwc2l6ZSUyMGZ1bGwlMjBib2R5JTIwc2hhcGVyJTIwdGFrZXMlMjBpbnRvJTIwYWNjb3VudCUyMHNpemUlMjB0b2xlcmFuY2UlMjBhbmQlMjBwcm92aWRlcyUyMGElMjB2YXJpZXR5JTIwb2YlMjBzaXplcyUyMGZyb20lMjBTLTZYTCUyMGZvciUyMHlvdSUyMHRvJTIwY2hvb3NlJTIwZnJvbS4lMjAlMjIlMkMlMjJzZW50ZW5jZSUyMiUzQTIlMkMlMjJjaGlsZFNlbnRlbmNlJTIyJTNBMSU3RCUyQyU3QiUyMnRleHQlMjIlM0ElMjJObyUyMG1hdHRlciUyMHdoYXQlMjBzaGFwZSUyMHlvdSUyMGFyZSUyMG5vdyUyQyUyMHlvdSUyMGNhbiUyMHN0YXJ0JTIweW91ciUyMGJvZHktc2hhcGluZyUyMGpvdXJuZXkuJTIyJTJDJTIyc2VudGVuY2UlMjIlM0EyJTJDJTIyY2hpbGRTZW50ZW5jZSUyMiUzQTIlN0QlNUQlN0QlMkMlN0IlMjJ0eXBlJTIyJTNBJTIycGFyYWdyYXBoJTIyJTJDJTIyY2hpbGRyZW4lMjIlM0ElNUIlN0IlMjJ0ZXh0JTIyJTNBJTIyJTIyJTJDJTIyc2VudGVuY2UlMjIlM0EzJTJDJTIyY2hpbGRTZW50ZW5jZSUyMiUzQTElN0QlNUQlN0QlMkMlN0IlMjJ0eXBlJTIyJTNBJTIycGFyYWdyYXBoJTIyJTJDJTIyY2hpbGRyZW4lMjIlM0ElNUIlN0IlMjJ0ZXh0JTIyJTNBJTIyTEFDRSUyMERFVEFJTFMlM0ElMjBMYWNlJTIwZGV0YWlscyUyMGFyZSUyMGFkZGVkJTIwdG8lMjB0aGUlMjB0aGlnaHMlMjBvZiUyMHRoZSUyMHR1bW15JTIwY29udHJvbCUyMG9wZW4lMjBidXN0JTIwc2hhcGV3ZWFyJTJDJTIwd2hpY2glMjBhZGRzJTIwYSUyMHRvdWNoJTIwb2YlMjBmYXNoaW9uJTIwY2hhcm0lMjBhbmQlMjBlbnN1cmVzJTIwYSUyMG5vbi1zbGlwJTIwZXhwZXJpZW5jZS4lMjIlMkMlMjJzZW50ZW5jZSUyMiUzQTQlMkMlMjJjaGlsZFNlbnRlbmNlJTIyJTNBMSU3RCU1RCU3RCUyQyU3QiUyMnR5cGUlMjIlM0ElMjJwYXJhZ3JhcGglMjIlMkMlMjJjaGlsZHJlbiUyMiUzQSU1QiU3QiUyMnRleHQlMjIlM0ElMjIlMjIlMkMlMjJzZW50ZW5jZSUyMiUzQTUlMkMlMjJjaGlsZFNlbnRlbmNlJTIyJTNBMSU3RCU1RCU3RCUyQyU3QiUyMnR5cGUlMjIlM0ElMjJwYXJhZ3JhcGglMjIlMkMlMjJjaGlsZHJlbiUyMiUzQSU1QiU3QiUyMnRleHQlMjIlM0ElMjJDT05WRU5JRU5DRSUyMEZJUlNUJTNBJTIwU2hhcGluZyUyMHVuZGVyd2VhciUyMGlzJTIwbWFkZSUyMG9mJTIwaGlnaC1xdWFsaXR5JTIwbWF0ZXJpYWxzJTJDJTIwbm90JTIwb25seSUyMGJyZWF0aGFibGUlMjBhbmQlMjBjb21mb3J0YWJsZSUyMGZvciUyMHRoZSUyMHdob2xlJTIwYm9keS4lMjAlMjIlMkMlMjJzZW50ZW5jZSUyMiUzQTYlMkMlMjJjaGlsZFNlbnRlbmNlJTIyJTNBMSU3RCUyQyU3QiUyMnRleHQlMjIlM0ElMjJBbmQlMjBpdCUyMGFkb3B0cyUyMGFuJTIwb3BlbiUyMGdlYXIlMjBkZXNpZ24lMjBpbiUyMHRoZSUyMGNyb3RjaCUyQyUyMG1ha2luZyUyMGl0JTIwZWFzaWVyJTIwdG8lMjBnbyUyMHRvJTIwdGhlJTIwdG9pbGV0LiUyMiUyQyUyMnNlbnRlbmNlJTIyJTNBNiUyQyUyMmNoaWxkU2VudGVuY2UlMjIlM0EyJTdEJTVEJTdEJTVE\"><span data-slate-node=\"text\"><span class=\"61\" data-slate-leaf=\"true\"><strong>LA COMMODIT\u00c9 AVANT TOUT\u00a0:<\/strong> Les sous-v\u00eatements gainants sont fabriqu\u00e9s \u00e0 partir de mat\u00e9riaux de haute qualit\u00e9, non seulement respirants et confortables pour tout le corps. <\/span><\/span><span data-slate-node=\"text\"><span class=\"62\" data-slate-leaf=\"true\">Et il adopte une conception \u00e0 engrenage ouvert \u00e0 l&#039;entrejambe, ce qui facilite l&#039;acc\u00e8s aux toilettes.<\/span><\/span><\/li>\n<\/ul>\n<h6><em>Shapewear grande taille, contr\u00f4le du ventre, rehausseur de fesses, buste ouvert pour femmes<\/em><\/h6>\n<ul>\n<li>Notre shaper complet \u00e0 buste ouvert et respirant de grande taille est plus qu&#039;un simple v\u00eatement gainant\u00a0; c&#039;est une r\u00e9volution en mati\u00e8re de confort et de style.<\/li>\n<li>Id\u00e9al pour les grossistes en qu\u00eate de qualit\u00e9 et d&#039;innovation, ce produit promet personnalisation, livraison rapide et gamme de tailles. Plongez dans le monde du commerce de gros et red\u00e9finissez votre inventaire avec cette pi\u00e8ce incontournable. Commandez maintenant!<\/li>\n<\/ul>","protected":false},"excerpt":{"rendered":"<ul>\n<li>Experience the magic of our large-size breathable open-bust full-body shaper for ultimate tummy control.<\/li>\n<li>Fabriqu\u00e9 \u00e0 partir de tissus respirants, il offre une compression \u00e9lev\u00e9e sans compromettre le confort.<\/li>\n<li>Plongez dans un monde o\u00f9 la mode rencontre la fonctionnalit\u00e9 et \u00e9pousez vos courbes comme jamais auparavant.<\/li>\n<\/ul>","protected":false},"featured_media":1947,"comment_status":"open","ping_status":"closed","template":"","meta":{"site-sidebar-layout":"default","site-content-layout":"default","ast-site-content-layout":"default","site-content-style":"default","site-sidebar-style":"default","ast-global-header-display":"","ast-banner-title-visibility":"","ast-main-header-display":"","ast-hfb-above-header-display":"","ast-hfb-below-header-display":"","ast-hfb-mobile-header-display":"","site-post-title":"","ast-breadcrumbs-content":"","ast-featured-img":"","footer-sml-layout":"","ast-disable-related-posts":"","theme-transparent-header-meta":"default","adv-header-id-meta":"","stick-header-meta":"default","header-above-stick-meta":"","header-main-stick-meta":"","header-below-stick-meta":"","astra-migrate-meta-layouts":"set","ast-page-background-enabled":"default","ast-page-background-meta":{"desktop":{"background-color":"","background-image":"","background-repeat":"repeat","background-position":"center center","background-size":"auto","background-attachment":"scroll","background-type":"","background-media":"","overlay-type":"","overlay-color":"","overlay-opacity":"","overlay-gradient":""},"tablet":{"background-color":"","background-image":"","background-repeat":"repeat","background-position":"center center","background-size":"auto","background-attachment":"scroll","background-type":"","background-media":"","overlay-type":"","overlay-color":"","overlay-opacity":"","overlay-gradient":""},"mobile":{"background-color":"","background-image":"","background-repeat":"repeat","background-position":"center center","background-size":"auto","background-attachment":"scroll","background-type":"","background-media":"","overlay-type":"","overlay-color":"","overlay-opacity":"","overlay-gradient":""}},"ast-content-background-meta":{"desktop":{"background-color":"var(--ast-global-color-5)","background-image":"","background-repeat":"repeat","background-position":"center center","background-size":"auto","background-attachment":"scroll","background-type":"","background-media":"","overlay-type":"","overlay-color":"","overlay-opacity":"","overlay-gradient":""},"tablet":{"background-color":"var(--ast-global-color-5)","background-image":"","background-repeat":"repeat","background-position":"center center","background-size":"auto","background-attachment":"scroll","background-type":"","background-media":"","overlay-type":"","overlay-color":"","overlay-opacity":"","overlay-gradient":""},"mobile":{"background-color":"var(--ast-global-color-5)","background-image":"","background-repeat":"repeat","background-position":"center center","background-size":"auto","background-attachment":"scroll","background-type":"","background-media":"","overlay-type":"","overlay-color":"","overlay-opacity":"","overlay-gradient":""}}},"product_brand":[],"product_cat":[65,76,77,1092],"product_tag":[137,141,134],"class_list":{"0":"post-1943","1":"product","2":"type-product","3":"status-publish","4":"has-post-thumbnail","6":"product_cat-best-sellers","7":"product_cat-new-arrivels","8":"product_cat-wholesale-womens-shapewear","9":"product_cat-plus-size-shapewear","10":"product_tag-butt-lift","11":"product_tag-plus-size","12":"product_tag-tummy-tucker","13":"pa_color-beige","14":"pa_color-black","15":"pa_size-4xl","16":"pa_size-5xl","17":"pa_size-6xl","18":"pa_size-l","19":"pa_size-m","20":"pa_size-s","21":"pa_size-xl","22":"pa_size-xxl","23":"pa_size-xxxl","24":"desktop-align-center","25":"tablet-align-left","26":"mobile-align-left","27":"ast-product-gallery-layout-horizontal-slider","28":"ast-product-single-variable","29":"ast-product-tabs-layout-horizontal","30":"ast-qv-on-image","32":"first","33":"instock","34":"sale","35":"shipping-taxable","36":"purchasable","37":"product-type-variable"},"tiered_pricing_type":"fixed","tiered_pricing_fixed_rules":{"5":12,"50":10.5,"100":9.5},"tiered_pricing_product_settings":{"layout":"default","base_unit_name":{"singular":null,"plural":null},"default_variation":{}},"tiered_pricing_minimum_quantity":null,"tiered_pricing_roles_data":[],"tiered_pricing_percentage_rules":[],"_links":{"self":[{"href":"https:\/\/yume-silm.com\/fr\/wp-json\/wp\/v2\/product\/1943","targetHints":{"allow":["GET"]}}],"collection":[{"href":"https:\/\/yume-silm.com\/fr\/wp-json\/wp\/v2\/product"}],"about":[{"href":"https:\/\/yume-silm.com\/fr\/wp-json\/wp\/v2\/types\/product"}],"replies":[{"embeddable":true,"href":"https:\/\/yume-silm.com\/fr\/wp-json\/wp\/v2\/comments?post=1943"}],"wp:featuredmedia":[{"embeddable":true,"href":"https:\/\/yume-silm.com\/fr\/wp-json\/wp\/v2\/media\/1947"}],"wp:attachment":[{"href":"https:\/\/yume-silm.com\/fr\/wp-json\/wp\/v2\/media?parent=1943"}],"wp:term":[{"taxonomy":"product_brand","embeddable":true,"href":"https:\/\/yume-silm.com\/fr\/wp-json\/wp\/v2\/product_brand?post=1943"},{"taxonomy":"product_cat","embeddable":true,"href":"https:\/\/yume-silm.com\/fr\/wp-json\/wp\/v2\/product_cat?post=1943"},{"taxonomy":"product_tag","embeddable":true,"href":"https:\/\/yume-silm.com\/fr\/wp-json\/wp\/v2\/product_tag?post=1943"}],"curies":[{"name":"wp","href":"https:\/\/api.w.org\/{rel}","templated":true}]}}