{"id":1970,"date":"2023-04-28T08:24:33","date_gmt":"2023-04-28T08:24:33","guid":{"rendered":"https:\/\/yume-silm.com\/?post_type=product&#038;p=1970"},"modified":"2025-09-13T01:23:15","modified_gmt":"2025-09-13T01:23:15","slug":"vetements-de-compression-pour-le-controle-du-ventre-pour-lamincissement-mais-aussi-pour-lamincissement-de-la-silhouette","status":"publish","type":"product","link":"https:\/\/yume-silm.com\/fr\/produit\/vetements-de-compression-pour-le-controle-du-ventre-pour-lamincissement-mais-aussi-pour-lamincissement-de-la-silhouette\/","title":{"rendered":"Short taille haute grande taille, vente en gros"},"content":{"rendered":"<h5>Caract\u00e9ristiques de conception<\/h5>\n<ul>\n<li><strong>GRANDES TAILLES :<\/strong> Our plus size high-waisted thigh-lift shorts with removable slender shoulder straps are available in a variety of sizes from S to 6XL to meet your unique size needs.<\/li>\n<li><strong>BANDOULI\u00c8RE AMOVIBLE\u00a0:<\/strong> Le shapewear taille plus gainant est \u00e9quip\u00e9 de bretelles amovibles et r\u00e9glables, offrant des besoins de port diversifi\u00e9s. Vous pouvez le porter seul sans bretelles, ou utiliser un short gainant taille haute avec des bretelles pour vous donner un contr\u00f4le abdominal serr\u00e9.<\/li>\n<li><strong>CONTR\u00d4LE DU VENTRE TAILLE HAUTE\u00a0:<\/strong> Le faja de contr\u00f4le du ventre taille haute taille haute shaper bout \u00e0 bout fa\u00e7onnera subtilement votre ventre en fournissant une compression puissante, offrant un aspect de ventre lisse et plat.<\/li>\n<li><strong>D\u00c9CORATION DENTELLE\u00a0:<\/strong> Le short shapewear taille haute \u00e0 fermeture \u00e9clair lat\u00e9rale ajoute des d\u00e9tails en dentelle, vous faisant vous sentir plus monotone mais plus attrayant. Le design en dentelle sur la cuisse ajoute une touche de mode et assure une exp\u00e9rience antid\u00e9rapante.<\/li>\n<li><strong>LA COMMODIT\u00c9 AVANT TOUT\u00a0:<\/strong> Nous avons consid\u00e9r\u00e9 le probl\u00e8me d&#039;\u00eatre peu pratique \u00e0 mettre et \u00e0 enlever lorsque vous voyagez \u00e0 l&#039;ext\u00e9rieur, c&#039;est pourquoi ce shaper de cuisse taille haute adopte une conception d&#039;entrejambe ouverte, ce qui est tr\u00e8s pratique pour aller aux toilettes.<\/li>\n<li><strong>FESSES DE P\u00caCHE\u00a0:<\/strong> La conception des fesses du short shaper bout \u00e0 bout est tr\u00e8s pratique \u00e0 porter. Il peut non seulement soulever et resserrer les fesses, montrant un contour flatteur ; il peut \u00e9galement obtenir la sensation de confort apport\u00e9e par la respiration de la peau des fesses.<\/li>\n<\/ul>\n<h6><em>Abdominal control high waist plus size high-waisted thigh-lift shorts side zipper design for women<\/em><\/h6>\n<ul>\n<li>Our plus size high-waisted thigh-lift shorts with removable slender shoulder straps; are a revolution in comfort and style.<\/li>\n<li>Id\u00e9al pour les grossistes en qu\u00eate de qualit\u00e9 et d&#039;innovation, ce short gainant pour le ventre promet une personnalisation, une livraison rapide et une gamme de tailles. Plongez dans le monde du commerce de gros et red\u00e9finissez votre inventaire avec cette pi\u00e8ce incontournable. Commandez maintenant!<\/li>\n<\/ul>","protected":false},"excerpt":{"rendered":"<ul>\n<li>Experience the magic of our plus size high-waisted thigh-lift shorts with removable slender shoulder straps.<\/li>\n<li>Fabriqu\u00e9 \u00e0 partir de tissus respirants, il offre une compression \u00e9lev\u00e9e sans compromettre le confort.<\/li>\n<li>Plongez dans un monde o\u00f9 la mode rencontre la fonctionnalit\u00e9 et \u00e9pousez vos courbes comme jamais auparavant.<\/li>\n<\/ul>","protected":false},"featured_media":1972,"comment_status":"open","ping_status":"closed","template":"","meta":{"site-sidebar-layout":"default","site-content-layout":"default","ast-site-content-layout":"default","site-content-style":"default","site-sidebar-style":"default","ast-global-header-display":"","ast-banner-title-visibility":"","ast-main-header-display":"","ast-hfb-above-header-display":"","ast-hfb-below-header-display":"","ast-hfb-mobile-header-display":"","site-post-title":"","ast-breadcrumbs-content":"","ast-featured-img":"","footer-sml-layout":"","ast-disable-related-posts":"","theme-transparent-header-meta":"default","adv-header-id-meta":"","stick-header-meta":"default","header-above-stick-meta":"","header-main-stick-meta":"","header-below-stick-meta":"","astra-migrate-meta-layouts":"set","ast-page-background-enabled":"default","ast-page-background-meta":{"desktop":{"background-color":"","background-image":"","background-repeat":"repeat","background-position":"center center","background-size":"auto","background-attachment":"scroll","background-type":"","background-media":"","overlay-type":"","overlay-color":"","overlay-opacity":"","overlay-gradient":""},"tablet":{"background-color":"","background-image":"","background-repeat":"repeat","background-position":"center center","background-size":"auto","background-attachment":"scroll","background-type":"","background-media":"","overlay-type":"","overlay-color":"","overlay-opacity":"","overlay-gradient":""},"mobile":{"background-color":"","background-image":"","background-repeat":"repeat","background-position":"center center","background-size":"auto","background-attachment":"scroll","background-type":"","background-media":"","overlay-type":"","overlay-color":"","overlay-opacity":"","overlay-gradient":""}},"ast-content-background-meta":{"desktop":{"background-color":"var(--ast-global-color-5)","background-image":"","background-repeat":"repeat","background-position":"center center","background-size":"auto","background-attachment":"scroll","background-type":"","background-media":"","overlay-type":"","overlay-color":"","overlay-opacity":"","overlay-gradient":""},"tablet":{"background-color":"var(--ast-global-color-5)","background-image":"","background-repeat":"repeat","background-position":"center center","background-size":"auto","background-attachment":"scroll","background-type":"","background-media":"","overlay-type":"","overlay-color":"","overlay-opacity":"","overlay-gradient":""},"mobile":{"background-color":"var(--ast-global-color-5)","background-image":"","background-repeat":"repeat","background-position":"center center","background-size":"auto","background-attachment":"scroll","background-type":"","background-media":"","overlay-type":"","overlay-color":"","overlay-opacity":"","overlay-gradient":""}}},"product_brand":[],"product_cat":[65,76,77,1092,80],"product_tag":[137,139,134],"class_list":{"0":"post-1970","1":"product","2":"type-product","3":"status-publish","4":"has-post-thumbnail","6":"product_cat-best-sellers","7":"product_cat-new-arrivels","8":"product_cat-wholesale-womens-shapewear","9":"product_cat-plus-size-shapewear","10":"product_cat-wholesale-butt-lift-underwear","11":"product_tag-butt-lift","12":"product_tag-high-waist","13":"product_tag-tummy-tucker","14":"pa_color-beige","15":"pa_color-black","16":"pa_size-4xl","17":"pa_size-5xl","18":"pa_size-6xl","19":"pa_size-l","20":"pa_size-m","21":"pa_size-s","22":"pa_size-xl","23":"pa_size-xxl","24":"pa_size-xxxl","25":"desktop-align-center","26":"tablet-align-left","27":"mobile-align-left","28":"ast-product-gallery-layout-horizontal-slider","29":"ast-product-single-variable","30":"ast-product-tabs-layout-horizontal","31":"ast-qv-on-image","33":"first","34":"instock","35":"sale","36":"shipping-taxable","37":"purchasable","38":"product-type-variable"},"tiered_pricing_type":"fixed","tiered_pricing_fixed_rules":{"5":11.52,"50":10.5,"100":9.6},"tiered_pricing_product_settings":{"layout":"default","base_unit_name":{"singular":null,"plural":null},"default_variation":{}},"tiered_pricing_minimum_quantity":null,"tiered_pricing_roles_data":[],"tiered_pricing_percentage_rules":[],"_links":{"self":[{"href":"https:\/\/yume-silm.com\/fr\/wp-json\/wp\/v2\/product\/1970","targetHints":{"allow":["GET"]}}],"collection":[{"href":"https:\/\/yume-silm.com\/fr\/wp-json\/wp\/v2\/product"}],"about":[{"href":"https:\/\/yume-silm.com\/fr\/wp-json\/wp\/v2\/types\/product"}],"replies":[{"embeddable":true,"href":"https:\/\/yume-silm.com\/fr\/wp-json\/wp\/v2\/comments?post=1970"}],"wp:featuredmedia":[{"embeddable":true,"href":"https:\/\/yume-silm.com\/fr\/wp-json\/wp\/v2\/media\/1972"}],"wp:attachment":[{"href":"https:\/\/yume-silm.com\/fr\/wp-json\/wp\/v2\/media?parent=1970"}],"wp:term":[{"taxonomy":"product_brand","embeddable":true,"href":"https:\/\/yume-silm.com\/fr\/wp-json\/wp\/v2\/product_brand?post=1970"},{"taxonomy":"product_cat","embeddable":true,"href":"https:\/\/yume-silm.com\/fr\/wp-json\/wp\/v2\/product_cat?post=1970"},{"taxonomy":"product_tag","embeddable":true,"href":"https:\/\/yume-silm.com\/fr\/wp-json\/wp\/v2\/product_tag?post=1970"}],"curies":[{"name":"wp","href":"https:\/\/api.w.org\/{rel}","templated":true}]}}