{"id":2031,"date":"2023-05-06T07:47:38","date_gmt":"2023-05-06T07:47:38","guid":{"rendered":"https:\/\/yume-silm.com\/?post_type=product&#038;p=2031"},"modified":"2025-09-13T01:23:11","modified_gmt":"2025-09-13T01:23:11","slug":"taille-plus-pour-femmes-combinaison-controle-du-ventre-cuisses","status":"publish","type":"product","link":"https:\/\/yume-silm.com\/fr\/produit\/taille-plus-pour-femmes-combinaison-controle-du-ventre-cuisses\/","title":{"rendered":"Vente en gros, body gainant pour les cuisses, grande taille, contr\u00f4le du ventre"},"content":{"rendered":"<h5>Caract\u00e9ristiques de conception<\/h5>\n<ul>\n<li><strong>CONVIVIAL POUR LES TOILETTES\u00a0:<\/strong> Vous pouvez voir que ce short taille plus en forme de cuisse et de contr\u00f4le du ventre a une conception d&#039;entrejambe ouverte, ce qui permet d&#039;aller facilement aux toilettes sans avoir \u00e0 enlever tout le shapewear. Cela r\u00e9sout votre embarras lorsque vous voyagez.<\/li>\n<li><strong>PERSONNALIS\u00c9\u00a0:<\/strong> Avec des tailles plus grandes et trois rang\u00e9es de fermetures auto-agrippantes au niveau du ventre pour un ajustement personnalis\u00e9, notre body gainant pour les cuisses et le ventre de grande taille est con\u00e7u pour s&#039;adapter \u00e0 la forme unique de votre corps. Assurez-vous d&#039;obtenir la bonne forme au bon endroit, comme le lifting des hanches et la pl\u00e9nitude des seins, ainsi que la mise en forme des cuisses et m\u00eame le contr\u00f4le du ventre.<\/li>\n<li><strong>LIFTING DES HANCHES\u00a0:<\/strong> Nos sous-v\u00eatements gainants grande taille pour femmes soul\u00e8vent et raffermissent vos hanches pour un look plus ample. Bien entendu, les fesses sont \u00e9galement respirantes, vous vous sentirez donc plus \u00e0 l&#039;aise et sentirez votre peau respirer \u00e0 tout moment.<\/li>\n<li><strong>HAUTE QUALIT\u00c9 ET CONFORT\u00a0:<\/strong> Ce corset plus mince shapewear grande taille pour tout le corps est fait d&#039;un mat\u00e9riau de haute qualit\u00e9, un m\u00e9lange de nylon et d&#039;\u00e9lasthanne, qui est non seulement doux pour la peau et l\u00e9ger, mais a \u00e9galement une \u00e9lasticit\u00e9 et une durabilit\u00e9 \u00e9videntes pour une tenue durable.<\/li>\n<li><strong>COMBINAISON PARFAITE DE MODE ET DE FONCTION\u00a0:<\/strong> Tandis que ce body gainant grande taille affine et fa\u00e7onne votre corps, les d\u00e9tails en dentelle \u00e9l\u00e9gants ajoutent une touche de style pour vous assurer d&#039;\u00eatre aussi belle que vous vous sentez lorsque vous le portez.<\/li>\n<\/ul>\n<h6><em>Body gainant pour femmes, short gainant avec fermeture \u00e9clair, peut s&#039;ouvrir sans entrejambe pour les femmes<\/em><\/h6>\n<ul>\n<li>Notre body gainant pour les cuisses et le ventre de grande taille incarne la fonctionnalit\u00e9 des r\u00e9unions de mode.<\/li>\n<li>Ce short moulant est un incontournable pour les grossistes qui cherchent \u00e0 offrir qualit\u00e9, style et innovation.<\/li>\n<li>Avec des options de personnalisation, une gamme de tailles et la promesse d&#039;une livraison rapide, il est temps d&#039;augmenter votre inventaire.<\/li>\n<li>Plongez dans le monde de la vente en gros avec cette pi\u00e8ce hors du commun. Commandez aujourd&#039;hui\u00a0!<\/li>\n<\/ul>","protected":false},"excerpt":{"rendered":"<p>D\u00e9voilez l&#039;attrait de notre body gainant pour les cuisses et le ventre, grande taille. Fabriqu\u00e9 en spandex et en nylon de premi\u00e8re qualit\u00e9, il offre une compression impeccable. Rehaussez vos courbes, affinez vos cuisses et adoptez une silhouette qui parle de confiance et d&#039;\u00e9l\u00e9gance.<\/p>","protected":false},"featured_media":2032,"comment_status":"open","ping_status":"closed","template":"","meta":{"site-sidebar-layout":"default","site-content-layout":"default","ast-site-content-layout":"default","site-content-style":"default","site-sidebar-style":"default","ast-global-header-display":"","ast-banner-title-visibility":"","ast-main-header-display":"","ast-hfb-above-header-display":"","ast-hfb-below-header-display":"","ast-hfb-mobile-header-display":"","site-post-title":"","ast-breadcrumbs-content":"","ast-featured-img":"","footer-sml-layout":"","ast-disable-related-posts":"","theme-transparent-header-meta":"default","adv-header-id-meta":"","stick-header-meta":"default","header-above-stick-meta":"","header-main-stick-meta":"","header-below-stick-meta":"","astra-migrate-meta-layouts":"set","ast-page-background-enabled":"default","ast-page-background-meta":{"desktop":{"background-color":"","background-image":"","background-repeat":"repeat","background-position":"center center","background-size":"auto","background-attachment":"scroll","background-type":"","background-media":"","overlay-type":"","overlay-color":"","overlay-opacity":"","overlay-gradient":""},"tablet":{"background-color":"","background-image":"","background-repeat":"repeat","background-position":"center center","background-size":"auto","background-attachment":"scroll","background-type":"","background-media":"","overlay-type":"","overlay-color":"","overlay-opacity":"","overlay-gradient":""},"mobile":{"background-color":"","background-image":"","background-repeat":"repeat","background-position":"center center","background-size":"auto","background-attachment":"scroll","background-type":"","background-media":"","overlay-type":"","overlay-color":"","overlay-opacity":"","overlay-gradient":""}},"ast-content-background-meta":{"desktop":{"background-color":"var(--ast-global-color-5)","background-image":"","background-repeat":"repeat","background-position":"center center","background-size":"auto","background-attachment":"scroll","background-type":"","background-media":"","overlay-type":"","overlay-color":"","overlay-opacity":"","overlay-gradient":""},"tablet":{"background-color":"var(--ast-global-color-5)","background-image":"","background-repeat":"repeat","background-position":"center center","background-size":"auto","background-attachment":"scroll","background-type":"","background-media":"","overlay-type":"","overlay-color":"","overlay-opacity":"","overlay-gradient":""},"mobile":{"background-color":"var(--ast-global-color-5)","background-image":"","background-repeat":"repeat","background-position":"center center","background-size":"auto","background-attachment":"scroll","background-type":"","background-media":"","overlay-type":"","overlay-color":"","overlay-opacity":"","overlay-gradient":""}}},"product_brand":[],"product_cat":[65,77,1092,78],"product_tag":[135,137,141,154],"class_list":{"0":"post-2031","1":"product","2":"type-product","3":"status-publish","4":"has-post-thumbnail","6":"product_cat-best-sellers","7":"product_cat-wholesale-womens-shapewear","8":"product_cat-plus-size-shapewear","9":"product_cat-wholesale-full-body-shaper","10":"product_tag-all-in-one","11":"product_tag-butt-lift","12":"product_tag-plus-size","13":"product_tag-with-hooks","14":"pa_color-beige","15":"pa_color-black","16":"pa_size-4xl","17":"pa_size-5xl","18":"pa_size-6xl","19":"pa_size-l","20":"pa_size-m","21":"pa_size-s","22":"pa_size-xl","23":"pa_size-xxl","24":"pa_size-xxxl","25":"desktop-align-center","26":"tablet-align-left","27":"mobile-align-left","28":"ast-product-gallery-layout-horizontal-slider","29":"ast-product-single-variable","30":"ast-product-tabs-layout-horizontal","31":"ast-qv-on-image","33":"first","34":"instock","35":"shipping-taxable","36":"purchasable","37":"product-type-variable"},"tiered_pricing_type":"fixed","tiered_pricing_fixed_rules":{"10":13.74,"50":13.06,"100":12.39},"tiered_pricing_product_settings":{"layout":"default","base_unit_name":{"singular":null,"plural":null},"default_variation":{}},"tiered_pricing_minimum_quantity":null,"tiered_pricing_roles_data":[],"tiered_pricing_percentage_rules":[],"_links":{"self":[{"href":"https:\/\/yume-silm.com\/fr\/wp-json\/wp\/v2\/product\/2031","targetHints":{"allow":["GET"]}}],"collection":[{"href":"https:\/\/yume-silm.com\/fr\/wp-json\/wp\/v2\/product"}],"about":[{"href":"https:\/\/yume-silm.com\/fr\/wp-json\/wp\/v2\/types\/product"}],"replies":[{"embeddable":true,"href":"https:\/\/yume-silm.com\/fr\/wp-json\/wp\/v2\/comments?post=2031"}],"wp:featuredmedia":[{"embeddable":true,"href":"https:\/\/yume-silm.com\/fr\/wp-json\/wp\/v2\/media\/2032"}],"wp:attachment":[{"href":"https:\/\/yume-silm.com\/fr\/wp-json\/wp\/v2\/media?parent=2031"}],"wp:term":[{"taxonomy":"product_brand","embeddable":true,"href":"https:\/\/yume-silm.com\/fr\/wp-json\/wp\/v2\/product_brand?post=2031"},{"taxonomy":"product_cat","embeddable":true,"href":"https:\/\/yume-silm.com\/fr\/wp-json\/wp\/v2\/product_cat?post=2031"},{"taxonomy":"product_tag","embeddable":true,"href":"https:\/\/yume-silm.com\/fr\/wp-json\/wp\/v2\/product_tag?post=2031"}],"curies":[{"name":"wp","href":"https:\/\/api.w.org\/{rel}","templated":true}]}}