{"id":2076,"date":"2023-05-06T09:30:17","date_gmt":"2023-05-06T09:30:17","guid":{"rendered":"https:\/\/yume-silm.com\/?post_type=product&#038;p=2076"},"modified":"2024-05-20T05:25:38","modified_gmt":"2024-05-20T05:25:38","slug":"femmes-fesses-libres-ventres-controle-du-corps-fajas-colombiennes","status":"publish","type":"product","link":"https:\/\/yume-silm.com\/fr\/produit\/femmes-fesses-libres-ventres-controle-du-corps-fajas-colombiennes\/","title":{"rendered":"Gros femmes bout \u00e0 bout ventre contr\u00f4le corps Shaper Fajas colombien"},"content":{"rendered":"<h5>Caract\u00e9ristiques de conception<\/h5>\n<ul>\n<li><strong>MAT\u00c9RIAUX DE HAUTE QUALIT\u00c9\u00a0:<\/strong> Cette culotte fajas colombianas de levage de fesses, contr\u00f4le du ventre, est faite de nylon et d&#039;\u00e9lasthanne, offrant l&#039;\u00e9quilibre parfait entre \u00e9lasticit\u00e9, soutien et respirabilit\u00e9. B\u00e9n\u00e9ficiez d&#039;un confort longue dur\u00e9e au contact de la peau.<\/li>\n<li><strong>FACILE \u00c0 PORTER:<\/strong> La culotte colombienne invisible body shaper adopte une conception de crochet \u00e0 une rang\u00e9e pour la rendre plus facile \u00e0 porter et assurer un meilleur effet de modelage du corps. La taille haute du rehausseur de fesses pour femme avec fermeture \u00e9clair \u00e9tire la ligne du buste.<\/li>\n<li><strong>AM\u00c9LIORATION DES FESSES\u00a0:<\/strong> Le short gainant pour femme taille haute contr\u00f4le du ventre est un design unique qui soul\u00e8ve et accentue les fesses, offrant un look naturellement plus complet et cisel\u00e9.<\/li>\n<li><strong>ADAPT\u00c9 \u00c0 CHAQUE OCCASION\u00a0:<\/strong> Qu&#039;il s&#039;agisse de la vie quotidienne, du travail, des f\u00eates ou des \u00e9v\u00e9nements sp\u00e9ciaux, ce body shaper gainant pour femme peut \u00eatre assorti \u00e0 toutes les tenues et occasions.<\/li>\n<li><strong>FORME EFFICACE\u00a0:<\/strong> Ce sous-v\u00eatement shapewear qui soul\u00e8ve les fesses offre un contr\u00f4le du ventre et un soul\u00e8vement des fesses, garantissant ainsi l&#039;absence de grumeaux, de bosses ou de bosses pour une belle silhouette en sablier.<\/li>\n<\/ul>\n<h6><em>Sous-v\u00eatements de levage de fesses grande taille pour femmes pour un meilleur contr\u00f4le du ventre abdominal<\/em><\/h6>\n<ul>\n<li>Notre gainant de contr\u00f4le du ventre pour femme est la quintessence de la sophistication et de la fonctionnalit\u00e9.<\/li>\n<li>Pour les grossistes souhaitant proposer des produits haut de gamme alliant qualit\u00e9 et style, ce body shaper rehausseur de hanches grande taille est un incontournable.<\/li>\n<li>Avec des options de personnalisation, une gamme de tailles et la promesse d&#039;une livraison rapide, il est temps d&#039;am\u00e9liorer votre collection. Plongez dans le monde de la vente en gros avec cette pi\u00e8ce hors du commun. Commandez aujourd&#039;hui\u00a0!<\/li>\n<\/ul>","protected":false},"excerpt":{"rendered":"<p>\u00c9levez votre silhouette avec notre fajas colombien colombien pour femme. M\u00e9ticuleusement fabriqu\u00e9 \u00e0 partir de nylon et d&#039;\u00e9lasthanne, ce body shaper rehausseur de hanches taille plus am\u00e9liore vos courbes, offrant un m\u00e9lange harmonieux de confort et de style. Plongez dans une exp\u00e9rience transformatrice qui red\u00e9finit l&#039;\u00e9l\u00e9gance et la confiance.<\/p>","protected":false},"featured_media":2086,"comment_status":"open","ping_status":"closed","template":"","meta":{"site-sidebar-layout":"default","site-content-layout":"default","ast-site-content-layout":"default","site-content-style":"default","site-sidebar-style":"default","ast-global-header-display":"","ast-banner-title-visibility":"","ast-main-header-display":"","ast-hfb-above-header-display":"","ast-hfb-below-header-display":"","ast-hfb-mobile-header-display":"","site-post-title":"","ast-breadcrumbs-content":"","ast-featured-img":"","footer-sml-layout":"","ast-disable-related-posts":"","theme-transparent-header-meta":"default","adv-header-id-meta":"","stick-header-meta":"default","header-above-stick-meta":"","header-main-stick-meta":"","header-below-stick-meta":"","astra-migrate-meta-layouts":"set","ast-page-background-enabled":"default","ast-page-background-meta":{"desktop":{"background-color":"","background-image":"","background-repeat":"repeat","background-position":"center center","background-size":"auto","background-attachment":"scroll","background-type":"","background-media":"","overlay-type":"","overlay-color":"","overlay-opacity":"","overlay-gradient":""},"tablet":{"background-color":"","background-image":"","background-repeat":"repeat","background-position":"center center","background-size":"auto","background-attachment":"scroll","background-type":"","background-media":"","overlay-type":"","overlay-color":"","overlay-opacity":"","overlay-gradient":""},"mobile":{"background-color":"","background-image":"","background-repeat":"repeat","background-position":"center center","background-size":"auto","background-attachment":"scroll","background-type":"","background-media":"","overlay-type":"","overlay-color":"","overlay-opacity":"","overlay-gradient":""}},"ast-content-background-meta":{"desktop":{"background-color":"var(--ast-global-color-5)","background-image":"","background-repeat":"repeat","background-position":"center center","background-size":"auto","background-attachment":"scroll","background-type":"","background-media":"","overlay-type":"","overlay-color":"","overlay-opacity":"","overlay-gradient":""},"tablet":{"background-color":"var(--ast-global-color-5)","background-image":"","background-repeat":"repeat","background-position":"center center","background-size":"auto","background-attachment":"scroll","background-type":"","background-media":"","overlay-type":"","overlay-color":"","overlay-opacity":"","overlay-gradient":""},"mobile":{"background-color":"var(--ast-global-color-5)","background-image":"","background-repeat":"repeat","background-position":"center center","background-size":"auto","background-attachment":"scroll","background-type":"","background-media":"","overlay-type":"","overlay-color":"","overlay-opacity":"","overlay-gradient":""}}},"product_brand":[],"product_cat":[65,76,77,80],"product_tag":[137,139,565,134],"class_list":{"0":"post-2076","1":"product","2":"type-product","3":"status-publish","4":"has-post-thumbnail","6":"product_cat-best-sellers","7":"product_cat-new-arrivels","8":"product_cat-wholesale-womens-shapewear","9":"product_cat-wholesale-butt-lift-underwear","10":"product_tag-butt-lift","11":"product_tag-high-waist","12":"product_tag-open-butt","13":"product_tag-tummy-tucker","14":"pa_color-black","15":"pa_size-l","16":"pa_size-m","17":"pa_size-s","18":"pa_size-xs","19":"pa_size-xxl","20":"pa_size-xxxl","21":"desktop-align-center","22":"tablet-align-left","23":"mobile-align-left","24":"ast-product-gallery-layout-horizontal-slider","25":"ast-product-single-variable","26":"ast-product-tabs-layout-horizontal","27":"ast-qv-on-image","29":"first","30":"instock","31":"shipping-taxable","32":"purchasable","33":"product-type-variable"},"tiered_pricing_type":"fixed","tiered_pricing_fixed_rules":{"5":9.3,"50":8.5,"500":7.89},"tiered_pricing_product_settings":{"layout":"default","base_unit_name":{"singular":null,"plural":null},"default_variation":{}},"tiered_pricing_minimum_quantity":null,"tiered_pricing_roles_data":[],"tiered_pricing_percentage_rules":[],"_links":{"self":[{"href":"https:\/\/yume-silm.com\/fr\/wp-json\/wp\/v2\/product\/2076","targetHints":{"allow":["GET"]}}],"collection":[{"href":"https:\/\/yume-silm.com\/fr\/wp-json\/wp\/v2\/product"}],"about":[{"href":"https:\/\/yume-silm.com\/fr\/wp-json\/wp\/v2\/types\/product"}],"replies":[{"embeddable":true,"href":"https:\/\/yume-silm.com\/fr\/wp-json\/wp\/v2\/comments?post=2076"}],"wp:featuredmedia":[{"embeddable":true,"href":"https:\/\/yume-silm.com\/fr\/wp-json\/wp\/v2\/media\/2086"}],"wp:attachment":[{"href":"https:\/\/yume-silm.com\/fr\/wp-json\/wp\/v2\/media?parent=2076"}],"wp:term":[{"taxonomy":"product_brand","embeddable":true,"href":"https:\/\/yume-silm.com\/fr\/wp-json\/wp\/v2\/product_brand?post=2076"},{"taxonomy":"product_cat","embeddable":true,"href":"https:\/\/yume-silm.com\/fr\/wp-json\/wp\/v2\/product_cat?post=2076"},{"taxonomy":"product_tag","embeddable":true,"href":"https:\/\/yume-silm.com\/fr\/wp-json\/wp\/v2\/product_tag?post=2076"}],"curies":[{"name":"wp","href":"https:\/\/api.w.org\/{rel}","templated":true}]}}