{"id":2148,"date":"2023-05-09T08:19:07","date_gmt":"2023-05-09T08:19:07","guid":{"rendered":"https:\/\/yume-silm.com\/?post_type=product&#038;p=2148"},"modified":"2024-04-24T05:59:11","modified_gmt":"2024-04-24T05:59:11","slug":"sauna-suit-pour-hommes-sweat-manches-longues-sauna-shirt","status":"publish","type":"product","link":"https:\/\/yume-silm.com\/fr\/produit\/sauna-suit-pour-hommes-sweat-manches-longues-sauna-shirt\/","title":{"rendered":"Costume de sudation de sauna pour hommes, chemise de fitness \u00e0 manches longues, vente en gros"},"content":{"rendered":"<h5>Caract\u00e9ristiques de conception<\/h5>\n<ul>\n<li><strong>CHALEUR RAPIDE\u00a0:<\/strong> Choisir notre combinaison de sauna, haut \u00e0 manches longues pour perte de poids, aidera rapidement \u00e0 d\u00e9marrer la chaleur 5 \u00e0 10 minutes apr\u00e8s une s\u00e9ance d&#039;entra\u00eenement, augmentant la transpiration de 3 \u00e0 5 fois, bloquant la chaleur corporelle et acc\u00e9l\u00e9rant la combustion des calories.<\/li>\n<li><strong>AVANTAGES CARDIOVASCULAIRES\u00a0:<\/strong> Notre combinaison de sudation de sauna l\u00e9g\u00e8re et hautement \u00e9lastique est con\u00e7ue pour favoriser la circulation sanguine et la circulation, am\u00e9liorant ainsi la sant\u00e9 cardiovasculaire et le bien-\u00eatre g\u00e9n\u00e9ral.<\/li>\n<li><strong>CONCEPTION PRATIQUE\u00a0:<\/strong> Le sweat-shirt chaud d&#039;entra\u00eenement \u00e0 la taille avec fermeture \u00e9clair \u00e0 manches longues est con\u00e7u pour \u00eatre facile \u00e0 mettre et \u00e0 enlever, avec une longue fermeture \u00e9clair centrale ouverte qui doit seulement \u00eatre facilement ouverte ou ferm\u00e9e, ce qui est particuli\u00e8rement vital pendant les entra\u00eenements.<\/li>\n<li><strong>COMPRESSION DE SOUTIEN\u00a0:<\/strong> La veste de costume de sauna pour hommes est id\u00e9ale pour fournir une compression pour am\u00e9liorer la posture et soutenir les muscles, r\u00e9duisant potentiellement le risque de blessure.<\/li>\n<li><strong>\u00c9L\u00c9GANT ET PRATIQUE\u00a0:<\/strong> l\u00e9g\u00e8re et \u00e9l\u00e9gante, elle peut \u00eatre port\u00e9e comme une veste de tous les jours. La flexibilit\u00e9 du sweat-shirt de sauna assure la facilit\u00e9 des activit\u00e9s quotidiennes et le rev\u00eatement r\u00e9fl\u00e9chissant am\u00e9liore la visibilit\u00e9. Les combinaisons de sauna sont id\u00e9ales pour la salle de sport, le sport, les entra\u00eenements et le fitness. Tr\u00e8s bon pour la transpiration, la combustion des graisses et la perte de poids. Le tissu unique r\u00e9chauffe votre corps et emprisonne la chaleur pour vous garder en bonne sant\u00e9.<\/li>\n<\/ul>\n<h6><em>Sweat-shirt de combinaison de sauna pour hommes pour l&#039;entra\u00eenement, la salle de sport<\/em><\/h6>\n<ul>\n<li>Nos chemises de fitness \u00e0 manches longues pour hommes sont le m\u00e9lange parfait de style et de fonctionnalit\u00e9 de fitness.<\/li>\n<li>Les combinaisons de sudation pour sauna sont un excellent choix pour les grossistes qui cherchent \u00e0 proposer des solutions innovantes de fitness et d&#039;exercice.<\/li>\n<li>Avec des options de personnalisation, plusieurs tailles et la promesse d&#039;une livraison rapide, c&#039;est un excellent ajout \u00e0 votre inventaire.<\/li>\n<li>Entrez dans le monde du grossiste avec cette pi\u00e8ce fitness d&#039;exception. Commandez aujourd&#039;hui\u00a0!<\/li>\n<\/ul>","protected":false},"excerpt":{"rendered":"<p>Am\u00e9liorez votre programme d&#039;entra\u00eenement avec notre chemise de fitness \u00e0 manches longues pour homme. Con\u00e7u pour amplifier la transpiration et favoriser la circulation sanguine, ce haut de sauna contribue \u00e0 la combustion des calories et \u00e0 la sant\u00e9 cardiovasculaire. Plongez dans un parcours de remise en forme alliant style, confort et efficacit\u00e9.<\/p>","protected":false},"featured_media":2174,"comment_status":"open","ping_status":"closed","template":"","meta":{"site-sidebar-layout":"default","site-content-layout":"default","ast-site-content-layout":"default","site-content-style":"default","site-sidebar-style":"default","ast-global-header-display":"","ast-banner-title-visibility":"","ast-main-header-display":"","ast-hfb-above-header-display":"","ast-hfb-below-header-display":"","ast-hfb-mobile-header-display":"","site-post-title":"","ast-breadcrumbs-content":"","ast-featured-img":"","footer-sml-layout":"","ast-disable-related-posts":"","theme-transparent-header-meta":"default","adv-header-id-meta":"","stick-header-meta":"default","header-above-stick-meta":"","header-main-stick-meta":"","header-below-stick-meta":"","astra-migrate-meta-layouts":"set","ast-page-background-enabled":"default","ast-page-background-meta":{"desktop":{"background-color":"","background-image":"","background-repeat":"repeat","background-position":"center center","background-size":"auto","background-attachment":"scroll","background-type":"","background-media":"","overlay-type":"","overlay-color":"","overlay-opacity":"","overlay-gradient":""},"tablet":{"background-color":"","background-image":"","background-repeat":"repeat","background-position":"center center","background-size":"auto","background-attachment":"scroll","background-type":"","background-media":"","overlay-type":"","overlay-color":"","overlay-opacity":"","overlay-gradient":""},"mobile":{"background-color":"","background-image":"","background-repeat":"repeat","background-position":"center center","background-size":"auto","background-attachment":"scroll","background-type":"","background-media":"","overlay-type":"","overlay-color":"","overlay-opacity":"","overlay-gradient":""}},"ast-content-background-meta":{"desktop":{"background-color":"var(--ast-global-color-5)","background-image":"","background-repeat":"repeat","background-position":"center center","background-size":"auto","background-attachment":"scroll","background-type":"","background-media":"","overlay-type":"","overlay-color":"","overlay-opacity":"","overlay-gradient":""},"tablet":{"background-color":"var(--ast-global-color-5)","background-image":"","background-repeat":"repeat","background-position":"center center","background-size":"auto","background-attachment":"scroll","background-type":"","background-media":"","overlay-type":"","overlay-color":"","overlay-opacity":"","overlay-gradient":""},"mobile":{"background-color":"var(--ast-global-color-5)","background-image":"","background-repeat":"repeat","background-position":"center center","background-size":"auto","background-attachment":"scroll","background-type":"","background-media":"","overlay-type":"","overlay-color":"","overlay-opacity":"","overlay-gradient":""}}},"product_brand":[],"product_cat":[65,76,97,98],"product_tag":[413,549,564,183,141,173,411,185,184],"class_list":{"0":"post-2148","1":"product","2":"type-product","3":"status-publish","4":"has-post-thumbnail","6":"product_cat-best-sellers","7":"product_cat-new-arrivels","8":"product_cat-sauna-suit","9":"product_cat-sauna-jacket","10":"product_tag-fitness","11":"product_tag-gym","12":"product_tag-hot","13":"product_tag-long-sleeve","14":"product_tag-plus-size","15":"product_tag-sauna-suit-for-men","16":"product_tag-sports","17":"product_tag-workout","18":"product_tag-zipper","19":"pa_color-blue","20":"pa_color-sliver","21":"pa_size-l","22":"pa_size-m","23":"pa_size-s","24":"pa_size-xl","25":"pa_size-xxl","26":"pa_size-xxxl","27":"desktop-align-center","28":"tablet-align-left","29":"mobile-align-left","30":"ast-product-gallery-layout-horizontal-slider","31":"ast-product-single-variable","32":"ast-product-tabs-layout-horizontal","33":"ast-qv-on-image","35":"first","36":"instock","37":"shipping-taxable","38":"purchasable","39":"product-type-variable"},"tiered_pricing_type":"fixed","tiered_pricing_fixed_rules":{"10":6.78,"200":6.55,"500":6.33},"tiered_pricing_product_settings":{"layout":"default","base_unit_name":{"singular":null,"plural":null},"default_variation":{}},"tiered_pricing_minimum_quantity":null,"tiered_pricing_roles_data":[],"tiered_pricing_percentage_rules":[],"_links":{"self":[{"href":"https:\/\/yume-silm.com\/fr\/wp-json\/wp\/v2\/product\/2148","targetHints":{"allow":["GET"]}}],"collection":[{"href":"https:\/\/yume-silm.com\/fr\/wp-json\/wp\/v2\/product"}],"about":[{"href":"https:\/\/yume-silm.com\/fr\/wp-json\/wp\/v2\/types\/product"}],"replies":[{"embeddable":true,"href":"https:\/\/yume-silm.com\/fr\/wp-json\/wp\/v2\/comments?post=2148"}],"wp:featuredmedia":[{"embeddable":true,"href":"https:\/\/yume-silm.com\/fr\/wp-json\/wp\/v2\/media\/2174"}],"wp:attachment":[{"href":"https:\/\/yume-silm.com\/fr\/wp-json\/wp\/v2\/media?parent=2148"}],"wp:term":[{"taxonomy":"product_brand","embeddable":true,"href":"https:\/\/yume-silm.com\/fr\/wp-json\/wp\/v2\/product_brand?post=2148"},{"taxonomy":"product_cat","embeddable":true,"href":"https:\/\/yume-silm.com\/fr\/wp-json\/wp\/v2\/product_cat?post=2148"},{"taxonomy":"product_tag","embeddable":true,"href":"https:\/\/yume-silm.com\/fr\/wp-json\/wp\/v2\/product_tag?post=2148"}],"curies":[{"name":"wp","href":"https:\/\/api.w.org\/{rel}","templated":true}]}}