{"id":2150,"date":"2023-05-09T08:38:40","date_gmt":"2023-05-09T08:38:40","guid":{"rendered":"https:\/\/yume-silm.com\/?post_type=product&#038;p=2150"},"modified":"2025-06-24T05:30:05","modified_gmt":"2025-06-24T05:30:05","slug":"7-steel-frame-double-layer-sports-waist-trainer","status":"publish","type":"product","link":"https:\/\/yume-silm.com\/fr\/produit\/7-steel-frame-double-layer-sports-waist-trainer\/","title":{"rendered":"Entra\u00eeneur de taille de sport \u00e0 double couche, cadre en acier \u00e0 7 gros, vente en gros"},"content":{"rendered":"<h5>Caract\u00e9ristiques de conception<\/h5>\n<ul>\n<li><strong>7 supports de charpente en acier\u00a0:<\/strong> L&#039;entra\u00eeneur de taille d&#039;entra\u00eenement assure un soutien et une durabilit\u00e9 sup\u00e9rieurs, conservant la forme et l&#039;efficacit\u00e9 de la ceinture pendant le port.<\/li>\n<li><strong>6 rang\u00e9es de boutons :<\/strong> La fermeture \u00e0 bouton r\u00e9glable de l&#039;entra\u00eeneur de taille de sport offre un ajustement personnalis\u00e9 et s\u00e9curis\u00e9, optimisant l&#039;effet amincissant sur la taille.<\/li>\n<li><strong>Conception double couche :<\/strong> L&#039;entra\u00eeneur de taille en os d&#039;acier combine deux niveaux de compression pour une exp\u00e9rience de mise en forme de la taille plus efficace et plus confortable.<\/li>\n<li><strong>Maille extensible respirante\u00a0:<\/strong> Notre entra\u00eeneur de taille en forme de sablier de sport est fabriqu\u00e9 en maille extensible de haute qualit\u00e9 pour garantir une excellente respirabilit\u00e9 et un confort optimal pour un port de longue dur\u00e9e.<\/li>\n<li><strong>Large gamme de tailles :<\/strong> Notre entra\u00eeneur de taille longue de sport grande taille afin de r\u00e9pondre aux besoins des diff\u00e9rents clients, cet entra\u00eeneur de taille a une gamme de tailles de S \u00e0 6XL, assurant un ajustement parfait \u00e0 tous les types de corps.<\/li>\n<\/ul>\n<h6><em>Gaine amincissante sport et fitness femme<\/em><\/h6>\n<ul>\n<li>Notre entra\u00eeneur de taille de sport double couche \u00e0 7 cadres en acier change la donne pour ceux qui recherchent une combinaison de style, de confort et de fonctionnalit\u00e9. Pour les grossistes souhaitant proposer des produits haut de gamme alliant qualit\u00e9 et innovation, cette gaine amincissante est un incontournable.<\/li>\n<li>Avec des options de personnalisation, une gamme de tailles et la promesse d&#039;une livraison rapide, c&#039;est un ajout essentiel \u00e0 votre inventaire. Plongez dans le monde du commerce de gros avec cette pi\u00e8ce hors du commun. Commandez aujourd&#039;hui\u00a0!<\/li>\n<\/ul>","protected":false},"excerpt":{"rendered":"<p>Transformez votre exp\u00e9rience d&#039;entra\u00eenement avec notre entra\u00eeneur de taille sport double couche \u00e0 7 cadres en acier. Con\u00e7u pour des r\u00e9sultats optimaux en mati\u00e8re d&#039;amincissement de la taille, cet entra\u00eeneur de taille allie durabilit\u00e9, confort et style, vous assurant de vous sentir et d&#039;\u00eatre \u00e0 votre meilleur.<\/p>","protected":false},"featured_media":2171,"comment_status":"open","ping_status":"closed","template":"","meta":{"site-sidebar-layout":"default","site-content-layout":"default","ast-site-content-layout":"default","site-content-style":"default","site-sidebar-style":"default","ast-global-header-display":"","ast-banner-title-visibility":"","ast-main-header-display":"","ast-hfb-above-header-display":"","ast-hfb-below-header-display":"","ast-hfb-mobile-header-display":"","site-post-title":"","ast-breadcrumbs-content":"","ast-featured-img":"","footer-sml-layout":"","ast-disable-related-posts":"","theme-transparent-header-meta":"default","adv-header-id-meta":"","stick-header-meta":"default","header-above-stick-meta":"","header-main-stick-meta":"","header-below-stick-meta":"","astra-migrate-meta-layouts":"set","ast-page-background-enabled":"default","ast-page-background-meta":{"desktop":{"background-color":"","background-image":"","background-repeat":"repeat","background-position":"center center","background-size":"auto","background-attachment":"scroll","background-type":"","background-media":"","overlay-type":"","overlay-color":"","overlay-opacity":"","overlay-gradient":""},"tablet":{"background-color":"","background-image":"","background-repeat":"repeat","background-position":"center center","background-size":"auto","background-attachment":"scroll","background-type":"","background-media":"","overlay-type":"","overlay-color":"","overlay-opacity":"","overlay-gradient":""},"mobile":{"background-color":"","background-image":"","background-repeat":"repeat","background-position":"center center","background-size":"auto","background-attachment":"scroll","background-type":"","background-media":"","overlay-type":"","overlay-color":"","overlay-opacity":"","overlay-gradient":""}},"ast-content-background-meta":{"desktop":{"background-color":"var(--ast-global-color-5)","background-image":"","background-repeat":"repeat","background-position":"center center","background-size":"auto","background-attachment":"scroll","background-type":"","background-media":"","overlay-type":"","overlay-color":"","overlay-opacity":"","overlay-gradient":""},"tablet":{"background-color":"var(--ast-global-color-5)","background-image":"","background-repeat":"repeat","background-position":"center center","background-size":"auto","background-attachment":"scroll","background-type":"","background-media":"","overlay-type":"","overlay-color":"","overlay-opacity":"","overlay-gradient":""},"mobile":{"background-color":"var(--ast-global-color-5)","background-image":"","background-repeat":"repeat","background-position":"center center","background-size":"auto","background-attachment":"scroll","background-type":"","background-media":"","overlay-type":"","overlay-color":"","overlay-opacity":"","overlay-gradient":""}}},"product_brand":[],"product_cat":[65,76,90,92],"product_tag":[153,151,454,455,154,185],"class_list":{"0":"post-2150","1":"product","2":"type-product","3":"status-publish","4":"has-post-thumbnail","6":"product_cat-best-sellers","7":"product_cat-new-arrivels","8":"product_cat-wholesale-waist-trainer","9":"product_cat-wholesale-waist-girdle","10":"product_tag-boned","11":"product_tag-double-compression","12":"product_tag-fat-loss","13":"product_tag-hourglass-figure","14":"product_tag-with-hooks","15":"product_tag-workout","16":"pa_color-beige","17":"pa_color-black","18":"pa_size-4xl","19":"pa_size-5xl","20":"pa_size-6xl","21":"pa_size-l","22":"pa_size-m","23":"pa_size-s","24":"pa_size-xxl","25":"pa_size-xxxl","26":"desktop-align-center","27":"tablet-align-left","28":"mobile-align-left","29":"ast-product-gallery-layout-horizontal-slider","30":"ast-product-single-variable","31":"ast-product-tabs-layout-horizontal","32":"ast-qv-on-image","34":"first","35":"instock","36":"shipping-taxable","37":"purchasable","38":"product-type-variable"},"tiered_pricing_type":"fixed","tiered_pricing_fixed_rules":{"5":3.69,"50":3.69,"100":3.39},"tiered_pricing_product_settings":{"layout":"default","base_unit_name":{"singular":null,"plural":null},"default_variation":{}},"tiered_pricing_minimum_quantity":null,"tiered_pricing_roles_data":[],"tiered_pricing_percentage_rules":[],"_links":{"self":[{"href":"https:\/\/yume-silm.com\/fr\/wp-json\/wp\/v2\/product\/2150","targetHints":{"allow":["GET"]}}],"collection":[{"href":"https:\/\/yume-silm.com\/fr\/wp-json\/wp\/v2\/product"}],"about":[{"href":"https:\/\/yume-silm.com\/fr\/wp-json\/wp\/v2\/types\/product"}],"replies":[{"embeddable":true,"href":"https:\/\/yume-silm.com\/fr\/wp-json\/wp\/v2\/comments?post=2150"}],"wp:featuredmedia":[{"embeddable":true,"href":"https:\/\/yume-silm.com\/fr\/wp-json\/wp\/v2\/media\/2171"}],"wp:attachment":[{"href":"https:\/\/yume-silm.com\/fr\/wp-json\/wp\/v2\/media?parent=2150"}],"wp:term":[{"taxonomy":"product_brand","embeddable":true,"href":"https:\/\/yume-silm.com\/fr\/wp-json\/wp\/v2\/product_brand?post=2150"},{"taxonomy":"product_cat","embeddable":true,"href":"https:\/\/yume-silm.com\/fr\/wp-json\/wp\/v2\/product_cat?post=2150"},{"taxonomy":"product_tag","embeddable":true,"href":"https:\/\/yume-silm.com\/fr\/wp-json\/wp\/v2\/product_tag?post=2150"}],"curies":[{"name":"wp","href":"https:\/\/api.w.org\/{rel}","templated":true}]}}