{"id":2200,"date":"2023-05-09T11:20:04","date_gmt":"2023-05-09T11:20:04","guid":{"rendered":"https:\/\/yume-silm.com\/?post_type=product&#038;p=2200"},"modified":"2024-11-20T08:00:45","modified_gmt":"2024-11-20T08:00:45","slug":"wrap-women-abdominal-waist-trainer-shaper-sauna-suit","status":"publish","type":"product","link":"https:\/\/yume-silm.com\/fr\/produit\/wrap-women-abdominal-waist-trainer-shaper-sauna-suit\/","title":{"rendered":"Gilet de sangle abdominale de sauna d&#039;entra\u00eeneur de taille en gros"},"content":{"rendered":"<h5>Caract\u00e9ristiques de conception<\/h5>\n<ul>\n<li><strong>SUEUR ACC\u00c9L\u00c9R\u00c9E\u00a0: <\/strong><span data-slate-fragment=\"JTVCJTdCJTIydHlwZSUyMiUzQSUyMnBhcmFncmFwaCUyMiUyQyUyMmNoaWxkcmVuJTIyJTNBJTVCJTdCJTIydGV4dCUyMiUzQSUyMk91ciUyMHRoaXMlMjBzYXVuYSUyMHN3ZWF0JTIwZmFqYSUyMGJvZHklMjBzaGFwZXdlYXIlMjB3YWlzdCUyMHRyYWluZXIlMjBjb3JzZXQlMjB0b3AlMjB3YWlzdGJhbmQlMjBpcyUyMHBlcmZlY3QlMjBmb3IlMjB0aGUlMjBneW0lMkMlMjBvdXRkb29yJTIwYWN0aXZpdGllcyUyQyUyMHNwb3J0cyUyQyUyMHlvZ2ElMjBhbmQlMjBtb3JlLiUyMFRoZSUyMHNsaW1taW5nJTIwZmxhdCUyMGJlbGx5JTIwc2F1bmElMjB2ZXN0JTIwd2lsbCUyMGhlbHAlMjB5b3UlMjBlYXNpbHklMjBnZXQlMjB0aGUlMjBzYXVuYSUyMGVmZmVjdCUyMGR1cmluZyUyMHlvdXIlMjB3b3Jrb3V0JTJDJTIwYWNjZWxlcmF0ZSUyMGJsb29kJTIwY2lyY3VsYXRpb24lMkMlMjBidXJuJTIwZmF0JTIwZmFzdGVyJTIwYW5kJTIwcmVkdWNlJTIwZXhjZXNzJTIwd2F0ZXIuJTIwR2V0JTIwcmlkJTIwb2YlMjBmbGFiJTIwYW5kJTIwYWNjZWxlcmF0ZSUyMHRoZSUyMHNoYXBpbmclMjBvZiUyMHlvdXIlMjBpZGVhbCUyMGN1cnZ5JTIwY2hhcm1pbmclMjBib2R5LiUyMiU3RCU1RCU3RCU1RA==\">Notre corset de sudation pour sauna faja body shapewear est parfait pour la salle de sport, les activit\u00e9s de plein air, le sport, le yoga et plus encore. Le gilet de sauna minceur ventre plat vous aidera \u00e0 obtenir facilement l&#039;effet sauna pendant votre entra\u00eenement, \u00e0 acc\u00e9l\u00e9rer la circulation sanguine, \u00e0 br\u00fbler les graisses plus rapidement et \u00e0 r\u00e9duire l&#039;exc\u00e8s d&#039;eau. D\u00e9barrassez-vous de la graisse et acc\u00e9l\u00e9rez la mise en forme de votre corps charmant et courb\u00e9 id\u00e9al.<\/span><\/li>\n<li><b>AM\u00c9LIORE LA POSTURE\u00a0:<\/b> Notre gilet serre-taille pour combinaison de sauna est con\u00e7u avec un dos en I pour fournir un soutien lombaire et une stabilit\u00e9 sup\u00e9rieurs, r\u00e9duisant la pression et la tension sur le bas du dos et pr\u00e9venant les blessures potentielles. Les ceintures amincissantes \u00e0 double contr\u00f4le du ventre pour femmes sont tr\u00e8s utiles pour les employ\u00e9s de bureau s\u00e9dentaires et sont id\u00e9ales pour soulager les douleurs dans le bas du dos, prot\u00e9ger votre colonne vert\u00e9brale, vous emp\u00eacher de vous pencher et aider \u00e0 am\u00e9liorer votre posture.<\/li>\n<li><strong>DOUBLE COMPRESSION SUR LE VENTRE : <\/strong>La couche int\u00e9rieure de la combinaison de sauna body shaper s&#039;adapte naturellement \u00e0 la peau gr\u00e2ce \u00e0 une fermeture \u00e0 glissi\u00e8re\u00a0; De plus, le bandage ext\u00e9rieur \u00e0 double compression aplatit facilement votre ventre pour un ventre lisse, qui ne roule pas et qui est \u00e9galement facile \u00e0 porter. La combinaison de sauna pour femme est parfaite pour la r\u00e9cup\u00e9ration post-partum, vous permettant de retrouver votre meilleure forme d\u00e8s que possible.<\/li>\n<li data-slate-node=\"element\"><span data-slate-node=\"text\"><span class=\"\" data-slate-leaf=\"true\"><strong>\u00c9L\u00c9GANT ET CONFORTABLE\u00a0:<\/strong> La ceinture amincissante r\u00e9duisant le ventre pour br\u00fbler les graisses est fabriqu\u00e9e \u00e0 partir d&#039;un m\u00e9lange de n\u00e9opr\u00e8ne et de polyester pour garantir durabilit\u00e9, flexibilit\u00e9 et confort respectueux de la peau.<\/span><\/span><\/li>\n<li data-slate-node=\"element\" data-slate-fragment=\"JTVCJTdCJTIydHlwZSUyMiUzQSUyMnBhcmFncmFwaCUyMiUyQyUyMmNoaWxkcmVuJTIyJTNBJTVCJTdCJTIydGV4dCUyMiUzQSUyMlNUWUxJU0glMjBBTkQlMjBDT01GT1JUQUJMRSUzQSUyMFRoZSUyMGJlbGx5JTIwcmVkdWNpbmclMjBzaGFwZXdlYXIlMjBidXJuJTIwZmF0JTIwdmVzdCUyMHRyaW1tZXIlMjBiZWx0JTIwaXMlMjBtYWRlJTIwZnJvbSUyMGElMjBibGVuZCUyMG9mJTIwbmVvcHJlbmUlMjBhbmQlMjBwb2x5ZXN0ZXIlMjB0byUyMGVuc3VyZSUyMGR1cmFiaWxpdHklMkMlMjBmbGV4aWJpbGl0eSUyMGFuZCUyMHNraW4tZnJpZW5kbHklMjBjb21mb3J0LiUyMiU3RCU1RCU3RCUyQyU3QiUyMnR5cGUlMjIlM0ElMjJwYXJhZ3JhcGglMjIlMkMlMjJjaGlsZHJlbiUyMiUzQSU1QiU3QiUyMnRleHQlMjIlM0ElMjJUaGUlMjB2aWJyYW50JTIwdHdvLXRvbmUlMjBjb2xvciUyMGNvbWJpbmF0aW9uJTIwY3JlYXRlcyUyMGElMjB2aXN1YWxseSUyMGFwcGVhbGluZyUyMGFuZCUyMHBlcnNvbmFsaXplZCUyMGxvb2slMjB3aXRoJTIwY3VzdG9taXphdGlvbiUyMG9wdGlvbnMuJTIwRGVzaWduZWQlMjB3aXRoJTIwYSUyMHdhaXN0YmFuZCUyMHppcHBlciUyQyUyMGl0JTIwaXMlMjBxdWljayUyMGFuZCUyMGVhc3klMjB0byUyMHB1dCUyMG9uJTJDJTIwZWxpbWluYXRpbmclMjB0aGUlMjBuZWVkJTIwZm9yJTIwdHJhZGl0aW9uYWwlMjBidWNrbGUlMjBvciUyMHN0cmFwJTIwYWRqdXN0bWVudHMuJTIyJTdEJTVEJTdEJTVE\"><span data-slate-node=\"text\"><span class=\"\" data-slate-leaf=\"true\">La combinaison de couleurs bicolores vibrantes cr\u00e9e un look visuellement attrayant et personnalis\u00e9 avec des options de personnalisation. Con\u00e7u avec une fermeture \u00e9clair \u00e0 la taille, il est rapide et facile \u00e0 enfiler, \u00e9liminant le besoin d&#039;ajustements traditionnels de boucle ou de sangle.<\/span><\/span><\/li>\n<\/ul>\n<h6><em>Gilet anti-transpiration pour perte de poids, pour la course, le yoga et autres exercices de fitness en int\u00e9rieur et en ext\u00e9rieur.<\/em><\/h6>\n<ul>\n<li><span data-slate-fragment=\"JTVCJTdCJTIydHlwZSUyMiUzQSUyMnBhcmFncmFwaCUyMiUyQyUyMmNoaWxkcmVuJTIyJTNBJTVCJTdCJTIydGV4dCUyMiUzQSUyMk91ciUyMHdhaXN0JTIwdHJhaW5lciUyMHNhdW5hJTIwYWJkb21pbmFsJTIwc3RyYXAlMjB2ZXN0JTIwaXMlMjBhJTIwdGVzdGFtZW50JTIwdG8lMjB0aGUlMjBwZXJmZWN0JTIwYmxlbmQlMjBvZiUyMGZhc2hpb24lMjBhbmQlMjBmdW5jdGlvbmFsaXR5LiUyMEZvciUyMHdob2xlc2FsZXJzJTIwYWltaW5nJTIwdG8lMjBvZmZlciUyMHByb2R1Y3RzJTIwdGhhdCUyMHJlc29uYXRlJTIwd2l0aCUyMHF1YWxpdHklMkMlMjBzdHlsZSUyQyUyMGFuZCUyMGlubm92YXRpb24lMkMlMjB0aGlzJTIwc2F1bmElMjB3YWlzdCUyMHRyYWluZXIlMjB2ZXN0JTIwaXMlMjBhJTIwcHJpbWUlMjBjaG9pY2UuJTIwV2l0aCUyMGN1c3RvbWl6YXRpb24lMjBvcHRpb25zJTJDJTIwYSUyMHJhbmdlJTIwb2YlMjBzaXplcyUyQyUyMGFuZCUyMHRoZSUyMHByb21pc2UlMjBvZiUyMHN3aWZ0JTIwZGVsaXZlcnklMkMlMjBpdCdzJTIwYW4lMjBlc3NlbnRpYWwlMjBhZGRpdGlvbiUyMHRvJTIweW91ciUyMGludmVudG9yeS4lMjAlMjIlN0QlNUQlN0QlNUQ=\">Notre gilet \u00e0 sangle abdominale pour sauna et entra\u00eeneur de taille t\u00e9moigne du m\u00e9lange parfait de mode et de fonctionnalit\u00e9. Pour les grossistes souhaitant offrir des produits qui r\u00e9sonnent de qualit\u00e9, de style et d&#039;innovation, ce gilet d&#039;entra\u00eenement de taille de sauna est un choix de premier ordre. <\/span><\/li>\n<li><span data-slate-fragment=\"JTVCJTdCJTIydHlwZSUyMiUzQSUyMnBhcmFncmFwaCUyMiUyQyUyMmNoaWxkcmVuJTIyJTNBJTVCJTdCJTIydGV4dCUyMiUzQSUyMk91ciUyMHdhaXN0JTIwdHJhaW5lciUyMHNhdW5hJTIwYWJkb21pbmFsJTIwc3RyYXAlMjB2ZXN0JTIwaXMlMjBhJTIwdGVzdGFtZW50JTIwdG8lMjB0aGUlMjBwZXJmZWN0JTIwYmxlbmQlMjBvZiUyMGZhc2hpb24lMjBhbmQlMjBmdW5jdGlvbmFsaXR5LiUyMEZvciUyMHdob2xlc2FsZXJzJTIwYWltaW5nJTIwdG8lMjBvZmZlciUyMHByb2R1Y3RzJTIwdGhhdCUyMHJlc29uYXRlJTIwd2l0aCUyMHF1YWxpdHklMkMlMjBzdHlsZSUyQyUyMGFuZCUyMGlubm92YXRpb24lMkMlMjB0aGlzJTIwc2F1bmElMjB3YWlzdCUyMHRyYWluZXIlMjB2ZXN0JTIwaXMlMjBhJTIwcHJpbWUlMjBjaG9pY2UuJTIwV2l0aCUyMGN1c3RvbWl6YXRpb24lMjBvcHRpb25zJTJDJTIwYSUyMHJhbmdlJTIwb2YlMjBzaXplcyUyQyUyMGFuZCUyMHRoZSUyMHByb21pc2UlMjBvZiUyMHN3aWZ0JTIwZGVsaXZlcnklMkMlMjBpdCdzJTIwYW4lMjBlc3NlbnRpYWwlMjBhZGRpdGlvbiUyMHRvJTIweW91ciUyMGludmVudG9yeS4lMjAlMjIlN0QlNUQlN0QlNUQ=\">Avec des options de personnalisation, une gamme de tailles et la promesse d&#039;une livraison rapide, c&#039;est un ajout essentiel \u00e0 votre inventaire. <\/span> Plongez dans le monde de la vente en gros avec cette pi\u00e8ce hors du commun. Commandez aujourd&#039;hui\u00a0!<\/li>\n<\/ul>","protected":false},"excerpt":{"rendered":"<p class=\"tgt color_text_0 un-step-trans\" data-section=\"0\">Pr\u00e9sentation de notre gilet de sangle abdominale pour sauna, con\u00e7u pour la femme moderne \u00e0 la recherche de style et de fonctionnalit\u00e9. Fabriqu\u00e9 \u00e0 partir de caoutchouc n\u00e9opr\u00e8ne et de polyester, cet entra\u00eeneur de taille offre une compression optimale, mettant en valeur votre silhouette naturelle tout en assurant le confort.<\/p>","protected":false},"featured_media":2223,"comment_status":"open","ping_status":"closed","template":"","meta":{"site-sidebar-layout":"default","site-content-layout":"default","ast-site-content-layout":"default","site-content-style":"default","site-sidebar-style":"default","ast-global-header-display":"","ast-banner-title-visibility":"","ast-main-header-display":"","ast-hfb-above-header-display":"","ast-hfb-below-header-display":"","ast-hfb-mobile-header-display":"","site-post-title":"","ast-breadcrumbs-content":"","ast-featured-img":"","footer-sml-layout":"","ast-disable-related-posts":"","theme-transparent-header-meta":"default","adv-header-id-meta":"","stick-header-meta":"default","header-above-stick-meta":"","header-main-stick-meta":"","header-below-stick-meta":"","astra-migrate-meta-layouts":"set","ast-page-background-enabled":"default","ast-page-background-meta":{"desktop":{"background-color":"","background-image":"","background-repeat":"repeat","background-position":"center center","background-size":"auto","background-attachment":"scroll","background-type":"","background-media":"","overlay-type":"","overlay-color":"","overlay-opacity":"","overlay-gradient":""},"tablet":{"background-color":"","background-image":"","background-repeat":"repeat","background-position":"center center","background-size":"auto","background-attachment":"scroll","background-type":"","background-media":"","overlay-type":"","overlay-color":"","overlay-opacity":"","overlay-gradient":""},"mobile":{"background-color":"","background-image":"","background-repeat":"repeat","background-position":"center center","background-size":"auto","background-attachment":"scroll","background-type":"","background-media":"","overlay-type":"","overlay-color":"","overlay-opacity":"","overlay-gradient":""}},"ast-content-background-meta":{"desktop":{"background-color":"var(--ast-global-color-5)","background-image":"","background-repeat":"repeat","background-position":"center center","background-size":"auto","background-attachment":"scroll","background-type":"","background-media":"","overlay-type":"","overlay-color":"","overlay-opacity":"","overlay-gradient":""},"tablet":{"background-color":"var(--ast-global-color-5)","background-image":"","background-repeat":"repeat","background-position":"center center","background-size":"auto","background-attachment":"scroll","background-type":"","background-media":"","overlay-type":"","overlay-color":"","overlay-opacity":"","overlay-gradient":""},"mobile":{"background-color":"var(--ast-global-color-5)","background-image":"","background-repeat":"repeat","background-position":"center center","background-size":"auto","background-attachment":"scroll","background-type":"","background-media":"","overlay-type":"","overlay-color":"","overlay-opacity":"","overlay-gradient":""}}},"product_brand":[],"product_cat":[65,76,97,100,90,94,96],"product_tag":[187,135,139,186,167,214,553,185,552],"class_list":{"0":"post-2200","1":"product","2":"type-product","3":"status-publish","4":"has-post-thumbnail","6":"product_cat-best-sellers","7":"product_cat-new-arrivels","8":"product_cat-sauna-suit","9":"product_cat-sauna-tops","10":"product_cat-wholesale-waist-trainer","11":"product_cat-n-in-1-waist-trainer","12":"product_cat-sweat-waist-trainer","13":"product_tag-2-in-1","14":"product_tag-all-in-one","15":"product_tag-high-waist","16":"product_tag-padded","17":"product_tag-sauna-suit","18":"product_tag-waist-trainer","19":"product_tag-waist-trimmer","20":"product_tag-workout","21":"product_tag-workout-sweatband","22":"pa_color-black","23":"pa_color-pink","24":"pa_color-yellow","25":"pa_size-l","26":"pa_size-m","27":"pa_size-s","28":"pa_size-xl","29":"pa_size-xxl","30":"pa_size-xxxl","31":"desktop-align-center","32":"tablet-align-left","33":"mobile-align-left","34":"ast-product-gallery-layout-horizontal-slider","35":"ast-product-single-variable","36":"ast-product-tabs-layout-horizontal","37":"ast-qv-on-image","39":"first","40":"instock","41":"shipping-taxable","42":"purchasable","43":"product-type-variable"},"tiered_pricing_type":"fixed","tiered_pricing_fixed_rules":{"5":6.77,"50":6.53,"100":6.25},"tiered_pricing_product_settings":{"layout":"default","base_unit_name":{"singular":null,"plural":null},"default_variation":{}},"tiered_pricing_minimum_quantity":null,"tiered_pricing_roles_data":[],"tiered_pricing_percentage_rules":[],"_links":{"self":[{"href":"https:\/\/yume-silm.com\/fr\/wp-json\/wp\/v2\/product\/2200","targetHints":{"allow":["GET"]}}],"collection":[{"href":"https:\/\/yume-silm.com\/fr\/wp-json\/wp\/v2\/product"}],"about":[{"href":"https:\/\/yume-silm.com\/fr\/wp-json\/wp\/v2\/types\/product"}],"replies":[{"embeddable":true,"href":"https:\/\/yume-silm.com\/fr\/wp-json\/wp\/v2\/comments?post=2200"}],"wp:featuredmedia":[{"embeddable":true,"href":"https:\/\/yume-silm.com\/fr\/wp-json\/wp\/v2\/media\/2223"}],"wp:attachment":[{"href":"https:\/\/yume-silm.com\/fr\/wp-json\/wp\/v2\/media?parent=2200"}],"wp:term":[{"taxonomy":"product_brand","embeddable":true,"href":"https:\/\/yume-silm.com\/fr\/wp-json\/wp\/v2\/product_brand?post=2200"},{"taxonomy":"product_cat","embeddable":true,"href":"https:\/\/yume-silm.com\/fr\/wp-json\/wp\/v2\/product_cat?post=2200"},{"taxonomy":"product_tag","embeddable":true,"href":"https:\/\/yume-silm.com\/fr\/wp-json\/wp\/v2\/product_tag?post=2200"}],"curies":[{"name":"wp","href":"https:\/\/api.w.org\/{rel}","templated":true}]}}