{"id":2228,"date":"2023-05-09T12:51:53","date_gmt":"2023-05-09T12:51:53","guid":{"rendered":"https:\/\/yume-silm.com\/?post_type=product&#038;p=2228"},"modified":"2024-08-27T01:38:18","modified_gmt":"2024-08-27T01:38:18","slug":"homme-sweat-taille-entraineur-sauna-suit-gilet-corset","status":"publish","type":"product","link":"https:\/\/yume-silm.com\/fr\/produit\/homme-sweat-taille-entraineur-sauna-suit-gilet-corset\/","title":{"rendered":"Commerce de gros hommes sueur taille formateur Sauna costume gilet Corset"},"content":{"rendered":"<h5>Caract\u00e9ristiques de conception<\/h5>\n<ul>\n<li><b>FACILE \u00c0 PORTER:<\/b> La conception \u00e0 glissi\u00e8re du body shaper de la combinaison de sudation de sauna pour hommes assure un ajustement parfait qui est rapide et facile \u00e0 enfiler sans avoir besoin d&#039;ajustements traditionnels.<\/li>\n<li><b>R\u00e9sistant \u00e0 l&#039;abrasion:<\/b> Le rev\u00eatement en PVC sur le gilet corset br\u00fbleur de graisse offre une excellente r\u00e9sistance \u00e0 l&#039;abrasion pour prot\u00e9ger le tissu et prolonger la dur\u00e9e de vie du produit.<\/li>\n<li><b>MAT\u00c9RIAU \u00c0 HAUTE \u00c9LASTICIT\u00c9\u00a0:<\/b> La combinaison de m\u00e9langes d&#039;\u00e9lasthanne et de nylon dans le gilet de sauna amincissant pour hommes offre une excellente \u00e9lasticit\u00e9, assurant un ajustement confortable et s&#039;adaptant \u00e0 vos mouvements pendant votre entra\u00eenement.<\/li>\n<li><b>CONCEPTION SANS MANCHES\u00a0:<\/b> Notre corset pour hommes fa\u00e7onnant le corps, d\u00e9bardeur de gymnastique, aide \u00e0 favoriser une transpiration rapide pendant l&#039;exercice, garantissant que toutes les parties du corps, \u00e0 l&#039;exception du haut du corps, sont confortables \u00e0 porter.<\/li>\n<li><b>R\u00c9TENTION OPTIMIS\u00c9E DES CALORIES\u00a0:<\/b> L&#039;exp\u00e9rience de porter nos sous-v\u00eatements l\u00e9gers \u00e0 haute \u00e9lasticit\u00e9 est un pic calorique dans les 10 \u00e0 15 minutes d&#039;exercice, avec un taux de transpiration 3 \u00e0 5 fois plus \u00e9lev\u00e9 et le double de la quantit\u00e9 de graisse br\u00fbl\u00e9e.<\/li>\n<\/ul>\n<h6><em>Costume de sauna chaud pour hommes, gilet d&#039;entra\u00eenement \u00e0 la taille, d\u00e9bardeur \u00e0 fermeture \u00e9clair, chemise d&#039;entra\u00eenement, vente en gros<\/em><\/h6>\n<ul>\n<li>Le corset de gilet de costume de sauna d&#039;entra\u00eeneur de taille de sueur pour hommes t\u00e9moigne du m\u00e9lange parfait de fonctionnalit\u00e9 de mode et de fitness. Pour les grossistes souhaitant proposer des solutions de fitness innovantes, ce gilet corset pour homme est un choix de premier ordre.<\/li>\n<li>Avec des options de personnalisation, une gamme de tailles et la promesse d&#039;une livraison rapide, c&#039;est un ajout essentiel \u00e0 votre inventaire. Plongez dans le monde du commerce de gros avec cette pi\u00e8ce hors du commun. Commandez aujourd&#039;hui\u00a0!<\/li>\n<\/ul>","protected":false},"excerpt":{"rendered":"<p>Am\u00e9liorez votre parcours de remise en forme avec notre corset de gilet de sauna pour entra\u00eeneur de taille pour hommes. Fabriqu\u00e9 \u00e0 partir d&#039;un m\u00e9lange d&#039;\u00e9lasthanne et de nylon, ce gilet gainant est con\u00e7u pour am\u00e9liorer la transpiration, optimiser la combustion des graisses et sculpter votre physique. Plongez dans une exp\u00e9rience de remise en forme transformatrice qui allie style, confort et efficacit\u00e9.<\/p>","protected":false},"featured_media":2230,"comment_status":"open","ping_status":"closed","template":"","meta":{"site-sidebar-layout":"default","site-content-layout":"default","ast-site-content-layout":"default","site-content-style":"default","site-sidebar-style":"default","ast-global-header-display":"","ast-banner-title-visibility":"","ast-main-header-display":"","ast-hfb-above-header-display":"","ast-hfb-below-header-display":"","ast-hfb-mobile-header-display":"","site-post-title":"","ast-breadcrumbs-content":"","ast-featured-img":"","footer-sml-layout":"","ast-disable-related-posts":"","theme-transparent-header-meta":"default","adv-header-id-meta":"","stick-header-meta":"default","header-above-stick-meta":"","header-main-stick-meta":"","header-below-stick-meta":"","astra-migrate-meta-layouts":"set","ast-page-background-enabled":"default","ast-page-background-meta":{"desktop":{"background-color":"","background-image":"","background-repeat":"repeat","background-position":"center center","background-size":"auto","background-attachment":"scroll","background-type":"","background-media":"","overlay-type":"","overlay-color":"","overlay-opacity":"","overlay-gradient":""},"tablet":{"background-color":"","background-image":"","background-repeat":"repeat","background-position":"center center","background-size":"auto","background-attachment":"scroll","background-type":"","background-media":"","overlay-type":"","overlay-color":"","overlay-opacity":"","overlay-gradient":""},"mobile":{"background-color":"","background-image":"","background-repeat":"repeat","background-position":"center center","background-size":"auto","background-attachment":"scroll","background-type":"","background-media":"","overlay-type":"","overlay-color":"","overlay-opacity":"","overlay-gradient":""}},"ast-content-background-meta":{"desktop":{"background-color":"var(--ast-global-color-5)","background-image":"","background-repeat":"repeat","background-position":"center center","background-size":"auto","background-attachment":"scroll","background-type":"","background-media":"","overlay-type":"","overlay-color":"","overlay-opacity":"","overlay-gradient":""},"tablet":{"background-color":"var(--ast-global-color-5)","background-image":"","background-repeat":"repeat","background-position":"center center","background-size":"auto","background-attachment":"scroll","background-type":"","background-media":"","overlay-type":"","overlay-color":"","overlay-opacity":"","overlay-gradient":""},"mobile":{"background-color":"var(--ast-global-color-5)","background-image":"","background-repeat":"repeat","background-position":"center center","background-size":"auto","background-attachment":"scroll","background-type":"","background-media":"","overlay-type":"","overlay-color":"","overlay-opacity":"","overlay-gradient":""}}},"product_brand":[],"product_cat":[65,76,97,100],"product_tag":[549,551,548,166,550,185],"class_list":{"0":"post-2228","1":"product","2":"type-product","3":"status-publish","4":"has-post-thumbnail","6":"product_cat-best-sellers","7":"product_cat-new-arrivels","8":"product_cat-sauna-suit","9":"product_cat-sauna-tops","10":"product_tag-gym","11":"product_tag-mens-sweat-tank","12":"product_tag-sauna-sweat","13":"product_tag-sauna-vest","14":"product_tag-with-zipper","15":"product_tag-workout","16":"pa_color-blue","17":"pa_color-sliver","18":"pa_size-2xl-3xl","19":"pa_size-4xl-5xl","20":"pa_size-l-xl","21":"pa_size-s-m","22":"desktop-align-center","23":"tablet-align-left","24":"mobile-align-left","25":"ast-product-gallery-layout-horizontal-slider","26":"ast-product-single-variable","27":"ast-product-tabs-layout-horizontal","28":"ast-qv-on-image","30":"first","31":"instock","32":"shipping-taxable","33":"purchasable","34":"product-type-variable"},"tiered_pricing_type":"fixed","tiered_pricing_fixed_rules":{"10":3.95,"200":3.75,"2000":3.25},"tiered_pricing_product_settings":{"layout":"default","base_unit_name":{"singular":null,"plural":null},"default_variation":{}},"tiered_pricing_minimum_quantity":null,"tiered_pricing_roles_data":[],"tiered_pricing_percentage_rules":[],"_links":{"self":[{"href":"https:\/\/yume-silm.com\/fr\/wp-json\/wp\/v2\/product\/2228","targetHints":{"allow":["GET"]}}],"collection":[{"href":"https:\/\/yume-silm.com\/fr\/wp-json\/wp\/v2\/product"}],"about":[{"href":"https:\/\/yume-silm.com\/fr\/wp-json\/wp\/v2\/types\/product"}],"replies":[{"embeddable":true,"href":"https:\/\/yume-silm.com\/fr\/wp-json\/wp\/v2\/comments?post=2228"}],"wp:featuredmedia":[{"embeddable":true,"href":"https:\/\/yume-silm.com\/fr\/wp-json\/wp\/v2\/media\/2230"}],"wp:attachment":[{"href":"https:\/\/yume-silm.com\/fr\/wp-json\/wp\/v2\/media?parent=2228"}],"wp:term":[{"taxonomy":"product_brand","embeddable":true,"href":"https:\/\/yume-silm.com\/fr\/wp-json\/wp\/v2\/product_brand?post=2228"},{"taxonomy":"product_cat","embeddable":true,"href":"https:\/\/yume-silm.com\/fr\/wp-json\/wp\/v2\/product_cat?post=2228"},{"taxonomy":"product_tag","embeddable":true,"href":"https:\/\/yume-silm.com\/fr\/wp-json\/wp\/v2\/product_tag?post=2228"}],"curies":[{"name":"wp","href":"https:\/\/api.w.org\/{rel}","templated":true}]}}