{"id":2248,"date":"2023-05-10T03:08:55","date_gmt":"2023-05-10T03:08:55","guid":{"rendered":"https:\/\/yume-silm.com\/?post_type=product&#038;p=2248"},"modified":"2024-05-11T05:17:47","modified_gmt":"2024-05-11T05:17:47","slug":"dentelle-corps-amincissant-sexy-combinaison-femme-backless-taille-entraineur","status":"publish","type":"product","link":"https:\/\/yume-silm.com\/fr\/produit\/dentelle-corps-amincissant-sexy-combinaison-femme-backless-taille-entraineur\/","title":{"rendered":"Vente en gros de body modelant le corps en dentelle sexy pour femmes"},"content":{"rendered":"<h5>Caract\u00e9ristiques de conception<\/h5>\n<ul>\n<li><strong>LIFTING ABDOMINAL ET HANCHE\u00a0:<\/strong> Le body abdominoplastie s&#039;adapte parfaitement \u00e0 votre corps pour une mise en forme facile. En effet, le shapewear contr\u00f4lera la graisse de votre ventre, am\u00e9liorera la posture de votre dos et pr\u00e9viendra \u00e9galement l&#039;affaissement des hanches. Fa\u00e7onnez facilement votre taille, vos hanches et vos courbes du dos.<\/li>\n<li><strong>CONCEPTION SANS COUTURE\u00a0:<\/strong> Vous savez \u00e0 quel point il est confortable, lisse et sans couture\u00a0? Le body shaper sans manches \u00e0 col en V vous permet de d\u00e9couvrir la beaut\u00e9 de la fluidit\u00e9 \u00e0 tout moment, en s&#039;adaptant confortablement \u00e0 votre peau sans boucler. Assurez-vous qu&#039;aucune marque visible n&#039;est laiss\u00e9e lors du port, ce qui aidera le v\u00eatement \u00e0 mieux s&#039;adapter et \u00e0 lisser son apparence.<\/li>\n<li><strong>Tendance et polyvalent :<\/strong> Le body une pi\u00e8ce dos nu dos nu est en dentelle, sexy et \u00e9l\u00e9gant. Vous pouvez facilement l&#039;associer avec vos jupes, jeans, etc. pr\u00e9f\u00e9r\u00e9s. Vous pouvez le porter \u00e0 toutes les occasions telles que le travail de mariage, les voyages, les f\u00eates, la vie quotidienne, etc. La silhouette courb\u00e9e vous fera remarquer.<\/li>\n<li><strong>PRATIQUE POUR LE POT\u00a0:<\/strong> Vous vous inqui\u00e9tez de l&#039;inconv\u00e9nient d&#039;aller aux toilettes et de causer des ennuis ? Ce ne sera pas le cas. Choisir ce shapewear vous rendra non seulement belle toute la journ\u00e9e, mais r\u00e9soudra \u00e9galement votre probl\u00e8me d&#039;aller aux toilettes. Gr\u00e2ce \u00e0 l&#039;entrejambe r\u00e9glable \u00e0 crochets et \u00e0 \u0153illets, vous pouvez aller aux toilettes sans \u00eatre nu.<\/li>\n<\/ul>\n<h6><em>Meilleure mode dentelle lisse minceur shapewear body une pi\u00e8ce<\/em><\/h6>\n<ul>\n<li>PAS BESOIN DE SOUS-V\u00caTEMENTS SUPPL\u00c9MENTAIRES : Suffisamment de soutien pour maintenir facilement vos seins mous. Ce body moulant en dentelle sexy pour femme \u00e9limine le besoin de sous-v\u00eatements suppl\u00e9mentaires. Cela est d\u00fb au fait qu&#039;il dispose d&#039;un soutien-gorge sans acier au soutien impressionnant. L&#039;effet de modelage du corps peut permettre au porteur de se sentir plus confiant dans son apparence, augmentant ainsi la confiance en soi.<\/li>\n<\/ul>\n<p>&nbsp;<\/p>","protected":false},"excerpt":{"rendered":"<p>Am\u00e9liorez votre parcours de remise en forme avec nos bodys sexy en dentelle pour femmes. Fabriqu\u00e9 \u00e0 partir d&#039;un m\u00e9lange d&#039;\u00e9lasthanne et de nylon, ce gilet est con\u00e7u pour am\u00e9liorer la transpiration, optimiser la combustion des graisses et sculpter votre physique. Plongez dans une exp\u00e9rience de remise en forme transformatrice qui allie style, confort et efficacit\u00e9.<\/p>","protected":false},"featured_media":2249,"comment_status":"open","ping_status":"closed","template":"","meta":{"site-sidebar-layout":"default","site-content-layout":"default","ast-site-content-layout":"default","site-content-style":"default","site-sidebar-style":"default","ast-global-header-display":"","ast-banner-title-visibility":"","ast-main-header-display":"","ast-hfb-above-header-display":"","ast-hfb-below-header-display":"","ast-hfb-mobile-header-display":"","site-post-title":"","ast-breadcrumbs-content":"","ast-featured-img":"","footer-sml-layout":"","ast-disable-related-posts":"","theme-transparent-header-meta":"default","adv-header-id-meta":"","stick-header-meta":"default","header-above-stick-meta":"","header-main-stick-meta":"","header-below-stick-meta":"","astra-migrate-meta-layouts":"set","ast-page-background-enabled":"default","ast-page-background-meta":{"desktop":{"background-color":"","background-image":"","background-repeat":"repeat","background-position":"center center","background-size":"auto","background-attachment":"scroll","background-type":"","background-media":"","overlay-type":"","overlay-color":"","overlay-opacity":"","overlay-gradient":""},"tablet":{"background-color":"","background-image":"","background-repeat":"repeat","background-position":"center center","background-size":"auto","background-attachment":"scroll","background-type":"","background-media":"","overlay-type":"","overlay-color":"","overlay-opacity":"","overlay-gradient":""},"mobile":{"background-color":"","background-image":"","background-repeat":"repeat","background-position":"center center","background-size":"auto","background-attachment":"scroll","background-type":"","background-media":"","overlay-type":"","overlay-color":"","overlay-opacity":"","overlay-gradient":""}},"ast-content-background-meta":{"desktop":{"background-color":"var(--ast-global-color-5)","background-image":"","background-repeat":"repeat","background-position":"center center","background-size":"auto","background-attachment":"scroll","background-type":"","background-media":"","overlay-type":"","overlay-color":"","overlay-opacity":"","overlay-gradient":""},"tablet":{"background-color":"var(--ast-global-color-5)","background-image":"","background-repeat":"repeat","background-position":"center center","background-size":"auto","background-attachment":"scroll","background-type":"","background-media":"","overlay-type":"","overlay-color":"","overlay-opacity":"","overlay-gradient":""},"mobile":{"background-color":"var(--ast-global-color-5)","background-image":"","background-repeat":"repeat","background-position":"center center","background-size":"auto","background-attachment":"scroll","background-type":"","background-media":"","overlay-type":"","overlay-color":"","overlay-opacity":"","overlay-gradient":""}}},"product_brand":[],"product_cat":[65,76,77,82],"product_tag":[419,152,148,145,134],"class_list":{"0":"post-2248","1":"product","2":"type-product","3":"status-publish","4":"has-post-thumbnail","6":"product_cat-best-sellers","7":"product_cat-new-arrivels","8":"product_cat-wholesale-womens-shapewear","9":"product_cat-wholesale-shapewear-bodysuit","10":"product_tag-bodysuit","11":"product_tag-lace-up","12":"product_tag-one-piece","13":"product_tag-sexy","14":"product_tag-tummy-tucker","15":"pa_color-black","16":"pa_color-red","17":"pa_color-white","18":"pa_size-l","19":"pa_size-m","20":"pa_size-s","21":"pa_size-xl","22":"desktop-align-center","23":"tablet-align-left","24":"mobile-align-left","25":"ast-product-gallery-layout-horizontal-slider","26":"ast-product-single-variable","27":"ast-product-tabs-layout-horizontal","28":"ast-qv-on-image","30":"first","31":"instock","32":"shipping-taxable","33":"purchasable","34":"product-type-variable"},"tiered_pricing_type":"fixed","tiered_pricing_fixed_rules":{"5":5.8,"50":5.6,"100":5.3},"tiered_pricing_product_settings":{"layout":"default","base_unit_name":{"singular":null,"plural":null},"default_variation":{}},"tiered_pricing_minimum_quantity":null,"tiered_pricing_roles_data":[],"tiered_pricing_percentage_rules":[],"_links":{"self":[{"href":"https:\/\/yume-silm.com\/fr\/wp-json\/wp\/v2\/product\/2248","targetHints":{"allow":["GET"]}}],"collection":[{"href":"https:\/\/yume-silm.com\/fr\/wp-json\/wp\/v2\/product"}],"about":[{"href":"https:\/\/yume-silm.com\/fr\/wp-json\/wp\/v2\/types\/product"}],"replies":[{"embeddable":true,"href":"https:\/\/yume-silm.com\/fr\/wp-json\/wp\/v2\/comments?post=2248"}],"wp:featuredmedia":[{"embeddable":true,"href":"https:\/\/yume-silm.com\/fr\/wp-json\/wp\/v2\/media\/2249"}],"wp:attachment":[{"href":"https:\/\/yume-silm.com\/fr\/wp-json\/wp\/v2\/media?parent=2248"}],"wp:term":[{"taxonomy":"product_brand","embeddable":true,"href":"https:\/\/yume-silm.com\/fr\/wp-json\/wp\/v2\/product_brand?post=2248"},{"taxonomy":"product_cat","embeddable":true,"href":"https:\/\/yume-silm.com\/fr\/wp-json\/wp\/v2\/product_cat?post=2248"},{"taxonomy":"product_tag","embeddable":true,"href":"https:\/\/yume-silm.com\/fr\/wp-json\/wp\/v2\/product_tag?post=2248"}],"curies":[{"name":"wp","href":"https:\/\/api.w.org\/{rel}","templated":true}]}}