{"id":2271,"date":"2023-05-10T07:34:17","date_gmt":"2023-05-10T07:34:17","guid":{"rendered":"https:\/\/yume-silm.com\/?post_type=product&#038;p=2271"},"modified":"2025-05-26T00:52:34","modified_gmt":"2025-05-26T00:52:34","slug":"culotte-de-grossiste-a-taille-haute-mais-avec-des-abdominaux-pour-le-controle-de-labdomen","status":"publish","type":"product","link":"https:\/\/yume-silm.com\/fr\/produit\/culotte-de-grossiste-a-taille-haute-mais-avec-des-abdominaux-pour-le-controle-de-labdomen\/","title":{"rendered":"Vente en gros taille haute bout \u00e0 bout contr\u00f4le du ventre Shaper string"},"content":{"rendered":"<h5>Caract\u00e9ristiques de conception<\/h5>\n<ul>\n<li><strong>LIFTING ULTIME DES FESSES\u00a0:<\/strong> Con\u00e7u avec un string confortable pour un port facile, ce string gainant le ventre est con\u00e7u pour se concentrer sur le levage et l&#039;accentuation des fesses pour un look naturellement plus plein et plus d\u00e9fini.<\/li>\n<li><strong>AJUSTEMENT PERSONNALIS\u00c9\u00a0:<\/strong> Le body shaper amincissant taille haute a une option de ventre taille haute avec trois rang\u00e9es de crochets pour un serrage suppl\u00e9mentaire du ventre, garantissant que le shapewear reste fermement en place et ne roule pas. Vous pouvez \u00e9galement ajuster l&#039;\u00e9lasticit\u00e9 \u00e0 volont\u00e9. La bande de jambe est con\u00e7ue pour ajouter un effet plus ample aux fesses tout en \u00e9tant librement r\u00e9glable. Fournit un soutien naturel et emp\u00eache le curling.<\/li>\n<li><strong>CONFORTABLE ET INVISIBLE\u00a0:<\/strong> Le rehausseur de fesses sexy push up pour femmes est fabriqu\u00e9 \u00e0 partir d&#039;un m\u00e9lange de nylon et d&#039;\u00e9lasthanne de haute qualit\u00e9 pour garantir l\u00e9g\u00e8ret\u00e9, douceur pour la peau et respirabilit\u00e9. Pendant ce temps, le shaper de levage de butin de contr\u00f4le du ventre est dot\u00e9 de bords sans couture qui vous permettent d&#039;obtenir une invisibilit\u00e9 naturelle m\u00eame sous des v\u00eatements moulants.<\/li>\n<li><strong>LARGE UTILISATION\u00a0:<\/strong> Ce pantalon gainant corset mince peut lisser votre ventre, soulever vos hanches et cr\u00e9er instantan\u00e9ment une forme de sablier\u00a0; les sous-v\u00eatements shaper pour femmes peuvent \u00e9galement soutenir votre dos et am\u00e9liorer votre posture\u00a0; Cette culotte gainante de contr\u00f4le du ventre taille haute est \u00e9galement adapt\u00e9e pour la r\u00e9cup\u00e9ration post-partum. Convient pour la salle de sport, la course, le yoga, la r\u00e9cup\u00e9ration post-partum, les mariages, les rencontres et les banquets, les travaux m\u00e9nagers, le bureau, etc.<\/li>\n<li>Bien s\u00fbr, notre shapewear respirant et confortable pour une silhouette en sablier est un cadeau id\u00e9al pour les nouvelles mamans lors d&#039;occasions sp\u00e9ciales telles que les anniversaires, No\u00ebl, Thanksgiving, le Black Friday ou le Cyber Monday, elles vont l&#039;adorer et vous remercieront beaucoup.<\/li>\n<\/ul>\n<h6><em>String ferme triple contr\u00f4le du ventre, grande taille, invisible, modelant le corps, amincissant, faja<\/em><\/h6>\n<ul>\n<li>Notre string gainant taille haute pour le contr\u00f4le du ventre est la quintessence du style et de la fonctionnalit\u00e9. Pour les grossistes qui cherchent \u00e0 offrir des produits de qualit\u00e9 sup\u00e9rieure qui allient qualit\u00e9 et innovation, ce body shaper taille plus gainant pour les fesses est un incontournable.<\/li>\n<li>Avec des options de personnalisation, une gamme de tailles et la promesse d&#039;une livraison rapide, c&#039;est un ajout essentiel \u00e0 votre inventaire.<\/li>\n<li>Plongez dans le monde de la vente en gros avec cette culotte gainante de levage de fesses taille haute. Commandez aujourd&#039;hui\u00a0!<\/li>\n<\/ul>","protected":false},"excerpt":{"rendered":"<ul>\n<li>Discover the transformative power of our high waist butt lifter tummy control shaper thong.<\/li>\n<li>Expertly crafted from a blend of nylon and spandex, this shapewear is designed to lift, sculpt, and enhance your natural curves, offering a seamless blend of comfort and elegance.<\/li>\n<\/ul>","protected":false},"featured_media":2272,"comment_status":"open","ping_status":"closed","template":"","meta":{"site-sidebar-layout":"default","site-content-layout":"default","ast-site-content-layout":"default","site-content-style":"default","site-sidebar-style":"default","ast-global-header-display":"","ast-banner-title-visibility":"","ast-main-header-display":"","ast-hfb-above-header-display":"","ast-hfb-below-header-display":"","ast-hfb-mobile-header-display":"","site-post-title":"","ast-breadcrumbs-content":"","ast-featured-img":"","footer-sml-layout":"","ast-disable-related-posts":"","theme-transparent-header-meta":"default","adv-header-id-meta":"","stick-header-meta":"default","header-above-stick-meta":"","header-main-stick-meta":"","header-below-stick-meta":"","astra-migrate-meta-layouts":"set","ast-page-background-enabled":"default","ast-page-background-meta":{"desktop":{"background-color":"","background-image":"","background-repeat":"repeat","background-position":"center center","background-size":"auto","background-attachment":"scroll","background-type":"","background-media":"","overlay-type":"","overlay-color":"","overlay-opacity":"","overlay-gradient":""},"tablet":{"background-color":"","background-image":"","background-repeat":"repeat","background-position":"center center","background-size":"auto","background-attachment":"scroll","background-type":"","background-media":"","overlay-type":"","overlay-color":"","overlay-opacity":"","overlay-gradient":""},"mobile":{"background-color":"","background-image":"","background-repeat":"repeat","background-position":"center center","background-size":"auto","background-attachment":"scroll","background-type":"","background-media":"","overlay-type":"","overlay-color":"","overlay-opacity":"","overlay-gradient":""}},"ast-content-background-meta":{"desktop":{"background-color":"var(--ast-global-color-5)","background-image":"","background-repeat":"repeat","background-position":"center center","background-size":"auto","background-attachment":"scroll","background-type":"","background-media":"","overlay-type":"","overlay-color":"","overlay-opacity":"","overlay-gradient":""},"tablet":{"background-color":"var(--ast-global-color-5)","background-image":"","background-repeat":"repeat","background-position":"center center","background-size":"auto","background-attachment":"scroll","background-type":"","background-media":"","overlay-type":"","overlay-color":"","overlay-opacity":"","overlay-gradient":""},"mobile":{"background-color":"var(--ast-global-color-5)","background-image":"","background-repeat":"repeat","background-position":"center center","background-size":"auto","background-attachment":"scroll","background-type":"","background-media":"","overlay-type":"","overlay-color":"","overlay-opacity":"","overlay-gradient":""}}},"product_brand":[],"product_cat":[1071,1072,65,76,77,1092,80],"product_tag":[686,141,138,134],"class_list":{"0":"post-2271","1":"product","2":"type-product","3":"status-publish","4":"has-post-thumbnail","6":"product_cat-sale","7":"product_cat-bulk-savings","8":"product_cat-best-sellers","9":"product_cat-new-arrivels","10":"product_cat-wholesale-womens-shapewear","11":"product_cat-plus-size-shapewear","12":"product_cat-wholesale-butt-lift-underwear","13":"product_tag-butt-lifter","14":"product_tag-plus-size","15":"product_tag-thong","16":"product_tag-tummy-tucker","17":"pa_color-beige","18":"pa_color-black","19":"pa_size-4xl","20":"pa_size-5xl","21":"pa_size-6xl","22":"pa_size-l","23":"pa_size-m","24":"pa_size-s","25":"pa_size-xl","26":"pa_size-xxl","27":"pa_size-xxxl","28":"desktop-align-center","29":"tablet-align-left","30":"mobile-align-left","31":"ast-product-gallery-layout-horizontal-slider","32":"ast-product-single-variable","33":"ast-product-tabs-layout-horizontal","34":"ast-qv-on-image","36":"first","37":"instock","38":"shipping-taxable","39":"purchasable","40":"product-type-variable"},"tiered_pricing_type":"fixed","tiered_pricing_fixed_rules":{"10":9.9},"tiered_pricing_product_settings":{"layout":"default","base_unit_name":{"singular":null,"plural":null},"default_variation":{}},"tiered_pricing_minimum_quantity":null,"tiered_pricing_roles_data":[],"tiered_pricing_percentage_rules":[],"_links":{"self":[{"href":"https:\/\/yume-silm.com\/fr\/wp-json\/wp\/v2\/product\/2271","targetHints":{"allow":["GET"]}}],"collection":[{"href":"https:\/\/yume-silm.com\/fr\/wp-json\/wp\/v2\/product"}],"about":[{"href":"https:\/\/yume-silm.com\/fr\/wp-json\/wp\/v2\/types\/product"}],"replies":[{"embeddable":true,"href":"https:\/\/yume-silm.com\/fr\/wp-json\/wp\/v2\/comments?post=2271"}],"wp:featuredmedia":[{"embeddable":true,"href":"https:\/\/yume-silm.com\/fr\/wp-json\/wp\/v2\/media\/2272"}],"wp:attachment":[{"href":"https:\/\/yume-silm.com\/fr\/wp-json\/wp\/v2\/media?parent=2271"}],"wp:term":[{"taxonomy":"product_brand","embeddable":true,"href":"https:\/\/yume-silm.com\/fr\/wp-json\/wp\/v2\/product_brand?post=2271"},{"taxonomy":"product_cat","embeddable":true,"href":"https:\/\/yume-silm.com\/fr\/wp-json\/wp\/v2\/product_cat?post=2271"},{"taxonomy":"product_tag","embeddable":true,"href":"https:\/\/yume-silm.com\/fr\/wp-json\/wp\/v2\/product_tag?post=2271"}],"curies":[{"name":"wp","href":"https:\/\/api.w.org\/{rel}","templated":true}]}}