{"id":2311,"date":"2023-05-10T08:57:32","date_gmt":"2023-05-10T08:57:32","guid":{"rendered":"https:\/\/yume-silm.com\/?post_type=product&#038;p=2311"},"modified":"2024-11-08T08:35:04","modified_gmt":"2024-11-08T08:35:04","slug":"entraineur-de-taille-a-crochets-a-4-couches-avec-9-cotes-en-acier-antiroulis","status":"publish","type":"product","link":"https:\/\/yume-silm.com\/fr\/produit\/entraineur-de-taille-a-crochets-a-4-couches-avec-9-cotes-en-acier-antiroulis\/","title":{"rendered":"Entra\u00eeneur de taille \u00e0 crochet \u00e0 4 couches, vente en gros, avec 9 nervures en acier anti-roulis"},"content":{"rendered":"<h5>Caract\u00e9ristiques de conception<\/h5>\n<ul>\n<li><strong>Tissu respirant :<\/strong> L&#039;entra\u00eeneur de taille \u00e0 crochets et \u00e0 \u0153illets est fabriqu\u00e9 \u00e0 partir d&#039;un m\u00e9lange de n\u00e9opr\u00e8ne et de polyester pour garantir un confort toute la journ\u00e9e pour toute activit\u00e9.<\/li>\n<li><strong>Syst\u00e8me de crochet \u00e0 4 couches\u00a0:<\/strong> Les corsets de taille offrent un ajustement s\u00fbr et personnalisable pour optimiser l&#039;entra\u00eenement de la taille et garantir un ajustement serr\u00e9.<\/li>\n<li><strong>9 nervures en acier anti-roulis :<\/strong> L&#039;entra\u00eeneur de taille pour femme offre un soutien ferme, maintient la forme de la ceinture et emp\u00eache tout enroulement ou froncement, assurant une silhouette lisse.<\/li>\n<li><strong>Entra\u00eenement efficace de la taille :<\/strong> La ceinture de sport sculptante aide \u00e0 fa\u00e7onner une silhouette de sablier au fil du temps, am\u00e9liorant les courbes naturelles et renfor\u00e7ant la confiance.<\/li>\n<li><strong>Polyvalent:<\/strong> L&#039;entra\u00eeneur de taille en acier avec crochet est parfait pour un usage quotidien, pour le fitness ou pour la r\u00e9cup\u00e9ration post-partum pour une vari\u00e9t\u00e9 de besoins.<\/li>\n<\/ul>\n<h6><em><span class=\"41\" data-slate-leaf=\"true\">aux femmes <\/span><span class=\"11\" data-slate-leaf=\"true\">entra\u00eeneur de taille en os d&#039;acier avec crochet<\/span><\/em><\/h6>\n<ul>\n<li>En r\u00e9sum\u00e9, notre entra\u00eeneur de taille \u00e0 crochets \u00e0 4 couches avec 9 nervures en acier anti-roulis t\u00e9moigne d&#039;un savoir-faire de qualit\u00e9 et d&#039;un design innovant. Pour les grossistes qui cherchent \u00e0 proposer des produits haut de gamme alliant qualit\u00e9 et style, cette gaine amincissante est un choix de premier ordre. Avec des options de personnalisation, une gamme de tailles et la promesse d&#039;une livraison rapide, c&#039;est un ajout essentiel \u00e0 votre inventaire. Plongez dans le monde du commerce de gros avec cette pi\u00e8ce hors du commun. Commandez aujourd&#039;hui\u00a0!<\/li>\n<\/ul>","protected":false},"excerpt":{"rendered":"<p>D\u00e9couvrez le pouvoir transformateur de notre entra\u00eeneur de taille \u00e0 crochet \u00e0 4 couches. Fabriqu\u00e9 avec pr\u00e9cision, cet entra\u00eeneur de taille est con\u00e7u pour offrir un soutien ferme, mettre en valeur votre silhouette et assurer un confort optimal. Plongez dans un monde o\u00f9 la mode rencontre la fonctionnalit\u00e9.<\/p>","protected":false},"featured_media":2327,"comment_status":"open","ping_status":"closed","template":"","meta":{"site-sidebar-layout":"default","site-content-layout":"default","ast-site-content-layout":"default","site-content-style":"default","site-sidebar-style":"default","ast-global-header-display":"","ast-banner-title-visibility":"","ast-main-header-display":"","ast-hfb-above-header-display":"","ast-hfb-below-header-display":"","ast-hfb-mobile-header-display":"","site-post-title":"","ast-breadcrumbs-content":"","ast-featured-img":"","footer-sml-layout":"","ast-disable-related-posts":"","theme-transparent-header-meta":"default","adv-header-id-meta":"","stick-header-meta":"default","header-above-stick-meta":"","header-main-stick-meta":"","header-below-stick-meta":"","astra-migrate-meta-layouts":"set","ast-page-background-enabled":"default","ast-page-background-meta":{"desktop":{"background-color":"","background-image":"","background-repeat":"repeat","background-position":"center center","background-size":"auto","background-attachment":"scroll","background-type":"","background-media":"","overlay-type":"","overlay-color":"","overlay-opacity":"","overlay-gradient":""},"tablet":{"background-color":"","background-image":"","background-repeat":"repeat","background-position":"center center","background-size":"auto","background-attachment":"scroll","background-type":"","background-media":"","overlay-type":"","overlay-color":"","overlay-opacity":"","overlay-gradient":""},"mobile":{"background-color":"","background-image":"","background-repeat":"repeat","background-position":"center center","background-size":"auto","background-attachment":"scroll","background-type":"","background-media":"","overlay-type":"","overlay-color":"","overlay-opacity":"","overlay-gradient":""}},"ast-content-background-meta":{"desktop":{"background-color":"var(--ast-global-color-5)","background-image":"","background-repeat":"repeat","background-position":"center center","background-size":"auto","background-attachment":"scroll","background-type":"","background-media":"","overlay-type":"","overlay-color":"","overlay-opacity":"","overlay-gradient":""},"tablet":{"background-color":"var(--ast-global-color-5)","background-image":"","background-repeat":"repeat","background-position":"center center","background-size":"auto","background-attachment":"scroll","background-type":"","background-media":"","overlay-type":"","overlay-color":"","overlay-opacity":"","overlay-gradient":""},"mobile":{"background-color":"var(--ast-global-color-5)","background-image":"","background-repeat":"repeat","background-position":"center center","background-size":"auto","background-attachment":"scroll","background-type":"","background-media":"","overlay-type":"","overlay-color":"","overlay-opacity":"","overlay-gradient":""}}},"product_brand":[],"product_cat":[65,76,90,92],"product_tag":[194,153,451,149,453,452,154],"class_list":{"0":"post-2311","1":"product","2":"type-product","3":"status-publish","4":"has-post-thumbnail","6":"product_cat-best-sellers","7":"product_cat-new-arrivels","8":"product_cat-wholesale-waist-trainer","9":"product_cat-wholesale-waist-girdle","10":"product_tag-adjustable","11":"product_tag-boned","12":"product_tag-hourglass-body-shaper","13":"product_tag-long-torso","14":"product_tag-postpartum-shapewear","15":"product_tag-waist-corsets","16":"product_tag-with-hooks","17":"pa_color-beige","18":"pa_color-black","19":"pa_size-l","20":"pa_size-m","21":"pa_size-s","22":"pa_size-xl","23":"pa_size-xs","24":"pa_size-xxl","25":"pa_size-xxxl","26":"desktop-align-center","27":"tablet-align-left","28":"mobile-align-left","29":"ast-product-gallery-layout-horizontal-slider","30":"ast-product-single-variable","31":"ast-product-tabs-layout-horizontal","32":"ast-qv-on-image","34":"first","35":"instock","36":"shipping-taxable","37":"purchasable","38":"product-type-variable"},"tiered_pricing_type":"fixed","tiered_pricing_fixed_rules":{"5":5.59,"50":4.79,"100":4.09},"tiered_pricing_product_settings":{"layout":"default","base_unit_name":{"singular":null,"plural":null},"default_variation":{}},"tiered_pricing_minimum_quantity":null,"tiered_pricing_roles_data":[],"tiered_pricing_percentage_rules":[],"_links":{"self":[{"href":"https:\/\/yume-silm.com\/fr\/wp-json\/wp\/v2\/product\/2311","targetHints":{"allow":["GET"]}}],"collection":[{"href":"https:\/\/yume-silm.com\/fr\/wp-json\/wp\/v2\/product"}],"about":[{"href":"https:\/\/yume-silm.com\/fr\/wp-json\/wp\/v2\/types\/product"}],"replies":[{"embeddable":true,"href":"https:\/\/yume-silm.com\/fr\/wp-json\/wp\/v2\/comments?post=2311"}],"wp:featuredmedia":[{"embeddable":true,"href":"https:\/\/yume-silm.com\/fr\/wp-json\/wp\/v2\/media\/2327"}],"wp:attachment":[{"href":"https:\/\/yume-silm.com\/fr\/wp-json\/wp\/v2\/media?parent=2311"}],"wp:term":[{"taxonomy":"product_brand","embeddable":true,"href":"https:\/\/yume-silm.com\/fr\/wp-json\/wp\/v2\/product_brand?post=2311"},{"taxonomy":"product_cat","embeddable":true,"href":"https:\/\/yume-silm.com\/fr\/wp-json\/wp\/v2\/product_cat?post=2311"},{"taxonomy":"product_tag","embeddable":true,"href":"https:\/\/yume-silm.com\/fr\/wp-json\/wp\/v2\/product_tag?post=2311"}],"curies":[{"name":"wp","href":"https:\/\/api.w.org\/{rel}","templated":true}]}}